{"id":4707,"date":"2026-04-27T10:11:39","date_gmt":"2026-04-27T08:11:39","guid":{"rendered":"https:\/\/pete.fi\/kauppa\/okategoriserad\/hardrenoveringsmassa-pete-firefix-rapid-1100-5-kg\/"},"modified":"2026-04-27T10:11:39","modified_gmt":"2026-04-27T08:11:39","slug":"hardrenoveringsmassa-pete-firefix-rapid-1100-5-kg","status":"publish","type":"product","link":"https:\/\/pete.fi\/sv\/butik\/skjutbara-verktyg\/hardrenoveringsmassa-pete-firefix-rapid-1100-5-kg\/","title":{"rendered":"H\u00e4rdrenoveringsmassa PETE Firefix Rapid 1100 (5 kg)"},"content":{"rendered":"<p>Anv\u00e4ndningsomr\u00e5den f\u00f6r snabbh\u00e4rdande h\u00e4rdrenoveringsmassa \u00e4r bl.a.:<\/p>\n<ul>\n<li>Reparation av eldst\u00e4der<\/li>\n<li>Fyllning av sliten murning<\/li>\n<li>Installation och limning av eldfasta material (lertegel, keramik etc.)<\/li>\n<\/ul>\n<p>&nbsp;<\/p>\n<p>Funktioner:<\/p>\n<ul>\n<li>Maximal anv\u00e4ndningstemperatur: ca 1100 \u00b0C<\/li>\n<li>Kornstorlek: &lt; 1 mm<\/li>\n<li>Vattenbehov: ca 21\u201323 l\/100 kg<\/li>\n<li>H\u00e4rdningstid: ca 5\u201310 min<\/li>\n<li>Slutlig h\u00e4rdningstid: 40\u201360 min<\/li>\n<li>H\u00e5llbarhet: 6 m\u00e5nader i torr milj\u00f6<\/li>\n<li>Nettovikt: 5 kg<\/li>\n<\/ul>\n","protected":false},"excerpt":{"rendered":"<p>Snabbh\u00e4rdande eldfast renoveringsmassa<\/p>\n","protected":false},"featured_media":4711,"template":"","meta":{"_acf_changed":false},"product_brand":[],"product_cat":[103],"product_tag":[209,211,215,214,213,210,208,212],"class_list":{"0":"post-4707","1":"product","2":"type-product","3":"status-publish","4":"has-post-thumbnail","6":"product_cat-skjutbara-verktyg","7":"product_tag-eldstadsrenoveringsmassa","8":"product_tag-eldstadsreparation","9":"product_tag-firefix","10":"product_tag-firefix-rapid","11":"product_tag-firefix-rapid-1100","12":"product_tag-hardrenovering","13":"product_tag-hardrenoveringsmassa","14":"product_tag-pete-firefix-rapid-1100","16":"first","17":"instock","18":"taxable","19":"shipping-taxable","20":"purchasable","21":"product-type-simple"},"acf":[],"yoast_head":"<!-- This site is optimized with the Yoast SEO plugin v27.3 - https:\/\/yoast.com\/product\/yoast-seo-wordpress\/ -->\n<title>H\u00e4rdrenoveringsmassa PETE Firefix Rapid 1100 (5 kg) - PETE-tuotteet<\/title>\n<meta name=\"description\" content=\"Eldfast h\u00e4rdrenoveringsmassa f\u00f6r reparation av eldst\u00e4der, fyllning av slitna murningar och installation av eldfasta material.\" \/>\n<meta name=\"robots\" content=\"index, follow, max-snippet:-1, max-image-preview:large, max-video-preview:-1\" \/>\n<link rel=\"canonical\" href=\"https:\/\/pete.fi\/sv\/butik\/skjutbara-verktyg\/hardrenoveringsmassa-pete-firefix-rapid-1100-5-kg\/\" \/>\n<meta property=\"og:locale\" content=\"sv_SE\" \/>\n<meta property=\"og:type\" content=\"article\" \/>\n<meta property=\"og:title\" content=\"H\u00e4rdrenoveringsmassa PETE Firefix Rapid 1100 (5 kg) - PETE-tuotteet\" \/>\n<meta property=\"og:description\" content=\"Eldfast h\u00e4rdrenoveringsmassa f\u00f6r reparation av eldst\u00e4der, fyllning av slitna murningar och installation av eldfasta material.\" \/>\n<meta property=\"og:url\" content=\"https:\/\/pete.fi\/sv\/butik\/skjutbara-verktyg\/hardrenoveringsmassa-pete-firefix-rapid-1100-5-kg\/\" \/>\n<meta property=\"og:site_name\" content=\"PETE-tuotteet\" \/>\n<meta property=\"article:publisher\" content=\"https:\/\/www.facebook.com\/petetuotteet\/\" \/>\n<meta name=\"twitter:card\" content=\"summary_large_image\" \/>\n<script type=\"application\/ld+json\" class=\"yoast-schema-graph\">{\"@context\":\"https:\\\/\\\/schema.org\",\"@graph\":[{\"@type\":\"WebPage\",\"@id\":\"https:\\\/\\\/pete.fi\\\/sv\\\/butik\\\/skjutbara-verktyg\\\/hardrenoveringsmassa-pete-firefix-rapid-1100-5-kg\\\/\",\"url\":\"https:\\\/\\\/pete.fi\\\/sv\\\/butik\\\/skjutbara-verktyg\\\/hardrenoveringsmassa-pete-firefix-rapid-1100-5-kg\\\/\",\"name\":\"H\u00e4rdrenoveringsmassa PETE Firefix Rapid 1100 (5 kg) - PETE-tuotteet\",\"isPartOf\":{\"@id\":\"https:\\\/\\\/petefi.kehityssivusto.fihttps\\\/\\\/pete.fi\\\/#website\"},\"primaryImageOfPage\":{\"@id\":\"https:\\\/\\\/pete.fi\\\/sv\\\/butik\\\/skjutbara-verktyg\\\/hardrenoveringsmassa-pete-firefix-rapid-1100-5-kg\\\/#primaryimage\"},\"image\":{\"@id\":\"https:\\\/\\\/pete.fi\\\/sv\\\/butik\\\/skjutbara-verktyg\\\/hardrenoveringsmassa-pete-firefix-rapid-1100-5-kg\\\/#primaryimage\"},\"thumbnailUrl\":\"https:\\\/\\\/pete.fi\\\/wp-content\\\/uploads\\\/2026\\\/04\\\/PETE-Firefix-Rapid-1100.jpeg\",\"datePublished\":\"2026-04-27T08:11:39+00:00\",\"description\":\"Eldfast h\u00e4rdrenoveringsmassa f\u00f6r reparation av eldst\u00e4der, fyllning av slitna murningar och installation av eldfasta material.\",\"breadcrumb\":{\"@id\":\"https:\\\/\\\/pete.fi\\\/sv\\\/butik\\\/skjutbara-verktyg\\\/hardrenoveringsmassa-pete-firefix-rapid-1100-5-kg\\\/#breadcrumb\"},\"inLanguage\":\"sv-SE\",\"potentialAction\":[{\"@type\":\"ReadAction\",\"target\":[\"https:\\\/\\\/pete.fi\\\/sv\\\/butik\\\/skjutbara-verktyg\\\/hardrenoveringsmassa-pete-firefix-rapid-1100-5-kg\\\/\"]}]},{\"@type\":\"ImageObject\",\"inLanguage\":\"sv-SE\",\"@id\":\"https:\\\/\\\/pete.fi\\\/sv\\\/butik\\\/skjutbara-verktyg\\\/hardrenoveringsmassa-pete-firefix-rapid-1100-5-kg\\\/#primaryimage\",\"url\":\"https:\\\/\\\/pete.fi\\\/wp-content\\\/uploads\\\/2026\\\/04\\\/PETE-Firefix-Rapid-1100.jpeg\",\"contentUrl\":\"https:\\\/\\\/pete.fi\\\/wp-content\\\/uploads\\\/2026\\\/04\\\/PETE-Firefix-Rapid-1100.jpeg\",\"width\":1800,\"height\":1800,\"caption\":\"Pes\u00e4nkorjausmassa PETE Firefix Rapid 1100\"},{\"@type\":\"BreadcrumbList\",\"@id\":\"https:\\\/\\\/pete.fi\\\/sv\\\/butik\\\/skjutbara-verktyg\\\/hardrenoveringsmassa-pete-firefix-rapid-1100-5-kg\\\/#breadcrumb\",\"itemListElement\":[{\"@type\":\"ListItem\",\"position\":1,\"name\":\"Home\",\"item\":\"https:\\\/\\\/pete.fi\\\/sv\\\/home\\\/\"},{\"@type\":\"ListItem\",\"position\":2,\"name\":\"Butik\",\"item\":\"https:\\\/\\\/pete.fi\\\/sv\\\/butik\\\/\"},{\"@type\":\"ListItem\",\"position\":3,\"name\":\"H\u00e4rdrenoveringsmassa PETE Firefix Rapid 1100 (5 kg)\"}]},{\"@type\":\"WebSite\",\"@id\":\"https:\\\/\\\/petefi.kehityssivusto.fihttps\\\/\\\/pete.fi\\\/#website\",\"url\":\"https:\\\/\\\/petefi.kehityssivusto.fihttps\\\/\\\/pete.fi\\\/\",\"name\":\"Pete.fi\",\"description\":\"\",\"publisher\":{\"@id\":\"https:\\\/\\\/petefi.kehityssivusto.fihttps\\\/\\\/pete.fi\\\/#organization\"},\"potentialAction\":[{\"@type\":\"SearchAction\",\"target\":{\"@type\":\"EntryPoint\",\"urlTemplate\":\"https:\\\/\\\/petefi.kehityssivusto.fihttps\\\/\\\/pete.fi\\\/?s={search_term_string}\"},\"query-input\":{\"@type\":\"PropertyValueSpecification\",\"valueRequired\":true,\"valueName\":\"search_term_string\"}}],\"inLanguage\":\"sv-SE\"},{\"@type\":\"Organization\",\"@id\":\"https:\\\/\\\/petefi.kehityssivusto.fihttps\\\/\\\/pete.fi\\\/#organization\",\"name\":\"Pete | Piipusta piippuun\",\"url\":\"https:\\\/\\\/petefi.kehityssivusto.fihttps\\\/\\\/pete.fi\\\/\",\"logo\":{\"@type\":\"ImageObject\",\"inLanguage\":\"sv-SE\",\"@id\":\"https:\\\/\\\/petefi.kehityssivusto.fihttps\\\/\\\/pete.fi\\\/#\\\/schema\\\/logo\\\/image\\\/\",\"url\":\"https:\\\/\\\/pete.fi\\\/wp-content\\\/uploads\\\/2023\\\/08\\\/cropped-logo_fi.jpeg\",\"contentUrl\":\"https:\\\/\\\/pete.fi\\\/wp-content\\\/uploads\\\/2023\\\/08\\\/cropped-logo_fi.jpeg\",\"width\":2243,\"height\":1589,\"caption\":\"Pete | Piipusta piippuun\"},\"image\":{\"@id\":\"https:\\\/\\\/petefi.kehityssivusto.fihttps\\\/\\\/pete.fi\\\/#\\\/schema\\\/logo\\\/image\\\/\"},\"sameAs\":[\"https:\\\/\\\/www.facebook.com\\\/petetuotteet\\\/\",\"https:\\\/\\\/www.instagram.com\\\/piipustapiippuun\"]}]}<\/script>\n<!-- \/ Yoast SEO plugin. -->","yoast_head_json":{"title":"H\u00e4rdrenoveringsmassa PETE Firefix Rapid 1100 (5 kg) - PETE-tuotteet","description":"Eldfast h\u00e4rdrenoveringsmassa f\u00f6r reparation av eldst\u00e4der, fyllning av slitna murningar och installation av eldfasta material.","robots":{"index":"index","follow":"follow","max-snippet":"max-snippet:-1","max-image-preview":"max-image-preview:large","max-video-preview":"max-video-preview:-1"},"canonical":"https:\/\/pete.fi\/sv\/butik\/skjutbara-verktyg\/hardrenoveringsmassa-pete-firefix-rapid-1100-5-kg\/","og_locale":"sv_SE","og_type":"article","og_title":"H\u00e4rdrenoveringsmassa PETE Firefix Rapid 1100 (5 kg) - PETE-tuotteet","og_description":"Eldfast h\u00e4rdrenoveringsmassa f\u00f6r reparation av eldst\u00e4der, fyllning av slitna murningar och installation av eldfasta material.","og_url":"https:\/\/pete.fi\/sv\/butik\/skjutbara-verktyg\/hardrenoveringsmassa-pete-firefix-rapid-1100-5-kg\/","og_site_name":"PETE-tuotteet","article_publisher":"https:\/\/www.facebook.com\/petetuotteet\/","twitter_card":"summary_large_image","schema":{"@context":"https:\/\/schema.org","@graph":[{"@type":"WebPage","@id":"https:\/\/pete.fi\/sv\/butik\/skjutbara-verktyg\/hardrenoveringsmassa-pete-firefix-rapid-1100-5-kg\/","url":"https:\/\/pete.fi\/sv\/butik\/skjutbara-verktyg\/hardrenoveringsmassa-pete-firefix-rapid-1100-5-kg\/","name":"H\u00e4rdrenoveringsmassa PETE Firefix Rapid 1100 (5 kg) - PETE-tuotteet","isPartOf":{"@id":"https:\/\/petefi.kehityssivusto.fihttps\/\/pete.fi\/#website"},"primaryImageOfPage":{"@id":"https:\/\/pete.fi\/sv\/butik\/skjutbara-verktyg\/hardrenoveringsmassa-pete-firefix-rapid-1100-5-kg\/#primaryimage"},"image":{"@id":"https:\/\/pete.fi\/sv\/butik\/skjutbara-verktyg\/hardrenoveringsmassa-pete-firefix-rapid-1100-5-kg\/#primaryimage"},"thumbnailUrl":"https:\/\/pete.fi\/wp-content\/uploads\/2026\/04\/PETE-Firefix-Rapid-1100.jpeg","datePublished":"2026-04-27T08:11:39+00:00","description":"Eldfast h\u00e4rdrenoveringsmassa f\u00f6r reparation av eldst\u00e4der, fyllning av slitna murningar och installation av eldfasta material.","breadcrumb":{"@id":"https:\/\/pete.fi\/sv\/butik\/skjutbara-verktyg\/hardrenoveringsmassa-pete-firefix-rapid-1100-5-kg\/#breadcrumb"},"inLanguage":"sv-SE","potentialAction":[{"@type":"ReadAction","target":["https:\/\/pete.fi\/sv\/butik\/skjutbara-verktyg\/hardrenoveringsmassa-pete-firefix-rapid-1100-5-kg\/"]}]},{"@type":"ImageObject","inLanguage":"sv-SE","@id":"https:\/\/pete.fi\/sv\/butik\/skjutbara-verktyg\/hardrenoveringsmassa-pete-firefix-rapid-1100-5-kg\/#primaryimage","url":"https:\/\/pete.fi\/wp-content\/uploads\/2026\/04\/PETE-Firefix-Rapid-1100.jpeg","contentUrl":"https:\/\/pete.fi\/wp-content\/uploads\/2026\/04\/PETE-Firefix-Rapid-1100.jpeg","width":1800,"height":1800,"caption":"Pes\u00e4nkorjausmassa PETE Firefix Rapid 1100"},{"@type":"BreadcrumbList","@id":"https:\/\/pete.fi\/sv\/butik\/skjutbara-verktyg\/hardrenoveringsmassa-pete-firefix-rapid-1100-5-kg\/#breadcrumb","itemListElement":[{"@type":"ListItem","position":1,"name":"Home","item":"https:\/\/pete.fi\/sv\/home\/"},{"@type":"ListItem","position":2,"name":"Butik","item":"https:\/\/pete.fi\/sv\/butik\/"},{"@type":"ListItem","position":3,"name":"H\u00e4rdrenoveringsmassa PETE Firefix Rapid 1100 (5 kg)"}]},{"@type":"WebSite","@id":"https:\/\/petefi.kehityssivusto.fihttps\/\/pete.fi\/#website","url":"https:\/\/petefi.kehityssivusto.fihttps\/\/pete.fi\/","name":"Pete.fi","description":"","publisher":{"@id":"https:\/\/petefi.kehityssivusto.fihttps\/\/pete.fi\/#organization"},"potentialAction":[{"@type":"SearchAction","target":{"@type":"EntryPoint","urlTemplate":"https:\/\/petefi.kehityssivusto.fihttps\/\/pete.fi\/?s={search_term_string}"},"query-input":{"@type":"PropertyValueSpecification","valueRequired":true,"valueName":"search_term_string"}}],"inLanguage":"sv-SE"},{"@type":"Organization","@id":"https:\/\/petefi.kehityssivusto.fihttps\/\/pete.fi\/#organization","name":"Pete | Piipusta piippuun","url":"https:\/\/petefi.kehityssivusto.fihttps\/\/pete.fi\/","logo":{"@type":"ImageObject","inLanguage":"sv-SE","@id":"https:\/\/petefi.kehityssivusto.fihttps\/\/pete.fi\/#\/schema\/logo\/image\/","url":"https:\/\/pete.fi\/wp-content\/uploads\/2023\/08\/cropped-logo_fi.jpeg","contentUrl":"https:\/\/pete.fi\/wp-content\/uploads\/2023\/08\/cropped-logo_fi.jpeg","width":2243,"height":1589,"caption":"Pete | Piipusta piippuun"},"image":{"@id":"https:\/\/petefi.kehityssivusto.fihttps\/\/pete.fi\/#\/schema\/logo\/image\/"},"sameAs":["https:\/\/www.facebook.com\/petetuotteet\/","https:\/\/www.instagram.com\/piipustapiippuun"]}]}},"_links":{"self":[{"href":"https:\/\/pete.fi\/sv\/wp-json\/wp\/v2\/product\/4707","targetHints":{"allow":["GET"]}}],"collection":[{"href":"https:\/\/pete.fi\/sv\/wp-json\/wp\/v2\/product"}],"about":[{"href":"https:\/\/pete.fi\/sv\/wp-json\/wp\/v2\/types\/product"}],"wp:featuredmedia":[{"embeddable":true,"href":"https:\/\/pete.fi\/sv\/wp-json\/wp\/v2\/media\/4711"}],"wp:attachment":[{"href":"https:\/\/pete.fi\/sv\/wp-json\/wp\/v2\/media?parent=4707"}],"wp:term":[{"taxonomy":"product_brand","embeddable":true,"href":"https:\/\/pete.fi\/sv\/wp-json\/wp\/v2\/product_brand?post=4707"},{"taxonomy":"product_cat","embeddable":true,"href":"https:\/\/pete.fi\/sv\/wp-json\/wp\/v2\/product_cat?post=4707"},{"taxonomy":"product_tag","embeddable":true,"href":"https:\/\/pete.fi\/sv\/wp-json\/wp\/v2\/product_tag?post=4707"}],"curies":[{"name":"wp","href":"https:\/\/api.w.org\/{rel}","templated":true}]}}