{"id":4696,"date":"2026-04-20T09:54:44","date_gmt":"2026-04-20T07:54:44","guid":{"rendered":"https:\/\/pete.fi\/kauppa\/okategoriserad\/forlangningsror-for-dragforbattrare-o150-mm\/"},"modified":"2026-04-20T09:54:44","modified_gmt":"2026-04-20T07:54:44","slug":"forlangningsror-for-dragforbattrare-o150-mm","status":"publish","type":"product","link":"https:\/\/pete.fi\/sv\/butik\/forbattringsmojligheter-for-vadslagning\/forlangningsror-for-dragforbattrare-o150-mm\/","title":{"rendered":"F\u00f6rl\u00e4ngningsr\u00f6r f\u00f6r dragf\u00f6rb\u00e4ttrare \u00d8150 mm"},"content":{"rendered":"<p>Med f\u00f6rl\u00e4ngningsr\u00f6ret kan du h\u00f6ja dragf\u00f6rb\u00e4ttraren. F\u00f6rl\u00e4ngningsr\u00f6ret monteras mellan dragf\u00f6rb\u00e4ttrarens krage och f\u00e4stplatta\/-adapter. Det l\u00e4mpar sig f\u00f6r anv\u00e4ndning t.ex. vid genomf\u00f6ring i skortenshuvens topplock. F\u00f6rl\u00e4ngningsr\u00f6ret kan \u00e4ven anv\u00e4ndas n\u00e4r du monterar flera dragf\u00f6rb\u00e4ttrare sida vid sida och vill skapa mer utrymme f\u00f6r turbinerna att rotera (kontrollera enhetens turbinstorlek i produktkortet).    <\/p>\n","protected":false},"excerpt":{"rendered":"<p>Till genomf\u00f6ring i skortenshuv<\/p>\n","protected":false},"featured_media":0,"template":"","meta":{"_acf_changed":false},"product_brand":[],"product_cat":[146],"product_tag":[196,197],"class_list":{"0":"post-4696","1":"product","2":"type-product","3":"status-publish","5":"product_cat-forbattringsmojligheter-for-vadslagning","6":"product_tag-forlangningsror","7":"product_tag-genomforing-i-skorstenshuv","9":"first","10":"instock","11":"taxable","12":"shipping-taxable","13":"purchasable","14":"product-type-variable"},"acf":[],"yoast_head":"<!-- This site is optimized with the Yoast SEO plugin v27.3 - https:\/\/yoast.com\/product\/yoast-seo-wordpress\/ -->\n<title>F\u00f6rl\u00e4ngningsr\u00f6r f\u00f6r dragf\u00f6rb\u00e4ttrare \u00d8150 mm - PETE-tuotteet<\/title>\n<meta name=\"description\" content=\"Med f\u00f6rl\u00e4ngningsr\u00f6ret h\u00f6jer du dragf\u00f6rb\u00e4ttraren genom skortenshuvens topplock. Enkelt att montera mellan krage och f\u00e4stplatta. Passar \u00e4ven f\u00f6r tr\u00e5nga installationer med flera dragf\u00f6rb\u00e4ttrare.\" \/>\n<meta name=\"robots\" content=\"index, follow, max-snippet:-1, max-image-preview:large, max-video-preview:-1\" \/>\n<link rel=\"canonical\" href=\"https:\/\/pete.fi\/sv\/butik\/forbattringsmojligheter-for-vadslagning\/forlangningsror-for-dragforbattrare-o150-mm\/\" \/>\n<meta property=\"og:locale\" content=\"sv_SE\" \/>\n<meta property=\"og:type\" content=\"article\" \/>\n<meta property=\"og:title\" content=\"F\u00f6rl\u00e4ngningsr\u00f6r f\u00f6r dragf\u00f6rb\u00e4ttrare \u00d8150 mm - PETE-tuotteet\" \/>\n<meta property=\"og:description\" content=\"Med f\u00f6rl\u00e4ngningsr\u00f6ret h\u00f6jer du dragf\u00f6rb\u00e4ttraren genom skortenshuvens topplock. Enkelt att montera mellan krage och f\u00e4stplatta. Passar \u00e4ven f\u00f6r tr\u00e5nga installationer med flera dragf\u00f6rb\u00e4ttrare.\" \/>\n<meta property=\"og:url\" content=\"https:\/\/pete.fi\/sv\/butik\/forbattringsmojligheter-for-vadslagning\/forlangningsror-for-dragforbattrare-o150-mm\/\" \/>\n<meta property=\"og:site_name\" content=\"PETE-tuotteet\" \/>\n<meta property=\"article:publisher\" content=\"https:\/\/www.facebook.com\/petetuotteet\/\" \/>\n<meta name=\"twitter:card\" content=\"summary_large_image\" \/>\n<script type=\"application\/ld+json\" class=\"yoast-schema-graph\">{\"@context\":\"https:\\\/\\\/schema.org\",\"@graph\":[{\"@type\":\"WebPage\",\"@id\":\"https:\\\/\\\/pete.fi\\\/sv\\\/butik\\\/forbattringsmojligheter-for-vadslagning\\\/forlangningsror-for-dragforbattrare-o150-mm\\\/\",\"url\":\"https:\\\/\\\/pete.fi\\\/sv\\\/butik\\\/forbattringsmojligheter-for-vadslagning\\\/forlangningsror-for-dragforbattrare-o150-mm\\\/\",\"name\":\"F\u00f6rl\u00e4ngningsr\u00f6r f\u00f6r dragf\u00f6rb\u00e4ttrare \u00d8150 mm - PETE-tuotteet\",\"isPartOf\":{\"@id\":\"https:\\\/\\\/petefi.kehityssivusto.fihttps\\\/\\\/pete.fi\\\/#website\"},\"datePublished\":\"2026-04-20T07:54:44+00:00\",\"description\":\"Med f\u00f6rl\u00e4ngningsr\u00f6ret h\u00f6jer du dragf\u00f6rb\u00e4ttraren genom skortenshuvens topplock. Enkelt att montera mellan krage och f\u00e4stplatta. Passar \u00e4ven f\u00f6r tr\u00e5nga installationer med flera dragf\u00f6rb\u00e4ttrare.\",\"breadcrumb\":{\"@id\":\"https:\\\/\\\/pete.fi\\\/sv\\\/butik\\\/forbattringsmojligheter-for-vadslagning\\\/forlangningsror-for-dragforbattrare-o150-mm\\\/#breadcrumb\"},\"inLanguage\":\"sv-SE\",\"potentialAction\":[{\"@type\":\"ReadAction\",\"target\":[\"https:\\\/\\\/pete.fi\\\/sv\\\/butik\\\/forbattringsmojligheter-for-vadslagning\\\/forlangningsror-for-dragforbattrare-o150-mm\\\/\"]}]},{\"@type\":\"BreadcrumbList\",\"@id\":\"https:\\\/\\\/pete.fi\\\/sv\\\/butik\\\/forbattringsmojligheter-for-vadslagning\\\/forlangningsror-for-dragforbattrare-o150-mm\\\/#breadcrumb\",\"itemListElement\":[{\"@type\":\"ListItem\",\"position\":1,\"name\":\"Home\",\"item\":\"https:\\\/\\\/pete.fi\\\/sv\\\/home\\\/\"},{\"@type\":\"ListItem\",\"position\":2,\"name\":\"Butik\",\"item\":\"https:\\\/\\\/pete.fi\\\/sv\\\/butik\\\/\"},{\"@type\":\"ListItem\",\"position\":3,\"name\":\"F\u00f6rl\u00e4ngningsr\u00f6r f\u00f6r dragf\u00f6rb\u00e4ttrare \u00d8150 mm\"}]},{\"@type\":\"WebSite\",\"@id\":\"https:\\\/\\\/petefi.kehityssivusto.fihttps\\\/\\\/pete.fi\\\/#website\",\"url\":\"https:\\\/\\\/petefi.kehityssivusto.fihttps\\\/\\\/pete.fi\\\/\",\"name\":\"Pete.fi\",\"description\":\"\",\"publisher\":{\"@id\":\"https:\\\/\\\/petefi.kehityssivusto.fihttps\\\/\\\/pete.fi\\\/#organization\"},\"potentialAction\":[{\"@type\":\"SearchAction\",\"target\":{\"@type\":\"EntryPoint\",\"urlTemplate\":\"https:\\\/\\\/petefi.kehityssivusto.fihttps\\\/\\\/pete.fi\\\/?s={search_term_string}\"},\"query-input\":{\"@type\":\"PropertyValueSpecification\",\"valueRequired\":true,\"valueName\":\"search_term_string\"}}],\"inLanguage\":\"sv-SE\"},{\"@type\":\"Organization\",\"@id\":\"https:\\\/\\\/petefi.kehityssivusto.fihttps\\\/\\\/pete.fi\\\/#organization\",\"name\":\"Pete | Piipusta piippuun\",\"url\":\"https:\\\/\\\/petefi.kehityssivusto.fihttps\\\/\\\/pete.fi\\\/\",\"logo\":{\"@type\":\"ImageObject\",\"inLanguage\":\"sv-SE\",\"@id\":\"https:\\\/\\\/petefi.kehityssivusto.fihttps\\\/\\\/pete.fi\\\/#\\\/schema\\\/logo\\\/image\\\/\",\"url\":\"https:\\\/\\\/pete.fi\\\/wp-content\\\/uploads\\\/2023\\\/08\\\/cropped-logo_fi.jpeg\",\"contentUrl\":\"https:\\\/\\\/pete.fi\\\/wp-content\\\/uploads\\\/2023\\\/08\\\/cropped-logo_fi.jpeg\",\"width\":2243,\"height\":1589,\"caption\":\"Pete | Piipusta piippuun\"},\"image\":{\"@id\":\"https:\\\/\\\/petefi.kehityssivusto.fihttps\\\/\\\/pete.fi\\\/#\\\/schema\\\/logo\\\/image\\\/\"},\"sameAs\":[\"https:\\\/\\\/www.facebook.com\\\/petetuotteet\\\/\",\"https:\\\/\\\/www.instagram.com\\\/piipustapiippuun\"]}]}<\/script>\n<!-- \/ Yoast SEO plugin. -->","yoast_head_json":{"title":"F\u00f6rl\u00e4ngningsr\u00f6r f\u00f6r dragf\u00f6rb\u00e4ttrare \u00d8150 mm - PETE-tuotteet","description":"Med f\u00f6rl\u00e4ngningsr\u00f6ret h\u00f6jer du dragf\u00f6rb\u00e4ttraren genom skortenshuvens topplock. Enkelt att montera mellan krage och f\u00e4stplatta. Passar \u00e4ven f\u00f6r tr\u00e5nga installationer med flera dragf\u00f6rb\u00e4ttrare.","robots":{"index":"index","follow":"follow","max-snippet":"max-snippet:-1","max-image-preview":"max-image-preview:large","max-video-preview":"max-video-preview:-1"},"canonical":"https:\/\/pete.fi\/sv\/butik\/forbattringsmojligheter-for-vadslagning\/forlangningsror-for-dragforbattrare-o150-mm\/","og_locale":"sv_SE","og_type":"article","og_title":"F\u00f6rl\u00e4ngningsr\u00f6r f\u00f6r dragf\u00f6rb\u00e4ttrare \u00d8150 mm - PETE-tuotteet","og_description":"Med f\u00f6rl\u00e4ngningsr\u00f6ret h\u00f6jer du dragf\u00f6rb\u00e4ttraren genom skortenshuvens topplock. Enkelt att montera mellan krage och f\u00e4stplatta. Passar \u00e4ven f\u00f6r tr\u00e5nga installationer med flera dragf\u00f6rb\u00e4ttrare.","og_url":"https:\/\/pete.fi\/sv\/butik\/forbattringsmojligheter-for-vadslagning\/forlangningsror-for-dragforbattrare-o150-mm\/","og_site_name":"PETE-tuotteet","article_publisher":"https:\/\/www.facebook.com\/petetuotteet\/","twitter_card":"summary_large_image","schema":{"@context":"https:\/\/schema.org","@graph":[{"@type":"WebPage","@id":"https:\/\/pete.fi\/sv\/butik\/forbattringsmojligheter-for-vadslagning\/forlangningsror-for-dragforbattrare-o150-mm\/","url":"https:\/\/pete.fi\/sv\/butik\/forbattringsmojligheter-for-vadslagning\/forlangningsror-for-dragforbattrare-o150-mm\/","name":"F\u00f6rl\u00e4ngningsr\u00f6r f\u00f6r dragf\u00f6rb\u00e4ttrare \u00d8150 mm - PETE-tuotteet","isPartOf":{"@id":"https:\/\/petefi.kehityssivusto.fihttps\/\/pete.fi\/#website"},"datePublished":"2026-04-20T07:54:44+00:00","description":"Med f\u00f6rl\u00e4ngningsr\u00f6ret h\u00f6jer du dragf\u00f6rb\u00e4ttraren genom skortenshuvens topplock. Enkelt att montera mellan krage och f\u00e4stplatta. Passar \u00e4ven f\u00f6r tr\u00e5nga installationer med flera dragf\u00f6rb\u00e4ttrare.","breadcrumb":{"@id":"https:\/\/pete.fi\/sv\/butik\/forbattringsmojligheter-for-vadslagning\/forlangningsror-for-dragforbattrare-o150-mm\/#breadcrumb"},"inLanguage":"sv-SE","potentialAction":[{"@type":"ReadAction","target":["https:\/\/pete.fi\/sv\/butik\/forbattringsmojligheter-for-vadslagning\/forlangningsror-for-dragforbattrare-o150-mm\/"]}]},{"@type":"BreadcrumbList","@id":"https:\/\/pete.fi\/sv\/butik\/forbattringsmojligheter-for-vadslagning\/forlangningsror-for-dragforbattrare-o150-mm\/#breadcrumb","itemListElement":[{"@type":"ListItem","position":1,"name":"Home","item":"https:\/\/pete.fi\/sv\/home\/"},{"@type":"ListItem","position":2,"name":"Butik","item":"https:\/\/pete.fi\/sv\/butik\/"},{"@type":"ListItem","position":3,"name":"F\u00f6rl\u00e4ngningsr\u00f6r f\u00f6r dragf\u00f6rb\u00e4ttrare \u00d8150 mm"}]},{"@type":"WebSite","@id":"https:\/\/petefi.kehityssivusto.fihttps\/\/pete.fi\/#website","url":"https:\/\/petefi.kehityssivusto.fihttps\/\/pete.fi\/","name":"Pete.fi","description":"","publisher":{"@id":"https:\/\/petefi.kehityssivusto.fihttps\/\/pete.fi\/#organization"},"potentialAction":[{"@type":"SearchAction","target":{"@type":"EntryPoint","urlTemplate":"https:\/\/petefi.kehityssivusto.fihttps\/\/pete.fi\/?s={search_term_string}"},"query-input":{"@type":"PropertyValueSpecification","valueRequired":true,"valueName":"search_term_string"}}],"inLanguage":"sv-SE"},{"@type":"Organization","@id":"https:\/\/petefi.kehityssivusto.fihttps\/\/pete.fi\/#organization","name":"Pete | Piipusta piippuun","url":"https:\/\/petefi.kehityssivusto.fihttps\/\/pete.fi\/","logo":{"@type":"ImageObject","inLanguage":"sv-SE","@id":"https:\/\/petefi.kehityssivusto.fihttps\/\/pete.fi\/#\/schema\/logo\/image\/","url":"https:\/\/pete.fi\/wp-content\/uploads\/2023\/08\/cropped-logo_fi.jpeg","contentUrl":"https:\/\/pete.fi\/wp-content\/uploads\/2023\/08\/cropped-logo_fi.jpeg","width":2243,"height":1589,"caption":"Pete | Piipusta piippuun"},"image":{"@id":"https:\/\/petefi.kehityssivusto.fihttps\/\/pete.fi\/#\/schema\/logo\/image\/"},"sameAs":["https:\/\/www.facebook.com\/petetuotteet\/","https:\/\/www.instagram.com\/piipustapiippuun"]}]}},"_links":{"self":[{"href":"https:\/\/pete.fi\/sv\/wp-json\/wp\/v2\/product\/4696","targetHints":{"allow":["GET"]}}],"collection":[{"href":"https:\/\/pete.fi\/sv\/wp-json\/wp\/v2\/product"}],"about":[{"href":"https:\/\/pete.fi\/sv\/wp-json\/wp\/v2\/types\/product"}],"wp:attachment":[{"href":"https:\/\/pete.fi\/sv\/wp-json\/wp\/v2\/media?parent=4696"}],"wp:term":[{"taxonomy":"product_brand","embeddable":true,"href":"https:\/\/pete.fi\/sv\/wp-json\/wp\/v2\/product_brand?post=4696"},{"taxonomy":"product_cat","embeddable":true,"href":"https:\/\/pete.fi\/sv\/wp-json\/wp\/v2\/product_cat?post=4696"},{"taxonomy":"product_tag","embeddable":true,"href":"https:\/\/pete.fi\/sv\/wp-json\/wp\/v2\/product_tag?post=4696"}],"curies":[{"name":"wp","href":"https:\/\/api.w.org\/{rel}","templated":true}]}}