{"id":3771,"date":"2025-10-27T15:52:11","date_gmt":"2025-10-27T13:52:11","guid":{"rendered":"https:\/\/pete.fi\/kauppa\/okategoriserad\/pete-h-serie-rokgasavskiljare-for-gothorn-svart\/"},"modified":"2026-03-09T19:49:07","modified_gmt":"2026-03-09T17:49:07","slug":"pete-h-serie-rokgasavskiljare-for-gothorn-svart","status":"publish","type":"product","link":"https:\/\/pete.fi\/sv\/butik\/rokgasflaktar\/rokgasavskiljare-h-serien\/pete-h-serie-rokgasavskiljare-for-gothorn-svart\/","title":{"rendered":"PETE H-serie r\u00f6kgasavskiljare f\u00f6r g\u00f6thorn, svart"},"content":{"rendered":"<h2>PETE cigarett\u00e4ndarsats f\u00f6r barrhorn<\/h2>\n<h5><strong>PETE-sotaren<\/strong> \u00e4r en elektriskt driven skorstensdragsf\u00f6rb\u00e4ttrare som f\u00e4sts i toppen av skorstenen med ett l\u00e4mpligt skorstensf\u00e4ste. R\u00f6kgasutsuget, som ocks\u00e5 kallas <strong>skorstensutsug<\/strong> eller <strong>eldstadsutsug<\/strong>, skapar ett sug i r\u00f6kkanalen och underl\u00e4ttar d\u00e4rmed t\u00e4ndning och anv\u00e4ndning av eldstaden.  Ingen mer r\u00f6k som v\u00e4ller ut fr\u00e5n den \u00f6ppna spisen.<\/h5>\n<p><strong>F\u00f6rdelar:<\/strong><\/p>\n<ul>\n<li>\u00d6kar effektiviteten i r\u00f6kgasavskiljningen<\/li>\n<li>Underl\u00e4ttar t\u00e4ndning och anv\u00e4ndning av den \u00f6ppna spisen genom att skapa ett drag i r\u00f6kkanalen oavsett v\u00e4derf\u00f6rh\u00e5llanden<\/li>\n<li>Minskar skadliga partikelutsl\u00e4pp i inomhusluften<\/li>\n<li>Kan \u00e4ven anv\u00e4ndas som allm\u00e4n ventilationsfl\u00e4kt, t.ex. p\u00e5 sommaren n\u00e4r den \u00f6ppna spisen inte anv\u00e4nds <\/li>\n<li>Key Flag-m\u00e4rkt &#8211; Design och tillverkning inom landet<\/li>\n<li>CE-m\u00e4rkt &#8211; Produkten har klarat standardtesterna<\/li>\n<\/ul>\n<p><strong><br \/>\nInneh\u00e5ll:<br \/>\n<\/strong>PETE-cigarett\u00e4ndarpaketet inneh\u00e5ller:<\/p>\n<ul>\n<li>r\u00f6kgasskrubberenhet<\/li>\n<li>f\u00e4stanordning f\u00f6r st\u00e5lhorn<\/li>\n<li>S\u00e4kerhetsbrytare<\/li>\n<li>st\u00e4llningen f\u00f6r s\u00e4kerhetsbrytare, och<\/li>\n<li>instruktioner f\u00f6r installation och elektriska ledningar.<\/li>\n<\/ul>\n<p>Allt du beh\u00f6ver g\u00f6ra \u00e4r att l\u00e4gga till en regulator i paketet.<\/p>\n<p><strong>Val<\/strong>av modell f\u00f6r r\u00f6kgassug: <strong><br \/>\n Modellen f\u00f6r r\u00f6kgassug v\u00e4ljs utifr\u00e5n g\u00f6tkroppens diameter och den sugkraft som kr\u00e4vs. Om du beh\u00f6ver hj\u00e4lp med att v\u00e4lja r\u00e4tt modell av r\u00f6kgassug, v\u00e4nligen kontakta v\u00e5r kundtj\u00e4nst!<\/strong> <\/p>\n<ul>\n<li>PETE H200, n\u00e4r g\u00f6tkroppens innerdiameter \u00e4r mindre \u00e4n eller lika med 200 mm<\/li>\n<li>PETE H250, n\u00e4r g\u00f6tkroppens innerdiameter \u00e4r mindre \u00e4n eller lika med 250 mm<\/li>\n<li>PETE H315, n\u00e4r g\u00f6tkroppens innerdiameter \u00e4r mindre \u00e4n eller lika med 315 mm<\/li>\n<\/ul>\n<p><strong><br \/>\nBest\u00e4llning:<\/strong><\/p>\n<p>Monteringsbasen f\u00f6r timmerp\u00e5len tillverkas enligt m\u00e5tten. Vid best\u00e4llning, v\u00e4nligen ange blockh\u00f6gens innerdiameter och ytterm\u00e5tt i avsnittet Orderkommentarer i kassan efter dina kontaktuppgifter. Ytterdiametern p\u00e5 monteringsbasens beslag tillverkas ca 3 mm mindre \u00e4n de angivna m\u00e5tten, s\u00e5 att kragen p\u00e5 monteringsbasens beslagsdel g\u00e5r in i bulbens skorstensr\u00f6r. Underlaget \u00e4r tillverkat ca 50 mm st\u00f6rre \u00e4n skorstenens ytterm\u00e5tt &#8211; t.ex. en skorsten med ytterm\u00e5tt 360 mm x 360 mm &#8211;&gt; underlagsstorlek (A-m\u00e5tt) 410 mm x 410 mm.      <\/p>\n<p><span style=\"color: #ff0000;\"><strong>Obs!<\/strong>  Denna monteringsplattform \u00e4r inte l\u00e4mplig f\u00f6r 2- eller 3-horniga g\u00f6th\u00f6gar! Om du har en dubbel- eller trippelh\u00e4ngd g\u00f6tspets, v\u00e4nligen kontakta v\u00e5r f\u00f6rs\u00e4ljningsavdelning! <\/span><\/p>\n<p><strong><br \/>\nInstallera<\/strong><\/p>\n<p>Det g\u00e5r snabbt och enkelt att mekaniskt f\u00e4sta r\u00f6kgasutsuget p\u00e5 \u00e4nden av g\u00f6tkroppen. Observera \u00f6ppningsriktningen f\u00f6r r\u00f6kgasg\u00e5ngj\u00e4rnet n\u00e4r du f\u00e4ster det. Den slutliga elektriska anslutningen av PETE-r\u00f6kgasutsuget f\u00e5r endast utf\u00f6ras av en beh\u00f6rig elektriker.  <\/p>\n","protected":false},"excerpt":{"rendered":"<h5>Rst, sidledsbl\u00e5sning<\/h5>\n","protected":false},"featured_media":3276,"template":"","meta":{"_acf_changed":false},"product_brand":[],"product_cat":[106,105],"product_tag":[107,109,108],"class_list":{"0":"post-3771","1":"product","2":"type-product","3":"status-publish","4":"has-post-thumbnail","6":"product_cat-rokgasavskiljare-h-serien","7":"product_cat-rokgasflaktar","8":"product_tag-rokgasavskiljare","9":"product_tag-rokutsug","10":"product_tag-spisflakt","12":"first","13":"onbackorder","14":"taxable","15":"shipping-taxable","16":"purchasable","17":"product-type-variable"},"acf":[],"yoast_head":"<!-- This site is optimized with the Yoast SEO plugin v27.3 - https:\/\/yoast.com\/product\/yoast-seo-wordpress\/ -->\n<title>PETE cigarett\u00e4ndare f\u00f6r tackor - Se till att r\u00f6kkanalen har ett bra drag<\/title>\n<meta name=\"description\" content=\"PETE-sotaren \u00e4r en anordning f\u00f6r att f\u00f6rb\u00e4ttra skorstensdraget som monteras p\u00e5 toppen av skorstenen. Skorstensfl\u00e4kten underl\u00e4ttar d\u00e4rmed t\u00e4ndning och anv\u00e4ndning av den \u00f6ppna spisen.\" \/>\n<meta name=\"robots\" content=\"index, follow, max-snippet:-1, max-image-preview:large, max-video-preview:-1\" \/>\n<link rel=\"canonical\" href=\"https:\/\/pete.fi\/sv\/butik\/rokgasflaktar\/rokgasavskiljare-h-serien\/pete-h-serie-rokgasavskiljare-for-gothorn-svart\/\" \/>\n<meta property=\"og:locale\" content=\"sv_SE\" \/>\n<meta property=\"og:type\" content=\"article\" \/>\n<meta property=\"og:title\" content=\"PETE cigarett\u00e4ndare f\u00f6r tackor - Se till att r\u00f6kkanalen har ett bra drag\" \/>\n<meta property=\"og:description\" content=\"PETE-sotaren \u00e4r en anordning f\u00f6r att f\u00f6rb\u00e4ttra skorstensdraget som monteras p\u00e5 toppen av skorstenen. Skorstensfl\u00e4kten underl\u00e4ttar d\u00e4rmed t\u00e4ndning och anv\u00e4ndning av den \u00f6ppna spisen.\" \/>\n<meta property=\"og:url\" content=\"https:\/\/pete.fi\/sv\/butik\/rokgasflaktar\/rokgasavskiljare-h-serien\/pete-h-serie-rokgasavskiljare-for-gothorn-svart\/\" \/>\n<meta property=\"og:site_name\" content=\"PETE-tuotteet\" \/>\n<meta property=\"article:publisher\" content=\"https:\/\/www.facebook.com\/petetuotteet\/\" \/>\n<meta property=\"article:modified_time\" content=\"2026-03-09T17:49:07+00:00\" \/>\n<meta property=\"og:image\" content=\"https:\/\/pete.fi\/wp-content\/uploads\/2025\/10\/PETE-savukaasuimuri_H-sarja_harkkohormille_musta-scaled-1.jpeg\" \/>\n\t<meta property=\"og:image:width\" content=\"2560\" \/>\n\t<meta property=\"og:image:height\" content=\"2560\" \/>\n\t<meta property=\"og:image:type\" content=\"image\/jpeg\" \/>\n<meta name=\"twitter:card\" content=\"summary_large_image\" \/>\n<meta name=\"twitter:label1\" content=\"Ber\u00e4knad l\u00e4stid\" \/>\n\t<meta name=\"twitter:data1\" content=\"2 minuter\" \/>\n<script type=\"application\/ld+json\" class=\"yoast-schema-graph\">{\"@context\":\"https:\\\/\\\/schema.org\",\"@graph\":[{\"@type\":\"WebPage\",\"@id\":\"https:\\\/\\\/pete.fi\\\/sv\\\/butik\\\/rokgasflaktar\\\/rokgasavskiljare-h-serien\\\/pete-h-serie-rokgasavskiljare-for-gothorn-svart\\\/\",\"url\":\"https:\\\/\\\/pete.fi\\\/sv\\\/butik\\\/rokgasflaktar\\\/rokgasavskiljare-h-serien\\\/pete-h-serie-rokgasavskiljare-for-gothorn-svart\\\/\",\"name\":\"PETE cigarett\u00e4ndare f\u00f6r tackor - Se till att r\u00f6kkanalen har ett bra drag\",\"isPartOf\":{\"@id\":\"https:\\\/\\\/petefi.kehityssivusto.fihttps\\\/\\\/pete.fi\\\/#website\"},\"primaryImageOfPage\":{\"@id\":\"https:\\\/\\\/pete.fi\\\/sv\\\/butik\\\/rokgasflaktar\\\/rokgasavskiljare-h-serien\\\/pete-h-serie-rokgasavskiljare-for-gothorn-svart\\\/#primaryimage\"},\"image\":{\"@id\":\"https:\\\/\\\/pete.fi\\\/sv\\\/butik\\\/rokgasflaktar\\\/rokgasavskiljare-h-serien\\\/pete-h-serie-rokgasavskiljare-for-gothorn-svart\\\/#primaryimage\"},\"thumbnailUrl\":\"https:\\\/\\\/pete.fi\\\/wp-content\\\/uploads\\\/2025\\\/10\\\/PETE-savukaasuimuri_H-sarja_harkkohormille_musta-scaled-1.jpeg\",\"datePublished\":\"2025-10-27T13:52:11+00:00\",\"dateModified\":\"2026-03-09T17:49:07+00:00\",\"description\":\"PETE-sotaren \u00e4r en anordning f\u00f6r att f\u00f6rb\u00e4ttra skorstensdraget som monteras p\u00e5 toppen av skorstenen. Skorstensfl\u00e4kten underl\u00e4ttar d\u00e4rmed t\u00e4ndning och anv\u00e4ndning av den \u00f6ppna spisen.\",\"breadcrumb\":{\"@id\":\"https:\\\/\\\/pete.fi\\\/sv\\\/butik\\\/rokgasflaktar\\\/rokgasavskiljare-h-serien\\\/pete-h-serie-rokgasavskiljare-for-gothorn-svart\\\/#breadcrumb\"},\"inLanguage\":\"sv-SE\",\"potentialAction\":[{\"@type\":\"ReadAction\",\"target\":[\"https:\\\/\\\/pete.fi\\\/sv\\\/butik\\\/rokgasflaktar\\\/rokgasavskiljare-h-serien\\\/pete-h-serie-rokgasavskiljare-for-gothorn-svart\\\/\"]}]},{\"@type\":\"ImageObject\",\"inLanguage\":\"sv-SE\",\"@id\":\"https:\\\/\\\/pete.fi\\\/sv\\\/butik\\\/rokgasflaktar\\\/rokgasavskiljare-h-serien\\\/pete-h-serie-rokgasavskiljare-for-gothorn-svart\\\/#primaryimage\",\"url\":\"https:\\\/\\\/pete.fi\\\/wp-content\\\/uploads\\\/2025\\\/10\\\/PETE-savukaasuimuri_H-sarja_harkkohormille_musta-scaled-1.jpeg\",\"contentUrl\":\"https:\\\/\\\/pete.fi\\\/wp-content\\\/uploads\\\/2025\\\/10\\\/PETE-savukaasuimuri_H-sarja_harkkohormille_musta-scaled-1.jpeg\",\"width\":2560,\"height\":2560,\"caption\":\"PETE cigarettutdragare f\u00f6r g\u00f6thorn\"},{\"@type\":\"BreadcrumbList\",\"@id\":\"https:\\\/\\\/pete.fi\\\/sv\\\/butik\\\/rokgasflaktar\\\/rokgasavskiljare-h-serien\\\/pete-h-serie-rokgasavskiljare-for-gothorn-svart\\\/#breadcrumb\",\"itemListElement\":[{\"@type\":\"ListItem\",\"position\":1,\"name\":\"Home\",\"item\":\"https:\\\/\\\/pete.fi\\\/sv\\\/home\\\/\"},{\"@type\":\"ListItem\",\"position\":2,\"name\":\"Butik\",\"item\":\"https:\\\/\\\/pete.fi\\\/sv\\\/butik\\\/\"},{\"@type\":\"ListItem\",\"position\":3,\"name\":\"PETE H-serie r\u00f6kgasavskiljare f\u00f6r g\u00f6thorn, svart\"}]},{\"@type\":\"WebSite\",\"@id\":\"https:\\\/\\\/petefi.kehityssivusto.fihttps\\\/\\\/pete.fi\\\/#website\",\"url\":\"https:\\\/\\\/petefi.kehityssivusto.fihttps\\\/\\\/pete.fi\\\/\",\"name\":\"Pete.fi\",\"description\":\"\",\"publisher\":{\"@id\":\"https:\\\/\\\/petefi.kehityssivusto.fihttps\\\/\\\/pete.fi\\\/#organization\"},\"potentialAction\":[{\"@type\":\"SearchAction\",\"target\":{\"@type\":\"EntryPoint\",\"urlTemplate\":\"https:\\\/\\\/petefi.kehityssivusto.fihttps\\\/\\\/pete.fi\\\/?s={search_term_string}\"},\"query-input\":{\"@type\":\"PropertyValueSpecification\",\"valueRequired\":true,\"valueName\":\"search_term_string\"}}],\"inLanguage\":\"sv-SE\"},{\"@type\":\"Organization\",\"@id\":\"https:\\\/\\\/petefi.kehityssivusto.fihttps\\\/\\\/pete.fi\\\/#organization\",\"name\":\"Pete | Piipusta piippuun\",\"url\":\"https:\\\/\\\/petefi.kehityssivusto.fihttps\\\/\\\/pete.fi\\\/\",\"logo\":{\"@type\":\"ImageObject\",\"inLanguage\":\"sv-SE\",\"@id\":\"https:\\\/\\\/petefi.kehityssivusto.fihttps\\\/\\\/pete.fi\\\/#\\\/schema\\\/logo\\\/image\\\/\",\"url\":\"https:\\\/\\\/pete.fi\\\/wp-content\\\/uploads\\\/2023\\\/08\\\/cropped-logo_fi.jpeg\",\"contentUrl\":\"https:\\\/\\\/pete.fi\\\/wp-content\\\/uploads\\\/2023\\\/08\\\/cropped-logo_fi.jpeg\",\"width\":2243,\"height\":1589,\"caption\":\"Pete | Piipusta piippuun\"},\"image\":{\"@id\":\"https:\\\/\\\/petefi.kehityssivusto.fihttps\\\/\\\/pete.fi\\\/#\\\/schema\\\/logo\\\/image\\\/\"},\"sameAs\":[\"https:\\\/\\\/www.facebook.com\\\/petetuotteet\\\/\",\"https:\\\/\\\/www.instagram.com\\\/piipustapiippuun\"]}]}<\/script>\n<!-- \/ Yoast SEO plugin. -->","yoast_head_json":{"title":"PETE cigarett\u00e4ndare f\u00f6r tackor - Se till att r\u00f6kkanalen har ett bra drag","description":"PETE-sotaren \u00e4r en anordning f\u00f6r att f\u00f6rb\u00e4ttra skorstensdraget som monteras p\u00e5 toppen av skorstenen. Skorstensfl\u00e4kten underl\u00e4ttar d\u00e4rmed t\u00e4ndning och anv\u00e4ndning av den \u00f6ppna spisen.","robots":{"index":"index","follow":"follow","max-snippet":"max-snippet:-1","max-image-preview":"max-image-preview:large","max-video-preview":"max-video-preview:-1"},"canonical":"https:\/\/pete.fi\/sv\/butik\/rokgasflaktar\/rokgasavskiljare-h-serien\/pete-h-serie-rokgasavskiljare-for-gothorn-svart\/","og_locale":"sv_SE","og_type":"article","og_title":"PETE cigarett\u00e4ndare f\u00f6r tackor - Se till att r\u00f6kkanalen har ett bra drag","og_description":"PETE-sotaren \u00e4r en anordning f\u00f6r att f\u00f6rb\u00e4ttra skorstensdraget som monteras p\u00e5 toppen av skorstenen. Skorstensfl\u00e4kten underl\u00e4ttar d\u00e4rmed t\u00e4ndning och anv\u00e4ndning av den \u00f6ppna spisen.","og_url":"https:\/\/pete.fi\/sv\/butik\/rokgasflaktar\/rokgasavskiljare-h-serien\/pete-h-serie-rokgasavskiljare-for-gothorn-svart\/","og_site_name":"PETE-tuotteet","article_publisher":"https:\/\/www.facebook.com\/petetuotteet\/","article_modified_time":"2026-03-09T17:49:07+00:00","og_image":[{"width":2560,"height":2560,"url":"https:\/\/pete.fi\/wp-content\/uploads\/2025\/10\/PETE-savukaasuimuri_H-sarja_harkkohormille_musta-scaled-1.jpeg","type":"image\/jpeg"}],"twitter_card":"summary_large_image","twitter_misc":{"Ber\u00e4knad l\u00e4stid":"2 minuter"},"schema":{"@context":"https:\/\/schema.org","@graph":[{"@type":"WebPage","@id":"https:\/\/pete.fi\/sv\/butik\/rokgasflaktar\/rokgasavskiljare-h-serien\/pete-h-serie-rokgasavskiljare-for-gothorn-svart\/","url":"https:\/\/pete.fi\/sv\/butik\/rokgasflaktar\/rokgasavskiljare-h-serien\/pete-h-serie-rokgasavskiljare-for-gothorn-svart\/","name":"PETE cigarett\u00e4ndare f\u00f6r tackor - Se till att r\u00f6kkanalen har ett bra drag","isPartOf":{"@id":"https:\/\/petefi.kehityssivusto.fihttps\/\/pete.fi\/#website"},"primaryImageOfPage":{"@id":"https:\/\/pete.fi\/sv\/butik\/rokgasflaktar\/rokgasavskiljare-h-serien\/pete-h-serie-rokgasavskiljare-for-gothorn-svart\/#primaryimage"},"image":{"@id":"https:\/\/pete.fi\/sv\/butik\/rokgasflaktar\/rokgasavskiljare-h-serien\/pete-h-serie-rokgasavskiljare-for-gothorn-svart\/#primaryimage"},"thumbnailUrl":"https:\/\/pete.fi\/wp-content\/uploads\/2025\/10\/PETE-savukaasuimuri_H-sarja_harkkohormille_musta-scaled-1.jpeg","datePublished":"2025-10-27T13:52:11+00:00","dateModified":"2026-03-09T17:49:07+00:00","description":"PETE-sotaren \u00e4r en anordning f\u00f6r att f\u00f6rb\u00e4ttra skorstensdraget som monteras p\u00e5 toppen av skorstenen. Skorstensfl\u00e4kten underl\u00e4ttar d\u00e4rmed t\u00e4ndning och anv\u00e4ndning av den \u00f6ppna spisen.","breadcrumb":{"@id":"https:\/\/pete.fi\/sv\/butik\/rokgasflaktar\/rokgasavskiljare-h-serien\/pete-h-serie-rokgasavskiljare-for-gothorn-svart\/#breadcrumb"},"inLanguage":"sv-SE","potentialAction":[{"@type":"ReadAction","target":["https:\/\/pete.fi\/sv\/butik\/rokgasflaktar\/rokgasavskiljare-h-serien\/pete-h-serie-rokgasavskiljare-for-gothorn-svart\/"]}]},{"@type":"ImageObject","inLanguage":"sv-SE","@id":"https:\/\/pete.fi\/sv\/butik\/rokgasflaktar\/rokgasavskiljare-h-serien\/pete-h-serie-rokgasavskiljare-for-gothorn-svart\/#primaryimage","url":"https:\/\/pete.fi\/wp-content\/uploads\/2025\/10\/PETE-savukaasuimuri_H-sarja_harkkohormille_musta-scaled-1.jpeg","contentUrl":"https:\/\/pete.fi\/wp-content\/uploads\/2025\/10\/PETE-savukaasuimuri_H-sarja_harkkohormille_musta-scaled-1.jpeg","width":2560,"height":2560,"caption":"PETE cigarettutdragare f\u00f6r g\u00f6thorn"},{"@type":"BreadcrumbList","@id":"https:\/\/pete.fi\/sv\/butik\/rokgasflaktar\/rokgasavskiljare-h-serien\/pete-h-serie-rokgasavskiljare-for-gothorn-svart\/#breadcrumb","itemListElement":[{"@type":"ListItem","position":1,"name":"Home","item":"https:\/\/pete.fi\/sv\/home\/"},{"@type":"ListItem","position":2,"name":"Butik","item":"https:\/\/pete.fi\/sv\/butik\/"},{"@type":"ListItem","position":3,"name":"PETE H-serie r\u00f6kgasavskiljare f\u00f6r g\u00f6thorn, svart"}]},{"@type":"WebSite","@id":"https:\/\/petefi.kehityssivusto.fihttps\/\/pete.fi\/#website","url":"https:\/\/petefi.kehityssivusto.fihttps\/\/pete.fi\/","name":"Pete.fi","description":"","publisher":{"@id":"https:\/\/petefi.kehityssivusto.fihttps\/\/pete.fi\/#organization"},"potentialAction":[{"@type":"SearchAction","target":{"@type":"EntryPoint","urlTemplate":"https:\/\/petefi.kehityssivusto.fihttps\/\/pete.fi\/?s={search_term_string}"},"query-input":{"@type":"PropertyValueSpecification","valueRequired":true,"valueName":"search_term_string"}}],"inLanguage":"sv-SE"},{"@type":"Organization","@id":"https:\/\/petefi.kehityssivusto.fihttps\/\/pete.fi\/#organization","name":"Pete | Piipusta piippuun","url":"https:\/\/petefi.kehityssivusto.fihttps\/\/pete.fi\/","logo":{"@type":"ImageObject","inLanguage":"sv-SE","@id":"https:\/\/petefi.kehityssivusto.fihttps\/\/pete.fi\/#\/schema\/logo\/image\/","url":"https:\/\/pete.fi\/wp-content\/uploads\/2023\/08\/cropped-logo_fi.jpeg","contentUrl":"https:\/\/pete.fi\/wp-content\/uploads\/2023\/08\/cropped-logo_fi.jpeg","width":2243,"height":1589,"caption":"Pete | Piipusta piippuun"},"image":{"@id":"https:\/\/petefi.kehityssivusto.fihttps\/\/pete.fi\/#\/schema\/logo\/image\/"},"sameAs":["https:\/\/www.facebook.com\/petetuotteet\/","https:\/\/www.instagram.com\/piipustapiippuun"]}]}},"_links":{"self":[{"href":"https:\/\/pete.fi\/sv\/wp-json\/wp\/v2\/product\/3771","targetHints":{"allow":["GET"]}}],"collection":[{"href":"https:\/\/pete.fi\/sv\/wp-json\/wp\/v2\/product"}],"about":[{"href":"https:\/\/pete.fi\/sv\/wp-json\/wp\/v2\/types\/product"}],"wp:featuredmedia":[{"embeddable":true,"href":"https:\/\/pete.fi\/sv\/wp-json\/wp\/v2\/media\/3276"}],"wp:attachment":[{"href":"https:\/\/pete.fi\/sv\/wp-json\/wp\/v2\/media?parent=3771"}],"wp:term":[{"taxonomy":"product_brand","embeddable":true,"href":"https:\/\/pete.fi\/sv\/wp-json\/wp\/v2\/product_brand?post=3771"},{"taxonomy":"product_cat","embeddable":true,"href":"https:\/\/pete.fi\/sv\/wp-json\/wp\/v2\/product_cat?post=3771"},{"taxonomy":"product_tag","embeddable":true,"href":"https:\/\/pete.fi\/sv\/wp-json\/wp\/v2\/product_tag?post=3771"}],"curies":[{"name":"wp","href":"https:\/\/api.w.org\/{rel}","templated":true}]}}