{"id":3710,"date":"2025-10-27T15:59:31","date_gmt":"2025-10-27T13:59:31","guid":{"rendered":"https:\/\/pete.fi\/kauppa\/okategoriserad\/rokgasskrubberenhet-pete-h-serie-svart\/"},"modified":"2026-03-02T22:10:42","modified_gmt":"2026-03-02T20:10:42","slug":"rokgasskrubberenhet-pete-h-serie-svart","status":"publish","type":"product","link":"https:\/\/pete.fi\/sv\/butik\/rokgasflaktar\/rokgasavskiljare-h-serien\/rokgasskrubberenhet-pete-h-serie-svart\/","title":{"rendered":"R\u00f6kgasskrubberenhet PETE H-serie, svart"},"content":{"rendered":"<p>R\u00f6kgasskrubberenhet utan monteringsbas, s\u00e4kerhetsbrytare och s\u00e4kerhetsbrytarrulle. L\u00e4mplig f\u00f6r montering p\u00e5 en plan och solid metallyta. F\u00e4stskruvarna f\u00f6r dammsugarenheten och sp\u00e4rrh\u00e5llaren ing\u00e5r inte i leveransen.<\/p>\n","protected":false},"excerpt":{"rendered":"<h5>Rst, sidledsbl\u00e5sning<\/h5>\n","protected":false},"featured_media":3280,"template":"","meta":{"_acf_changed":false},"product_brand":[],"product_cat":[106,105],"product_tag":[107,109,108],"class_list":{"0":"post-3710","1":"product","2":"type-product","3":"status-publish","4":"has-post-thumbnail","6":"product_cat-rokgasavskiljare-h-serien","7":"product_cat-rokgasflaktar","8":"product_tag-rokgasavskiljare","9":"product_tag-rokutsug","10":"product_tag-spisflakt","12":"first","13":"instock","14":"taxable","15":"shipping-taxable","16":"purchasable","17":"product-type-variable"},"acf":[],"yoast_head":"<!-- This site is optimized with the Yoast SEO plugin v27.3 - https:\/\/yoast.com\/product\/yoast-seo-wordpress\/ -->\n<title>PETE H-series sotare - S\u00e4kerst\u00e4ll ett bra drag i r\u00f6kkanalen<\/title>\n<meta name=\"description\" content=\"PETE-sotaren \u00e4r en anordning f\u00f6r att f\u00f6rb\u00e4ttra skorstensdraget som monteras p\u00e5 toppen av skorstenen. R\u00f6kgasutsuget underl\u00e4ttar t\u00e4ndning och anv\u00e4ndning av den \u00f6ppna spisen.\" \/>\n<meta name=\"robots\" content=\"index, follow, max-snippet:-1, max-image-preview:large, max-video-preview:-1\" \/>\n<link rel=\"canonical\" href=\"https:\/\/pete.fi\/sv\/kauppa\/rokgasflaktar\/rokgasavskiljare-h-serien\/rokgasskrubberenhet-pete-h-serie-svart\/\" \/>\n<meta property=\"og:locale\" content=\"sv_SE\" \/>\n<meta property=\"og:type\" content=\"article\" \/>\n<meta property=\"og:title\" content=\"PETE H-series sotare - S\u00e4kerst\u00e4ll ett bra drag i r\u00f6kkanalen\" \/>\n<meta property=\"og:description\" content=\"PETE-sotaren \u00e4r en anordning f\u00f6r att f\u00f6rb\u00e4ttra skorstensdraget som monteras p\u00e5 toppen av skorstenen. R\u00f6kgasutsuget underl\u00e4ttar t\u00e4ndning och anv\u00e4ndning av den \u00f6ppna spisen.\" \/>\n<meta property=\"og:url\" content=\"https:\/\/pete.fi\/sv\/kauppa\/rokgasflaktar\/rokgasavskiljare-h-serien\/rokgasskrubberenhet-pete-h-serie-svart\/\" \/>\n<meta property=\"og:site_name\" content=\"PETE-tuotteet\" \/>\n<meta property=\"article:publisher\" content=\"https:\/\/www.facebook.com\/petetuotteet\/\" \/>\n<meta property=\"article:modified_time\" content=\"2026-03-02T20:10:42+00:00\" \/>\n<meta property=\"og:image\" content=\"https:\/\/pete.fi\/wp-content\/uploads\/2025\/10\/PETE-savukaasuimuriyksikko_H-sarja_musta-scaled-1.jpeg\" \/>\n\t<meta property=\"og:image:width\" content=\"2560\" \/>\n\t<meta property=\"og:image:height\" content=\"2560\" \/>\n\t<meta property=\"og:image:type\" content=\"image\/jpeg\" \/>\n<meta name=\"twitter:card\" content=\"summary_large_image\" \/>\n<script type=\"application\/ld+json\" class=\"yoast-schema-graph\">{\"@context\":\"https:\\\/\\\/schema.org\",\"@graph\":[{\"@type\":\"WebPage\",\"@id\":\"https:\\\/\\\/pete.fi\\\/sv\\\/kauppa\\\/rokgasflaktar\\\/rokgasavskiljare-h-serien\\\/rokgasskrubberenhet-pete-h-serie-svart\\\/\",\"url\":\"https:\\\/\\\/pete.fi\\\/sv\\\/kauppa\\\/rokgasflaktar\\\/rokgasavskiljare-h-serien\\\/rokgasskrubberenhet-pete-h-serie-svart\\\/\",\"name\":\"PETE H-series sotare - S\u00e4kerst\u00e4ll ett bra drag i r\u00f6kkanalen\",\"isPartOf\":{\"@id\":\"https:\\\/\\\/petefi.kehityssivusto.fihttps\\\/\\\/pete.fi\\\/#website\"},\"primaryImageOfPage\":{\"@id\":\"https:\\\/\\\/pete.fi\\\/sv\\\/kauppa\\\/rokgasflaktar\\\/rokgasavskiljare-h-serien\\\/rokgasskrubberenhet-pete-h-serie-svart\\\/#primaryimage\"},\"image\":{\"@id\":\"https:\\\/\\\/pete.fi\\\/sv\\\/kauppa\\\/rokgasflaktar\\\/rokgasavskiljare-h-serien\\\/rokgasskrubberenhet-pete-h-serie-svart\\\/#primaryimage\"},\"thumbnailUrl\":\"https:\\\/\\\/pete.fi\\\/wp-content\\\/uploads\\\/2025\\\/10\\\/PETE-savukaasuimuriyksikko_H-sarja_musta-scaled-1.jpeg\",\"datePublished\":\"2025-10-27T13:59:31+00:00\",\"dateModified\":\"2026-03-02T20:10:42+00:00\",\"description\":\"PETE-sotaren \u00e4r en anordning f\u00f6r att f\u00f6rb\u00e4ttra skorstensdraget som monteras p\u00e5 toppen av skorstenen. R\u00f6kgasutsuget underl\u00e4ttar t\u00e4ndning och anv\u00e4ndning av den \u00f6ppna spisen.\",\"breadcrumb\":{\"@id\":\"https:\\\/\\\/pete.fi\\\/sv\\\/kauppa\\\/rokgasflaktar\\\/rokgasavskiljare-h-serien\\\/rokgasskrubberenhet-pete-h-serie-svart\\\/#breadcrumb\"},\"inLanguage\":\"sv-SE\",\"potentialAction\":[{\"@type\":\"ReadAction\",\"target\":[\"https:\\\/\\\/pete.fi\\\/sv\\\/kauppa\\\/rokgasflaktar\\\/rokgasavskiljare-h-serien\\\/rokgasskrubberenhet-pete-h-serie-svart\\\/\"]}]},{\"@type\":\"ImageObject\",\"inLanguage\":\"sv-SE\",\"@id\":\"https:\\\/\\\/pete.fi\\\/sv\\\/kauppa\\\/rokgasflaktar\\\/rokgasavskiljare-h-serien\\\/rokgasskrubberenhet-pete-h-serie-svart\\\/#primaryimage\",\"url\":\"https:\\\/\\\/pete.fi\\\/wp-content\\\/uploads\\\/2025\\\/10\\\/PETE-savukaasuimuriyksikko_H-sarja_musta-scaled-1.jpeg\",\"contentUrl\":\"https:\\\/\\\/pete.fi\\\/wp-content\\\/uploads\\\/2025\\\/10\\\/PETE-savukaasuimuriyksikko_H-sarja_musta-scaled-1.jpeg\",\"width\":2560,\"height\":2560,\"caption\":\"PETE cigarett\u00e4ndarenhet H-series svart\"},{\"@type\":\"BreadcrumbList\",\"@id\":\"https:\\\/\\\/pete.fi\\\/sv\\\/kauppa\\\/rokgasflaktar\\\/rokgasavskiljare-h-serien\\\/rokgasskrubberenhet-pete-h-serie-svart\\\/#breadcrumb\",\"itemListElement\":[{\"@type\":\"ListItem\",\"position\":1,\"name\":\"Home\",\"item\":\"https:\\\/\\\/pete.fi\\\/sv\\\/home\\\/\"},{\"@type\":\"ListItem\",\"position\":2,\"name\":\"Butik\",\"item\":\"https:\\\/\\\/pete.fi\\\/sv\\\/butik\\\/\"},{\"@type\":\"ListItem\",\"position\":3,\"name\":\"R\u00f6kgasskrubberenhet PETE H-serie, svart\"}]},{\"@type\":\"WebSite\",\"@id\":\"https:\\\/\\\/petefi.kehityssivusto.fihttps\\\/\\\/pete.fi\\\/#website\",\"url\":\"https:\\\/\\\/petefi.kehityssivusto.fihttps\\\/\\\/pete.fi\\\/\",\"name\":\"Pete.fi\",\"description\":\"\",\"publisher\":{\"@id\":\"https:\\\/\\\/petefi.kehityssivusto.fihttps\\\/\\\/pete.fi\\\/#organization\"},\"potentialAction\":[{\"@type\":\"SearchAction\",\"target\":{\"@type\":\"EntryPoint\",\"urlTemplate\":\"https:\\\/\\\/petefi.kehityssivusto.fihttps\\\/\\\/pete.fi\\\/?s={search_term_string}\"},\"query-input\":{\"@type\":\"PropertyValueSpecification\",\"valueRequired\":true,\"valueName\":\"search_term_string\"}}],\"inLanguage\":\"sv-SE\"},{\"@type\":\"Organization\",\"@id\":\"https:\\\/\\\/petefi.kehityssivusto.fihttps\\\/\\\/pete.fi\\\/#organization\",\"name\":\"Pete | Piipusta piippuun\",\"url\":\"https:\\\/\\\/petefi.kehityssivusto.fihttps\\\/\\\/pete.fi\\\/\",\"logo\":{\"@type\":\"ImageObject\",\"inLanguage\":\"sv-SE\",\"@id\":\"https:\\\/\\\/petefi.kehityssivusto.fihttps\\\/\\\/pete.fi\\\/#\\\/schema\\\/logo\\\/image\\\/\",\"url\":\"https:\\\/\\\/pete.fi\\\/wp-content\\\/uploads\\\/2023\\\/08\\\/cropped-logo_fi.jpeg\",\"contentUrl\":\"https:\\\/\\\/pete.fi\\\/wp-content\\\/uploads\\\/2023\\\/08\\\/cropped-logo_fi.jpeg\",\"width\":2243,\"height\":1589,\"caption\":\"Pete | Piipusta piippuun\"},\"image\":{\"@id\":\"https:\\\/\\\/petefi.kehityssivusto.fihttps\\\/\\\/pete.fi\\\/#\\\/schema\\\/logo\\\/image\\\/\"},\"sameAs\":[\"https:\\\/\\\/www.facebook.com\\\/petetuotteet\\\/\",\"https:\\\/\\\/www.instagram.com\\\/piipustapiippuun\"]}]}<\/script>\n<!-- \/ Yoast SEO plugin. -->","yoast_head_json":{"title":"PETE H-series sotare - S\u00e4kerst\u00e4ll ett bra drag i r\u00f6kkanalen","description":"PETE-sotaren \u00e4r en anordning f\u00f6r att f\u00f6rb\u00e4ttra skorstensdraget som monteras p\u00e5 toppen av skorstenen. R\u00f6kgasutsuget underl\u00e4ttar t\u00e4ndning och anv\u00e4ndning av den \u00f6ppna spisen.","robots":{"index":"index","follow":"follow","max-snippet":"max-snippet:-1","max-image-preview":"max-image-preview:large","max-video-preview":"max-video-preview:-1"},"canonical":"https:\/\/pete.fi\/sv\/kauppa\/rokgasflaktar\/rokgasavskiljare-h-serien\/rokgasskrubberenhet-pete-h-serie-svart\/","og_locale":"sv_SE","og_type":"article","og_title":"PETE H-series sotare - S\u00e4kerst\u00e4ll ett bra drag i r\u00f6kkanalen","og_description":"PETE-sotaren \u00e4r en anordning f\u00f6r att f\u00f6rb\u00e4ttra skorstensdraget som monteras p\u00e5 toppen av skorstenen. R\u00f6kgasutsuget underl\u00e4ttar t\u00e4ndning och anv\u00e4ndning av den \u00f6ppna spisen.","og_url":"https:\/\/pete.fi\/sv\/kauppa\/rokgasflaktar\/rokgasavskiljare-h-serien\/rokgasskrubberenhet-pete-h-serie-svart\/","og_site_name":"PETE-tuotteet","article_publisher":"https:\/\/www.facebook.com\/petetuotteet\/","article_modified_time":"2026-03-02T20:10:42+00:00","og_image":[{"width":2560,"height":2560,"url":"https:\/\/pete.fi\/wp-content\/uploads\/2025\/10\/PETE-savukaasuimuriyksikko_H-sarja_musta-scaled-1.jpeg","type":"image\/jpeg"}],"twitter_card":"summary_large_image","schema":{"@context":"https:\/\/schema.org","@graph":[{"@type":"WebPage","@id":"https:\/\/pete.fi\/sv\/kauppa\/rokgasflaktar\/rokgasavskiljare-h-serien\/rokgasskrubberenhet-pete-h-serie-svart\/","url":"https:\/\/pete.fi\/sv\/kauppa\/rokgasflaktar\/rokgasavskiljare-h-serien\/rokgasskrubberenhet-pete-h-serie-svart\/","name":"PETE H-series sotare - S\u00e4kerst\u00e4ll ett bra drag i r\u00f6kkanalen","isPartOf":{"@id":"https:\/\/petefi.kehityssivusto.fihttps\/\/pete.fi\/#website"},"primaryImageOfPage":{"@id":"https:\/\/pete.fi\/sv\/kauppa\/rokgasflaktar\/rokgasavskiljare-h-serien\/rokgasskrubberenhet-pete-h-serie-svart\/#primaryimage"},"image":{"@id":"https:\/\/pete.fi\/sv\/kauppa\/rokgasflaktar\/rokgasavskiljare-h-serien\/rokgasskrubberenhet-pete-h-serie-svart\/#primaryimage"},"thumbnailUrl":"https:\/\/pete.fi\/wp-content\/uploads\/2025\/10\/PETE-savukaasuimuriyksikko_H-sarja_musta-scaled-1.jpeg","datePublished":"2025-10-27T13:59:31+00:00","dateModified":"2026-03-02T20:10:42+00:00","description":"PETE-sotaren \u00e4r en anordning f\u00f6r att f\u00f6rb\u00e4ttra skorstensdraget som monteras p\u00e5 toppen av skorstenen. R\u00f6kgasutsuget underl\u00e4ttar t\u00e4ndning och anv\u00e4ndning av den \u00f6ppna spisen.","breadcrumb":{"@id":"https:\/\/pete.fi\/sv\/kauppa\/rokgasflaktar\/rokgasavskiljare-h-serien\/rokgasskrubberenhet-pete-h-serie-svart\/#breadcrumb"},"inLanguage":"sv-SE","potentialAction":[{"@type":"ReadAction","target":["https:\/\/pete.fi\/sv\/kauppa\/rokgasflaktar\/rokgasavskiljare-h-serien\/rokgasskrubberenhet-pete-h-serie-svart\/"]}]},{"@type":"ImageObject","inLanguage":"sv-SE","@id":"https:\/\/pete.fi\/sv\/kauppa\/rokgasflaktar\/rokgasavskiljare-h-serien\/rokgasskrubberenhet-pete-h-serie-svart\/#primaryimage","url":"https:\/\/pete.fi\/wp-content\/uploads\/2025\/10\/PETE-savukaasuimuriyksikko_H-sarja_musta-scaled-1.jpeg","contentUrl":"https:\/\/pete.fi\/wp-content\/uploads\/2025\/10\/PETE-savukaasuimuriyksikko_H-sarja_musta-scaled-1.jpeg","width":2560,"height":2560,"caption":"PETE cigarett\u00e4ndarenhet H-series svart"},{"@type":"BreadcrumbList","@id":"https:\/\/pete.fi\/sv\/kauppa\/rokgasflaktar\/rokgasavskiljare-h-serien\/rokgasskrubberenhet-pete-h-serie-svart\/#breadcrumb","itemListElement":[{"@type":"ListItem","position":1,"name":"Home","item":"https:\/\/pete.fi\/sv\/home\/"},{"@type":"ListItem","position":2,"name":"Butik","item":"https:\/\/pete.fi\/sv\/butik\/"},{"@type":"ListItem","position":3,"name":"R\u00f6kgasskrubberenhet PETE H-serie, svart"}]},{"@type":"WebSite","@id":"https:\/\/petefi.kehityssivusto.fihttps\/\/pete.fi\/#website","url":"https:\/\/petefi.kehityssivusto.fihttps\/\/pete.fi\/","name":"Pete.fi","description":"","publisher":{"@id":"https:\/\/petefi.kehityssivusto.fihttps\/\/pete.fi\/#organization"},"potentialAction":[{"@type":"SearchAction","target":{"@type":"EntryPoint","urlTemplate":"https:\/\/petefi.kehityssivusto.fihttps\/\/pete.fi\/?s={search_term_string}"},"query-input":{"@type":"PropertyValueSpecification","valueRequired":true,"valueName":"search_term_string"}}],"inLanguage":"sv-SE"},{"@type":"Organization","@id":"https:\/\/petefi.kehityssivusto.fihttps\/\/pete.fi\/#organization","name":"Pete | Piipusta piippuun","url":"https:\/\/petefi.kehityssivusto.fihttps\/\/pete.fi\/","logo":{"@type":"ImageObject","inLanguage":"sv-SE","@id":"https:\/\/petefi.kehityssivusto.fihttps\/\/pete.fi\/#\/schema\/logo\/image\/","url":"https:\/\/pete.fi\/wp-content\/uploads\/2023\/08\/cropped-logo_fi.jpeg","contentUrl":"https:\/\/pete.fi\/wp-content\/uploads\/2023\/08\/cropped-logo_fi.jpeg","width":2243,"height":1589,"caption":"Pete | Piipusta piippuun"},"image":{"@id":"https:\/\/petefi.kehityssivusto.fihttps\/\/pete.fi\/#\/schema\/logo\/image\/"},"sameAs":["https:\/\/www.facebook.com\/petetuotteet\/","https:\/\/www.instagram.com\/piipustapiippuun"]}]}},"_links":{"self":[{"href":"https:\/\/pete.fi\/sv\/wp-json\/wp\/v2\/product\/3710","targetHints":{"allow":["GET"]}}],"collection":[{"href":"https:\/\/pete.fi\/sv\/wp-json\/wp\/v2\/product"}],"about":[{"href":"https:\/\/pete.fi\/sv\/wp-json\/wp\/v2\/types\/product"}],"wp:featuredmedia":[{"embeddable":true,"href":"https:\/\/pete.fi\/sv\/wp-json\/wp\/v2\/media\/3280"}],"wp:attachment":[{"href":"https:\/\/pete.fi\/sv\/wp-json\/wp\/v2\/media?parent=3710"}],"wp:term":[{"taxonomy":"product_brand","embeddable":true,"href":"https:\/\/pete.fi\/sv\/wp-json\/wp\/v2\/product_brand?post=3710"},{"taxonomy":"product_cat","embeddable":true,"href":"https:\/\/pete.fi\/sv\/wp-json\/wp\/v2\/product_cat?post=3710"},{"taxonomy":"product_tag","embeddable":true,"href":"https:\/\/pete.fi\/sv\/wp-json\/wp\/v2\/product_tag?post=3710"}],"curies":[{"name":"wp","href":"https:\/\/api.w.org\/{rel}","templated":true}]}}