{"id":4252,"date":"2024-08-25T14:17:20","date_gmt":"2024-08-25T12:17:20","guid":{"rendered":"https:\/\/pete.fi\/pete-rokgasventilation-underhall\/"},"modified":"2026-03-02T22:30:24","modified_gmt":"2026-03-02T20:30:24","slug":"pete-rokgasventilation-underhall","status":"publish","type":"page","link":"https:\/\/pete.fi\/sv\/pete-rokgasventilation-underhall\/","title":{"rendered":"PETE r\u00f6kgasventilation underh\u00e5ll"},"content":{"rendered":"\t\t<div data-elementor-type=\"wp-page\" data-elementor-id=\"4252\" class=\"elementor elementor-4252 elementor-1383\">\n\t\t\t\t\t\t<section class=\"elementor-section elementor-top-section elementor-element elementor-element-0d93bdc elementor-section-boxed elementor-section-height-default elementor-section-height-default\" data-id=\"0d93bdc\" data-element_type=\"section\" data-e-type=\"section\">\n\t\t\t\t\t\t<div class=\"elementor-container elementor-column-gap-default\">\n\t\t\t\t\t<div class=\"elementor-column elementor-col-100 elementor-top-column elementor-element elementor-element-39a8907\" data-id=\"39a8907\" data-element_type=\"column\" data-e-type=\"column\">\n\t\t\t<div class=\"elementor-widget-wrap elementor-element-populated\">\n\t\t\t\t\t\t<div class=\"elementor-element elementor-element-baf63f7 elementor-widget elementor-widget-heading\" data-id=\"baf63f7\" data-element_type=\"widget\" data-e-type=\"widget\" data-widget_type=\"heading.default\">\n\t\t\t\t<div class=\"elementor-widget-container\">\n\t\t\t\t\t<h2 class=\"elementor-heading-title elementor-size-default\">PETE cigarett\u00e4ndare underh\u00e5ll<\/h2>\t\t\t\t<\/div>\n\t\t\t\t<\/div>\n\t\t\t\t<div class=\"elementor-element elementor-element-b13ec3d elementor-widget elementor-widget-text-editor\" data-id=\"b13ec3d\" data-element_type=\"widget\" data-e-type=\"widget\" data-widget_type=\"text-editor.default\">\n\t\t\t\t<div class=\"elementor-widget-container\">\n\t\t\t\t\t\t\t\t\t<p>PETE-cigarettdammsugaren \u00e4r en mycket underh\u00e5llsfri produkt. Regelbunden reng\u00f6ring av enheten kommer dock att \u00f6ka produktens livsl\u00e4ngd. Kolla in v\u00e5ra instruktioner f\u00f6r underh\u00e5ll och reng\u00f6ring av produkten!  <\/p><p><strong>Reng\u00f6ring i samband med sotning av skorsten<\/strong><\/p><p>Pumphjulet och ytterh\u00f6ljets perforering ska reng\u00f6ras minst under de lagstadgade reng\u00f6ringsintervallen (en g\u00e5ng per \u00e5r f\u00f6r sm\u00e5hus och vart tredje \u00e5r f\u00f6r fritidshus). Apparaten m\u00e5ste vara fr\u00e5nkopplad fr\u00e5n s\u00e4kerhetsbrytaren f\u00f6re reng\u00f6ring. PETE-skorstensfl\u00e4kten \u00e4r alltid f\u00f6rsedd med g\u00e5ngj\u00e4rn, vilket underl\u00e4ttar reng\u00f6ringen av b\u00e5de r\u00f6kkanalen och skorstensfl\u00e4kten.  <\/p><p><strong>Garanterad service<\/strong><\/p><p>PETEs r\u00f6kevakuatorer levereras med en tre (3) \u00e5rs utrustningsgaranti. I praktiken h\u00e4vdar motorleverant\u00f6ren att motorns ber\u00e4knade livsl\u00e4ngd \u00e4r mer \u00e4n 10 \u00e5r n\u00e4r den anv\u00e4nds i enlighet med instruktionerna i produktspecifikationen. Fel p\u00e5 utrustningen som uppst\u00e5r under garantitiden \u00e5tg\u00e4rdas naturligtvis kostnadsfritt. Om ett fel uppst\u00e5r, v\u00e4nligen ring v\u00e5r kundtj\u00e4nst p\u00e5 (06) 231 5396 eller maila oss p\u00e5 info@pete.fi f\u00f6r vidare instruktioner.   <\/p><p><strong>Underh\u00e5ll efter garantitidens utg\u00e5ng<\/strong><\/p><p>N\u00e4r din skorstenssug n\u00e4rmar sig 10 \u00e5rs \u00e5lder kan produkten beh\u00f6va underh\u00e5llas. Kontakta v\u00e5r kundtj\u00e4nst\/produktsupport f\u00f6r en bed\u00f6mning av orsaken till felet och eventuella underh\u00e5llsbehov. Vi s\u00e4ljer PETE-dammsugarkondensorn som reservdel f\u00f6r 35 \u20ac + leveranskostnader. Kondensatorn \u00e4r placerad under det runda locket p\u00e5 PETE-r\u00f6kavskiljaren, p\u00e5 sidan av motorn, inuti skyddsl\u00e5dan. Vid andra eventuella fel, t.ex. motorhaveri, tar vi in enheten f\u00f6r service p\u00e5 v\u00e5r fabrik. Beroende p\u00e5 servicens omfattning \u00e4r det uppskattade priset f\u00f6r en service p\u00e5 v\u00e5r fabrik mellan 100 och 350 euro + leveranskostnader.       <\/p>\t\t\t\t\t\t\t\t<\/div>\n\t\t\t\t<\/div>\n\t\t\t\t\t<\/div>\n\t\t<\/div>\n\t\t\t\t\t<\/div>\n\t\t<\/section>\n\t\t\t\t<\/div>\n\t\t","protected":false},"excerpt":{"rendered":"<p>PETE cigarett\u00e4ndare underh\u00e5ll PETE-cigarettdammsugaren \u00e4r en mycket underh\u00e5llsfri produkt. Regelbunden reng\u00f6ring av enheten kommer dock att \u00f6ka produktens livsl\u00e4ngd. Kolla in v\u00e5ra instruktioner f\u00f6r underh\u00e5ll och reng\u00f6ring av produkten! Reng\u00f6ring i samband med sotning av skorsten Pumphjulet och ytterh\u00f6ljets perforering ska reng\u00f6ras minst under de lagstadgade reng\u00f6ringsintervallen (en g\u00e5ng per \u00e5r f\u00f6r sm\u00e5hus och vart [&hellip;]<\/p>\n","protected":false},"author":1,"featured_media":0,"parent":0,"menu_order":0,"comment_status":"closed","ping_status":"closed","template":"","meta":{"_acf_changed":false,"footnotes":""},"class_list":["post-4252","page","type-page","status-publish","hentry"],"acf":[],"yoast_head":"<!-- This site is optimized with the Yoast SEO plugin v27.3 - https:\/\/yoast.com\/product\/yoast-seo-wordpress\/ -->\n<title>PETE r\u00f6kgasventilation underh\u00e5ll - PETE-tuotteet<\/title>\n<meta name=\"robots\" content=\"index, follow, max-snippet:-1, max-image-preview:large, max-video-preview:-1\" \/>\n<link rel=\"canonical\" href=\"https:\/\/pete.fi\/sv\/pete-rokgasventilation-underhall\/\" \/>\n<meta property=\"og:locale\" content=\"sv_SE\" \/>\n<meta property=\"og:type\" content=\"article\" \/>\n<meta property=\"og:title\" content=\"PETE r\u00f6kgasventilation underh\u00e5ll - PETE-tuotteet\" \/>\n<meta property=\"og:description\" content=\"PETE cigarett\u00e4ndare underh\u00e5ll PETE-cigarettdammsugaren \u00e4r en mycket underh\u00e5llsfri produkt. Regelbunden reng\u00f6ring av enheten kommer dock att \u00f6ka produktens livsl\u00e4ngd. Kolla in v\u00e5ra instruktioner f\u00f6r underh\u00e5ll och reng\u00f6ring av produkten! Reng\u00f6ring i samband med sotning av skorsten Pumphjulet och ytterh\u00f6ljets perforering ska reng\u00f6ras minst under de lagstadgade reng\u00f6ringsintervallen (en g\u00e5ng per \u00e5r f\u00f6r sm\u00e5hus och vart [&hellip;]\" \/>\n<meta property=\"og:url\" content=\"https:\/\/pete.fi\/sv\/pete-rokgasventilation-underhall\/\" \/>\n<meta property=\"og:site_name\" content=\"PETE-tuotteet\" \/>\n<meta property=\"article:publisher\" content=\"https:\/\/www.facebook.com\/petetuotteet\/\" \/>\n<meta property=\"article:modified_time\" content=\"2026-03-02T20:30:24+00:00\" \/>\n<meta name=\"twitter:card\" content=\"summary_large_image\" \/>\n<meta name=\"twitter:label1\" content=\"Ber\u00e4knad l\u00e4stid\" \/>\n\t<meta name=\"twitter:data1\" content=\"1 minut\" \/>\n<script type=\"application\/ld+json\" class=\"yoast-schema-graph\">{\"@context\":\"https:\\\/\\\/schema.org\",\"@graph\":[{\"@type\":\"WebPage\",\"@id\":\"https:\\\/\\\/pete.fi\\\/sv\\\/pete-rokgasventilation-underhall\\\/\",\"url\":\"https:\\\/\\\/pete.fi\\\/sv\\\/pete-rokgasventilation-underhall\\\/\",\"name\":\"PETE r\u00f6kgasventilation underh\u00e5ll - PETE-tuotteet\",\"isPartOf\":{\"@id\":\"https:\\\/\\\/petefi.kehityssivusto.fihttps\\\/\\\/pete.fi\\\/#website\"},\"datePublished\":\"2024-08-25T12:17:20+00:00\",\"dateModified\":\"2026-03-02T20:30:24+00:00\",\"breadcrumb\":{\"@id\":\"https:\\\/\\\/pete.fi\\\/sv\\\/pete-rokgasventilation-underhall\\\/#breadcrumb\"},\"inLanguage\":\"sv-SE\",\"potentialAction\":[{\"@type\":\"ReadAction\",\"target\":[\"https:\\\/\\\/pete.fi\\\/sv\\\/pete-rokgasventilation-underhall\\\/\"]}]},{\"@type\":\"BreadcrumbList\",\"@id\":\"https:\\\/\\\/pete.fi\\\/sv\\\/pete-rokgasventilation-underhall\\\/#breadcrumb\",\"itemListElement\":[{\"@type\":\"ListItem\",\"position\":1,\"name\":\"Home\",\"item\":\"https:\\\/\\\/pete.fi\\\/sv\\\/home\\\/\"},{\"@type\":\"ListItem\",\"position\":2,\"name\":\"PETE r\u00f6kgasventilation underh\u00e5ll\"}]},{\"@type\":\"WebSite\",\"@id\":\"https:\\\/\\\/petefi.kehityssivusto.fihttps\\\/\\\/pete.fi\\\/#website\",\"url\":\"https:\\\/\\\/petefi.kehityssivusto.fihttps\\\/\\\/pete.fi\\\/\",\"name\":\"Pete.fi\",\"description\":\"\",\"publisher\":{\"@id\":\"https:\\\/\\\/petefi.kehityssivusto.fihttps\\\/\\\/pete.fi\\\/#organization\"},\"potentialAction\":[{\"@type\":\"SearchAction\",\"target\":{\"@type\":\"EntryPoint\",\"urlTemplate\":\"https:\\\/\\\/petefi.kehityssivusto.fihttps\\\/\\\/pete.fi\\\/?s={search_term_string}\"},\"query-input\":{\"@type\":\"PropertyValueSpecification\",\"valueRequired\":true,\"valueName\":\"search_term_string\"}}],\"inLanguage\":\"sv-SE\"},{\"@type\":\"Organization\",\"@id\":\"https:\\\/\\\/petefi.kehityssivusto.fihttps\\\/\\\/pete.fi\\\/#organization\",\"name\":\"Pete | Piipusta piippuun\",\"url\":\"https:\\\/\\\/petefi.kehityssivusto.fihttps\\\/\\\/pete.fi\\\/\",\"logo\":{\"@type\":\"ImageObject\",\"inLanguage\":\"sv-SE\",\"@id\":\"https:\\\/\\\/petefi.kehityssivusto.fihttps\\\/\\\/pete.fi\\\/#\\\/schema\\\/logo\\\/image\\\/\",\"url\":\"https:\\\/\\\/pete.fi\\\/wp-content\\\/uploads\\\/2023\\\/08\\\/cropped-logo_fi.jpeg\",\"contentUrl\":\"https:\\\/\\\/pete.fi\\\/wp-content\\\/uploads\\\/2023\\\/08\\\/cropped-logo_fi.jpeg\",\"width\":2243,\"height\":1589,\"caption\":\"Pete | Piipusta piippuun\"},\"image\":{\"@id\":\"https:\\\/\\\/petefi.kehityssivusto.fihttps\\\/\\\/pete.fi\\\/#\\\/schema\\\/logo\\\/image\\\/\"},\"sameAs\":[\"https:\\\/\\\/www.facebook.com\\\/petetuotteet\\\/\",\"https:\\\/\\\/www.instagram.com\\\/piipustapiippuun\"]}]}<\/script>\n<!-- \/ Yoast SEO plugin. -->","yoast_head_json":{"title":"PETE r\u00f6kgasventilation underh\u00e5ll - PETE-tuotteet","robots":{"index":"index","follow":"follow","max-snippet":"max-snippet:-1","max-image-preview":"max-image-preview:large","max-video-preview":"max-video-preview:-1"},"canonical":"https:\/\/pete.fi\/sv\/pete-rokgasventilation-underhall\/","og_locale":"sv_SE","og_type":"article","og_title":"PETE r\u00f6kgasventilation underh\u00e5ll - PETE-tuotteet","og_description":"PETE cigarett\u00e4ndare underh\u00e5ll PETE-cigarettdammsugaren \u00e4r en mycket underh\u00e5llsfri produkt. Regelbunden reng\u00f6ring av enheten kommer dock att \u00f6ka produktens livsl\u00e4ngd. Kolla in v\u00e5ra instruktioner f\u00f6r underh\u00e5ll och reng\u00f6ring av produkten! Reng\u00f6ring i samband med sotning av skorsten Pumphjulet och ytterh\u00f6ljets perforering ska reng\u00f6ras minst under de lagstadgade reng\u00f6ringsintervallen (en g\u00e5ng per \u00e5r f\u00f6r sm\u00e5hus och vart [&hellip;]","og_url":"https:\/\/pete.fi\/sv\/pete-rokgasventilation-underhall\/","og_site_name":"PETE-tuotteet","article_publisher":"https:\/\/www.facebook.com\/petetuotteet\/","article_modified_time":"2026-03-02T20:30:24+00:00","twitter_card":"summary_large_image","twitter_misc":{"Ber\u00e4knad l\u00e4stid":"1 minut"},"schema":{"@context":"https:\/\/schema.org","@graph":[{"@type":"WebPage","@id":"https:\/\/pete.fi\/sv\/pete-rokgasventilation-underhall\/","url":"https:\/\/pete.fi\/sv\/pete-rokgasventilation-underhall\/","name":"PETE r\u00f6kgasventilation underh\u00e5ll - PETE-tuotteet","isPartOf":{"@id":"https:\/\/petefi.kehityssivusto.fihttps\/\/pete.fi\/#website"},"datePublished":"2024-08-25T12:17:20+00:00","dateModified":"2026-03-02T20:30:24+00:00","breadcrumb":{"@id":"https:\/\/pete.fi\/sv\/pete-rokgasventilation-underhall\/#breadcrumb"},"inLanguage":"sv-SE","potentialAction":[{"@type":"ReadAction","target":["https:\/\/pete.fi\/sv\/pete-rokgasventilation-underhall\/"]}]},{"@type":"BreadcrumbList","@id":"https:\/\/pete.fi\/sv\/pete-rokgasventilation-underhall\/#breadcrumb","itemListElement":[{"@type":"ListItem","position":1,"name":"Home","item":"https:\/\/pete.fi\/sv\/home\/"},{"@type":"ListItem","position":2,"name":"PETE r\u00f6kgasventilation underh\u00e5ll"}]},{"@type":"WebSite","@id":"https:\/\/petefi.kehityssivusto.fihttps\/\/pete.fi\/#website","url":"https:\/\/petefi.kehityssivusto.fihttps\/\/pete.fi\/","name":"Pete.fi","description":"","publisher":{"@id":"https:\/\/petefi.kehityssivusto.fihttps\/\/pete.fi\/#organization"},"potentialAction":[{"@type":"SearchAction","target":{"@type":"EntryPoint","urlTemplate":"https:\/\/petefi.kehityssivusto.fihttps\/\/pete.fi\/?s={search_term_string}"},"query-input":{"@type":"PropertyValueSpecification","valueRequired":true,"valueName":"search_term_string"}}],"inLanguage":"sv-SE"},{"@type":"Organization","@id":"https:\/\/petefi.kehityssivusto.fihttps\/\/pete.fi\/#organization","name":"Pete | Piipusta piippuun","url":"https:\/\/petefi.kehityssivusto.fihttps\/\/pete.fi\/","logo":{"@type":"ImageObject","inLanguage":"sv-SE","@id":"https:\/\/petefi.kehityssivusto.fihttps\/\/pete.fi\/#\/schema\/logo\/image\/","url":"https:\/\/pete.fi\/wp-content\/uploads\/2023\/08\/cropped-logo_fi.jpeg","contentUrl":"https:\/\/pete.fi\/wp-content\/uploads\/2023\/08\/cropped-logo_fi.jpeg","width":2243,"height":1589,"caption":"Pete | Piipusta piippuun"},"image":{"@id":"https:\/\/petefi.kehityssivusto.fihttps\/\/pete.fi\/#\/schema\/logo\/image\/"},"sameAs":["https:\/\/www.facebook.com\/petetuotteet\/","https:\/\/www.instagram.com\/piipustapiippuun"]}]}},"_links":{"self":[{"href":"https:\/\/pete.fi\/sv\/wp-json\/wp\/v2\/pages\/4252","targetHints":{"allow":["GET"]}}],"collection":[{"href":"https:\/\/pete.fi\/sv\/wp-json\/wp\/v2\/pages"}],"about":[{"href":"https:\/\/pete.fi\/sv\/wp-json\/wp\/v2\/types\/page"}],"author":[{"embeddable":true,"href":"https:\/\/pete.fi\/sv\/wp-json\/wp\/v2\/users\/1"}],"replies":[{"embeddable":true,"href":"https:\/\/pete.fi\/sv\/wp-json\/wp\/v2\/comments?post=4252"}],"version-history":[{"count":1,"href":"https:\/\/pete.fi\/sv\/wp-json\/wp\/v2\/pages\/4252\/revisions"}],"predecessor-version":[{"id":4254,"href":"https:\/\/pete.fi\/sv\/wp-json\/wp\/v2\/pages\/4252\/revisions\/4254"}],"wp:attachment":[{"href":"https:\/\/pete.fi\/sv\/wp-json\/wp\/v2\/media?parent=4252"}],"curies":[{"name":"wp","href":"https:\/\/api.w.org\/{rel}","templated":true}]}}