{"id":4084,"date":"2024-07-10T20:21:08","date_gmt":"2024-07-10T18:21:08","guid":{"rendered":"https:\/\/pete.fi\/artiklar-och-lankar\/"},"modified":"2026-03-02T22:27:27","modified_gmt":"2026-03-02T20:27:27","slug":"artiklar-och-lankar","status":"publish","type":"page","link":"https:\/\/pete.fi\/sv\/artiklar-och-lankar\/","title":{"rendered":"Artiklar och l\u00e4nkar"},"content":{"rendered":"\t\t<div data-elementor-type=\"wp-page\" data-elementor-id=\"4084\" class=\"elementor elementor-4084 elementor-447\">\n\t\t\t\t\t\t<section class=\"elementor-section elementor-top-section elementor-element elementor-element-696c1c6 elementor-section-boxed elementor-section-height-default elementor-section-height-default\" data-id=\"696c1c6\" data-element_type=\"section\" data-e-type=\"section\">\n\t\t\t\t\t\t<div class=\"elementor-container elementor-column-gap-default\">\n\t\t\t\t\t<div class=\"elementor-column elementor-col-100 elementor-top-column elementor-element elementor-element-7176799\" data-id=\"7176799\" data-element_type=\"column\" data-e-type=\"column\">\n\t\t\t<div class=\"elementor-widget-wrap elementor-element-populated\">\n\t\t\t\t\t\t<div class=\"elementor-element elementor-element-0dc6544 elementor-widget elementor-widget-heading\" data-id=\"0dc6544\" data-element_type=\"widget\" data-e-type=\"widget\" data-widget_type=\"heading.default\">\n\t\t\t\t<div class=\"elementor-widget-container\">\n\t\t\t\t\t<h1 class=\"elementor-heading-title elementor-size-default\">Artiklar och l\u00e4nkar<\/h1>\t\t\t\t<\/div>\n\t\t\t\t<\/div>\n\t\t\t\t\t<\/div>\n\t\t<\/div>\n\t\t\t\t\t<\/div>\n\t\t<\/section>\n\t\t\t\t<section class=\"elementor-section elementor-top-section elementor-element elementor-element-2675b4e elementor-section-boxed elementor-section-height-default elementor-section-height-default\" data-id=\"2675b4e\" data-element_type=\"section\" data-e-type=\"section\">\n\t\t\t\t\t\t<div class=\"elementor-container elementor-column-gap-default\">\n\t\t\t\t\t<div class=\"elementor-column elementor-col-50 elementor-top-column elementor-element elementor-element-8be1ef4\" data-id=\"8be1ef4\" data-element_type=\"column\" data-e-type=\"column\">\n\t\t\t<div class=\"elementor-widget-wrap elementor-element-populated\">\n\t\t\t\t\t\t<div class=\"elementor-element elementor-element-b0af3cb elementor-widget elementor-widget-heading\" data-id=\"b0af3cb\" data-element_type=\"widget\" data-e-type=\"widget\" data-widget_type=\"heading.default\">\n\t\t\t\t<div class=\"elementor-widget-container\">\n\t\t\t\t\t<h4 class=\"elementor-heading-title elementor-size-default\">L\u00e4s anv\u00e4ndbara artiklar och faktablad<\/h4>\t\t\t\t<\/div>\n\t\t\t\t<\/div>\n\t\t\t\t<div class=\"elementor-element elementor-element-7747b7d elementor-widget elementor-widget-text-editor\" data-id=\"7747b7d\" data-element_type=\"widget\" data-e-type=\"widget\" data-widget_type=\"text-editor.default\">\n\t\t\t\t<div class=\"elementor-widget-container\">\n\t\t\t\t\t\t\t\t\t<ul><li><p><strong><a href=\"https:\/\/www.rakentaja.fi\/indexfr.aspx?s=\/kuluttaja\/Kauhabisnes\/kauhabisnes1.htm\" target=\"_blank\" rel=\"noopener\">En hatt f\u00f6rl\u00e4nger en skorstens livsl\u00e4ngd med flera decennier<\/a><\/strong> (Intervju med ugnsm\u00e4stare Kai Ristim\u00e4ki)<\/p><\/li><li><p><strong><a href=\"https:\/\/tsy.fi\/wp-content\/uploads\/2016\/10\/Polta_puuta_puhtaasti_opas.pdf\" target=\"_blank\" rel=\"noopener\">Br\u00e4nn ved p\u00e5 ett rent s\u00e4tt<\/a><\/strong> (Broschyr om ren f\u00f6rbr\u00e4nning)<\/p><\/li><li><p><strong><a href=\"https:\/\/yle.fi\/uutiset\/3-6148936\" target=\"_blank\" rel=\"noopener\">Att ta reda p\u00e5 hur man st\u00f6ter bort minkarna<\/a> <\/strong>(Anne Rohjola, Yle Pohjanmaa)<\/p><\/li><\/ul>\t\t\t\t\t\t\t\t<\/div>\n\t\t\t\t<\/div>\n\t\t\t\t\t<\/div>\n\t\t<\/div>\n\t\t\t\t<div class=\"elementor-column elementor-col-50 elementor-top-column elementor-element elementor-element-490e114\" data-id=\"490e114\" data-element_type=\"column\" data-e-type=\"column\">\n\t\t\t<div class=\"elementor-widget-wrap elementor-element-populated\">\n\t\t\t\t\t\t<div class=\"elementor-element elementor-element-f3b9fe4 elementor-widget elementor-widget-image\" data-id=\"f3b9fe4\" data-element_type=\"widget\" data-e-type=\"widget\" data-widget_type=\"image.default\">\n\t\t\t\t<div class=\"elementor-widget-container\">\n\t\t\t\t\t\t\t\t\t\t\t\t\t\t\t<img fetchpriority=\"high\" decoding=\"async\" width=\"500\" height=\"239\" src=\"https:\/\/pete.fi\/wp-content\/uploads\/2024\/07\/Artikkelit.jpg\" class=\"attachment-large size-large wp-image-1170\" alt=\"\" srcset=\"https:\/\/pete.fi\/wp-content\/uploads\/2024\/07\/Artikkelit.jpg 500w, https:\/\/pete.fi\/wp-content\/uploads\/2024\/07\/Artikkelit-64x31.jpg 64w\" sizes=\"(max-width: 500px) 100vw, 500px\" \/>\t\t\t\t\t\t\t\t\t\t\t\t\t\t\t<\/div>\n\t\t\t\t<\/div>\n\t\t\t\t\t<\/div>\n\t\t<\/div>\n\t\t\t\t\t<\/div>\n\t\t<\/section>\n\t\t\t\t<section class=\"elementor-section elementor-top-section elementor-element elementor-element-7b03f9c elementor-section-boxed elementor-section-height-default elementor-section-height-default\" data-id=\"7b03f9c\" data-element_type=\"section\" data-e-type=\"section\">\n\t\t\t\t\t\t<div class=\"elementor-container elementor-column-gap-default\">\n\t\t\t\t\t<div class=\"elementor-column elementor-col-50 elementor-top-column elementor-element elementor-element-6529d5e\" data-id=\"6529d5e\" data-element_type=\"column\" data-e-type=\"column\">\n\t\t\t<div class=\"elementor-widget-wrap elementor-element-populated\">\n\t\t\t\t\t\t<div class=\"elementor-element elementor-element-de69778 elementor-widget elementor-widget-heading\" data-id=\"de69778\" data-element_type=\"widget\" data-e-type=\"widget\" data-widget_type=\"heading.default\">\n\t\t\t\t<div class=\"elementor-widget-container\">\n\t\t\t\t\t<h4 class=\"elementor-heading-title elementor-size-default\">L\u00e4nkar till skorstenssajter<\/h4>\t\t\t\t<\/div>\n\t\t\t\t<\/div>\n\t\t\t\t<div class=\"elementor-element elementor-element-611bedb elementor-widget elementor-widget-text-editor\" data-id=\"611bedb\" data-element_type=\"widget\" data-e-type=\"widget\" data-widget_type=\"text-editor.default\">\n\t\t\t\t<div class=\"elementor-widget-container\">\n\t\t\t\t\t\t\t\t\t<ul>\n \t<li><strong><a href=\"https:\/\/tsy.fi\/\" target=\"_blank\" rel=\"noopener\">F\u00f6reningen f\u00f6r eldst\u00e4der och skorstenar (TSY)<\/a><\/strong><\/li>\n<li><strong><a href=\"http:\/\/www.spek.fi\/Suomeksi\" target=\"_blank\" rel=\"noopener\">R\u00e4ddningsbranschens Centralorganisation i Finland<\/a><\/strong><\/li>\n<li><strong><a href=\"https:\/\/nuohoojat.fi\/\" target=\"_blank\" rel=\"noopener\">Centralf\u00f6rbundet f\u00f6r sm\u00e5husindustrin Ry<\/a><\/strong><\/li>\n<\/ul>\t\t\t\t\t\t\t\t<\/div>\n\t\t\t\t<\/div>\n\t\t\t\t\t<\/div>\n\t\t<\/div>\n\t\t\t\t<div class=\"elementor-column elementor-col-50 elementor-top-column elementor-element elementor-element-a4f7dbc\" data-id=\"a4f7dbc\" data-element_type=\"column\" data-e-type=\"column\">\n\t\t\t<div class=\"elementor-widget-wrap elementor-element-populated\">\n\t\t\t\t\t\t<div class=\"elementor-element elementor-element-f9410a4 elementor-widget elementor-widget-heading\" data-id=\"f9410a4\" data-element_type=\"widget\" data-e-type=\"widget\" data-widget_type=\"heading.default\">\n\t\t\t\t<div class=\"elementor-widget-container\">\n\t\t\t\t\t<h4 class=\"elementor-heading-title elementor-size-default\">Tips och tricks<\/h4>\t\t\t\t<\/div>\n\t\t\t\t<\/div>\n\t\t\t\t<div class=\"elementor-element elementor-element-5e3c040 elementor-widget elementor-widget-text-editor\" data-id=\"5e3c040\" data-element_type=\"widget\" data-e-type=\"widget\" data-widget_type=\"text-editor.default\">\n\t\t\t\t<div class=\"elementor-widget-container\">\n\t\t\t\t\t\t\t\t\t<ul><li><a href=\"https:\/\/www.rakentaja.fi\/tv\/e96piipunhatun_asennus.aspx\" target=\"_blank\" rel=\"noopener\"><strong>Bildspel av installationen av PETE-r\u00f6rhatten <\/strong><\/a>(Rakentaja.fi)<\/li><li><strong><a href=\"http:\/\/wienerberger.evianet.fi\/view.php?page=index&amp;content_group_id=84&amp;anonymous=nobody\" target=\"_blank\" rel=\"noopener\">Wienerberger skorstensr\u00e4knare f\u00f6r byggaren av ett nytt tegeltak<\/a><\/strong><\/li><li><strong><a href=\"https:\/\/tiileri.fi\/wp-content\/uploads\/2017\/04\/tekninen_opas_I_2015.pdf\" target=\"_blank\" rel=\"noopener\">Murarens instruktioner f\u00f6r uppmurning av en tegeltopp<\/a><\/strong> (sidorna 12-13)<\/li><li><strong><a href=\"https:\/\/www.neste.fi\/savupiippu-oljylammittajan-opas\" target=\"_blank\" rel=\"noopener\">Skorsten &#8211; Guide f\u00f6r oljev\u00e4rmare<\/a> <\/strong>(Neste Abp:s anvisningar)<\/li><\/ul>\t\t\t\t\t\t\t\t<\/div>\n\t\t\t\t<\/div>\n\t\t\t\t\t<\/div>\n\t\t<\/div>\n\t\t\t\t\t<\/div>\n\t\t<\/section>\n\t\t\t\t<section class=\"elementor-section elementor-top-section elementor-element elementor-element-b81d75f elementor-section-boxed elementor-section-height-default elementor-section-height-default\" data-id=\"b81d75f\" data-element_type=\"section\" data-e-type=\"section\">\n\t\t\t\t\t\t<div class=\"elementor-container elementor-column-gap-default\">\n\t\t\t\t\t<div class=\"elementor-column elementor-col-100 elementor-top-column elementor-element elementor-element-57ac73e\" data-id=\"57ac73e\" data-element_type=\"column\" data-e-type=\"column\">\n\t\t\t<div class=\"elementor-widget-wrap elementor-element-populated\">\n\t\t\t\t\t\t<div class=\"elementor-element elementor-element-989acce elementor-widget elementor-widget-heading\" data-id=\"989acce\" data-element_type=\"widget\" data-e-type=\"widget\" data-widget_type=\"heading.default\">\n\t\t\t\t<div class=\"elementor-widget-container\">\n\t\t\t\t\t<h4 class=\"elementor-heading-title elementor-size-default\">Byggregler och riktlinjer<\/h4>\t\t\t\t<\/div>\n\t\t\t\t<\/div>\n\t\t\t\t<div class=\"elementor-element elementor-element-eebe864 elementor-widget elementor-widget-text-editor\" data-id=\"eebe864\" data-element_type=\"widget\" data-e-type=\"widget\" data-widget_type=\"text-editor.default\">\n\t\t\t\t<div class=\"elementor-widget-container\">\n\t\t\t\t\t\t\t\t\t<ul><li><strong><a href=\"https:\/\/www.finlex.fi\/fi\/laki\/alkup\/2017\/20170745\" target=\"_blank\" rel=\"noopener\">Milj\u00f6ministeriets f\u00f6rordning om byggande av och brands\u00e4kerhet f\u00f6r skorstenar (745\/2017)<\/a><\/strong><\/li><li><strong><a href=\"https:\/\/ym.fi\/documents\/1410903\/38439968\/31.1.19-Savupiippujen-rakenteet-ja-paloturvallisuus-DA5AEA7C_A3CC_4A0B_B11E_9F0971C991A1-143625.pdf\/590d95d1-4787-f92f-a681-c13dbed6e5df\/31.1.19-Savupiippujen-rakenteet-ja-paloturvallisuus-DA5AEA7C_A3CC_4A0B_B11E_9F0971C991A1-143625.pdf?t=1603260628143\" target=\"_blank\" rel=\"noopener\">Skorstenskonstruktion och brands\u00e4kerhet &#8211; exempel p\u00e5 skorstens- och eldstadskonstruktion (Milj\u00f6ministeriet)<\/a><\/strong><\/li><li><strong><a href=\"https:\/\/ym.fi\/documents\/1410903\/38439968\/Ilmanvaihtolaitteistojen-paloturvallisuusopas-54E08A3C_E78E_4F7F_88C7_DD6F6CE5F652-118709.pdf\/513c992e-1993-1707-6cab-c1635e68cba9\/Ilmanvaihtolaitteistojen-paloturvallisuusopas-54E08A3C_E78E_4F7F_88C7_DD6F6CE5F652-118709.pdf?t=1603259430648\" target=\"_blank\" rel=\"noopener\">Brandskyddsguide f\u00f6r ventilationssystem (Finlands VVS-f\u00f6rening)<\/a><\/strong><\/li><li><strong><a href=\"https:\/\/www.finlex.fi\/data\/normit\/1940\/e8s.pdf\" target=\"_blank\" rel=\"noopener\">Murade eldst\u00e4der (RakMK E8 -1985)<\/a><\/strong> Milj\u00f6ministeriets f\u00f6reskrifter och anvisningar om murade eldst\u00e4der<\/li><\/ul>\t\t\t\t\t\t\t\t<\/div>\n\t\t\t\t<\/div>\n\t\t\t\t\t<\/div>\n\t\t<\/div>\n\t\t\t\t\t<\/div>\n\t\t<\/section>\n\t\t\t\t<section class=\"elementor-section elementor-top-section elementor-element elementor-element-cc039df elementor-section-boxed elementor-section-height-default elementor-section-height-default\" data-id=\"cc039df\" data-element_type=\"section\" data-e-type=\"section\">\n\t\t\t\t\t\t<div class=\"elementor-container elementor-column-gap-default\">\n\t\t\t\t\t<div class=\"elementor-column elementor-col-100 elementor-top-column elementor-element elementor-element-bad72ed\" data-id=\"bad72ed\" data-element_type=\"column\" data-e-type=\"column\">\n\t\t\t<div class=\"elementor-widget-wrap elementor-element-populated\">\n\t\t\t\t\t\t<div class=\"elementor-element elementor-element-72ae3be elementor-widget elementor-widget-text-editor\" data-id=\"72ae3be\" data-element_type=\"widget\" data-e-type=\"widget\" data-widget_type=\"text-editor.default\">\n\t\t\t\t<div class=\"elementor-widget-container\">\n\t\t\t\t\t\t\t\t\t<p><span style=\"text-decoration: underline;\"><strong><a href=\"https:\/\/www.youtube.com\/channel\/UCi2VhPcYZ00PmUD_ARtuqpg\" target=\"_blank\" rel=\"noopener\">Se fler videor p\u00e5 v\u00e5r Youtube-kanal PETE skorstensprodukter!<\/a><\/strong><\/span><\/p>\t\t\t\t\t\t\t\t<\/div>\n\t\t\t\t<\/div>\n\t\t\t\t\t<\/div>\n\t\t<\/div>\n\t\t\t\t\t<\/div>\n\t\t<\/section>\n\t\t\t\t<\/div>\n\t\t","protected":false},"excerpt":{"rendered":"<p>Artiklar och l\u00e4nkar L\u00e4s anv\u00e4ndbara artiklar och faktablad En hatt f\u00f6rl\u00e4nger en skorstens livsl\u00e4ngd med flera decennier (Intervju med ugnsm\u00e4stare Kai Ristim\u00e4ki) Br\u00e4nn ved p\u00e5 ett rent s\u00e4tt (Broschyr om ren f\u00f6rbr\u00e4nning) Att ta reda p\u00e5 hur man st\u00f6ter bort minkarna (Anne Rohjola, Yle Pohjanmaa) L\u00e4nkar till skorstenssajter F\u00f6reningen f\u00f6r eldst\u00e4der och skorstenar (TSY) R\u00e4ddningsbranschens [&hellip;]<\/p>\n","protected":false},"author":1,"featured_media":0,"parent":0,"menu_order":0,"comment_status":"closed","ping_status":"closed","template":"","meta":{"_acf_changed":false,"footnotes":""},"class_list":["post-4084","page","type-page","status-publish","hentry"],"acf":[],"yoast_head":"<!-- This site is optimized with the Yoast SEO plugin v27.1.1 - https:\/\/yoast.com\/product\/yoast-seo-wordpress\/ -->\n<title>Artiklar och l\u00e4nkar - PETE-tuotteet<\/title>\n<meta name=\"robots\" content=\"index, follow, max-snippet:-1, max-image-preview:large, max-video-preview:-1\" \/>\n<link rel=\"canonical\" href=\"https:\/\/pete.fi\/sv\/artiklar-och-lankar\/\" \/>\n<meta property=\"og:locale\" content=\"sv_SE\" \/>\n<meta property=\"og:type\" content=\"article\" \/>\n<meta property=\"og:title\" content=\"Artiklar och l\u00e4nkar - PETE-tuotteet\" \/>\n<meta property=\"og:description\" content=\"Artiklar och l\u00e4nkar L\u00e4s anv\u00e4ndbara artiklar och faktablad En hatt f\u00f6rl\u00e4nger en skorstens livsl\u00e4ngd med flera decennier (Intervju med ugnsm\u00e4stare Kai Ristim\u00e4ki) Br\u00e4nn ved p\u00e5 ett rent s\u00e4tt (Broschyr om ren f\u00f6rbr\u00e4nning) Att ta reda p\u00e5 hur man st\u00f6ter bort minkarna (Anne Rohjola, Yle Pohjanmaa) L\u00e4nkar till skorstenssajter F\u00f6reningen f\u00f6r eldst\u00e4der och skorstenar (TSY) R\u00e4ddningsbranschens [&hellip;]\" \/>\n<meta property=\"og:url\" content=\"https:\/\/pete.fi\/sv\/artiklar-och-lankar\/\" \/>\n<meta property=\"og:site_name\" content=\"PETE-tuotteet\" \/>\n<meta property=\"article:publisher\" content=\"https:\/\/www.facebook.com\/petetuotteet\/\" \/>\n<meta property=\"article:modified_time\" content=\"2026-03-02T20:27:27+00:00\" \/>\n<meta property=\"og:image\" content=\"https:\/\/pete.fi\/wp-content\/uploads\/2024\/07\/Artikkelit.jpg\" \/>\n\t<meta property=\"og:image:width\" content=\"500\" \/>\n\t<meta property=\"og:image:height\" content=\"239\" \/>\n\t<meta property=\"og:image:type\" content=\"image\/jpeg\" \/>\n<meta name=\"twitter:card\" content=\"summary_large_image\" \/>\n<meta name=\"twitter:label1\" content=\"Ber\u00e4knad l\u00e4stid\" \/>\n\t<meta name=\"twitter:data1\" content=\"1 minut\" \/>\n<script type=\"application\/ld+json\" class=\"yoast-schema-graph\">{\"@context\":\"https:\/\/schema.org\",\"@graph\":[{\"@type\":\"WebPage\",\"@id\":\"https:\/\/pete.fi\/sv\/artiklar-och-lankar\/\",\"url\":\"https:\/\/pete.fi\/sv\/artiklar-och-lankar\/\",\"name\":\"Artiklar och l\u00e4nkar - PETE-tuotteet\",\"isPartOf\":{\"@id\":\"https:\/\/petefi.kehityssivusto.fihttps\/\/pete.fi\/#website\"},\"primaryImageOfPage\":{\"@id\":\"https:\/\/pete.fi\/sv\/artiklar-och-lankar\/#primaryimage\"},\"image\":{\"@id\":\"https:\/\/pete.fi\/sv\/artiklar-och-lankar\/#primaryimage\"},\"thumbnailUrl\":\"https:\/\/pete.fi\/wp-content\/uploads\/2024\/07\/Artikkelit.jpg\",\"datePublished\":\"2024-07-10T18:21:08+00:00\",\"dateModified\":\"2026-03-02T20:27:27+00:00\",\"breadcrumb\":{\"@id\":\"https:\/\/pete.fi\/sv\/artiklar-och-lankar\/#breadcrumb\"},\"inLanguage\":\"sv-SE\",\"potentialAction\":[{\"@type\":\"ReadAction\",\"target\":[\"https:\/\/pete.fi\/sv\/artiklar-och-lankar\/\"]}]},{\"@type\":\"ImageObject\",\"inLanguage\":\"sv-SE\",\"@id\":\"https:\/\/pete.fi\/sv\/artiklar-och-lankar\/#primaryimage\",\"url\":\"https:\/\/pete.fi\/wp-content\/uploads\/2024\/07\/Artikkelit.jpg\",\"contentUrl\":\"https:\/\/pete.fi\/wp-content\/uploads\/2024\/07\/Artikkelit.jpg\"},{\"@type\":\"BreadcrumbList\",\"@id\":\"https:\/\/pete.fi\/sv\/artiklar-och-lankar\/#breadcrumb\",\"itemListElement\":[{\"@type\":\"ListItem\",\"position\":1,\"name\":\"Home\",\"item\":\"https:\/\/pete.fi\/sv\/home\/\"},{\"@type\":\"ListItem\",\"position\":2,\"name\":\"Artiklar och l\u00e4nkar\"}]},{\"@type\":\"WebSite\",\"@id\":\"https:\/\/petefi.kehityssivusto.fihttps\/\/pete.fi\/#website\",\"url\":\"https:\/\/petefi.kehityssivusto.fihttps\/\/pete.fi\/\",\"name\":\"Pete.fi\",\"description\":\"\",\"publisher\":{\"@id\":\"https:\/\/petefi.kehityssivusto.fihttps\/\/pete.fi\/#organization\"},\"potentialAction\":[{\"@type\":\"SearchAction\",\"target\":{\"@type\":\"EntryPoint\",\"urlTemplate\":\"https:\/\/petefi.kehityssivusto.fihttps\/\/pete.fi\/?s={search_term_string}\"},\"query-input\":{\"@type\":\"PropertyValueSpecification\",\"valueRequired\":true,\"valueName\":\"search_term_string\"}}],\"inLanguage\":\"sv-SE\"},{\"@type\":\"Organization\",\"@id\":\"https:\/\/petefi.kehityssivusto.fihttps\/\/pete.fi\/#organization\",\"name\":\"Pete | Piipusta piippuun\",\"url\":\"https:\/\/petefi.kehityssivusto.fihttps\/\/pete.fi\/\",\"logo\":{\"@type\":\"ImageObject\",\"inLanguage\":\"sv-SE\",\"@id\":\"https:\/\/petefi.kehityssivusto.fihttps\/\/pete.fi\/#\/schema\/logo\/image\/\",\"url\":\"https:\/\/pete.fi\/wp-content\/uploads\/2023\/08\/cropped-logo_fi.jpeg\",\"contentUrl\":\"https:\/\/pete.fi\/wp-content\/uploads\/2023\/08\/cropped-logo_fi.jpeg\",\"width\":2243,\"height\":1589,\"caption\":\"Pete | Piipusta piippuun\"},\"image\":{\"@id\":\"https:\/\/petefi.kehityssivusto.fihttps\/\/pete.fi\/#\/schema\/logo\/image\/\"},\"sameAs\":[\"https:\/\/www.facebook.com\/petetuotteet\/\",\"https:\/\/www.instagram.com\/piipustapiippuun\"]}]}<\/script>\n<!-- \/ Yoast SEO plugin. -->","yoast_head_json":{"title":"Artiklar och l\u00e4nkar - PETE-tuotteet","robots":{"index":"index","follow":"follow","max-snippet":"max-snippet:-1","max-image-preview":"max-image-preview:large","max-video-preview":"max-video-preview:-1"},"canonical":"https:\/\/pete.fi\/sv\/artiklar-och-lankar\/","og_locale":"sv_SE","og_type":"article","og_title":"Artiklar och l\u00e4nkar - PETE-tuotteet","og_description":"Artiklar och l\u00e4nkar L\u00e4s anv\u00e4ndbara artiklar och faktablad En hatt f\u00f6rl\u00e4nger en skorstens livsl\u00e4ngd med flera decennier (Intervju med ugnsm\u00e4stare Kai Ristim\u00e4ki) Br\u00e4nn ved p\u00e5 ett rent s\u00e4tt (Broschyr om ren f\u00f6rbr\u00e4nning) Att ta reda p\u00e5 hur man st\u00f6ter bort minkarna (Anne Rohjola, Yle Pohjanmaa) L\u00e4nkar till skorstenssajter F\u00f6reningen f\u00f6r eldst\u00e4der och skorstenar (TSY) R\u00e4ddningsbranschens [&hellip;]","og_url":"https:\/\/pete.fi\/sv\/artiklar-och-lankar\/","og_site_name":"PETE-tuotteet","article_publisher":"https:\/\/www.facebook.com\/petetuotteet\/","article_modified_time":"2026-03-02T20:27:27+00:00","og_image":[{"width":500,"height":239,"url":"https:\/\/pete.fi\/wp-content\/uploads\/2024\/07\/Artikkelit.jpg","type":"image\/jpeg"}],"twitter_card":"summary_large_image","twitter_misc":{"Ber\u00e4knad l\u00e4stid":"1 minut"},"schema":{"@context":"https:\/\/schema.org","@graph":[{"@type":"WebPage","@id":"https:\/\/pete.fi\/sv\/artiklar-och-lankar\/","url":"https:\/\/pete.fi\/sv\/artiklar-och-lankar\/","name":"Artiklar och l\u00e4nkar - PETE-tuotteet","isPartOf":{"@id":"https:\/\/petefi.kehityssivusto.fihttps\/\/pete.fi\/#website"},"primaryImageOfPage":{"@id":"https:\/\/pete.fi\/sv\/artiklar-och-lankar\/#primaryimage"},"image":{"@id":"https:\/\/pete.fi\/sv\/artiklar-och-lankar\/#primaryimage"},"thumbnailUrl":"https:\/\/pete.fi\/wp-content\/uploads\/2024\/07\/Artikkelit.jpg","datePublished":"2024-07-10T18:21:08+00:00","dateModified":"2026-03-02T20:27:27+00:00","breadcrumb":{"@id":"https:\/\/pete.fi\/sv\/artiklar-och-lankar\/#breadcrumb"},"inLanguage":"sv-SE","potentialAction":[{"@type":"ReadAction","target":["https:\/\/pete.fi\/sv\/artiklar-och-lankar\/"]}]},{"@type":"ImageObject","inLanguage":"sv-SE","@id":"https:\/\/pete.fi\/sv\/artiklar-och-lankar\/#primaryimage","url":"https:\/\/pete.fi\/wp-content\/uploads\/2024\/07\/Artikkelit.jpg","contentUrl":"https:\/\/pete.fi\/wp-content\/uploads\/2024\/07\/Artikkelit.jpg"},{"@type":"BreadcrumbList","@id":"https:\/\/pete.fi\/sv\/artiklar-och-lankar\/#breadcrumb","itemListElement":[{"@type":"ListItem","position":1,"name":"Home","item":"https:\/\/pete.fi\/sv\/home\/"},{"@type":"ListItem","position":2,"name":"Artiklar och l\u00e4nkar"}]},{"@type":"WebSite","@id":"https:\/\/petefi.kehityssivusto.fihttps\/\/pete.fi\/#website","url":"https:\/\/petefi.kehityssivusto.fihttps\/\/pete.fi\/","name":"Pete.fi","description":"","publisher":{"@id":"https:\/\/petefi.kehityssivusto.fihttps\/\/pete.fi\/#organization"},"potentialAction":[{"@type":"SearchAction","target":{"@type":"EntryPoint","urlTemplate":"https:\/\/petefi.kehityssivusto.fihttps\/\/pete.fi\/?s={search_term_string}"},"query-input":{"@type":"PropertyValueSpecification","valueRequired":true,"valueName":"search_term_string"}}],"inLanguage":"sv-SE"},{"@type":"Organization","@id":"https:\/\/petefi.kehityssivusto.fihttps\/\/pete.fi\/#organization","name":"Pete | Piipusta piippuun","url":"https:\/\/petefi.kehityssivusto.fihttps\/\/pete.fi\/","logo":{"@type":"ImageObject","inLanguage":"sv-SE","@id":"https:\/\/petefi.kehityssivusto.fihttps\/\/pete.fi\/#\/schema\/logo\/image\/","url":"https:\/\/pete.fi\/wp-content\/uploads\/2023\/08\/cropped-logo_fi.jpeg","contentUrl":"https:\/\/pete.fi\/wp-content\/uploads\/2023\/08\/cropped-logo_fi.jpeg","width":2243,"height":1589,"caption":"Pete | Piipusta piippuun"},"image":{"@id":"https:\/\/petefi.kehityssivusto.fihttps\/\/pete.fi\/#\/schema\/logo\/image\/"},"sameAs":["https:\/\/www.facebook.com\/petetuotteet\/","https:\/\/www.instagram.com\/piipustapiippuun"]}]}},"_links":{"self":[{"href":"https:\/\/pete.fi\/sv\/wp-json\/wp\/v2\/pages\/4084","targetHints":{"allow":["GET"]}}],"collection":[{"href":"https:\/\/pete.fi\/sv\/wp-json\/wp\/v2\/pages"}],"about":[{"href":"https:\/\/pete.fi\/sv\/wp-json\/wp\/v2\/types\/page"}],"author":[{"embeddable":true,"href":"https:\/\/pete.fi\/sv\/wp-json\/wp\/v2\/users\/1"}],"replies":[{"embeddable":true,"href":"https:\/\/pete.fi\/sv\/wp-json\/wp\/v2\/comments?post=4084"}],"version-history":[{"count":1,"href":"https:\/\/pete.fi\/sv\/wp-json\/wp\/v2\/pages\/4084\/revisions"}],"predecessor-version":[{"id":4087,"href":"https:\/\/pete.fi\/sv\/wp-json\/wp\/v2\/pages\/4084\/revisions\/4087"}],"wp:attachment":[{"href":"https:\/\/pete.fi\/sv\/wp-json\/wp\/v2\/media?parent=4084"}],"curies":[{"name":"wp","href":"https:\/\/api.w.org\/{rel}","templated":true}]}}