{"id":4700,"date":"2026-04-20T09:54:44","date_gmt":"2026-04-20T07:54:44","guid":{"rendered":"https:\/\/pete.fi\/kauppa\/ukategorisert\/forlengelsesror-for-trekkforbedrere-o150-mm\/"},"modified":"2026-04-20T09:54:44","modified_gmt":"2026-04-20T07:54:44","slug":"forlengelsesror-for-trekkforbedrere-o150-mm","status":"publish","type":"product","link":"https:\/\/pete.fi\/no\/butikk\/spillforsterkere\/forlengelsesror-for-trekkforbedrere-o150-mm\/","title":{"rendered":"Forlengelsesr\u00f8r for trekkforbedrere \u00d8150 mm"},"content":{"rendered":"<p>Med forlengelsesr\u00f8ret kan du heve trekkforbedreren. Forlengelsesr\u00f8ret monteres mellom trekkforbedreren krage og festeplaten\/-adapteren. Det egner seg for bruk ved f.eks. gjennomf\u00f8ring i pipebeslaget dekkelplate. Forlengelsesr\u00f8ret kan ogs\u00e5 benyttes n\u00e5r du monterer flere trekkforbedrere ved siden av hverandre og \u00f8nsker \u00e5 gi turbinene mer plass til \u00e5 rotere (kontroller turbinst\u00f8rrelsen p\u00e5 produktkortet).    <\/p>\n","protected":false},"excerpt":{"rendered":"<p>Til gjennomf\u00f8ring i pipebeslaget dekkelplate<\/p>\n","protected":false},"featured_media":0,"template":"","meta":{"_acf_changed":false},"product_brand":[],"product_cat":[160],"product_tag":[198,199],"class_list":{"0":"post-4700","1":"product","2":"type-product","3":"status-publish","5":"product_cat-spillforsterkere","6":"product_tag-forlengelsesror","7":"product_tag-gjennomforing-i-pipebeslag","9":"first","10":"instock","11":"taxable","12":"shipping-taxable","13":"purchasable","14":"product-type-variable"},"acf":[],"yoast_head":"<!-- This site is optimized with the Yoast SEO plugin v27.3 - https:\/\/yoast.com\/product\/yoast-seo-wordpress\/ -->\n<title>Forlengelsesr\u00f8r for trekkforbedrere \u00d8150 mm - PETE-tuotteet<\/title>\n<meta name=\"description\" content=\"Med forlengelsesr\u00f8ret hever du trekkforbedreren gjennom pipebeslaget dekkelplate. Enkelt \u00e5 montere mellom kragen og festeplaten. Passer ogs\u00e5 til trange installasjoner med flere trekkforbedrere.\" \/>\n<meta name=\"robots\" content=\"index, follow, max-snippet:-1, max-image-preview:large, max-video-preview:-1\" \/>\n<link rel=\"canonical\" href=\"https:\/\/pete.fi\/no\/butikk\/spillforsterkere\/forlengelsesror-for-trekkforbedrere-o150-mm\/\" \/>\n<meta property=\"og:locale\" content=\"nb_NO\" \/>\n<meta property=\"og:type\" content=\"article\" \/>\n<meta property=\"og:title\" content=\"Forlengelsesr\u00f8r for trekkforbedrere \u00d8150 mm - PETE-tuotteet\" \/>\n<meta property=\"og:description\" content=\"Med forlengelsesr\u00f8ret hever du trekkforbedreren gjennom pipebeslaget dekkelplate. Enkelt \u00e5 montere mellom kragen og festeplaten. Passer ogs\u00e5 til trange installasjoner med flere trekkforbedrere.\" \/>\n<meta property=\"og:url\" content=\"https:\/\/pete.fi\/no\/butikk\/spillforsterkere\/forlengelsesror-for-trekkforbedrere-o150-mm\/\" \/>\n<meta property=\"og:site_name\" content=\"PETE-tuotteet\" \/>\n<meta property=\"article:publisher\" content=\"https:\/\/www.facebook.com\/petetuotteet\/\" \/>\n<meta name=\"twitter:card\" content=\"summary_large_image\" \/>\n<script type=\"application\/ld+json\" class=\"yoast-schema-graph\">{\"@context\":\"https:\\\/\\\/schema.org\",\"@graph\":[{\"@type\":\"WebPage\",\"@id\":\"https:\\\/\\\/pete.fi\\\/no\\\/butikk\\\/spillforsterkere\\\/forlengelsesror-for-trekkforbedrere-o150-mm\\\/\",\"url\":\"https:\\\/\\\/pete.fi\\\/no\\\/butikk\\\/spillforsterkere\\\/forlengelsesror-for-trekkforbedrere-o150-mm\\\/\",\"name\":\"Forlengelsesr\u00f8r for trekkforbedrere \u00d8150 mm - PETE-tuotteet\",\"isPartOf\":{\"@id\":\"https:\\\/\\\/petefi.kehityssivusto.fihttps\\\/\\\/pete.fi\\\/#website\"},\"datePublished\":\"2026-04-20T07:54:44+00:00\",\"description\":\"Med forlengelsesr\u00f8ret hever du trekkforbedreren gjennom pipebeslaget dekkelplate. Enkelt \u00e5 montere mellom kragen og festeplaten. Passer ogs\u00e5 til trange installasjoner med flere trekkforbedrere.\",\"breadcrumb\":{\"@id\":\"https:\\\/\\\/pete.fi\\\/no\\\/butikk\\\/spillforsterkere\\\/forlengelsesror-for-trekkforbedrere-o150-mm\\\/#breadcrumb\"},\"inLanguage\":\"nb-NO\",\"potentialAction\":[{\"@type\":\"ReadAction\",\"target\":[\"https:\\\/\\\/pete.fi\\\/no\\\/butikk\\\/spillforsterkere\\\/forlengelsesror-for-trekkforbedrere-o150-mm\\\/\"]}]},{\"@type\":\"BreadcrumbList\",\"@id\":\"https:\\\/\\\/pete.fi\\\/no\\\/butikk\\\/spillforsterkere\\\/forlengelsesror-for-trekkforbedrere-o150-mm\\\/#breadcrumb\",\"itemListElement\":[{\"@type\":\"ListItem\",\"position\":1,\"name\":\"Home\",\"item\":\"https:\\\/\\\/pete.fi\\\/no\\\/home\\\/\"},{\"@type\":\"ListItem\",\"position\":2,\"name\":\"Butikk\",\"item\":\"https:\\\/\\\/pete.fi\\\/no\\\/butikk\\\/\"},{\"@type\":\"ListItem\",\"position\":3,\"name\":\"Forlengelsesr\u00f8r for trekkforbedrere \u00d8150 mm\"}]},{\"@type\":\"WebSite\",\"@id\":\"https:\\\/\\\/petefi.kehityssivusto.fihttps\\\/\\\/pete.fi\\\/#website\",\"url\":\"https:\\\/\\\/petefi.kehityssivusto.fihttps\\\/\\\/pete.fi\\\/\",\"name\":\"Pete.fi\",\"description\":\"\",\"publisher\":{\"@id\":\"https:\\\/\\\/petefi.kehityssivusto.fihttps\\\/\\\/pete.fi\\\/#organization\"},\"potentialAction\":[{\"@type\":\"SearchAction\",\"target\":{\"@type\":\"EntryPoint\",\"urlTemplate\":\"https:\\\/\\\/petefi.kehityssivusto.fihttps\\\/\\\/pete.fi\\\/?s={search_term_string}\"},\"query-input\":{\"@type\":\"PropertyValueSpecification\",\"valueRequired\":true,\"valueName\":\"search_term_string\"}}],\"inLanguage\":\"nb-NO\"},{\"@type\":\"Organization\",\"@id\":\"https:\\\/\\\/petefi.kehityssivusto.fihttps\\\/\\\/pete.fi\\\/#organization\",\"name\":\"Pete | Piipusta piippuun\",\"url\":\"https:\\\/\\\/petefi.kehityssivusto.fihttps\\\/\\\/pete.fi\\\/\",\"logo\":{\"@type\":\"ImageObject\",\"inLanguage\":\"nb-NO\",\"@id\":\"https:\\\/\\\/petefi.kehityssivusto.fihttps\\\/\\\/pete.fi\\\/#\\\/schema\\\/logo\\\/image\\\/\",\"url\":\"https:\\\/\\\/pete.fi\\\/wp-content\\\/uploads\\\/2023\\\/08\\\/cropped-logo_fi.jpeg\",\"contentUrl\":\"https:\\\/\\\/pete.fi\\\/wp-content\\\/uploads\\\/2023\\\/08\\\/cropped-logo_fi.jpeg\",\"width\":2243,\"height\":1589,\"caption\":\"Pete | Piipusta piippuun\"},\"image\":{\"@id\":\"https:\\\/\\\/petefi.kehityssivusto.fihttps\\\/\\\/pete.fi\\\/#\\\/schema\\\/logo\\\/image\\\/\"},\"sameAs\":[\"https:\\\/\\\/www.facebook.com\\\/petetuotteet\\\/\",\"https:\\\/\\\/www.instagram.com\\\/piipustapiippuun\"]}]}<\/script>\n<!-- \/ Yoast SEO plugin. -->","yoast_head_json":{"title":"Forlengelsesr\u00f8r for trekkforbedrere \u00d8150 mm - PETE-tuotteet","description":"Med forlengelsesr\u00f8ret hever du trekkforbedreren gjennom pipebeslaget dekkelplate. Enkelt \u00e5 montere mellom kragen og festeplaten. Passer ogs\u00e5 til trange installasjoner med flere trekkforbedrere.","robots":{"index":"index","follow":"follow","max-snippet":"max-snippet:-1","max-image-preview":"max-image-preview:large","max-video-preview":"max-video-preview:-1"},"canonical":"https:\/\/pete.fi\/no\/butikk\/spillforsterkere\/forlengelsesror-for-trekkforbedrere-o150-mm\/","og_locale":"nb_NO","og_type":"article","og_title":"Forlengelsesr\u00f8r for trekkforbedrere \u00d8150 mm - PETE-tuotteet","og_description":"Med forlengelsesr\u00f8ret hever du trekkforbedreren gjennom pipebeslaget dekkelplate. Enkelt \u00e5 montere mellom kragen og festeplaten. Passer ogs\u00e5 til trange installasjoner med flere trekkforbedrere.","og_url":"https:\/\/pete.fi\/no\/butikk\/spillforsterkere\/forlengelsesror-for-trekkforbedrere-o150-mm\/","og_site_name":"PETE-tuotteet","article_publisher":"https:\/\/www.facebook.com\/petetuotteet\/","twitter_card":"summary_large_image","schema":{"@context":"https:\/\/schema.org","@graph":[{"@type":"WebPage","@id":"https:\/\/pete.fi\/no\/butikk\/spillforsterkere\/forlengelsesror-for-trekkforbedrere-o150-mm\/","url":"https:\/\/pete.fi\/no\/butikk\/spillforsterkere\/forlengelsesror-for-trekkforbedrere-o150-mm\/","name":"Forlengelsesr\u00f8r for trekkforbedrere \u00d8150 mm - PETE-tuotteet","isPartOf":{"@id":"https:\/\/petefi.kehityssivusto.fihttps\/\/pete.fi\/#website"},"datePublished":"2026-04-20T07:54:44+00:00","description":"Med forlengelsesr\u00f8ret hever du trekkforbedreren gjennom pipebeslaget dekkelplate. Enkelt \u00e5 montere mellom kragen og festeplaten. Passer ogs\u00e5 til trange installasjoner med flere trekkforbedrere.","breadcrumb":{"@id":"https:\/\/pete.fi\/no\/butikk\/spillforsterkere\/forlengelsesror-for-trekkforbedrere-o150-mm\/#breadcrumb"},"inLanguage":"nb-NO","potentialAction":[{"@type":"ReadAction","target":["https:\/\/pete.fi\/no\/butikk\/spillforsterkere\/forlengelsesror-for-trekkforbedrere-o150-mm\/"]}]},{"@type":"BreadcrumbList","@id":"https:\/\/pete.fi\/no\/butikk\/spillforsterkere\/forlengelsesror-for-trekkforbedrere-o150-mm\/#breadcrumb","itemListElement":[{"@type":"ListItem","position":1,"name":"Home","item":"https:\/\/pete.fi\/no\/home\/"},{"@type":"ListItem","position":2,"name":"Butikk","item":"https:\/\/pete.fi\/no\/butikk\/"},{"@type":"ListItem","position":3,"name":"Forlengelsesr\u00f8r for trekkforbedrere \u00d8150 mm"}]},{"@type":"WebSite","@id":"https:\/\/petefi.kehityssivusto.fihttps\/\/pete.fi\/#website","url":"https:\/\/petefi.kehityssivusto.fihttps\/\/pete.fi\/","name":"Pete.fi","description":"","publisher":{"@id":"https:\/\/petefi.kehityssivusto.fihttps\/\/pete.fi\/#organization"},"potentialAction":[{"@type":"SearchAction","target":{"@type":"EntryPoint","urlTemplate":"https:\/\/petefi.kehityssivusto.fihttps\/\/pete.fi\/?s={search_term_string}"},"query-input":{"@type":"PropertyValueSpecification","valueRequired":true,"valueName":"search_term_string"}}],"inLanguage":"nb-NO"},{"@type":"Organization","@id":"https:\/\/petefi.kehityssivusto.fihttps\/\/pete.fi\/#organization","name":"Pete | Piipusta piippuun","url":"https:\/\/petefi.kehityssivusto.fihttps\/\/pete.fi\/","logo":{"@type":"ImageObject","inLanguage":"nb-NO","@id":"https:\/\/petefi.kehityssivusto.fihttps\/\/pete.fi\/#\/schema\/logo\/image\/","url":"https:\/\/pete.fi\/wp-content\/uploads\/2023\/08\/cropped-logo_fi.jpeg","contentUrl":"https:\/\/pete.fi\/wp-content\/uploads\/2023\/08\/cropped-logo_fi.jpeg","width":2243,"height":1589,"caption":"Pete | Piipusta piippuun"},"image":{"@id":"https:\/\/petefi.kehityssivusto.fihttps\/\/pete.fi\/#\/schema\/logo\/image\/"},"sameAs":["https:\/\/www.facebook.com\/petetuotteet\/","https:\/\/www.instagram.com\/piipustapiippuun"]}]}},"_links":{"self":[{"href":"https:\/\/pete.fi\/no\/wp-json\/wp\/v2\/product\/4700","targetHints":{"allow":["GET"]}}],"collection":[{"href":"https:\/\/pete.fi\/no\/wp-json\/wp\/v2\/product"}],"about":[{"href":"https:\/\/pete.fi\/no\/wp-json\/wp\/v2\/types\/product"}],"wp:attachment":[{"href":"https:\/\/pete.fi\/no\/wp-json\/wp\/v2\/media?parent=4700"}],"wp:term":[{"taxonomy":"product_brand","embeddable":true,"href":"https:\/\/pete.fi\/no\/wp-json\/wp\/v2\/product_brand?post=4700"},{"taxonomy":"product_cat","embeddable":true,"href":"https:\/\/pete.fi\/no\/wp-json\/wp\/v2\/product_cat?post=4700"},{"taxonomy":"product_tag","embeddable":true,"href":"https:\/\/pete.fi\/no\/wp-json\/wp\/v2\/product_tag?post=4700"}],"curies":[{"name":"wp","href":"https:\/\/api.w.org\/{rel}","templated":true}]}}