{"id":4481,"date":"2024-08-27T14:08:33","date_gmt":"2024-08-27T12:08:33","guid":{"rendered":"https:\/\/pete.fi\/kauppa\/ukategorisert\/fleksibel-kanal-pete-duoflex\/"},"modified":"2024-08-27T14:08:33","modified_gmt":"2024-08-27T12:08:33","slug":"fleksibel-kanal-pete-duoflex","status":"publish","type":"product","link":"https:\/\/pete.fi\/no\/butikk\/innvendige-skorsteiner\/fleksible-runde-innvendige-ror\/fleksibel-kanal-pete-duoflex\/","title":{"rendered":"Fleksibel kanal PETE Duoflex"},"content":{"rendered":"<h2><strong>Fleksibel kanal PETE Duoflex<\/strong><\/h2>\n<h5><strong>PETE Duoflex fleksibelt 2-veggs syrefast st\u00e5lr\u00f8r for innvendig reparasjon av utette skorsteiner.<\/strong><\/h5>\n<p>Det fleksible r\u00f8ykr\u00f8ret er ideelt for renovering av r\u00f8ykr\u00f8r med bend og sv\u00e6rt store skorsteiner. Produktets 2-veggskonstruksjon gj\u00f8r skorsteinsr\u00f8ret sv\u00e6rt slitesterkt og skorsteinsr\u00f8rets innvendige overflate sv\u00e6rt glatt. Den glatte innvendige overflaten gj\u00f8r at det ikke samler seg sot og smuss. Produktet egner seg ogs\u00e5 til ventilasjonskanaler og er sertifisert som ventilasjonskanal.   <\/p>\n<p>&nbsp;<\/p>\n<p><strong>Funksjoner:<\/strong><\/p>\n<ul>\n<li>Fleksibel &#8211; produktet kan vendes i ulike vinkler\n<ul>\n<li><em><strong>Merk!<\/strong>  2-veggs skorsteinsr\u00f8r b\u00f8yer seg ikke i lengderetningen som en hauk<\/em><\/li>\n<\/ul>\n<\/li>\n<li>2-veggs &#8211; holdbar og sterk konstruksjon<\/li>\n<li>Materialtykkelse 2 x 0,10 mm<\/li>\n<li>Resirkulerbar<\/li>\n<\/ul>\n<p>&nbsp;<\/p>\n<p><strong>Materiale:<\/strong><\/p>\n<ul>\n<li>Oksygenbestandig st\u00e5l (AISI 316L \/ EN 1.4404)<\/li>\n<\/ul>\n<p>&nbsp;<\/p>\n<p><strong>Bruksomr\u00e5der:<\/strong><\/p>\n<ul>\n<li>Spesielt for renovering av r\u00f8ykkanaler med sideveis forskyvninger, dvs. b\u00f8yninger<\/li>\n<li>For renovering av store skorsteiner<\/li>\n<li>For peiskjerner<\/li>\n<li>Utskifting av luftkanal for ildsteder<\/li>\n<\/ul>\n<p>&nbsp;<\/p>\n<p><strong>Drivstoff:<\/strong><\/p>\n<ul>\n<li>For fast og flytende brensel<\/li>\n<li><em><strong>Merk!<\/strong> R\u00f8ykr\u00f8r av oksygenbestandig st\u00e5l <strong>er ikke egnet for brenselkorn<\/strong>!<\/em><\/li>\n<\/ul>\n<p>&nbsp;<\/p>\n<p><strong>Godkjenninger:<\/strong><\/p>\n<ul>\n<li>CE-godkjent i henhold til EN 1856-2:2009 (T600-N1-D\/W-Vm-2xL50010-G)<\/li>\n<\/ul>\n<p>&nbsp;<\/p>\n<p>&nbsp;<\/p>\n<p><strong>Fleksibelt skorsteinsr\u00f8r, fleksibel innvendig skorstein, fleksibelt innvendig r\u00f8r, peistilkoblingsr\u00f8r, peisventilasjonskanal, PETE Duoflex<\/strong><\/p>\n","protected":false},"excerpt":{"rendered":"<p>Hst, T600, 2-lags konstruksjon, glatt innvendig overflate<\/p>\n","protected":false},"featured_media":2037,"template":"","meta":{"_acf_changed":false},"product_brand":[],"product_cat":[192,188],"product_tag":[],"class_list":{"0":"post-4481","1":"product","2":"type-product","3":"status-publish","4":"has-post-thumbnail","6":"product_cat-fleksible-runde-innvendige-ror","7":"product_cat-innvendige-skorsteiner","9":"first","10":"instock","11":"taxable","12":"shipping-taxable","13":"purchasable","14":"product-type-variable"},"acf":[],"yoast_head":"<!-- This site is optimized with the Yoast SEO plugin v27.3 - https:\/\/yoast.com\/product\/yoast-seo-wordpress\/ -->\n<title>% - T600 - Renovering av r\u00f8ykskorsteiner<\/title>\n<meta name=\"description\" content=\"Fleksibelt, 2-veggs, syrefast st\u00e5lskorsteinsr\u00f8r PETE Duoflex for renovering av skorsteiner med bend.\" \/>\n<meta name=\"robots\" content=\"index, follow, max-snippet:-1, max-image-preview:large, max-video-preview:-1\" \/>\n<link rel=\"canonical\" href=\"https:\/\/pete.fi\/butikk\/sisapiiput\/taipuisat-pyoreat-sisapiiput\/taipuisa-hormiputki-pete-duoflex\/\" \/>\n<meta property=\"og:locale\" content=\"nb_NO\" \/>\n<meta property=\"og:type\" content=\"article\" \/>\n<meta property=\"og:title\" content=\"% - T600 - Renovering av r\u00f8ykskorsteiner\" \/>\n<meta property=\"og:description\" content=\"Fleksibelt, 2-veggs, syrefast st\u00e5lskorsteinsr\u00f8r PETE Duoflex for renovering av skorsteiner med bend.\" \/>\n<meta property=\"og:url\" content=\"https:\/\/pete.fi\/butikk\/sisapiiput\/taipuisat-pyoreat-sisapiiput\/taipuisa-hormiputki-pete-duoflex\/\" \/>\n<meta property=\"og:site_name\" content=\"PETE-tuotteet\" \/>\n<meta property=\"article:publisher\" content=\"https:\/\/www.facebook.com\/petetuotteet\/\" \/>\n<meta property=\"og:image\" content=\"https:\/\/pete.fi\/wp-content\/uploads\/2024\/08\/taipuisa-hormiputki-PETE-duoflex.jpg\" \/>\n\t<meta property=\"og:image:width\" content=\"1066\" \/>\n\t<meta property=\"og:image:height\" content=\"1066\" \/>\n\t<meta property=\"og:image:type\" content=\"image\/jpeg\" \/>\n<meta name=\"twitter:card\" content=\"summary_large_image\" \/>\n<meta name=\"twitter:label1\" content=\"Ansl. lesetid\" \/>\n\t<meta name=\"twitter:data1\" content=\"1 minutt\" \/>\n<script type=\"application\/ld+json\" class=\"yoast-schema-graph\">{\"@context\":\"https:\\\/\\\/schema.org\",\"@graph\":[{\"@type\":\"WebPage\",\"@id\":\"https:\\\/\\\/pete.fi\\\/butikk\\\/sisapiiput\\\/taipuisat-pyoreat-sisapiiput\\\/taipuisa-hormiputki-pete-duoflex\\\/\",\"url\":\"https:\\\/\\\/pete.fi\\\/butikk\\\/sisapiiput\\\/taipuisat-pyoreat-sisapiiput\\\/taipuisa-hormiputki-pete-duoflex\\\/\",\"name\":\"% - T600 - Renovering av r\u00f8ykskorsteiner\",\"isPartOf\":{\"@id\":\"https:\\\/\\\/petefi.kehityssivusto.fihttps\\\/\\\/pete.fi\\\/#website\"},\"primaryImageOfPage\":{\"@id\":\"https:\\\/\\\/pete.fi\\\/butikk\\\/sisapiiput\\\/taipuisat-pyoreat-sisapiiput\\\/taipuisa-hormiputki-pete-duoflex\\\/#primaryimage\"},\"image\":{\"@id\":\"https:\\\/\\\/pete.fi\\\/butikk\\\/sisapiiput\\\/taipuisat-pyoreat-sisapiiput\\\/taipuisa-hormiputki-pete-duoflex\\\/#primaryimage\"},\"thumbnailUrl\":\"https:\\\/\\\/pete.fi\\\/wp-content\\\/uploads\\\/2024\\\/08\\\/taipuisa-hormiputki-PETE-duoflex.jpg\",\"datePublished\":\"2024-08-27T12:08:33+00:00\",\"description\":\"Fleksibelt, 2-veggs, syrefast st\u00e5lskorsteinsr\u00f8r PETE Duoflex for renovering av skorsteiner med bend.\",\"breadcrumb\":{\"@id\":\"https:\\\/\\\/pete.fi\\\/butikk\\\/sisapiiput\\\/taipuisat-pyoreat-sisapiiput\\\/taipuisa-hormiputki-pete-duoflex\\\/#breadcrumb\"},\"inLanguage\":\"nb-NO\",\"potentialAction\":[{\"@type\":\"ReadAction\",\"target\":[\"https:\\\/\\\/pete.fi\\\/butikk\\\/sisapiiput\\\/taipuisat-pyoreat-sisapiiput\\\/taipuisa-hormiputki-pete-duoflex\\\/\"]}]},{\"@type\":\"ImageObject\",\"inLanguage\":\"nb-NO\",\"@id\":\"https:\\\/\\\/pete.fi\\\/butikk\\\/sisapiiput\\\/taipuisat-pyoreat-sisapiiput\\\/taipuisa-hormiputki-pete-duoflex\\\/#primaryimage\",\"url\":\"https:\\\/\\\/pete.fi\\\/wp-content\\\/uploads\\\/2024\\\/08\\\/taipuisa-hormiputki-PETE-duoflex.jpg\",\"contentUrl\":\"https:\\\/\\\/pete.fi\\\/wp-content\\\/uploads\\\/2024\\\/08\\\/taipuisa-hormiputki-PETE-duoflex.jpg\",\"width\":1066,\"height\":1066},{\"@type\":\"BreadcrumbList\",\"@id\":\"https:\\\/\\\/pete.fi\\\/butikk\\\/sisapiiput\\\/taipuisat-pyoreat-sisapiiput\\\/taipuisa-hormiputki-pete-duoflex\\\/#breadcrumb\",\"itemListElement\":[{\"@type\":\"ListItem\",\"position\":1,\"name\":\"Home\",\"item\":\"https:\\\/\\\/pete.fi\\\/no\\\/home\\\/\"},{\"@type\":\"ListItem\",\"position\":2,\"name\":\"Butikk\",\"item\":\"https:\\\/\\\/pete.fi\\\/no\\\/butikk\\\/\"},{\"@type\":\"ListItem\",\"position\":3,\"name\":\"Fleksibel kanal PETE Duoflex\"}]},{\"@type\":\"WebSite\",\"@id\":\"https:\\\/\\\/petefi.kehityssivusto.fihttps\\\/\\\/pete.fi\\\/#website\",\"url\":\"https:\\\/\\\/petefi.kehityssivusto.fihttps\\\/\\\/pete.fi\\\/\",\"name\":\"Pete.fi\",\"description\":\"\",\"publisher\":{\"@id\":\"https:\\\/\\\/petefi.kehityssivusto.fihttps\\\/\\\/pete.fi\\\/#organization\"},\"potentialAction\":[{\"@type\":\"SearchAction\",\"target\":{\"@type\":\"EntryPoint\",\"urlTemplate\":\"https:\\\/\\\/petefi.kehityssivusto.fihttps\\\/\\\/pete.fi\\\/?s={search_term_string}\"},\"query-input\":{\"@type\":\"PropertyValueSpecification\",\"valueRequired\":true,\"valueName\":\"search_term_string\"}}],\"inLanguage\":\"nb-NO\"},{\"@type\":\"Organization\",\"@id\":\"https:\\\/\\\/petefi.kehityssivusto.fihttps\\\/\\\/pete.fi\\\/#organization\",\"name\":\"Pete | Piipusta piippuun\",\"url\":\"https:\\\/\\\/petefi.kehityssivusto.fihttps\\\/\\\/pete.fi\\\/\",\"logo\":{\"@type\":\"ImageObject\",\"inLanguage\":\"nb-NO\",\"@id\":\"https:\\\/\\\/petefi.kehityssivusto.fihttps\\\/\\\/pete.fi\\\/#\\\/schema\\\/logo\\\/image\\\/\",\"url\":\"https:\\\/\\\/pete.fi\\\/wp-content\\\/uploads\\\/2023\\\/08\\\/cropped-logo_fi.jpeg\",\"contentUrl\":\"https:\\\/\\\/pete.fi\\\/wp-content\\\/uploads\\\/2023\\\/08\\\/cropped-logo_fi.jpeg\",\"width\":2243,\"height\":1589,\"caption\":\"Pete | Piipusta piippuun\"},\"image\":{\"@id\":\"https:\\\/\\\/petefi.kehityssivusto.fihttps\\\/\\\/pete.fi\\\/#\\\/schema\\\/logo\\\/image\\\/\"},\"sameAs\":[\"https:\\\/\\\/www.facebook.com\\\/petetuotteet\\\/\",\"https:\\\/\\\/www.instagram.com\\\/piipustapiippuun\"]}]}<\/script>\n<!-- \/ Yoast SEO plugin. -->","yoast_head_json":{"title":"% - T600 - Renovering av r\u00f8ykskorsteiner","description":"Fleksibelt, 2-veggs, syrefast st\u00e5lskorsteinsr\u00f8r PETE Duoflex for renovering av skorsteiner med bend.","robots":{"index":"index","follow":"follow","max-snippet":"max-snippet:-1","max-image-preview":"max-image-preview:large","max-video-preview":"max-video-preview:-1"},"canonical":"https:\/\/pete.fi\/butikk\/sisapiiput\/taipuisat-pyoreat-sisapiiput\/taipuisa-hormiputki-pete-duoflex\/","og_locale":"nb_NO","og_type":"article","og_title":"% - T600 - Renovering av r\u00f8ykskorsteiner","og_description":"Fleksibelt, 2-veggs, syrefast st\u00e5lskorsteinsr\u00f8r PETE Duoflex for renovering av skorsteiner med bend.","og_url":"https:\/\/pete.fi\/butikk\/sisapiiput\/taipuisat-pyoreat-sisapiiput\/taipuisa-hormiputki-pete-duoflex\/","og_site_name":"PETE-tuotteet","article_publisher":"https:\/\/www.facebook.com\/petetuotteet\/","og_image":[{"width":1066,"height":1066,"url":"https:\/\/pete.fi\/wp-content\/uploads\/2024\/08\/taipuisa-hormiputki-PETE-duoflex.jpg","type":"image\/jpeg"}],"twitter_card":"summary_large_image","twitter_misc":{"Ansl. lesetid":"1 minutt"},"schema":{"@context":"https:\/\/schema.org","@graph":[{"@type":"WebPage","@id":"https:\/\/pete.fi\/butikk\/sisapiiput\/taipuisat-pyoreat-sisapiiput\/taipuisa-hormiputki-pete-duoflex\/","url":"https:\/\/pete.fi\/butikk\/sisapiiput\/taipuisat-pyoreat-sisapiiput\/taipuisa-hormiputki-pete-duoflex\/","name":"% - T600 - Renovering av r\u00f8ykskorsteiner","isPartOf":{"@id":"https:\/\/petefi.kehityssivusto.fihttps\/\/pete.fi\/#website"},"primaryImageOfPage":{"@id":"https:\/\/pete.fi\/butikk\/sisapiiput\/taipuisat-pyoreat-sisapiiput\/taipuisa-hormiputki-pete-duoflex\/#primaryimage"},"image":{"@id":"https:\/\/pete.fi\/butikk\/sisapiiput\/taipuisat-pyoreat-sisapiiput\/taipuisa-hormiputki-pete-duoflex\/#primaryimage"},"thumbnailUrl":"https:\/\/pete.fi\/wp-content\/uploads\/2024\/08\/taipuisa-hormiputki-PETE-duoflex.jpg","datePublished":"2024-08-27T12:08:33+00:00","description":"Fleksibelt, 2-veggs, syrefast st\u00e5lskorsteinsr\u00f8r PETE Duoflex for renovering av skorsteiner med bend.","breadcrumb":{"@id":"https:\/\/pete.fi\/butikk\/sisapiiput\/taipuisat-pyoreat-sisapiiput\/taipuisa-hormiputki-pete-duoflex\/#breadcrumb"},"inLanguage":"nb-NO","potentialAction":[{"@type":"ReadAction","target":["https:\/\/pete.fi\/butikk\/sisapiiput\/taipuisat-pyoreat-sisapiiput\/taipuisa-hormiputki-pete-duoflex\/"]}]},{"@type":"ImageObject","inLanguage":"nb-NO","@id":"https:\/\/pete.fi\/butikk\/sisapiiput\/taipuisat-pyoreat-sisapiiput\/taipuisa-hormiputki-pete-duoflex\/#primaryimage","url":"https:\/\/pete.fi\/wp-content\/uploads\/2024\/08\/taipuisa-hormiputki-PETE-duoflex.jpg","contentUrl":"https:\/\/pete.fi\/wp-content\/uploads\/2024\/08\/taipuisa-hormiputki-PETE-duoflex.jpg","width":1066,"height":1066},{"@type":"BreadcrumbList","@id":"https:\/\/pete.fi\/butikk\/sisapiiput\/taipuisat-pyoreat-sisapiiput\/taipuisa-hormiputki-pete-duoflex\/#breadcrumb","itemListElement":[{"@type":"ListItem","position":1,"name":"Home","item":"https:\/\/pete.fi\/no\/home\/"},{"@type":"ListItem","position":2,"name":"Butikk","item":"https:\/\/pete.fi\/no\/butikk\/"},{"@type":"ListItem","position":3,"name":"Fleksibel kanal PETE Duoflex"}]},{"@type":"WebSite","@id":"https:\/\/petefi.kehityssivusto.fihttps\/\/pete.fi\/#website","url":"https:\/\/petefi.kehityssivusto.fihttps\/\/pete.fi\/","name":"Pete.fi","description":"","publisher":{"@id":"https:\/\/petefi.kehityssivusto.fihttps\/\/pete.fi\/#organization"},"potentialAction":[{"@type":"SearchAction","target":{"@type":"EntryPoint","urlTemplate":"https:\/\/petefi.kehityssivusto.fihttps\/\/pete.fi\/?s={search_term_string}"},"query-input":{"@type":"PropertyValueSpecification","valueRequired":true,"valueName":"search_term_string"}}],"inLanguage":"nb-NO"},{"@type":"Organization","@id":"https:\/\/petefi.kehityssivusto.fihttps\/\/pete.fi\/#organization","name":"Pete | Piipusta piippuun","url":"https:\/\/petefi.kehityssivusto.fihttps\/\/pete.fi\/","logo":{"@type":"ImageObject","inLanguage":"nb-NO","@id":"https:\/\/petefi.kehityssivusto.fihttps\/\/pete.fi\/#\/schema\/logo\/image\/","url":"https:\/\/pete.fi\/wp-content\/uploads\/2023\/08\/cropped-logo_fi.jpeg","contentUrl":"https:\/\/pete.fi\/wp-content\/uploads\/2023\/08\/cropped-logo_fi.jpeg","width":2243,"height":1589,"caption":"Pete | Piipusta piippuun"},"image":{"@id":"https:\/\/petefi.kehityssivusto.fihttps\/\/pete.fi\/#\/schema\/logo\/image\/"},"sameAs":["https:\/\/www.facebook.com\/petetuotteet\/","https:\/\/www.instagram.com\/piipustapiippuun"]}]}},"_links":{"self":[{"href":"https:\/\/pete.fi\/no\/wp-json\/wp\/v2\/product\/4481","targetHints":{"allow":["GET"]}}],"collection":[{"href":"https:\/\/pete.fi\/no\/wp-json\/wp\/v2\/product"}],"about":[{"href":"https:\/\/pete.fi\/no\/wp-json\/wp\/v2\/types\/product"}],"wp:featuredmedia":[{"embeddable":true,"href":"https:\/\/pete.fi\/no\/wp-json\/wp\/v2\/media\/2037"}],"wp:attachment":[{"href":"https:\/\/pete.fi\/no\/wp-json\/wp\/v2\/media?parent=4481"}],"wp:term":[{"taxonomy":"product_brand","embeddable":true,"href":"https:\/\/pete.fi\/no\/wp-json\/wp\/v2\/product_brand?post=4481"},{"taxonomy":"product_cat","embeddable":true,"href":"https:\/\/pete.fi\/no\/wp-json\/wp\/v2\/product_cat?post=4481"},{"taxonomy":"product_tag","embeddable":true,"href":"https:\/\/pete.fi\/no\/wp-json\/wp\/v2\/product_tag?post=4481"}],"curies":[{"name":"wp","href":"https:\/\/api.w.org\/{rel}","templated":true}]}}