{"id":4333,"date":"2024-08-26T17:02:50","date_gmt":"2024-08-26T15:02:50","guid":{"rendered":"https:\/\/pete.fi\/kauppa\/ukategorisert\/4k-cctv-10-kroppskamera-sett\/"},"modified":"2024-08-26T17:02:50","modified_gmt":"2024-08-26T15:02:50","slug":"4k-cctv-10-kroppskamera-sett","status":"publish","type":"product","link":"https:\/\/pete.fi\/no\/butikk\/elektroverktoy\/hormoninspeksjonsprodukter\/4k-cctv-10-kroppskamera-sett\/","title":{"rendered":"4K CCTV 10&raquo; kroppskamera sett"},"content":{"rendered":"<p>Sjekk ut v\u00e5rt nye skorsteinskamera-sett! Det nye 4K CCTV-systemet til det fornyede skorsteinskameraet kombinerer en enest\u00e5ende inspeksjonsopplevelse med en 10-tommers skjerm. Du f\u00e5r krystallklare bilder, en slitesterk kabel p\u00e5 15 meter og tr\u00e5dl\u00f8s tilkobling med innebygd Wifi. Oppgrader din skorsteininspeksjonsopplevelse i dag!   <\/p>\n<p>Et toppmoderne 4K CCTV-system er designet for \u00e5 gi et skarpt og klart bilde. Kamerasettet er utstyrt med en 10-tommers skjerm som gir liv til hver eneste detalj i scenen med forbl\u00f8ffende klarhet. <\/p>\n<p>Den 15 meter lange, slitesterke kabelen kobler kameraet enkelt til skjermen via en sikker hurtigkobling.<\/p>\n<p>Det stilfullt designede 25 x 50 mm kamerahodet har 12 ultraskarpe LED-lys som hjelper deg med \u00e5 ta krystallklare bilder og videoer Opptakene p\u00e5 dette kameraet levner ingen tvil!<\/p>\n<p>Koble enkelt telefonen til skorsteinkameraets skjerm med den innebygde Wi-Fi-funksjonen. Dette gj\u00f8r at du kan ta opp bilder og video direkte p\u00e5 telefonen, slik at du slipper \u00e5 bruke et separat Micro SD-minnekort. <\/p>\n<p>&nbsp;<\/p>\n<p><strong>Funksjoner:<\/strong><\/p>\n<p>System 4K CCTV<br \/>\nOppl\u00f8sning 4K<br \/>\nSkjermst\u00f8rrelse 10&raquo;<br \/>\nWifi p\u00e5 skjermen<br \/>\nKamerakabellengde 15 m<\/p>\n<p><strong>Produktets dimensjoner:<\/strong><\/p>\n<p>Vekt: 25 kg<br \/>\nSt\u00f8rrelse: 480 \u00d7 380 \u00d7 170 mm<\/p>\n","protected":false},"excerpt":{"rendered":"<p>15 m kablet kamera med LED-lys<\/p>\n","protected":false},"featured_media":1662,"template":"","meta":{"_acf_changed":false},"product_brand":[],"product_cat":[148,185],"product_tag":[],"class_list":{"0":"post-4333","1":"product","2":"type-product","3":"status-publish","4":"has-post-thumbnail","6":"product_cat-elektroverktoy","7":"product_cat-hormoninspeksjonsprodukter","9":"first","10":"onbackorder","11":"taxable","12":"shipping-taxable","13":"purchasable","14":"product-type-simple"},"acf":[],"yoast_head":"<!-- This site is optimized with the Yoast SEO plugin v27.3 - https:\/\/yoast.com\/product\/yoast-seo-wordpress\/ -->\n<title>4K CCTV 10&#039;&#039; kroppskamera sett - PETE-tuotteet<\/title>\n<meta name=\"robots\" content=\"index, follow, max-snippet:-1, max-image-preview:large, max-video-preview:-1\" \/>\n<link rel=\"canonical\" href=\"https:\/\/pete.fi\/butikk\/tehonuohoustyokalut\/hormitarkastustuotteet\/hormikamerasetti-4k-cctv-10\/\" \/>\n<meta property=\"og:locale\" content=\"nb_NO\" \/>\n<meta property=\"og:type\" content=\"article\" \/>\n<meta property=\"og:title\" content=\"4K CCTV 10&#039;&#039; kroppskamera sett - PETE-tuotteet\" \/>\n<meta property=\"og:description\" content=\"15 m kablet kamera med LED-lys\" \/>\n<meta property=\"og:url\" content=\"https:\/\/pete.fi\/butikk\/tehonuohoustyokalut\/hormitarkastustuotteet\/hormikamerasetti-4k-cctv-10\/\" \/>\n<meta property=\"og:site_name\" content=\"PETE-tuotteet\" \/>\n<meta property=\"article:publisher\" content=\"https:\/\/www.facebook.com\/petetuotteet\/\" \/>\n<meta property=\"og:image\" content=\"https:\/\/pete.fi\/wp-content\/uploads\/2024\/08\/PETE-Hormikamerasetti_4KCCTVKIT-scaled.jpg\" \/>\n\t<meta property=\"og:image:width\" content=\"2560\" \/>\n\t<meta property=\"og:image:height\" content=\"2560\" \/>\n\t<meta property=\"og:image:type\" content=\"image\/jpeg\" \/>\n<meta name=\"twitter:card\" content=\"summary_large_image\" \/>\n<meta name=\"twitter:label1\" content=\"Ansl. lesetid\" \/>\n\t<meta name=\"twitter:data1\" content=\"1 minutt\" \/>\n<script type=\"application\/ld+json\" class=\"yoast-schema-graph\">{\"@context\":\"https:\\\/\\\/schema.org\",\"@graph\":[{\"@type\":\"WebPage\",\"@id\":\"https:\\\/\\\/pete.fi\\\/butikk\\\/tehonuohoustyokalut\\\/hormitarkastustuotteet\\\/hormikamerasetti-4k-cctv-10\\\/\",\"url\":\"https:\\\/\\\/pete.fi\\\/butikk\\\/tehonuohoustyokalut\\\/hormitarkastustuotteet\\\/hormikamerasetti-4k-cctv-10\\\/\",\"name\":\"4K CCTV 10'' kroppskamera sett - PETE-tuotteet\",\"isPartOf\":{\"@id\":\"https:\\\/\\\/petefi.kehityssivusto.fihttps\\\/\\\/pete.fi\\\/#website\"},\"primaryImageOfPage\":{\"@id\":\"https:\\\/\\\/pete.fi\\\/butikk\\\/tehonuohoustyokalut\\\/hormitarkastustuotteet\\\/hormikamerasetti-4k-cctv-10\\\/#primaryimage\"},\"image\":{\"@id\":\"https:\\\/\\\/pete.fi\\\/butikk\\\/tehonuohoustyokalut\\\/hormitarkastustuotteet\\\/hormikamerasetti-4k-cctv-10\\\/#primaryimage\"},\"thumbnailUrl\":\"https:\\\/\\\/pete.fi\\\/wp-content\\\/uploads\\\/2024\\\/08\\\/PETE-Hormikamerasetti_4KCCTVKIT-scaled.jpg\",\"datePublished\":\"2024-08-26T15:02:50+00:00\",\"breadcrumb\":{\"@id\":\"https:\\\/\\\/pete.fi\\\/butikk\\\/tehonuohoustyokalut\\\/hormitarkastustuotteet\\\/hormikamerasetti-4k-cctv-10\\\/#breadcrumb\"},\"inLanguage\":\"nb-NO\",\"potentialAction\":[{\"@type\":\"ReadAction\",\"target\":[\"https:\\\/\\\/pete.fi\\\/butikk\\\/tehonuohoustyokalut\\\/hormitarkastustuotteet\\\/hormikamerasetti-4k-cctv-10\\\/\"]}]},{\"@type\":\"ImageObject\",\"inLanguage\":\"nb-NO\",\"@id\":\"https:\\\/\\\/pete.fi\\\/butikk\\\/tehonuohoustyokalut\\\/hormitarkastustuotteet\\\/hormikamerasetti-4k-cctv-10\\\/#primaryimage\",\"url\":\"https:\\\/\\\/pete.fi\\\/wp-content\\\/uploads\\\/2024\\\/08\\\/PETE-Hormikamerasetti_4KCCTVKIT-scaled.jpg\",\"contentUrl\":\"https:\\\/\\\/pete.fi\\\/wp-content\\\/uploads\\\/2024\\\/08\\\/PETE-Hormikamerasetti_4KCCTVKIT-scaled.jpg\",\"width\":2560,\"height\":2560},{\"@type\":\"BreadcrumbList\",\"@id\":\"https:\\\/\\\/pete.fi\\\/butikk\\\/tehonuohoustyokalut\\\/hormitarkastustuotteet\\\/hormikamerasetti-4k-cctv-10\\\/#breadcrumb\",\"itemListElement\":[{\"@type\":\"ListItem\",\"position\":1,\"name\":\"Home\",\"item\":\"https:\\\/\\\/pete.fi\\\/no\\\/home\\\/\"},{\"@type\":\"ListItem\",\"position\":2,\"name\":\"Butikk\",\"item\":\"https:\\\/\\\/pete.fi\\\/no\\\/butikk\\\/\"},{\"@type\":\"ListItem\",\"position\":3,\"name\":\"4K CCTV 10&#8221; kroppskamera sett\"}]},{\"@type\":\"WebSite\",\"@id\":\"https:\\\/\\\/petefi.kehityssivusto.fihttps\\\/\\\/pete.fi\\\/#website\",\"url\":\"https:\\\/\\\/petefi.kehityssivusto.fihttps\\\/\\\/pete.fi\\\/\",\"name\":\"Pete.fi\",\"description\":\"\",\"publisher\":{\"@id\":\"https:\\\/\\\/petefi.kehityssivusto.fihttps\\\/\\\/pete.fi\\\/#organization\"},\"potentialAction\":[{\"@type\":\"SearchAction\",\"target\":{\"@type\":\"EntryPoint\",\"urlTemplate\":\"https:\\\/\\\/petefi.kehityssivusto.fihttps\\\/\\\/pete.fi\\\/?s={search_term_string}\"},\"query-input\":{\"@type\":\"PropertyValueSpecification\",\"valueRequired\":true,\"valueName\":\"search_term_string\"}}],\"inLanguage\":\"nb-NO\"},{\"@type\":\"Organization\",\"@id\":\"https:\\\/\\\/petefi.kehityssivusto.fihttps\\\/\\\/pete.fi\\\/#organization\",\"name\":\"Pete | Piipusta piippuun\",\"url\":\"https:\\\/\\\/petefi.kehityssivusto.fihttps\\\/\\\/pete.fi\\\/\",\"logo\":{\"@type\":\"ImageObject\",\"inLanguage\":\"nb-NO\",\"@id\":\"https:\\\/\\\/petefi.kehityssivusto.fihttps\\\/\\\/pete.fi\\\/#\\\/schema\\\/logo\\\/image\\\/\",\"url\":\"https:\\\/\\\/pete.fi\\\/wp-content\\\/uploads\\\/2023\\\/08\\\/cropped-logo_fi.jpeg\",\"contentUrl\":\"https:\\\/\\\/pete.fi\\\/wp-content\\\/uploads\\\/2023\\\/08\\\/cropped-logo_fi.jpeg\",\"width\":2243,\"height\":1589,\"caption\":\"Pete | Piipusta piippuun\"},\"image\":{\"@id\":\"https:\\\/\\\/petefi.kehityssivusto.fihttps\\\/\\\/pete.fi\\\/#\\\/schema\\\/logo\\\/image\\\/\"},\"sameAs\":[\"https:\\\/\\\/www.facebook.com\\\/petetuotteet\\\/\",\"https:\\\/\\\/www.instagram.com\\\/piipustapiippuun\"]}]}<\/script>\n<!-- \/ Yoast SEO plugin. -->","yoast_head_json":{"title":"4K CCTV 10'' kroppskamera sett - PETE-tuotteet","robots":{"index":"index","follow":"follow","max-snippet":"max-snippet:-1","max-image-preview":"max-image-preview:large","max-video-preview":"max-video-preview:-1"},"canonical":"https:\/\/pete.fi\/butikk\/tehonuohoustyokalut\/hormitarkastustuotteet\/hormikamerasetti-4k-cctv-10\/","og_locale":"nb_NO","og_type":"article","og_title":"4K CCTV 10'' kroppskamera sett - PETE-tuotteet","og_description":"15 m kablet kamera med LED-lys","og_url":"https:\/\/pete.fi\/butikk\/tehonuohoustyokalut\/hormitarkastustuotteet\/hormikamerasetti-4k-cctv-10\/","og_site_name":"PETE-tuotteet","article_publisher":"https:\/\/www.facebook.com\/petetuotteet\/","og_image":[{"width":2560,"height":2560,"url":"https:\/\/pete.fi\/wp-content\/uploads\/2024\/08\/PETE-Hormikamerasetti_4KCCTVKIT-scaled.jpg","type":"image\/jpeg"}],"twitter_card":"summary_large_image","twitter_misc":{"Ansl. lesetid":"1 minutt"},"schema":{"@context":"https:\/\/schema.org","@graph":[{"@type":"WebPage","@id":"https:\/\/pete.fi\/butikk\/tehonuohoustyokalut\/hormitarkastustuotteet\/hormikamerasetti-4k-cctv-10\/","url":"https:\/\/pete.fi\/butikk\/tehonuohoustyokalut\/hormitarkastustuotteet\/hormikamerasetti-4k-cctv-10\/","name":"4K CCTV 10'' kroppskamera sett - PETE-tuotteet","isPartOf":{"@id":"https:\/\/petefi.kehityssivusto.fihttps\/\/pete.fi\/#website"},"primaryImageOfPage":{"@id":"https:\/\/pete.fi\/butikk\/tehonuohoustyokalut\/hormitarkastustuotteet\/hormikamerasetti-4k-cctv-10\/#primaryimage"},"image":{"@id":"https:\/\/pete.fi\/butikk\/tehonuohoustyokalut\/hormitarkastustuotteet\/hormikamerasetti-4k-cctv-10\/#primaryimage"},"thumbnailUrl":"https:\/\/pete.fi\/wp-content\/uploads\/2024\/08\/PETE-Hormikamerasetti_4KCCTVKIT-scaled.jpg","datePublished":"2024-08-26T15:02:50+00:00","breadcrumb":{"@id":"https:\/\/pete.fi\/butikk\/tehonuohoustyokalut\/hormitarkastustuotteet\/hormikamerasetti-4k-cctv-10\/#breadcrumb"},"inLanguage":"nb-NO","potentialAction":[{"@type":"ReadAction","target":["https:\/\/pete.fi\/butikk\/tehonuohoustyokalut\/hormitarkastustuotteet\/hormikamerasetti-4k-cctv-10\/"]}]},{"@type":"ImageObject","inLanguage":"nb-NO","@id":"https:\/\/pete.fi\/butikk\/tehonuohoustyokalut\/hormitarkastustuotteet\/hormikamerasetti-4k-cctv-10\/#primaryimage","url":"https:\/\/pete.fi\/wp-content\/uploads\/2024\/08\/PETE-Hormikamerasetti_4KCCTVKIT-scaled.jpg","contentUrl":"https:\/\/pete.fi\/wp-content\/uploads\/2024\/08\/PETE-Hormikamerasetti_4KCCTVKIT-scaled.jpg","width":2560,"height":2560},{"@type":"BreadcrumbList","@id":"https:\/\/pete.fi\/butikk\/tehonuohoustyokalut\/hormitarkastustuotteet\/hormikamerasetti-4k-cctv-10\/#breadcrumb","itemListElement":[{"@type":"ListItem","position":1,"name":"Home","item":"https:\/\/pete.fi\/no\/home\/"},{"@type":"ListItem","position":2,"name":"Butikk","item":"https:\/\/pete.fi\/no\/butikk\/"},{"@type":"ListItem","position":3,"name":"4K CCTV 10&#8221; kroppskamera sett"}]},{"@type":"WebSite","@id":"https:\/\/petefi.kehityssivusto.fihttps\/\/pete.fi\/#website","url":"https:\/\/petefi.kehityssivusto.fihttps\/\/pete.fi\/","name":"Pete.fi","description":"","publisher":{"@id":"https:\/\/petefi.kehityssivusto.fihttps\/\/pete.fi\/#organization"},"potentialAction":[{"@type":"SearchAction","target":{"@type":"EntryPoint","urlTemplate":"https:\/\/petefi.kehityssivusto.fihttps\/\/pete.fi\/?s={search_term_string}"},"query-input":{"@type":"PropertyValueSpecification","valueRequired":true,"valueName":"search_term_string"}}],"inLanguage":"nb-NO"},{"@type":"Organization","@id":"https:\/\/petefi.kehityssivusto.fihttps\/\/pete.fi\/#organization","name":"Pete | Piipusta piippuun","url":"https:\/\/petefi.kehityssivusto.fihttps\/\/pete.fi\/","logo":{"@type":"ImageObject","inLanguage":"nb-NO","@id":"https:\/\/petefi.kehityssivusto.fihttps\/\/pete.fi\/#\/schema\/logo\/image\/","url":"https:\/\/pete.fi\/wp-content\/uploads\/2023\/08\/cropped-logo_fi.jpeg","contentUrl":"https:\/\/pete.fi\/wp-content\/uploads\/2023\/08\/cropped-logo_fi.jpeg","width":2243,"height":1589,"caption":"Pete | Piipusta piippuun"},"image":{"@id":"https:\/\/petefi.kehityssivusto.fihttps\/\/pete.fi\/#\/schema\/logo\/image\/"},"sameAs":["https:\/\/www.facebook.com\/petetuotteet\/","https:\/\/www.instagram.com\/piipustapiippuun"]}]}},"_links":{"self":[{"href":"https:\/\/pete.fi\/no\/wp-json\/wp\/v2\/product\/4333","targetHints":{"allow":["GET"]}}],"collection":[{"href":"https:\/\/pete.fi\/no\/wp-json\/wp\/v2\/product"}],"about":[{"href":"https:\/\/pete.fi\/no\/wp-json\/wp\/v2\/types\/product"}],"wp:featuredmedia":[{"embeddable":true,"href":"https:\/\/pete.fi\/no\/wp-json\/wp\/v2\/media\/1662"}],"wp:attachment":[{"href":"https:\/\/pete.fi\/no\/wp-json\/wp\/v2\/media?parent=4333"}],"wp:term":[{"taxonomy":"product_brand","embeddable":true,"href":"https:\/\/pete.fi\/no\/wp-json\/wp\/v2\/product_brand?post=4333"},{"taxonomy":"product_cat","embeddable":true,"href":"https:\/\/pete.fi\/no\/wp-json\/wp\/v2\/product_cat?post=4333"},{"taxonomy":"product_tag","embeddable":true,"href":"https:\/\/pete.fi\/no\/wp-json\/wp\/v2\/product_tag?post=4333"}],"curies":[{"name":"wp","href":"https:\/\/api.w.org\/{rel}","templated":true}]}}