{"id":4319,"date":"2024-08-25T17:48:16","date_gmt":"2024-08-25T15:48:16","guid":{"rendered":"https:\/\/pete.fi\/kauppa\/ukategorisert\/tyristorregulator-05a\/"},"modified":"2024-08-25T17:48:16","modified_gmt":"2024-08-25T15:48:16","slug":"tyristorregulator-05a","status":"publish","type":"product","link":"https:\/\/pete.fi\/no\/butikk\/roykgassvifter\/regulatorer\/tyristorregulator-05a\/","title":{"rendered":"Tyristorregulator 0,5A"},"content":{"rendered":"<p>Tyristorregulatoren brukes til trinnl\u00f8s regulering av hastighet og luftmengde. Egnet for b\u00e5de innfelt og utenp\u00e5liggende montering. <\/p>\n<p><strong>M\u00e5l:<br \/>\n<\/strong>H\u00f8yde 82 mm<br \/>\nBredde 82 mm<br \/>\nDybde 65 mm<\/p>\n<p><strong>Farge: <\/strong>Hvit<\/p>\n","protected":false},"excerpt":{"rendered":"<p>Hvit, for utenp\u00e5liggende eller innfelt montering<\/p>\n","protected":false},"featured_media":1519,"template":"","meta":{"_acf_changed":false},"product_brand":[],"product_cat":[186,153],"product_tag":[],"class_list":{"0":"post-4319","1":"product","2":"type-product","3":"status-publish","4":"has-post-thumbnail","6":"product_cat-regulatorer","7":"product_cat-roykgassvifter","9":"first","10":"instock","11":"taxable","12":"shipping-taxable","13":"purchasable","14":"product-type-simple"},"acf":[],"yoast_head":"<!-- This site is optimized with the Yoast SEO plugin v27.3 - https:\/\/yoast.com\/product\/yoast-seo-wordpress\/ -->\n<title>Tyristorregulator 0,5A - PETE-tuotteet<\/title>\n<meta name=\"robots\" content=\"index, follow, max-snippet:-1, max-image-preview:large, max-video-preview:-1\" \/>\n<link rel=\"canonical\" href=\"https:\/\/pete.fi\/butikk\/savukaasuimurit\/saatimet\/tyristorisaadin-05a\/\" \/>\n<meta property=\"og:locale\" content=\"nb_NO\" \/>\n<meta property=\"og:type\" content=\"article\" \/>\n<meta property=\"og:title\" content=\"Tyristorregulator 0,5A - PETE-tuotteet\" \/>\n<meta property=\"og:description\" content=\"Hvit, for utenp\u00e5liggende eller innfelt montering\" \/>\n<meta property=\"og:url\" content=\"https:\/\/pete.fi\/butikk\/savukaasuimurit\/saatimet\/tyristorisaadin-05a\/\" \/>\n<meta property=\"og:site_name\" content=\"PETE-tuotteet\" \/>\n<meta property=\"article:publisher\" content=\"https:\/\/www.facebook.com\/petetuotteet\/\" \/>\n<meta property=\"og:image\" content=\"https:\/\/pete.fi\/wp-content\/uploads\/2024\/08\/SI-0003_Regulator_iP44_1.png\" \/>\n\t<meta property=\"og:image:width\" content=\"2000\" \/>\n\t<meta property=\"og:image:height\" content=\"2000\" \/>\n\t<meta property=\"og:image:type\" content=\"image\/png\" \/>\n<meta name=\"twitter:card\" content=\"summary_large_image\" \/>\n<script type=\"application\/ld+json\" class=\"yoast-schema-graph\">{\"@context\":\"https:\\\/\\\/schema.org\",\"@graph\":[{\"@type\":\"WebPage\",\"@id\":\"https:\\\/\\\/pete.fi\\\/butikk\\\/savukaasuimurit\\\/saatimet\\\/tyristorisaadin-05a\\\/\",\"url\":\"https:\\\/\\\/pete.fi\\\/butikk\\\/savukaasuimurit\\\/saatimet\\\/tyristorisaadin-05a\\\/\",\"name\":\"Tyristorregulator 0,5A - PETE-tuotteet\",\"isPartOf\":{\"@id\":\"https:\\\/\\\/petefi.kehityssivusto.fihttps\\\/\\\/pete.fi\\\/#website\"},\"primaryImageOfPage\":{\"@id\":\"https:\\\/\\\/pete.fi\\\/butikk\\\/savukaasuimurit\\\/saatimet\\\/tyristorisaadin-05a\\\/#primaryimage\"},\"image\":{\"@id\":\"https:\\\/\\\/pete.fi\\\/butikk\\\/savukaasuimurit\\\/saatimet\\\/tyristorisaadin-05a\\\/#primaryimage\"},\"thumbnailUrl\":\"https:\\\/\\\/pete.fi\\\/wp-content\\\/uploads\\\/2024\\\/08\\\/SI-0003_Regulator_iP44_1.png\",\"datePublished\":\"2024-08-25T15:48:16+00:00\",\"breadcrumb\":{\"@id\":\"https:\\\/\\\/pete.fi\\\/butikk\\\/savukaasuimurit\\\/saatimet\\\/tyristorisaadin-05a\\\/#breadcrumb\"},\"inLanguage\":\"nb-NO\",\"potentialAction\":[{\"@type\":\"ReadAction\",\"target\":[\"https:\\\/\\\/pete.fi\\\/butikk\\\/savukaasuimurit\\\/saatimet\\\/tyristorisaadin-05a\\\/\"]}]},{\"@type\":\"ImageObject\",\"inLanguage\":\"nb-NO\",\"@id\":\"https:\\\/\\\/pete.fi\\\/butikk\\\/savukaasuimurit\\\/saatimet\\\/tyristorisaadin-05a\\\/#primaryimage\",\"url\":\"https:\\\/\\\/pete.fi\\\/wp-content\\\/uploads\\\/2024\\\/08\\\/SI-0003_Regulator_iP44_1.png\",\"contentUrl\":\"https:\\\/\\\/pete.fi\\\/wp-content\\\/uploads\\\/2024\\\/08\\\/SI-0003_Regulator_iP44_1.png\",\"width\":2000,\"height\":2000,\"caption\":\"Tyristorstyring\"},{\"@type\":\"BreadcrumbList\",\"@id\":\"https:\\\/\\\/pete.fi\\\/butikk\\\/savukaasuimurit\\\/saatimet\\\/tyristorisaadin-05a\\\/#breadcrumb\",\"itemListElement\":[{\"@type\":\"ListItem\",\"position\":1,\"name\":\"Home\",\"item\":\"https:\\\/\\\/pete.fi\\\/no\\\/home\\\/\"},{\"@type\":\"ListItem\",\"position\":2,\"name\":\"Butikk\",\"item\":\"https:\\\/\\\/pete.fi\\\/no\\\/butikk\\\/\"},{\"@type\":\"ListItem\",\"position\":3,\"name\":\"Tyristorregulator 0,5A\"}]},{\"@type\":\"WebSite\",\"@id\":\"https:\\\/\\\/petefi.kehityssivusto.fihttps\\\/\\\/pete.fi\\\/#website\",\"url\":\"https:\\\/\\\/petefi.kehityssivusto.fihttps\\\/\\\/pete.fi\\\/\",\"name\":\"Pete.fi\",\"description\":\"\",\"publisher\":{\"@id\":\"https:\\\/\\\/petefi.kehityssivusto.fihttps\\\/\\\/pete.fi\\\/#organization\"},\"potentialAction\":[{\"@type\":\"SearchAction\",\"target\":{\"@type\":\"EntryPoint\",\"urlTemplate\":\"https:\\\/\\\/petefi.kehityssivusto.fihttps\\\/\\\/pete.fi\\\/?s={search_term_string}\"},\"query-input\":{\"@type\":\"PropertyValueSpecification\",\"valueRequired\":true,\"valueName\":\"search_term_string\"}}],\"inLanguage\":\"nb-NO\"},{\"@type\":\"Organization\",\"@id\":\"https:\\\/\\\/petefi.kehityssivusto.fihttps\\\/\\\/pete.fi\\\/#organization\",\"name\":\"Pete | Piipusta piippuun\",\"url\":\"https:\\\/\\\/petefi.kehityssivusto.fihttps\\\/\\\/pete.fi\\\/\",\"logo\":{\"@type\":\"ImageObject\",\"inLanguage\":\"nb-NO\",\"@id\":\"https:\\\/\\\/petefi.kehityssivusto.fihttps\\\/\\\/pete.fi\\\/#\\\/schema\\\/logo\\\/image\\\/\",\"url\":\"https:\\\/\\\/pete.fi\\\/wp-content\\\/uploads\\\/2023\\\/08\\\/cropped-logo_fi.jpeg\",\"contentUrl\":\"https:\\\/\\\/pete.fi\\\/wp-content\\\/uploads\\\/2023\\\/08\\\/cropped-logo_fi.jpeg\",\"width\":2243,\"height\":1589,\"caption\":\"Pete | Piipusta piippuun\"},\"image\":{\"@id\":\"https:\\\/\\\/petefi.kehityssivusto.fihttps\\\/\\\/pete.fi\\\/#\\\/schema\\\/logo\\\/image\\\/\"},\"sameAs\":[\"https:\\\/\\\/www.facebook.com\\\/petetuotteet\\\/\",\"https:\\\/\\\/www.instagram.com\\\/piipustapiippuun\"]}]}<\/script>\n<!-- \/ Yoast SEO plugin. -->","yoast_head_json":{"title":"Tyristorregulator 0,5A - PETE-tuotteet","robots":{"index":"index","follow":"follow","max-snippet":"max-snippet:-1","max-image-preview":"max-image-preview:large","max-video-preview":"max-video-preview:-1"},"canonical":"https:\/\/pete.fi\/butikk\/savukaasuimurit\/saatimet\/tyristorisaadin-05a\/","og_locale":"nb_NO","og_type":"article","og_title":"Tyristorregulator 0,5A - PETE-tuotteet","og_description":"Hvit, for utenp\u00e5liggende eller innfelt montering","og_url":"https:\/\/pete.fi\/butikk\/savukaasuimurit\/saatimet\/tyristorisaadin-05a\/","og_site_name":"PETE-tuotteet","article_publisher":"https:\/\/www.facebook.com\/petetuotteet\/","og_image":[{"width":2000,"height":2000,"url":"https:\/\/pete.fi\/wp-content\/uploads\/2024\/08\/SI-0003_Regulator_iP44_1.png","type":"image\/png"}],"twitter_card":"summary_large_image","schema":{"@context":"https:\/\/schema.org","@graph":[{"@type":"WebPage","@id":"https:\/\/pete.fi\/butikk\/savukaasuimurit\/saatimet\/tyristorisaadin-05a\/","url":"https:\/\/pete.fi\/butikk\/savukaasuimurit\/saatimet\/tyristorisaadin-05a\/","name":"Tyristorregulator 0,5A - PETE-tuotteet","isPartOf":{"@id":"https:\/\/petefi.kehityssivusto.fihttps\/\/pete.fi\/#website"},"primaryImageOfPage":{"@id":"https:\/\/pete.fi\/butikk\/savukaasuimurit\/saatimet\/tyristorisaadin-05a\/#primaryimage"},"image":{"@id":"https:\/\/pete.fi\/butikk\/savukaasuimurit\/saatimet\/tyristorisaadin-05a\/#primaryimage"},"thumbnailUrl":"https:\/\/pete.fi\/wp-content\/uploads\/2024\/08\/SI-0003_Regulator_iP44_1.png","datePublished":"2024-08-25T15:48:16+00:00","breadcrumb":{"@id":"https:\/\/pete.fi\/butikk\/savukaasuimurit\/saatimet\/tyristorisaadin-05a\/#breadcrumb"},"inLanguage":"nb-NO","potentialAction":[{"@type":"ReadAction","target":["https:\/\/pete.fi\/butikk\/savukaasuimurit\/saatimet\/tyristorisaadin-05a\/"]}]},{"@type":"ImageObject","inLanguage":"nb-NO","@id":"https:\/\/pete.fi\/butikk\/savukaasuimurit\/saatimet\/tyristorisaadin-05a\/#primaryimage","url":"https:\/\/pete.fi\/wp-content\/uploads\/2024\/08\/SI-0003_Regulator_iP44_1.png","contentUrl":"https:\/\/pete.fi\/wp-content\/uploads\/2024\/08\/SI-0003_Regulator_iP44_1.png","width":2000,"height":2000,"caption":"Tyristorstyring"},{"@type":"BreadcrumbList","@id":"https:\/\/pete.fi\/butikk\/savukaasuimurit\/saatimet\/tyristorisaadin-05a\/#breadcrumb","itemListElement":[{"@type":"ListItem","position":1,"name":"Home","item":"https:\/\/pete.fi\/no\/home\/"},{"@type":"ListItem","position":2,"name":"Butikk","item":"https:\/\/pete.fi\/no\/butikk\/"},{"@type":"ListItem","position":3,"name":"Tyristorregulator 0,5A"}]},{"@type":"WebSite","@id":"https:\/\/petefi.kehityssivusto.fihttps\/\/pete.fi\/#website","url":"https:\/\/petefi.kehityssivusto.fihttps\/\/pete.fi\/","name":"Pete.fi","description":"","publisher":{"@id":"https:\/\/petefi.kehityssivusto.fihttps\/\/pete.fi\/#organization"},"potentialAction":[{"@type":"SearchAction","target":{"@type":"EntryPoint","urlTemplate":"https:\/\/petefi.kehityssivusto.fihttps\/\/pete.fi\/?s={search_term_string}"},"query-input":{"@type":"PropertyValueSpecification","valueRequired":true,"valueName":"search_term_string"}}],"inLanguage":"nb-NO"},{"@type":"Organization","@id":"https:\/\/petefi.kehityssivusto.fihttps\/\/pete.fi\/#organization","name":"Pete | Piipusta piippuun","url":"https:\/\/petefi.kehityssivusto.fihttps\/\/pete.fi\/","logo":{"@type":"ImageObject","inLanguage":"nb-NO","@id":"https:\/\/petefi.kehityssivusto.fihttps\/\/pete.fi\/#\/schema\/logo\/image\/","url":"https:\/\/pete.fi\/wp-content\/uploads\/2023\/08\/cropped-logo_fi.jpeg","contentUrl":"https:\/\/pete.fi\/wp-content\/uploads\/2023\/08\/cropped-logo_fi.jpeg","width":2243,"height":1589,"caption":"Pete | Piipusta piippuun"},"image":{"@id":"https:\/\/petefi.kehityssivusto.fihttps\/\/pete.fi\/#\/schema\/logo\/image\/"},"sameAs":["https:\/\/www.facebook.com\/petetuotteet\/","https:\/\/www.instagram.com\/piipustapiippuun"]}]}},"_links":{"self":[{"href":"https:\/\/pete.fi\/no\/wp-json\/wp\/v2\/product\/4319","targetHints":{"allow":["GET"]}}],"collection":[{"href":"https:\/\/pete.fi\/no\/wp-json\/wp\/v2\/product"}],"about":[{"href":"https:\/\/pete.fi\/no\/wp-json\/wp\/v2\/types\/product"}],"wp:featuredmedia":[{"embeddable":true,"href":"https:\/\/pete.fi\/no\/wp-json\/wp\/v2\/media\/1519"}],"wp:attachment":[{"href":"https:\/\/pete.fi\/no\/wp-json\/wp\/v2\/media?parent=4319"}],"wp:term":[{"taxonomy":"product_brand","embeddable":true,"href":"https:\/\/pete.fi\/no\/wp-json\/wp\/v2\/product_brand?post=4319"},{"taxonomy":"product_cat","embeddable":true,"href":"https:\/\/pete.fi\/no\/wp-json\/wp\/v2\/product_cat?post=4319"},{"taxonomy":"product_tag","embeddable":true,"href":"https:\/\/pete.fi\/no\/wp-json\/wp\/v2\/product_tag?post=4319"}],"curies":[{"name":"wp","href":"https:\/\/api.w.org\/{rel}","templated":true}]}}