{"id":4309,"date":"2024-08-25T17:03:29","date_gmt":"2024-08-25T15:03:29","guid":{"rendered":"https:\/\/pete.fi\/kauppa\/ukategorisert\/roykgassavtrekk-pete-h-serien-for-ingot-horn\/"},"modified":"2024-08-25T17:03:29","modified_gmt":"2024-08-25T15:03:29","slug":"roykgassavtrekk-pete-h-serien-for-ingot-horn","status":"publish","type":"product","link":"https:\/\/pete.fi\/no\/butikk\/roykgassvifter\/roykgassavtrekk-i-h-serien\/roykgassavtrekk-pete-h-serien-for-ingot-horn\/","title":{"rendered":"R\u00f8ykgassavtrekk PETE H-serien for ingot horn"},"content":{"rendered":"<h2>PETE sigarettennersett for barrerhorn<\/h2>\n<h5><strong>PETEs skorsteinsfeier<\/strong> er en elektrisk drevet trekkforsterker som festes p\u00e5 toppen av skorsteinen med et passende skorsteinsbeslag. R\u00f8ykgassavtrekket, ogs\u00e5 kjent som <strong>skorsteins-<\/strong> eller <strong>peisavtrekk<\/strong>, skaper et sug i r\u00f8ykr\u00f8ret, noe som gj\u00f8r det lettere \u00e5 tenne opp og bruke peisen.  Ikke mer r\u00f8yk fra peisen.<\/h5>\n<p><strong>Fordeler:<\/strong><\/p>\n<ul>\n<li>\u00d8ker effektiviteten av r\u00f8ykgassutvinning<\/li>\n<li>Gj\u00f8r det lettere \u00e5 tenne opp og bruke peisen ved \u00e5 skape trekk i r\u00f8ykr\u00f8ret uansett v\u00e6rforhold<\/li>\n<li>Reduserer skadelige partikkelutslipp i inneluften<\/li>\n<li>Kan ogs\u00e5 brukes som et generelt ventilasjonsavtrekk, f.eks. om sommeren n\u00e5r peisen ikke er i bruk <\/li>\n<li>N\u00f8kkelflaggmerket &#8211; Innenlandsk design og produksjon<\/li>\n<li>CE-testet &#8211; Produktet har best\u00e5tt standardtestene<\/li>\n<\/ul>\n<p><strong><br \/>\nInnhold:<br \/>\n<\/strong>PETE sigarettennerpakken inneholder:<\/p>\n<ul>\n<li>r\u00f8ykgassvaskerenhet<\/li>\n<li>festeanordning for st\u00e5lhorn<\/li>\n<li>sikkerhetsbryter<\/li>\n<li>sikkerhetsbryterstativet, og<\/li>\n<li>instruksjoner for installasjon og elektrisk kabling.<\/li>\n<\/ul>\n<p>Alt du trenger \u00e5 gj\u00f8re er \u00e5 legge til en regulator i pakken.<\/p>\n<p>Valg av modell for r\u00f8ykgassavsug<strong>:<br \/>\n<\/strong>Modellen for r\u00f8ykgassavsug velges i henhold til diameteren p\u00e5 ingotkroppen og den n\u00f8dvendige sugeeffekten. Hvis du trenger hjelp til \u00e5 velge riktig modell av r\u00f8ykgassavsug, kan du kontakte v\u00e5r kundeservice! <\/p>\n<ul>\n<li>PETE H200, n\u00e5r den innvendige diameteren p\u00e5 ingotkroppen er mindre enn eller lik 200 mm<\/li>\n<li>PETE H250, n\u00e5r den innvendige diameteren p\u00e5 ingotkroppen er mindre enn eller lik 250 mm<\/li>\n<li>PETE H315, n\u00e5r den innvendige diameteren p\u00e5 ingotkroppen er mindre enn eller lik 315 mm<\/li>\n<\/ul>\n<p><strong><br \/>\nBestilling:<\/strong><\/p>\n<p>Monteringsbasen for t\u00f8mmerstokken produseres i henhold til m\u00e5lene. N\u00e5r du bestiller, m\u00e5 du oppgi den innvendige diameteren og de utvendige m\u00e5lene p\u00e5 blokkhaugen i bestillingsfeltet i kassen etter kontaktinformasjonen din. Den utvendige diameteren p\u00e5 beslaget til monteringsbasen produseres ca. 3 mm mindre enn de angitte m\u00e5lene, slik at kragen p\u00e5 beslagsdelen av monteringsbasen g\u00e5r inn i skorsteinsr\u00f8ret til p\u00e6ren. Underlaget er produsert ca. 50 mm st\u00f8rre enn skorsteinens utvendige m\u00e5l &#8211; f.eks. en skorstein med utvendige m\u00e5l p\u00e5 360 mm x 360 mm &#8211;&gt; underlagsst\u00f8rrelse (A-m\u00e5l) 410 mm x 410 mm.      <\/p>\n<p><span style=\"color: #ff0000;\"><strong>Merk!<\/strong>  Denne monteringsplattformen er ikke egnet for 2 eller 3 hornede barrer! Hvis du har en dobbel- eller trippelhengt ingotspiss, vennligst kontakt v\u00e5r salgsavdeling! <\/span><\/p>\n<p><strong><br \/>\nInstallasjon<\/strong><\/p>\n<p>Det er raskt og enkelt \u00e5 montere r\u00f8ykgassavtrekket mekanisk p\u00e5 enden av ingotkroppen. V\u00e6r oppmerksom p\u00e5 \u00e5pningsretningen til r\u00f8ykgasshengslet n\u00e5r du fester det. Den endelige elektriske tilkoblingen av PETE-r\u00f8ykgassavtrekket m\u00e5 kun utf\u00f8res av en autorisert elektriker.  <\/p>\n","protected":false},"excerpt":{"rendered":"<h5>Rst, sideveis bl\u00e5sing<\/h5>\n","protected":false},"featured_media":2661,"template":"","meta":{"_acf_changed":false},"product_brand":[],"product_cat":[154,153],"product_tag":[155,156,157],"class_list":{"0":"post-4309","1":"product","2":"type-product","3":"status-publish","4":"has-post-thumbnail","6":"product_cat-roykgassavtrekk-i-h-serien","7":"product_cat-roykgassvifter","8":"product_tag-avtrekk-for-roykgass","9":"product_tag-peisavtrekk","10":"product_tag-roykavtrekk","12":"first","13":"instock","14":"taxable","15":"shipping-taxable","16":"purchasable","17":"product-type-variable"},"acf":[],"yoast_head":"<!-- This site is optimized with the Yoast SEO plugin v27.3 - https:\/\/yoast.com\/product\/yoast-seo-wordpress\/ -->\n<title>PETE sigaretttenner for barrer - S\u00f8rg for at r\u00f8ykkanalen har godt trekk<\/title>\n<meta name=\"description\" content=\"PETE-sokkelfeieren er en trekkforbedrende enhet som festes p\u00e5 toppen av skorsteinen. P\u00e5 den m\u00e5ten gj\u00f8r feieren det lettere \u00e5 tenne opp og bruke peisen.\" \/>\n<meta name=\"robots\" content=\"index, follow, max-snippet:-1, max-image-preview:large, max-video-preview:-1\" \/>\n<link rel=\"canonical\" href=\"https:\/\/pete.fi\/butikk\/savukaasuimurit\/savukaasuimurit-h-sarja\/savukaasuimuri-pete-h-sarja-harkkohormille\/\" \/>\n<meta property=\"og:locale\" content=\"nb_NO\" \/>\n<meta property=\"og:type\" content=\"article\" \/>\n<meta property=\"og:title\" content=\"PETE sigaretttenner for barrer - S\u00f8rg for at r\u00f8ykkanalen har godt trekk\" \/>\n<meta property=\"og:description\" content=\"PETE-sokkelfeieren er en trekkforbedrende enhet som festes p\u00e5 toppen av skorsteinen. P\u00e5 den m\u00e5ten gj\u00f8r feieren det lettere \u00e5 tenne opp og bruke peisen.\" \/>\n<meta property=\"og:url\" content=\"https:\/\/pete.fi\/butikk\/savukaasuimurit\/savukaasuimurit-h-sarja\/savukaasuimuri-pete-h-sarja-harkkohormille\/\" \/>\n<meta property=\"og:site_name\" content=\"PETE-tuotteet\" \/>\n<meta property=\"article:publisher\" content=\"https:\/\/www.facebook.com\/petetuotteet\/\" \/>\n<meta property=\"og:image\" content=\"https:\/\/pete.fi\/wp-content\/uploads\/2024\/08\/PETE-savukaasuimuri_H-sarja_harkkohormille-scaled.jpeg\" \/>\n\t<meta property=\"og:image:width\" content=\"2560\" \/>\n\t<meta property=\"og:image:height\" content=\"2560\" \/>\n\t<meta property=\"og:image:type\" content=\"image\/jpeg\" \/>\n<meta name=\"twitter:card\" content=\"summary_large_image\" \/>\n<meta name=\"twitter:label1\" content=\"Ansl. lesetid\" \/>\n\t<meta name=\"twitter:data1\" content=\"2 minutter\" \/>\n<script type=\"application\/ld+json\" class=\"yoast-schema-graph\">{\"@context\":\"https:\\\/\\\/schema.org\",\"@graph\":[{\"@type\":\"WebPage\",\"@id\":\"https:\\\/\\\/pete.fi\\\/butikk\\\/savukaasuimurit\\\/savukaasuimurit-h-sarja\\\/savukaasuimuri-pete-h-sarja-harkkohormille\\\/\",\"url\":\"https:\\\/\\\/pete.fi\\\/butikk\\\/savukaasuimurit\\\/savukaasuimurit-h-sarja\\\/savukaasuimuri-pete-h-sarja-harkkohormille\\\/\",\"name\":\"PETE sigaretttenner for barrer - S\u00f8rg for at r\u00f8ykkanalen har godt trekk\",\"isPartOf\":{\"@id\":\"https:\\\/\\\/petefi.kehityssivusto.fihttps\\\/\\\/pete.fi\\\/#website\"},\"primaryImageOfPage\":{\"@id\":\"https:\\\/\\\/pete.fi\\\/butikk\\\/savukaasuimurit\\\/savukaasuimurit-h-sarja\\\/savukaasuimuri-pete-h-sarja-harkkohormille\\\/#primaryimage\"},\"image\":{\"@id\":\"https:\\\/\\\/pete.fi\\\/butikk\\\/savukaasuimurit\\\/savukaasuimurit-h-sarja\\\/savukaasuimuri-pete-h-sarja-harkkohormille\\\/#primaryimage\"},\"thumbnailUrl\":\"https:\\\/\\\/pete.fi\\\/wp-content\\\/uploads\\\/2024\\\/08\\\/PETE-savukaasuimuri_H-sarja_harkkohormille-scaled.jpeg\",\"datePublished\":\"2024-08-25T15:03:29+00:00\",\"description\":\"PETE-sokkelfeieren er en trekkforbedrende enhet som festes p\u00e5 toppen av skorsteinen. P\u00e5 den m\u00e5ten gj\u00f8r feieren det lettere \u00e5 tenne opp og bruke peisen.\",\"breadcrumb\":{\"@id\":\"https:\\\/\\\/pete.fi\\\/butikk\\\/savukaasuimurit\\\/savukaasuimurit-h-sarja\\\/savukaasuimuri-pete-h-sarja-harkkohormille\\\/#breadcrumb\"},\"inLanguage\":\"nb-NO\",\"potentialAction\":[{\"@type\":\"ReadAction\",\"target\":[\"https:\\\/\\\/pete.fi\\\/butikk\\\/savukaasuimurit\\\/savukaasuimurit-h-sarja\\\/savukaasuimuri-pete-h-sarja-harkkohormille\\\/\"]}]},{\"@type\":\"ImageObject\",\"inLanguage\":\"nb-NO\",\"@id\":\"https:\\\/\\\/pete.fi\\\/butikk\\\/savukaasuimurit\\\/savukaasuimurit-h-sarja\\\/savukaasuimuri-pete-h-sarja-harkkohormille\\\/#primaryimage\",\"url\":\"https:\\\/\\\/pete.fi\\\/wp-content\\\/uploads\\\/2024\\\/08\\\/PETE-savukaasuimuri_H-sarja_harkkohormille-scaled.jpeg\",\"contentUrl\":\"https:\\\/\\\/pete.fi\\\/wp-content\\\/uploads\\\/2024\\\/08\\\/PETE-savukaasuimuri_H-sarja_harkkohormille-scaled.jpeg\",\"width\":2560,\"height\":2560},{\"@type\":\"BreadcrumbList\",\"@id\":\"https:\\\/\\\/pete.fi\\\/butikk\\\/savukaasuimurit\\\/savukaasuimurit-h-sarja\\\/savukaasuimuri-pete-h-sarja-harkkohormille\\\/#breadcrumb\",\"itemListElement\":[{\"@type\":\"ListItem\",\"position\":1,\"name\":\"Home\",\"item\":\"https:\\\/\\\/pete.fi\\\/no\\\/home\\\/\"},{\"@type\":\"ListItem\",\"position\":2,\"name\":\"Butikk\",\"item\":\"https:\\\/\\\/pete.fi\\\/no\\\/butikk\\\/\"},{\"@type\":\"ListItem\",\"position\":3,\"name\":\"R\u00f8ykgassavtrekk PETE H-serien for ingot horn\"}]},{\"@type\":\"WebSite\",\"@id\":\"https:\\\/\\\/petefi.kehityssivusto.fihttps\\\/\\\/pete.fi\\\/#website\",\"url\":\"https:\\\/\\\/petefi.kehityssivusto.fihttps\\\/\\\/pete.fi\\\/\",\"name\":\"Pete.fi\",\"description\":\"\",\"publisher\":{\"@id\":\"https:\\\/\\\/petefi.kehityssivusto.fihttps\\\/\\\/pete.fi\\\/#organization\"},\"potentialAction\":[{\"@type\":\"SearchAction\",\"target\":{\"@type\":\"EntryPoint\",\"urlTemplate\":\"https:\\\/\\\/petefi.kehityssivusto.fihttps\\\/\\\/pete.fi\\\/?s={search_term_string}\"},\"query-input\":{\"@type\":\"PropertyValueSpecification\",\"valueRequired\":true,\"valueName\":\"search_term_string\"}}],\"inLanguage\":\"nb-NO\"},{\"@type\":\"Organization\",\"@id\":\"https:\\\/\\\/petefi.kehityssivusto.fihttps\\\/\\\/pete.fi\\\/#organization\",\"name\":\"Pete | Piipusta piippuun\",\"url\":\"https:\\\/\\\/petefi.kehityssivusto.fihttps\\\/\\\/pete.fi\\\/\",\"logo\":{\"@type\":\"ImageObject\",\"inLanguage\":\"nb-NO\",\"@id\":\"https:\\\/\\\/petefi.kehityssivusto.fihttps\\\/\\\/pete.fi\\\/#\\\/schema\\\/logo\\\/image\\\/\",\"url\":\"https:\\\/\\\/pete.fi\\\/wp-content\\\/uploads\\\/2023\\\/08\\\/cropped-logo_fi.jpeg\",\"contentUrl\":\"https:\\\/\\\/pete.fi\\\/wp-content\\\/uploads\\\/2023\\\/08\\\/cropped-logo_fi.jpeg\",\"width\":2243,\"height\":1589,\"caption\":\"Pete | Piipusta piippuun\"},\"image\":{\"@id\":\"https:\\\/\\\/petefi.kehityssivusto.fihttps\\\/\\\/pete.fi\\\/#\\\/schema\\\/logo\\\/image\\\/\"},\"sameAs\":[\"https:\\\/\\\/www.facebook.com\\\/petetuotteet\\\/\",\"https:\\\/\\\/www.instagram.com\\\/piipustapiippuun\"]}]}<\/script>\n<!-- \/ Yoast SEO plugin. -->","yoast_head_json":{"title":"PETE sigaretttenner for barrer - S\u00f8rg for at r\u00f8ykkanalen har godt trekk","description":"PETE-sokkelfeieren er en trekkforbedrende enhet som festes p\u00e5 toppen av skorsteinen. P\u00e5 den m\u00e5ten gj\u00f8r feieren det lettere \u00e5 tenne opp og bruke peisen.","robots":{"index":"index","follow":"follow","max-snippet":"max-snippet:-1","max-image-preview":"max-image-preview:large","max-video-preview":"max-video-preview:-1"},"canonical":"https:\/\/pete.fi\/butikk\/savukaasuimurit\/savukaasuimurit-h-sarja\/savukaasuimuri-pete-h-sarja-harkkohormille\/","og_locale":"nb_NO","og_type":"article","og_title":"PETE sigaretttenner for barrer - S\u00f8rg for at r\u00f8ykkanalen har godt trekk","og_description":"PETE-sokkelfeieren er en trekkforbedrende enhet som festes p\u00e5 toppen av skorsteinen. P\u00e5 den m\u00e5ten gj\u00f8r feieren det lettere \u00e5 tenne opp og bruke peisen.","og_url":"https:\/\/pete.fi\/butikk\/savukaasuimurit\/savukaasuimurit-h-sarja\/savukaasuimuri-pete-h-sarja-harkkohormille\/","og_site_name":"PETE-tuotteet","article_publisher":"https:\/\/www.facebook.com\/petetuotteet\/","og_image":[{"width":2560,"height":2560,"url":"https:\/\/pete.fi\/wp-content\/uploads\/2024\/08\/PETE-savukaasuimuri_H-sarja_harkkohormille-scaled.jpeg","type":"image\/jpeg"}],"twitter_card":"summary_large_image","twitter_misc":{"Ansl. lesetid":"2 minutter"},"schema":{"@context":"https:\/\/schema.org","@graph":[{"@type":"WebPage","@id":"https:\/\/pete.fi\/butikk\/savukaasuimurit\/savukaasuimurit-h-sarja\/savukaasuimuri-pete-h-sarja-harkkohormille\/","url":"https:\/\/pete.fi\/butikk\/savukaasuimurit\/savukaasuimurit-h-sarja\/savukaasuimuri-pete-h-sarja-harkkohormille\/","name":"PETE sigaretttenner for barrer - S\u00f8rg for at r\u00f8ykkanalen har godt trekk","isPartOf":{"@id":"https:\/\/petefi.kehityssivusto.fihttps\/\/pete.fi\/#website"},"primaryImageOfPage":{"@id":"https:\/\/pete.fi\/butikk\/savukaasuimurit\/savukaasuimurit-h-sarja\/savukaasuimuri-pete-h-sarja-harkkohormille\/#primaryimage"},"image":{"@id":"https:\/\/pete.fi\/butikk\/savukaasuimurit\/savukaasuimurit-h-sarja\/savukaasuimuri-pete-h-sarja-harkkohormille\/#primaryimage"},"thumbnailUrl":"https:\/\/pete.fi\/wp-content\/uploads\/2024\/08\/PETE-savukaasuimuri_H-sarja_harkkohormille-scaled.jpeg","datePublished":"2024-08-25T15:03:29+00:00","description":"PETE-sokkelfeieren er en trekkforbedrende enhet som festes p\u00e5 toppen av skorsteinen. P\u00e5 den m\u00e5ten gj\u00f8r feieren det lettere \u00e5 tenne opp og bruke peisen.","breadcrumb":{"@id":"https:\/\/pete.fi\/butikk\/savukaasuimurit\/savukaasuimurit-h-sarja\/savukaasuimuri-pete-h-sarja-harkkohormille\/#breadcrumb"},"inLanguage":"nb-NO","potentialAction":[{"@type":"ReadAction","target":["https:\/\/pete.fi\/butikk\/savukaasuimurit\/savukaasuimurit-h-sarja\/savukaasuimuri-pete-h-sarja-harkkohormille\/"]}]},{"@type":"ImageObject","inLanguage":"nb-NO","@id":"https:\/\/pete.fi\/butikk\/savukaasuimurit\/savukaasuimurit-h-sarja\/savukaasuimuri-pete-h-sarja-harkkohormille\/#primaryimage","url":"https:\/\/pete.fi\/wp-content\/uploads\/2024\/08\/PETE-savukaasuimuri_H-sarja_harkkohormille-scaled.jpeg","contentUrl":"https:\/\/pete.fi\/wp-content\/uploads\/2024\/08\/PETE-savukaasuimuri_H-sarja_harkkohormille-scaled.jpeg","width":2560,"height":2560},{"@type":"BreadcrumbList","@id":"https:\/\/pete.fi\/butikk\/savukaasuimurit\/savukaasuimurit-h-sarja\/savukaasuimuri-pete-h-sarja-harkkohormille\/#breadcrumb","itemListElement":[{"@type":"ListItem","position":1,"name":"Home","item":"https:\/\/pete.fi\/no\/home\/"},{"@type":"ListItem","position":2,"name":"Butikk","item":"https:\/\/pete.fi\/no\/butikk\/"},{"@type":"ListItem","position":3,"name":"R\u00f8ykgassavtrekk PETE H-serien for ingot horn"}]},{"@type":"WebSite","@id":"https:\/\/petefi.kehityssivusto.fihttps\/\/pete.fi\/#website","url":"https:\/\/petefi.kehityssivusto.fihttps\/\/pete.fi\/","name":"Pete.fi","description":"","publisher":{"@id":"https:\/\/petefi.kehityssivusto.fihttps\/\/pete.fi\/#organization"},"potentialAction":[{"@type":"SearchAction","target":{"@type":"EntryPoint","urlTemplate":"https:\/\/petefi.kehityssivusto.fihttps\/\/pete.fi\/?s={search_term_string}"},"query-input":{"@type":"PropertyValueSpecification","valueRequired":true,"valueName":"search_term_string"}}],"inLanguage":"nb-NO"},{"@type":"Organization","@id":"https:\/\/petefi.kehityssivusto.fihttps\/\/pete.fi\/#organization","name":"Pete | Piipusta piippuun","url":"https:\/\/petefi.kehityssivusto.fihttps\/\/pete.fi\/","logo":{"@type":"ImageObject","inLanguage":"nb-NO","@id":"https:\/\/petefi.kehityssivusto.fihttps\/\/pete.fi\/#\/schema\/logo\/image\/","url":"https:\/\/pete.fi\/wp-content\/uploads\/2023\/08\/cropped-logo_fi.jpeg","contentUrl":"https:\/\/pete.fi\/wp-content\/uploads\/2023\/08\/cropped-logo_fi.jpeg","width":2243,"height":1589,"caption":"Pete | Piipusta piippuun"},"image":{"@id":"https:\/\/petefi.kehityssivusto.fihttps\/\/pete.fi\/#\/schema\/logo\/image\/"},"sameAs":["https:\/\/www.facebook.com\/petetuotteet\/","https:\/\/www.instagram.com\/piipustapiippuun"]}]}},"_links":{"self":[{"href":"https:\/\/pete.fi\/no\/wp-json\/wp\/v2\/product\/4309","targetHints":{"allow":["GET"]}}],"collection":[{"href":"https:\/\/pete.fi\/no\/wp-json\/wp\/v2\/product"}],"about":[{"href":"https:\/\/pete.fi\/no\/wp-json\/wp\/v2\/types\/product"}],"wp:featuredmedia":[{"embeddable":true,"href":"https:\/\/pete.fi\/no\/wp-json\/wp\/v2\/media\/2661"}],"wp:attachment":[{"href":"https:\/\/pete.fi\/no\/wp-json\/wp\/v2\/media?parent=4309"}],"wp:term":[{"taxonomy":"product_brand","embeddable":true,"href":"https:\/\/pete.fi\/no\/wp-json\/wp\/v2\/product_brand?post=4309"},{"taxonomy":"product_cat","embeddable":true,"href":"https:\/\/pete.fi\/no\/wp-json\/wp\/v2\/product_cat?post=4309"},{"taxonomy":"product_tag","embeddable":true,"href":"https:\/\/pete.fi\/no\/wp-json\/wp\/v2\/product_tag?post=4309"}],"curies":[{"name":"wp","href":"https:\/\/api.w.org\/{rel}","templated":true}]}}