{"id":4301,"date":"2024-08-25T17:18:30","date_gmt":"2024-08-25T15:18:30","guid":{"rendered":"https:\/\/pete.fi\/kauppa\/ukategorisert\/roykgassavtrekk-pete-h-serien-for-stalhorn\/"},"modified":"2024-08-25T17:18:30","modified_gmt":"2024-08-25T15:18:30","slug":"roykgassavtrekk-pete-h-serien-for-stalhorn","status":"publish","type":"product","link":"https:\/\/pete.fi\/no\/butikk\/roykgassvifter\/roykgassavtrekk-i-h-serien\/roykgassavtrekk-pete-h-serien-for-stalhorn\/","title":{"rendered":"R\u00f8ykgassavtrekk PETE H-serien for st\u00e5lhorn"},"content":{"rendered":"<h2>PETE sigarettsugersett for st\u00e5lhorn<\/h2>\n<h5><strong>PETEs skorsteinsfeier<\/strong> er en elektrisk drevet trekkforsterker som festes p\u00e5 toppen av skorsteinen med et passende skorsteinsbeslag. R\u00f8ykgassavtrekket, ogs\u00e5 kjent som <strong>skorsteins-<\/strong> eller <strong>peisavtrekk<\/strong>, skaper et sug i r\u00f8ykr\u00f8ret, noe som gj\u00f8r det lettere \u00e5 tenne opp og bruke peisen.  Ikke mer r\u00f8yk fra peisen.<\/h5>\n<p><strong><br \/>\nFordeler:<\/strong><\/p>\n<ul>\n<li>\u00d8ker effektiviteten av r\u00f8ykgassutvinning<\/li>\n<li>Gj\u00f8r det lettere \u00e5 tenne opp og bruke peisen ved \u00e5 skape trekk i r\u00f8ykr\u00f8ret uansett v\u00e6rforhold<\/li>\n<li>Reduserer skadelige partikkelutslipp i inneluften<\/li>\n<li>Kan ogs\u00e5 brukes som et generelt ventilasjonsavtrekk, f.eks. om sommeren n\u00e5r peisen ikke er i bruk <\/li>\n<li>N\u00f8kkelflaggmerket &#8211; Innenlandsk design og produksjon<\/li>\n<li>CE-testet &#8211; Produktet har best\u00e5tt standardtestene<\/li>\n<\/ul>\n<p><strong><br \/>\nInnhold:<\/strong><\/p>\n<p>PETE-pakken med sigarettenner inneholder<\/p>\n<ul>\n<li>r\u00f8ykgassvaskerenhet<\/li>\n<li>festeanordning for st\u00e5lhorn<\/li>\n<li>sikkerhetsbryter<\/li>\n<li>sikkerhetsbryterstativet, og<\/li>\n<li>instruksjoner for installasjon og elektrisk kabling.<\/li>\n<\/ul>\n<p>Alt du trenger \u00e5 gj\u00f8re er \u00e5 legge til en regulator i pakken.<\/p>\n<p><strong><br \/>\nValg av modell for r\u00f8ykgassavtrekk:<\/strong><\/p>\n<p>Modell for r\u00f8ykgassavsug velges i henhold til st\u00f8rrelsen p\u00e5 mursteinshaugen og \u00f8nsket sugeeffekt. Hvis du trenger hjelp med \u00e5 velge riktig modell, kan du kontakte v\u00e5r produktsupport! <\/p>\n<ul>\n<li>PETE H200, n\u00e5r diameteren p\u00e5 st\u00e5lkroken er mindre enn eller lik 200 mm<\/li>\n<li>PETE H250, n\u00e5r diameteren p\u00e5 st\u00e5lkroken er mindre enn eller lik 250 mm<\/li>\n<li>PETE H315, n\u00e5r diameteren p\u00e5 st\u00e5lkroken er mindre enn eller lik 315 mm<\/li>\n<\/ul>\n<p>&nbsp;<\/p>\n<p><strong>Bestilling:<\/strong><\/p>\n<p>Som regel produseres st\u00e5lpinnene etter m\u00e5l. N\u00e5r du bestiller, vennligst oppgi den indre og ytre diameteren p\u00e5 st\u00e5lanhenget i kommentarfeltet i kassen etter kontaktopplysningene dine. <\/p>\n<p><strong><br \/>\nInstallering:<\/strong><\/p>\n<p>Det er raskt og enkelt \u00e5 feste r\u00f8ykr\u00f8ret mekanisk til st\u00e5lkroken. V\u00e6r oppmerksom p\u00e5 \u00e5pningsretningen til r\u00f8ykr\u00f8rshengslet n\u00e5r du fester det. Den endelige elektriske tilkoblingen av PETE-r\u00f8ykgassavtrekket m\u00e5 kun utf\u00f8res av en autorisert elektriker.  <\/p>\n","protected":false},"excerpt":{"rendered":"<h3 class=\"name\">Rst, sideveis bl\u00e5sing<\/h3>\n<h3 id=\"lt4\" class=\"header\"><\/h3>\n<div class=\"product-data\">\n<p class=\"heading kortti-info-title\">\n<\/div>\n","protected":false},"featured_media":2658,"template":"","meta":{"_acf_changed":false},"product_brand":[],"product_cat":[154,153],"product_tag":[155,156,157],"class_list":{"0":"post-4301","1":"product","2":"type-product","3":"status-publish","4":"has-post-thumbnail","6":"product_cat-roykgassavtrekk-i-h-serien","7":"product_cat-roykgassvifter","8":"product_tag-avtrekk-for-roykgass","9":"product_tag-peisavtrekk","10":"product_tag-roykavtrekk","12":"first","13":"instock","14":"taxable","15":"shipping-taxable","16":"purchasable","17":"product-type-variable"},"acf":[],"yoast_head":"<!-- This site is optimized with the Yoast SEO plugin v27.3 - https:\/\/yoast.com\/product\/yoast-seo-wordpress\/ -->\n<title>PETE Sigarettr\u00f8ykavtrekk for st\u00e5lspon - Gir et p\u00e5litelig trekk<\/title>\n<meta name=\"description\" content=\"PETE-sotfeieren er en trekkforbedrende anordning som festes p\u00e5 toppen av skorsteinen. Den gj\u00f8r det lettere \u00e5 tenne opp og bruke peisen.\" \/>\n<meta name=\"robots\" content=\"index, follow, max-snippet:-1, max-image-preview:large, max-video-preview:-1\" \/>\n<link rel=\"canonical\" href=\"https:\/\/pete.fi\/butikk\/savukaasuimurit\/savukaasuimurit-h-sarja\/savukaasuimuri-pete-h-sarja-terashormille\/\" \/>\n<meta property=\"og:locale\" content=\"nb_NO\" \/>\n<meta property=\"og:type\" content=\"article\" \/>\n<meta property=\"og:title\" content=\"PETE Sigarettr\u00f8ykavtrekk for st\u00e5lspon - Gir et p\u00e5litelig trekk\" \/>\n<meta property=\"og:description\" content=\"PETE-sotfeieren er en trekkforbedrende anordning som festes p\u00e5 toppen av skorsteinen. Den gj\u00f8r det lettere \u00e5 tenne opp og bruke peisen.\" \/>\n<meta property=\"og:url\" content=\"https:\/\/pete.fi\/butikk\/savukaasuimurit\/savukaasuimurit-h-sarja\/savukaasuimuri-pete-h-sarja-terashormille\/\" \/>\n<meta property=\"og:site_name\" content=\"PETE-tuotteet\" \/>\n<meta property=\"article:publisher\" content=\"https:\/\/www.facebook.com\/petetuotteet\/\" \/>\n<meta property=\"og:image\" content=\"https:\/\/pete.fi\/wp-content\/uploads\/2024\/08\/PETE-savukaasuimuri_H-sarja_terashormille-scaled.jpeg\" \/>\n\t<meta property=\"og:image:width\" content=\"2560\" \/>\n\t<meta property=\"og:image:height\" content=\"2560\" \/>\n\t<meta property=\"og:image:type\" content=\"image\/jpeg\" \/>\n<meta name=\"twitter:card\" content=\"summary_large_image\" \/>\n<meta name=\"twitter:label1\" content=\"Ansl. lesetid\" \/>\n\t<meta name=\"twitter:data1\" content=\"1 minutt\" \/>\n<script type=\"application\/ld+json\" class=\"yoast-schema-graph\">{\"@context\":\"https:\\\/\\\/schema.org\",\"@graph\":[{\"@type\":\"WebPage\",\"@id\":\"https:\\\/\\\/pete.fi\\\/butikk\\\/savukaasuimurit\\\/savukaasuimurit-h-sarja\\\/savukaasuimuri-pete-h-sarja-terashormille\\\/\",\"url\":\"https:\\\/\\\/pete.fi\\\/butikk\\\/savukaasuimurit\\\/savukaasuimurit-h-sarja\\\/savukaasuimuri-pete-h-sarja-terashormille\\\/\",\"name\":\"PETE Sigarettr\u00f8ykavtrekk for st\u00e5lspon - Gir et p\u00e5litelig trekk\",\"isPartOf\":{\"@id\":\"https:\\\/\\\/petefi.kehityssivusto.fihttps\\\/\\\/pete.fi\\\/#website\"},\"primaryImageOfPage\":{\"@id\":\"https:\\\/\\\/pete.fi\\\/butikk\\\/savukaasuimurit\\\/savukaasuimurit-h-sarja\\\/savukaasuimuri-pete-h-sarja-terashormille\\\/#primaryimage\"},\"image\":{\"@id\":\"https:\\\/\\\/pete.fi\\\/butikk\\\/savukaasuimurit\\\/savukaasuimurit-h-sarja\\\/savukaasuimuri-pete-h-sarja-terashormille\\\/#primaryimage\"},\"thumbnailUrl\":\"https:\\\/\\\/pete.fi\\\/wp-content\\\/uploads\\\/2024\\\/08\\\/PETE-savukaasuimuri_H-sarja_terashormille-scaled.jpeg\",\"datePublished\":\"2024-08-25T15:18:30+00:00\",\"description\":\"PETE-sotfeieren er en trekkforbedrende anordning som festes p\u00e5 toppen av skorsteinen. Den gj\u00f8r det lettere \u00e5 tenne opp og bruke peisen.\",\"breadcrumb\":{\"@id\":\"https:\\\/\\\/pete.fi\\\/butikk\\\/savukaasuimurit\\\/savukaasuimurit-h-sarja\\\/savukaasuimuri-pete-h-sarja-terashormille\\\/#breadcrumb\"},\"inLanguage\":\"nb-NO\",\"potentialAction\":[{\"@type\":\"ReadAction\",\"target\":[\"https:\\\/\\\/pete.fi\\\/butikk\\\/savukaasuimurit\\\/savukaasuimurit-h-sarja\\\/savukaasuimuri-pete-h-sarja-terashormille\\\/\"]}]},{\"@type\":\"ImageObject\",\"inLanguage\":\"nb-NO\",\"@id\":\"https:\\\/\\\/pete.fi\\\/butikk\\\/savukaasuimurit\\\/savukaasuimurit-h-sarja\\\/savukaasuimuri-pete-h-sarja-terashormille\\\/#primaryimage\",\"url\":\"https:\\\/\\\/pete.fi\\\/wp-content\\\/uploads\\\/2024\\\/08\\\/PETE-savukaasuimuri_H-sarja_terashormille-scaled.jpeg\",\"contentUrl\":\"https:\\\/\\\/pete.fi\\\/wp-content\\\/uploads\\\/2024\\\/08\\\/PETE-savukaasuimuri_H-sarja_terashormille-scaled.jpeg\",\"width\":2560,\"height\":2560},{\"@type\":\"BreadcrumbList\",\"@id\":\"https:\\\/\\\/pete.fi\\\/butikk\\\/savukaasuimurit\\\/savukaasuimurit-h-sarja\\\/savukaasuimuri-pete-h-sarja-terashormille\\\/#breadcrumb\",\"itemListElement\":[{\"@type\":\"ListItem\",\"position\":1,\"name\":\"Home\",\"item\":\"https:\\\/\\\/pete.fi\\\/no\\\/home\\\/\"},{\"@type\":\"ListItem\",\"position\":2,\"name\":\"Butikk\",\"item\":\"https:\\\/\\\/pete.fi\\\/no\\\/butikk\\\/\"},{\"@type\":\"ListItem\",\"position\":3,\"name\":\"R\u00f8ykgassavtrekk PETE H-serien for st\u00e5lhorn\"}]},{\"@type\":\"WebSite\",\"@id\":\"https:\\\/\\\/petefi.kehityssivusto.fihttps\\\/\\\/pete.fi\\\/#website\",\"url\":\"https:\\\/\\\/petefi.kehityssivusto.fihttps\\\/\\\/pete.fi\\\/\",\"name\":\"Pete.fi\",\"description\":\"\",\"publisher\":{\"@id\":\"https:\\\/\\\/petefi.kehityssivusto.fihttps\\\/\\\/pete.fi\\\/#organization\"},\"potentialAction\":[{\"@type\":\"SearchAction\",\"target\":{\"@type\":\"EntryPoint\",\"urlTemplate\":\"https:\\\/\\\/petefi.kehityssivusto.fihttps\\\/\\\/pete.fi\\\/?s={search_term_string}\"},\"query-input\":{\"@type\":\"PropertyValueSpecification\",\"valueRequired\":true,\"valueName\":\"search_term_string\"}}],\"inLanguage\":\"nb-NO\"},{\"@type\":\"Organization\",\"@id\":\"https:\\\/\\\/petefi.kehityssivusto.fihttps\\\/\\\/pete.fi\\\/#organization\",\"name\":\"Pete | Piipusta piippuun\",\"url\":\"https:\\\/\\\/petefi.kehityssivusto.fihttps\\\/\\\/pete.fi\\\/\",\"logo\":{\"@type\":\"ImageObject\",\"inLanguage\":\"nb-NO\",\"@id\":\"https:\\\/\\\/petefi.kehityssivusto.fihttps\\\/\\\/pete.fi\\\/#\\\/schema\\\/logo\\\/image\\\/\",\"url\":\"https:\\\/\\\/pete.fi\\\/wp-content\\\/uploads\\\/2023\\\/08\\\/cropped-logo_fi.jpeg\",\"contentUrl\":\"https:\\\/\\\/pete.fi\\\/wp-content\\\/uploads\\\/2023\\\/08\\\/cropped-logo_fi.jpeg\",\"width\":2243,\"height\":1589,\"caption\":\"Pete | Piipusta piippuun\"},\"image\":{\"@id\":\"https:\\\/\\\/petefi.kehityssivusto.fihttps\\\/\\\/pete.fi\\\/#\\\/schema\\\/logo\\\/image\\\/\"},\"sameAs\":[\"https:\\\/\\\/www.facebook.com\\\/petetuotteet\\\/\",\"https:\\\/\\\/www.instagram.com\\\/piipustapiippuun\"]}]}<\/script>\n<!-- \/ Yoast SEO plugin. -->","yoast_head_json":{"title":"PETE Sigarettr\u00f8ykavtrekk for st\u00e5lspon - Gir et p\u00e5litelig trekk","description":"PETE-sotfeieren er en trekkforbedrende anordning som festes p\u00e5 toppen av skorsteinen. Den gj\u00f8r det lettere \u00e5 tenne opp og bruke peisen.","robots":{"index":"index","follow":"follow","max-snippet":"max-snippet:-1","max-image-preview":"max-image-preview:large","max-video-preview":"max-video-preview:-1"},"canonical":"https:\/\/pete.fi\/butikk\/savukaasuimurit\/savukaasuimurit-h-sarja\/savukaasuimuri-pete-h-sarja-terashormille\/","og_locale":"nb_NO","og_type":"article","og_title":"PETE Sigarettr\u00f8ykavtrekk for st\u00e5lspon - Gir et p\u00e5litelig trekk","og_description":"PETE-sotfeieren er en trekkforbedrende anordning som festes p\u00e5 toppen av skorsteinen. Den gj\u00f8r det lettere \u00e5 tenne opp og bruke peisen.","og_url":"https:\/\/pete.fi\/butikk\/savukaasuimurit\/savukaasuimurit-h-sarja\/savukaasuimuri-pete-h-sarja-terashormille\/","og_site_name":"PETE-tuotteet","article_publisher":"https:\/\/www.facebook.com\/petetuotteet\/","og_image":[{"width":2560,"height":2560,"url":"https:\/\/pete.fi\/wp-content\/uploads\/2024\/08\/PETE-savukaasuimuri_H-sarja_terashormille-scaled.jpeg","type":"image\/jpeg"}],"twitter_card":"summary_large_image","twitter_misc":{"Ansl. lesetid":"1 minutt"},"schema":{"@context":"https:\/\/schema.org","@graph":[{"@type":"WebPage","@id":"https:\/\/pete.fi\/butikk\/savukaasuimurit\/savukaasuimurit-h-sarja\/savukaasuimuri-pete-h-sarja-terashormille\/","url":"https:\/\/pete.fi\/butikk\/savukaasuimurit\/savukaasuimurit-h-sarja\/savukaasuimuri-pete-h-sarja-terashormille\/","name":"PETE Sigarettr\u00f8ykavtrekk for st\u00e5lspon - Gir et p\u00e5litelig trekk","isPartOf":{"@id":"https:\/\/petefi.kehityssivusto.fihttps\/\/pete.fi\/#website"},"primaryImageOfPage":{"@id":"https:\/\/pete.fi\/butikk\/savukaasuimurit\/savukaasuimurit-h-sarja\/savukaasuimuri-pete-h-sarja-terashormille\/#primaryimage"},"image":{"@id":"https:\/\/pete.fi\/butikk\/savukaasuimurit\/savukaasuimurit-h-sarja\/savukaasuimuri-pete-h-sarja-terashormille\/#primaryimage"},"thumbnailUrl":"https:\/\/pete.fi\/wp-content\/uploads\/2024\/08\/PETE-savukaasuimuri_H-sarja_terashormille-scaled.jpeg","datePublished":"2024-08-25T15:18:30+00:00","description":"PETE-sotfeieren er en trekkforbedrende anordning som festes p\u00e5 toppen av skorsteinen. Den gj\u00f8r det lettere \u00e5 tenne opp og bruke peisen.","breadcrumb":{"@id":"https:\/\/pete.fi\/butikk\/savukaasuimurit\/savukaasuimurit-h-sarja\/savukaasuimuri-pete-h-sarja-terashormille\/#breadcrumb"},"inLanguage":"nb-NO","potentialAction":[{"@type":"ReadAction","target":["https:\/\/pete.fi\/butikk\/savukaasuimurit\/savukaasuimurit-h-sarja\/savukaasuimuri-pete-h-sarja-terashormille\/"]}]},{"@type":"ImageObject","inLanguage":"nb-NO","@id":"https:\/\/pete.fi\/butikk\/savukaasuimurit\/savukaasuimurit-h-sarja\/savukaasuimuri-pete-h-sarja-terashormille\/#primaryimage","url":"https:\/\/pete.fi\/wp-content\/uploads\/2024\/08\/PETE-savukaasuimuri_H-sarja_terashormille-scaled.jpeg","contentUrl":"https:\/\/pete.fi\/wp-content\/uploads\/2024\/08\/PETE-savukaasuimuri_H-sarja_terashormille-scaled.jpeg","width":2560,"height":2560},{"@type":"BreadcrumbList","@id":"https:\/\/pete.fi\/butikk\/savukaasuimurit\/savukaasuimurit-h-sarja\/savukaasuimuri-pete-h-sarja-terashormille\/#breadcrumb","itemListElement":[{"@type":"ListItem","position":1,"name":"Home","item":"https:\/\/pete.fi\/no\/home\/"},{"@type":"ListItem","position":2,"name":"Butikk","item":"https:\/\/pete.fi\/no\/butikk\/"},{"@type":"ListItem","position":3,"name":"R\u00f8ykgassavtrekk PETE H-serien for st\u00e5lhorn"}]},{"@type":"WebSite","@id":"https:\/\/petefi.kehityssivusto.fihttps\/\/pete.fi\/#website","url":"https:\/\/petefi.kehityssivusto.fihttps\/\/pete.fi\/","name":"Pete.fi","description":"","publisher":{"@id":"https:\/\/petefi.kehityssivusto.fihttps\/\/pete.fi\/#organization"},"potentialAction":[{"@type":"SearchAction","target":{"@type":"EntryPoint","urlTemplate":"https:\/\/petefi.kehityssivusto.fihttps\/\/pete.fi\/?s={search_term_string}"},"query-input":{"@type":"PropertyValueSpecification","valueRequired":true,"valueName":"search_term_string"}}],"inLanguage":"nb-NO"},{"@type":"Organization","@id":"https:\/\/petefi.kehityssivusto.fihttps\/\/pete.fi\/#organization","name":"Pete | Piipusta piippuun","url":"https:\/\/petefi.kehityssivusto.fihttps\/\/pete.fi\/","logo":{"@type":"ImageObject","inLanguage":"nb-NO","@id":"https:\/\/petefi.kehityssivusto.fihttps\/\/pete.fi\/#\/schema\/logo\/image\/","url":"https:\/\/pete.fi\/wp-content\/uploads\/2023\/08\/cropped-logo_fi.jpeg","contentUrl":"https:\/\/pete.fi\/wp-content\/uploads\/2023\/08\/cropped-logo_fi.jpeg","width":2243,"height":1589,"caption":"Pete | Piipusta piippuun"},"image":{"@id":"https:\/\/petefi.kehityssivusto.fihttps\/\/pete.fi\/#\/schema\/logo\/image\/"},"sameAs":["https:\/\/www.facebook.com\/petetuotteet\/","https:\/\/www.instagram.com\/piipustapiippuun"]}]}},"_links":{"self":[{"href":"https:\/\/pete.fi\/no\/wp-json\/wp\/v2\/product\/4301","targetHints":{"allow":["GET"]}}],"collection":[{"href":"https:\/\/pete.fi\/no\/wp-json\/wp\/v2\/product"}],"about":[{"href":"https:\/\/pete.fi\/no\/wp-json\/wp\/v2\/types\/product"}],"wp:featuredmedia":[{"embeddable":true,"href":"https:\/\/pete.fi\/no\/wp-json\/wp\/v2\/media\/2658"}],"wp:attachment":[{"href":"https:\/\/pete.fi\/no\/wp-json\/wp\/v2\/media?parent=4301"}],"wp:term":[{"taxonomy":"product_brand","embeddable":true,"href":"https:\/\/pete.fi\/no\/wp-json\/wp\/v2\/product_brand?post=4301"},{"taxonomy":"product_cat","embeddable":true,"href":"https:\/\/pete.fi\/no\/wp-json\/wp\/v2\/product_cat?post=4301"},{"taxonomy":"product_tag","embeddable":true,"href":"https:\/\/pete.fi\/no\/wp-json\/wp\/v2\/product_tag?post=4301"}],"curies":[{"name":"wp","href":"https:\/\/api.w.org\/{rel}","templated":true}]}}