{"id":4289,"date":"2024-08-25T20:56:05","date_gmt":"2024-08-25T18:56:05","guid":{"rendered":"https:\/\/pete.fi\/kauppa\/ukategorisert\/fleksibel-iv-kanal-pete-monoflex-o80mm-25m\/"},"modified":"2024-08-25T20:56:05","modified_gmt":"2024-08-25T18:56:05","slug":"fleksibel-iv-kanal-pete-monoflex-o80mm-25m","status":"publish","type":"product","link":"https:\/\/pete.fi\/no\/butikk\/fleksible-ventilasjonskanaler\/iv-kanaler-av-aluminium\/fleksibel-iv-kanal-pete-monoflex-o80mm-25m\/","title":{"rendered":"Fleksibel IV-kanal PETE Monoflex \u00d880mm 2,5m"},"content":{"rendered":"<p>Den fleksible ventilasjonskanalen PETE Monoflex er beregnet for bruk i trange rom eller andre situasjoner der det er vanskelig \u00e5 f\u00e5 plass til en fast metallkanal. PETE Monoflex er laget av aluminium og har en materialtykkelse p\u00e5 0,10 mm. Kanalen strekkes til en arbeidslengde p\u00e5 2,5 m og kuttes til riktig lengde med en skarp kniv. Ikke egnet for bruk med avtrekkshetter!   <\/p>\n","protected":false},"excerpt":{"rendered":"<p>Aluminium, 1-veggskanal<br \/>\nIkke for bruk med avtrekkshetter!<\/p>\n","protected":false},"featured_media":1623,"template":"","meta":{"_acf_changed":false},"product_brand":[],"product_cat":[150,152],"product_tag":[],"class_list":{"0":"post-4289","1":"product","2":"type-product","3":"status-publish","4":"has-post-thumbnail","6":"product_cat-fleksible-ventilasjonskanaler","7":"product_cat-iv-kanaler-av-aluminium","9":"first","10":"instock","11":"taxable","12":"shipping-taxable","13":"purchasable","14":"product-type-simple"},"acf":[],"yoast_head":"<!-- This site is optimized with the Yoast SEO plugin v27.3 - https:\/\/yoast.com\/product\/yoast-seo-wordpress\/ -->\n<title>Fleksibel IV-kanal PETE Monoflex \u00d880mm 2,5m - PETE-tuotteet<\/title>\n<meta name=\"robots\" content=\"index, follow, max-snippet:-1, max-image-preview:large, max-video-preview:-1\" \/>\n<link rel=\"canonical\" href=\"https:\/\/pete.fi\/butikk\/taipuisat-ilmanvaihtokanavat\/alumiiniset-iv-kanavat\/taipuisa-iv-kanava-pete-monoflex-o80mm-25m\/\" \/>\n<meta property=\"og:locale\" content=\"nb_NO\" \/>\n<meta property=\"og:type\" content=\"article\" \/>\n<meta property=\"og:title\" content=\"Fleksibel IV-kanal PETE Monoflex \u00d880mm 2,5m - PETE-tuotteet\" \/>\n<meta property=\"og:description\" content=\"Aluminium, 1-veggskanal Ikke for bruk med avtrekkshetter!\" \/>\n<meta property=\"og:url\" content=\"https:\/\/pete.fi\/butikk\/taipuisat-ilmanvaihtokanavat\/alumiiniset-iv-kanavat\/taipuisa-iv-kanava-pete-monoflex-o80mm-25m\/\" \/>\n<meta property=\"og:site_name\" content=\"PETE-tuotteet\" \/>\n<meta property=\"article:publisher\" content=\"https:\/\/www.facebook.com\/petetuotteet\/\" \/>\n<meta property=\"og:image\" content=\"https:\/\/pete.fi\/wp-content\/uploads\/2024\/08\/ilmanvaihtokanava.jpg\" \/>\n\t<meta property=\"og:image:width\" content=\"700\" \/>\n\t<meta property=\"og:image:height\" content=\"700\" \/>\n\t<meta property=\"og:image:type\" content=\"image\/jpeg\" \/>\n<meta name=\"twitter:card\" content=\"summary_large_image\" \/>\n<script type=\"application\/ld+json\" class=\"yoast-schema-graph\">{\"@context\":\"https:\\\/\\\/schema.org\",\"@graph\":[{\"@type\":\"WebPage\",\"@id\":\"https:\\\/\\\/pete.fi\\\/butikk\\\/taipuisat-ilmanvaihtokanavat\\\/alumiiniset-iv-kanavat\\\/taipuisa-iv-kanava-pete-monoflex-o80mm-25m\\\/\",\"url\":\"https:\\\/\\\/pete.fi\\\/butikk\\\/taipuisat-ilmanvaihtokanavat\\\/alumiiniset-iv-kanavat\\\/taipuisa-iv-kanava-pete-monoflex-o80mm-25m\\\/\",\"name\":\"Fleksibel IV-kanal PETE Monoflex \u00d880mm 2,5m - PETE-tuotteet\",\"isPartOf\":{\"@id\":\"https:\\\/\\\/petefi.kehityssivusto.fihttps\\\/\\\/pete.fi\\\/#website\"},\"primaryImageOfPage\":{\"@id\":\"https:\\\/\\\/pete.fi\\\/butikk\\\/taipuisat-ilmanvaihtokanavat\\\/alumiiniset-iv-kanavat\\\/taipuisa-iv-kanava-pete-monoflex-o80mm-25m\\\/#primaryimage\"},\"image\":{\"@id\":\"https:\\\/\\\/pete.fi\\\/butikk\\\/taipuisat-ilmanvaihtokanavat\\\/alumiiniset-iv-kanavat\\\/taipuisa-iv-kanava-pete-monoflex-o80mm-25m\\\/#primaryimage\"},\"thumbnailUrl\":\"https:\\\/\\\/pete.fi\\\/wp-content\\\/uploads\\\/2024\\\/08\\\/ilmanvaihtokanava.jpg\",\"datePublished\":\"2024-08-25T18:56:05+00:00\",\"breadcrumb\":{\"@id\":\"https:\\\/\\\/pete.fi\\\/butikk\\\/taipuisat-ilmanvaihtokanavat\\\/alumiiniset-iv-kanavat\\\/taipuisa-iv-kanava-pete-monoflex-o80mm-25m\\\/#breadcrumb\"},\"inLanguage\":\"nb-NO\",\"potentialAction\":[{\"@type\":\"ReadAction\",\"target\":[\"https:\\\/\\\/pete.fi\\\/butikk\\\/taipuisat-ilmanvaihtokanavat\\\/alumiiniset-iv-kanavat\\\/taipuisa-iv-kanava-pete-monoflex-o80mm-25m\\\/\"]}]},{\"@type\":\"ImageObject\",\"inLanguage\":\"nb-NO\",\"@id\":\"https:\\\/\\\/pete.fi\\\/butikk\\\/taipuisat-ilmanvaihtokanavat\\\/alumiiniset-iv-kanavat\\\/taipuisa-iv-kanava-pete-monoflex-o80mm-25m\\\/#primaryimage\",\"url\":\"https:\\\/\\\/pete.fi\\\/wp-content\\\/uploads\\\/2024\\\/08\\\/ilmanvaihtokanava.jpg\",\"contentUrl\":\"https:\\\/\\\/pete.fi\\\/wp-content\\\/uploads\\\/2024\\\/08\\\/ilmanvaihtokanava.jpg\",\"width\":700,\"height\":700},{\"@type\":\"BreadcrumbList\",\"@id\":\"https:\\\/\\\/pete.fi\\\/butikk\\\/taipuisat-ilmanvaihtokanavat\\\/alumiiniset-iv-kanavat\\\/taipuisa-iv-kanava-pete-monoflex-o80mm-25m\\\/#breadcrumb\",\"itemListElement\":[{\"@type\":\"ListItem\",\"position\":1,\"name\":\"Home\",\"item\":\"https:\\\/\\\/pete.fi\\\/no\\\/home\\\/\"},{\"@type\":\"ListItem\",\"position\":2,\"name\":\"Butikk\",\"item\":\"https:\\\/\\\/pete.fi\\\/no\\\/butikk\\\/\"},{\"@type\":\"ListItem\",\"position\":3,\"name\":\"Fleksibel IV-kanal PETE Monoflex \u00d880mm 2,5m\"}]},{\"@type\":\"WebSite\",\"@id\":\"https:\\\/\\\/petefi.kehityssivusto.fihttps\\\/\\\/pete.fi\\\/#website\",\"url\":\"https:\\\/\\\/petefi.kehityssivusto.fihttps\\\/\\\/pete.fi\\\/\",\"name\":\"Pete.fi\",\"description\":\"\",\"publisher\":{\"@id\":\"https:\\\/\\\/petefi.kehityssivusto.fihttps\\\/\\\/pete.fi\\\/#organization\"},\"potentialAction\":[{\"@type\":\"SearchAction\",\"target\":{\"@type\":\"EntryPoint\",\"urlTemplate\":\"https:\\\/\\\/petefi.kehityssivusto.fihttps\\\/\\\/pete.fi\\\/?s={search_term_string}\"},\"query-input\":{\"@type\":\"PropertyValueSpecification\",\"valueRequired\":true,\"valueName\":\"search_term_string\"}}],\"inLanguage\":\"nb-NO\"},{\"@type\":\"Organization\",\"@id\":\"https:\\\/\\\/petefi.kehityssivusto.fihttps\\\/\\\/pete.fi\\\/#organization\",\"name\":\"Pete | Piipusta piippuun\",\"url\":\"https:\\\/\\\/petefi.kehityssivusto.fihttps\\\/\\\/pete.fi\\\/\",\"logo\":{\"@type\":\"ImageObject\",\"inLanguage\":\"nb-NO\",\"@id\":\"https:\\\/\\\/petefi.kehityssivusto.fihttps\\\/\\\/pete.fi\\\/#\\\/schema\\\/logo\\\/image\\\/\",\"url\":\"https:\\\/\\\/pete.fi\\\/wp-content\\\/uploads\\\/2023\\\/08\\\/cropped-logo_fi.jpeg\",\"contentUrl\":\"https:\\\/\\\/pete.fi\\\/wp-content\\\/uploads\\\/2023\\\/08\\\/cropped-logo_fi.jpeg\",\"width\":2243,\"height\":1589,\"caption\":\"Pete | Piipusta piippuun\"},\"image\":{\"@id\":\"https:\\\/\\\/petefi.kehityssivusto.fihttps\\\/\\\/pete.fi\\\/#\\\/schema\\\/logo\\\/image\\\/\"},\"sameAs\":[\"https:\\\/\\\/www.facebook.com\\\/petetuotteet\\\/\",\"https:\\\/\\\/www.instagram.com\\\/piipustapiippuun\"]}]}<\/script>\n<!-- \/ Yoast SEO plugin. -->","yoast_head_json":{"title":"Fleksibel IV-kanal PETE Monoflex \u00d880mm 2,5m - PETE-tuotteet","robots":{"index":"index","follow":"follow","max-snippet":"max-snippet:-1","max-image-preview":"max-image-preview:large","max-video-preview":"max-video-preview:-1"},"canonical":"https:\/\/pete.fi\/butikk\/taipuisat-ilmanvaihtokanavat\/alumiiniset-iv-kanavat\/taipuisa-iv-kanava-pete-monoflex-o80mm-25m\/","og_locale":"nb_NO","og_type":"article","og_title":"Fleksibel IV-kanal PETE Monoflex \u00d880mm 2,5m - PETE-tuotteet","og_description":"Aluminium, 1-veggskanal Ikke for bruk med avtrekkshetter!","og_url":"https:\/\/pete.fi\/butikk\/taipuisat-ilmanvaihtokanavat\/alumiiniset-iv-kanavat\/taipuisa-iv-kanava-pete-monoflex-o80mm-25m\/","og_site_name":"PETE-tuotteet","article_publisher":"https:\/\/www.facebook.com\/petetuotteet\/","og_image":[{"width":700,"height":700,"url":"https:\/\/pete.fi\/wp-content\/uploads\/2024\/08\/ilmanvaihtokanava.jpg","type":"image\/jpeg"}],"twitter_card":"summary_large_image","schema":{"@context":"https:\/\/schema.org","@graph":[{"@type":"WebPage","@id":"https:\/\/pete.fi\/butikk\/taipuisat-ilmanvaihtokanavat\/alumiiniset-iv-kanavat\/taipuisa-iv-kanava-pete-monoflex-o80mm-25m\/","url":"https:\/\/pete.fi\/butikk\/taipuisat-ilmanvaihtokanavat\/alumiiniset-iv-kanavat\/taipuisa-iv-kanava-pete-monoflex-o80mm-25m\/","name":"Fleksibel IV-kanal PETE Monoflex \u00d880mm 2,5m - PETE-tuotteet","isPartOf":{"@id":"https:\/\/petefi.kehityssivusto.fihttps\/\/pete.fi\/#website"},"primaryImageOfPage":{"@id":"https:\/\/pete.fi\/butikk\/taipuisat-ilmanvaihtokanavat\/alumiiniset-iv-kanavat\/taipuisa-iv-kanava-pete-monoflex-o80mm-25m\/#primaryimage"},"image":{"@id":"https:\/\/pete.fi\/butikk\/taipuisat-ilmanvaihtokanavat\/alumiiniset-iv-kanavat\/taipuisa-iv-kanava-pete-monoflex-o80mm-25m\/#primaryimage"},"thumbnailUrl":"https:\/\/pete.fi\/wp-content\/uploads\/2024\/08\/ilmanvaihtokanava.jpg","datePublished":"2024-08-25T18:56:05+00:00","breadcrumb":{"@id":"https:\/\/pete.fi\/butikk\/taipuisat-ilmanvaihtokanavat\/alumiiniset-iv-kanavat\/taipuisa-iv-kanava-pete-monoflex-o80mm-25m\/#breadcrumb"},"inLanguage":"nb-NO","potentialAction":[{"@type":"ReadAction","target":["https:\/\/pete.fi\/butikk\/taipuisat-ilmanvaihtokanavat\/alumiiniset-iv-kanavat\/taipuisa-iv-kanava-pete-monoflex-o80mm-25m\/"]}]},{"@type":"ImageObject","inLanguage":"nb-NO","@id":"https:\/\/pete.fi\/butikk\/taipuisat-ilmanvaihtokanavat\/alumiiniset-iv-kanavat\/taipuisa-iv-kanava-pete-monoflex-o80mm-25m\/#primaryimage","url":"https:\/\/pete.fi\/wp-content\/uploads\/2024\/08\/ilmanvaihtokanava.jpg","contentUrl":"https:\/\/pete.fi\/wp-content\/uploads\/2024\/08\/ilmanvaihtokanava.jpg","width":700,"height":700},{"@type":"BreadcrumbList","@id":"https:\/\/pete.fi\/butikk\/taipuisat-ilmanvaihtokanavat\/alumiiniset-iv-kanavat\/taipuisa-iv-kanava-pete-monoflex-o80mm-25m\/#breadcrumb","itemListElement":[{"@type":"ListItem","position":1,"name":"Home","item":"https:\/\/pete.fi\/no\/home\/"},{"@type":"ListItem","position":2,"name":"Butikk","item":"https:\/\/pete.fi\/no\/butikk\/"},{"@type":"ListItem","position":3,"name":"Fleksibel IV-kanal PETE Monoflex \u00d880mm 2,5m"}]},{"@type":"WebSite","@id":"https:\/\/petefi.kehityssivusto.fihttps\/\/pete.fi\/#website","url":"https:\/\/petefi.kehityssivusto.fihttps\/\/pete.fi\/","name":"Pete.fi","description":"","publisher":{"@id":"https:\/\/petefi.kehityssivusto.fihttps\/\/pete.fi\/#organization"},"potentialAction":[{"@type":"SearchAction","target":{"@type":"EntryPoint","urlTemplate":"https:\/\/petefi.kehityssivusto.fihttps\/\/pete.fi\/?s={search_term_string}"},"query-input":{"@type":"PropertyValueSpecification","valueRequired":true,"valueName":"search_term_string"}}],"inLanguage":"nb-NO"},{"@type":"Organization","@id":"https:\/\/petefi.kehityssivusto.fihttps\/\/pete.fi\/#organization","name":"Pete | Piipusta piippuun","url":"https:\/\/petefi.kehityssivusto.fihttps\/\/pete.fi\/","logo":{"@type":"ImageObject","inLanguage":"nb-NO","@id":"https:\/\/petefi.kehityssivusto.fihttps\/\/pete.fi\/#\/schema\/logo\/image\/","url":"https:\/\/pete.fi\/wp-content\/uploads\/2023\/08\/cropped-logo_fi.jpeg","contentUrl":"https:\/\/pete.fi\/wp-content\/uploads\/2023\/08\/cropped-logo_fi.jpeg","width":2243,"height":1589,"caption":"Pete | Piipusta piippuun"},"image":{"@id":"https:\/\/petefi.kehityssivusto.fihttps\/\/pete.fi\/#\/schema\/logo\/image\/"},"sameAs":["https:\/\/www.facebook.com\/petetuotteet\/","https:\/\/www.instagram.com\/piipustapiippuun"]}]}},"_links":{"self":[{"href":"https:\/\/pete.fi\/no\/wp-json\/wp\/v2\/product\/4289","targetHints":{"allow":["GET"]}}],"collection":[{"href":"https:\/\/pete.fi\/no\/wp-json\/wp\/v2\/product"}],"about":[{"href":"https:\/\/pete.fi\/no\/wp-json\/wp\/v2\/types\/product"}],"wp:featuredmedia":[{"embeddable":true,"href":"https:\/\/pete.fi\/no\/wp-json\/wp\/v2\/media\/1623"}],"wp:attachment":[{"href":"https:\/\/pete.fi\/no\/wp-json\/wp\/v2\/media?parent=4289"}],"wp:term":[{"taxonomy":"product_brand","embeddable":true,"href":"https:\/\/pete.fi\/no\/wp-json\/wp\/v2\/product_brand?post=4289"},{"taxonomy":"product_cat","embeddable":true,"href":"https:\/\/pete.fi\/no\/wp-json\/wp\/v2\/product_cat?post=4289"},{"taxonomy":"product_tag","embeddable":true,"href":"https:\/\/pete.fi\/no\/wp-json\/wp\/v2\/product_tag?post=4289"}],"curies":[{"name":"wp","href":"https:\/\/api.w.org\/{rel}","templated":true}]}}