{"id":4279,"date":"2024-08-26T16:16:15","date_gmt":"2024-08-26T14:16:15","guid":{"rendered":"https:\/\/pete.fi\/kauppa\/ukategorisert\/fleksibel-iv-kanal-pete-duoflex-o125-mm-x-15-m\/"},"modified":"2024-08-26T16:16:15","modified_gmt":"2024-08-26T14:16:15","slug":"fleksibel-iv-kanal-pete-duoflex-o125-mm-x-15-m","status":"publish","type":"product","link":"https:\/\/pete.fi\/no\/butikk\/fleksible-ventilasjonskanaler\/oksygenresistente-iv-kanaler\/fleksibel-iv-kanal-pete-duoflex-o125-mm-x-15-m\/","title":{"rendered":"Fleksibel IV-kanal PETE Duoflex \u00d8125 mm x 1,5 m"},"content":{"rendered":"<h2>Det fleksible avtrekksr\u00f8ret gj\u00f8r det mulig \u00e5 utf\u00f8re selv de vanskeligste skj\u00f8tene p\u00e5 en brannsikker m\u00e5te.<\/h2>\n<p><strong>PETE Duoflex \u00d8125 mm x 1,5 m fleksibel ventilasjonskanal<\/strong> er beregnet p\u00e5 bruk i boligkj\u00f8kken for \u00e5 koble avtrekkshetter og kj\u00f8kkenhetter til avtrekkskanalen. <strong>PETE Duoflex-avtrekkskanalen<\/strong> er laget av syrefast st\u00e5l og har en fleksibel, dobbeltvegget konstruksjon.<\/p>\n<p><strong>Produktfunksjoner:<\/strong><\/p>\n<ul>\n<li>Materiale rustfritt st\u00e5l (EN 1.4404, AISI 316L)<\/li>\n<li>Uisolert konstruksjon med 2 vegger<\/li>\n<li>Sv\u00e6rt glatt innvendig overflate (samler ikke fett, lett \u00e5 rengj\u00f8re ved behov)<\/li>\n<li>God fleksibilitet (Rmin=1,5xD, minimumsradius 1,5 ganger r\u00f8rets nominelle diameter).<\/li>\n<\/ul>\n<p><strong>Dimensjoner:<\/strong><\/p>\n<ul>\n<li>Innvendig diameter 125 mm<\/li>\n<li>Utvendig diameter 131 mm<\/li>\n<li>PItitude 1,5 m<\/li>\n<li>Vekt ca. 1,49 kg <\/li>\n<\/ul>\n<p><strong>Godkjenninger:<\/strong><\/p>\n<p>Den fleksible ventilasjonskanalen PETE Duoflex oppfyller kravene i sertifiseringskriteriene SERT R022: Ventilasjonskanalsystemer. PETE Duoflex ventilatortilkoblingsr\u00f8r er testet av Eurofins Expert Services Ltd og har blitt tildelt byggevaresertifikat nr. EUFI29-21003645-C. Sertifiseringen dekker kanalst\u00f8rrelser p\u00e5 100 mm, 125 mm og 160 mm i diameter.   Produktet er ogs\u00e5 godkjent av det finske redningsforbundet (SPEK). PETE Duoflex er et Key Flag-produkt. <\/p>\n<p><strong>Installering:<\/strong><\/p>\n<p>Kanalskj\u00f8ter skal utf\u00f8res i henhold til monteringsanvisningen ved bruk av prefabrikkerte kanalkomponenter med gummiringskj\u00f8ter som oppfyller sertifiseringskrav til materiale, dimensjoner, tetthet og styrke. Kanalskj\u00f8tene skal utf\u00f8res p\u00e5 romsiden f\u00f8r de f\u00f8res inn i konstruksjonen. <\/p>\n<p><strong>Ytterligere informasjon:<\/strong><\/p>\n<p>Produktkortet, produktspesifikasjonen og sertifikatet kan lastes ned fra Filer-fanen.<\/p>\n","protected":false},"excerpt":{"rendered":"<p>Hst, uisolert, fleksibel, glatt innvendig overflate<br \/>\nFleksibelt avtrekksr\u00f8r<\/p>\n","protected":false},"featured_media":1634,"template":"","meta":{"_acf_changed":false},"product_brand":[],"product_cat":[150,151],"product_tag":[],"class_list":{"0":"post-4279","1":"product","2":"type-product","3":"status-publish","4":"has-post-thumbnail","6":"product_cat-fleksible-ventilasjonskanaler","7":"product_cat-oksygenresistente-iv-kanaler","9":"first","10":"instock","11":"taxable","12":"shipping-taxable","13":"purchasable","14":"product-type-simple"},"acf":[],"yoast_head":"<!-- This site is optimized with the Yoast SEO plugin v27.3 - https:\/\/yoast.com\/product\/yoast-seo-wordpress\/ -->\n<title>Fleksibel IV-kanal PETE Duoflex \u00d8125 mm x 1,5 m - PETE-tuotteet<\/title>\n<meta name=\"robots\" content=\"index, follow, max-snippet:-1, max-image-preview:large, max-video-preview:-1\" \/>\n<link rel=\"canonical\" href=\"https:\/\/pete.fi\/butikk\/taipuisat-ilmanvaihtokanavat\/haponkestavat-iv-kanavat\/taipuisa-iv-kanava-pete-duoflex-o125mm-x-15m\/\" \/>\n<meta property=\"og:locale\" content=\"nb_NO\" \/>\n<meta property=\"og:type\" content=\"article\" \/>\n<meta property=\"og:title\" content=\"Fleksibel IV-kanal PETE Duoflex \u00d8125 mm x 1,5 m - PETE-tuotteet\" \/>\n<meta property=\"og:description\" content=\"Hst, uisolert, fleksibel, glatt innvendig overflate Fleksibelt avtrekksr\u00f8r\" \/>\n<meta property=\"og:url\" content=\"https:\/\/pete.fi\/butikk\/taipuisat-ilmanvaihtokanavat\/haponkestavat-iv-kanavat\/taipuisa-iv-kanava-pete-duoflex-o125mm-x-15m\/\" \/>\n<meta property=\"og:site_name\" content=\"PETE-tuotteet\" \/>\n<meta property=\"article:publisher\" content=\"https:\/\/www.facebook.com\/petetuotteet\/\" \/>\n<meta property=\"og:image\" content=\"https:\/\/pete.fi\/wp-content\/uploads\/2024\/08\/taipuisa-iv-kanava-duoflex-pete.png\" \/>\n\t<meta property=\"og:image:width\" content=\"900\" \/>\n\t<meta property=\"og:image:height\" content=\"900\" \/>\n\t<meta property=\"og:image:type\" content=\"image\/png\" \/>\n<meta name=\"twitter:card\" content=\"summary_large_image\" \/>\n<meta name=\"twitter:label1\" content=\"Ansl. lesetid\" \/>\n\t<meta name=\"twitter:data1\" content=\"1 minutt\" \/>\n<script type=\"application\/ld+json\" class=\"yoast-schema-graph\">{\"@context\":\"https:\\\/\\\/schema.org\",\"@graph\":[{\"@type\":\"WebPage\",\"@id\":\"https:\\\/\\\/pete.fi\\\/butikk\\\/taipuisat-ilmanvaihtokanavat\\\/haponkestavat-iv-kanavat\\\/taipuisa-iv-kanava-pete-duoflex-o125mm-x-15m\\\/\",\"url\":\"https:\\\/\\\/pete.fi\\\/butikk\\\/taipuisat-ilmanvaihtokanavat\\\/haponkestavat-iv-kanavat\\\/taipuisa-iv-kanava-pete-duoflex-o125mm-x-15m\\\/\",\"name\":\"Fleksibel IV-kanal PETE Duoflex \u00d8125 mm x 1,5 m - PETE-tuotteet\",\"isPartOf\":{\"@id\":\"https:\\\/\\\/petefi.kehityssivusto.fihttps\\\/\\\/pete.fi\\\/#website\"},\"primaryImageOfPage\":{\"@id\":\"https:\\\/\\\/pete.fi\\\/butikk\\\/taipuisat-ilmanvaihtokanavat\\\/haponkestavat-iv-kanavat\\\/taipuisa-iv-kanava-pete-duoflex-o125mm-x-15m\\\/#primaryimage\"},\"image\":{\"@id\":\"https:\\\/\\\/pete.fi\\\/butikk\\\/taipuisat-ilmanvaihtokanavat\\\/haponkestavat-iv-kanavat\\\/taipuisa-iv-kanava-pete-duoflex-o125mm-x-15m\\\/#primaryimage\"},\"thumbnailUrl\":\"https:\\\/\\\/pete.fi\\\/wp-content\\\/uploads\\\/2024\\\/08\\\/taipuisa-iv-kanava-duoflex-pete.png\",\"datePublished\":\"2024-08-26T14:16:15+00:00\",\"breadcrumb\":{\"@id\":\"https:\\\/\\\/pete.fi\\\/butikk\\\/taipuisat-ilmanvaihtokanavat\\\/haponkestavat-iv-kanavat\\\/taipuisa-iv-kanava-pete-duoflex-o125mm-x-15m\\\/#breadcrumb\"},\"inLanguage\":\"nb-NO\",\"potentialAction\":[{\"@type\":\"ReadAction\",\"target\":[\"https:\\\/\\\/pete.fi\\\/butikk\\\/taipuisat-ilmanvaihtokanavat\\\/haponkestavat-iv-kanavat\\\/taipuisa-iv-kanava-pete-duoflex-o125mm-x-15m\\\/\"]}]},{\"@type\":\"ImageObject\",\"inLanguage\":\"nb-NO\",\"@id\":\"https:\\\/\\\/pete.fi\\\/butikk\\\/taipuisat-ilmanvaihtokanavat\\\/haponkestavat-iv-kanavat\\\/taipuisa-iv-kanava-pete-duoflex-o125mm-x-15m\\\/#primaryimage\",\"url\":\"https:\\\/\\\/pete.fi\\\/wp-content\\\/uploads\\\/2024\\\/08\\\/taipuisa-iv-kanava-duoflex-pete.png\",\"contentUrl\":\"https:\\\/\\\/pete.fi\\\/wp-content\\\/uploads\\\/2024\\\/08\\\/taipuisa-iv-kanava-duoflex-pete.png\",\"width\":900,\"height\":900},{\"@type\":\"BreadcrumbList\",\"@id\":\"https:\\\/\\\/pete.fi\\\/butikk\\\/taipuisat-ilmanvaihtokanavat\\\/haponkestavat-iv-kanavat\\\/taipuisa-iv-kanava-pete-duoflex-o125mm-x-15m\\\/#breadcrumb\",\"itemListElement\":[{\"@type\":\"ListItem\",\"position\":1,\"name\":\"Home\",\"item\":\"https:\\\/\\\/pete.fi\\\/no\\\/home\\\/\"},{\"@type\":\"ListItem\",\"position\":2,\"name\":\"Butikk\",\"item\":\"https:\\\/\\\/pete.fi\\\/no\\\/butikk\\\/\"},{\"@type\":\"ListItem\",\"position\":3,\"name\":\"Fleksibel IV-kanal PETE Duoflex \u00d8125 mm x 1,5 m\"}]},{\"@type\":\"WebSite\",\"@id\":\"https:\\\/\\\/petefi.kehityssivusto.fihttps\\\/\\\/pete.fi\\\/#website\",\"url\":\"https:\\\/\\\/petefi.kehityssivusto.fihttps\\\/\\\/pete.fi\\\/\",\"name\":\"Pete.fi\",\"description\":\"\",\"publisher\":{\"@id\":\"https:\\\/\\\/petefi.kehityssivusto.fihttps\\\/\\\/pete.fi\\\/#organization\"},\"potentialAction\":[{\"@type\":\"SearchAction\",\"target\":{\"@type\":\"EntryPoint\",\"urlTemplate\":\"https:\\\/\\\/petefi.kehityssivusto.fihttps\\\/\\\/pete.fi\\\/?s={search_term_string}\"},\"query-input\":{\"@type\":\"PropertyValueSpecification\",\"valueRequired\":true,\"valueName\":\"search_term_string\"}}],\"inLanguage\":\"nb-NO\"},{\"@type\":\"Organization\",\"@id\":\"https:\\\/\\\/petefi.kehityssivusto.fihttps\\\/\\\/pete.fi\\\/#organization\",\"name\":\"Pete | Piipusta piippuun\",\"url\":\"https:\\\/\\\/petefi.kehityssivusto.fihttps\\\/\\\/pete.fi\\\/\",\"logo\":{\"@type\":\"ImageObject\",\"inLanguage\":\"nb-NO\",\"@id\":\"https:\\\/\\\/petefi.kehityssivusto.fihttps\\\/\\\/pete.fi\\\/#\\\/schema\\\/logo\\\/image\\\/\",\"url\":\"https:\\\/\\\/pete.fi\\\/wp-content\\\/uploads\\\/2023\\\/08\\\/cropped-logo_fi.jpeg\",\"contentUrl\":\"https:\\\/\\\/pete.fi\\\/wp-content\\\/uploads\\\/2023\\\/08\\\/cropped-logo_fi.jpeg\",\"width\":2243,\"height\":1589,\"caption\":\"Pete | Piipusta piippuun\"},\"image\":{\"@id\":\"https:\\\/\\\/petefi.kehityssivusto.fihttps\\\/\\\/pete.fi\\\/#\\\/schema\\\/logo\\\/image\\\/\"},\"sameAs\":[\"https:\\\/\\\/www.facebook.com\\\/petetuotteet\\\/\",\"https:\\\/\\\/www.instagram.com\\\/piipustapiippuun\"]}]}<\/script>\n<!-- \/ Yoast SEO plugin. -->","yoast_head_json":{"title":"Fleksibel IV-kanal PETE Duoflex \u00d8125 mm x 1,5 m - PETE-tuotteet","robots":{"index":"index","follow":"follow","max-snippet":"max-snippet:-1","max-image-preview":"max-image-preview:large","max-video-preview":"max-video-preview:-1"},"canonical":"https:\/\/pete.fi\/butikk\/taipuisat-ilmanvaihtokanavat\/haponkestavat-iv-kanavat\/taipuisa-iv-kanava-pete-duoflex-o125mm-x-15m\/","og_locale":"nb_NO","og_type":"article","og_title":"Fleksibel IV-kanal PETE Duoflex \u00d8125 mm x 1,5 m - PETE-tuotteet","og_description":"Hst, uisolert, fleksibel, glatt innvendig overflate Fleksibelt avtrekksr\u00f8r","og_url":"https:\/\/pete.fi\/butikk\/taipuisat-ilmanvaihtokanavat\/haponkestavat-iv-kanavat\/taipuisa-iv-kanava-pete-duoflex-o125mm-x-15m\/","og_site_name":"PETE-tuotteet","article_publisher":"https:\/\/www.facebook.com\/petetuotteet\/","og_image":[{"width":900,"height":900,"url":"https:\/\/pete.fi\/wp-content\/uploads\/2024\/08\/taipuisa-iv-kanava-duoflex-pete.png","type":"image\/png"}],"twitter_card":"summary_large_image","twitter_misc":{"Ansl. lesetid":"1 minutt"},"schema":{"@context":"https:\/\/schema.org","@graph":[{"@type":"WebPage","@id":"https:\/\/pete.fi\/butikk\/taipuisat-ilmanvaihtokanavat\/haponkestavat-iv-kanavat\/taipuisa-iv-kanava-pete-duoflex-o125mm-x-15m\/","url":"https:\/\/pete.fi\/butikk\/taipuisat-ilmanvaihtokanavat\/haponkestavat-iv-kanavat\/taipuisa-iv-kanava-pete-duoflex-o125mm-x-15m\/","name":"Fleksibel IV-kanal PETE Duoflex \u00d8125 mm x 1,5 m - PETE-tuotteet","isPartOf":{"@id":"https:\/\/petefi.kehityssivusto.fihttps\/\/pete.fi\/#website"},"primaryImageOfPage":{"@id":"https:\/\/pete.fi\/butikk\/taipuisat-ilmanvaihtokanavat\/haponkestavat-iv-kanavat\/taipuisa-iv-kanava-pete-duoflex-o125mm-x-15m\/#primaryimage"},"image":{"@id":"https:\/\/pete.fi\/butikk\/taipuisat-ilmanvaihtokanavat\/haponkestavat-iv-kanavat\/taipuisa-iv-kanava-pete-duoflex-o125mm-x-15m\/#primaryimage"},"thumbnailUrl":"https:\/\/pete.fi\/wp-content\/uploads\/2024\/08\/taipuisa-iv-kanava-duoflex-pete.png","datePublished":"2024-08-26T14:16:15+00:00","breadcrumb":{"@id":"https:\/\/pete.fi\/butikk\/taipuisat-ilmanvaihtokanavat\/haponkestavat-iv-kanavat\/taipuisa-iv-kanava-pete-duoflex-o125mm-x-15m\/#breadcrumb"},"inLanguage":"nb-NO","potentialAction":[{"@type":"ReadAction","target":["https:\/\/pete.fi\/butikk\/taipuisat-ilmanvaihtokanavat\/haponkestavat-iv-kanavat\/taipuisa-iv-kanava-pete-duoflex-o125mm-x-15m\/"]}]},{"@type":"ImageObject","inLanguage":"nb-NO","@id":"https:\/\/pete.fi\/butikk\/taipuisat-ilmanvaihtokanavat\/haponkestavat-iv-kanavat\/taipuisa-iv-kanava-pete-duoflex-o125mm-x-15m\/#primaryimage","url":"https:\/\/pete.fi\/wp-content\/uploads\/2024\/08\/taipuisa-iv-kanava-duoflex-pete.png","contentUrl":"https:\/\/pete.fi\/wp-content\/uploads\/2024\/08\/taipuisa-iv-kanava-duoflex-pete.png","width":900,"height":900},{"@type":"BreadcrumbList","@id":"https:\/\/pete.fi\/butikk\/taipuisat-ilmanvaihtokanavat\/haponkestavat-iv-kanavat\/taipuisa-iv-kanava-pete-duoflex-o125mm-x-15m\/#breadcrumb","itemListElement":[{"@type":"ListItem","position":1,"name":"Home","item":"https:\/\/pete.fi\/no\/home\/"},{"@type":"ListItem","position":2,"name":"Butikk","item":"https:\/\/pete.fi\/no\/butikk\/"},{"@type":"ListItem","position":3,"name":"Fleksibel IV-kanal PETE Duoflex \u00d8125 mm x 1,5 m"}]},{"@type":"WebSite","@id":"https:\/\/petefi.kehityssivusto.fihttps\/\/pete.fi\/#website","url":"https:\/\/petefi.kehityssivusto.fihttps\/\/pete.fi\/","name":"Pete.fi","description":"","publisher":{"@id":"https:\/\/petefi.kehityssivusto.fihttps\/\/pete.fi\/#organization"},"potentialAction":[{"@type":"SearchAction","target":{"@type":"EntryPoint","urlTemplate":"https:\/\/petefi.kehityssivusto.fihttps\/\/pete.fi\/?s={search_term_string}"},"query-input":{"@type":"PropertyValueSpecification","valueRequired":true,"valueName":"search_term_string"}}],"inLanguage":"nb-NO"},{"@type":"Organization","@id":"https:\/\/petefi.kehityssivusto.fihttps\/\/pete.fi\/#organization","name":"Pete | Piipusta piippuun","url":"https:\/\/petefi.kehityssivusto.fihttps\/\/pete.fi\/","logo":{"@type":"ImageObject","inLanguage":"nb-NO","@id":"https:\/\/petefi.kehityssivusto.fihttps\/\/pete.fi\/#\/schema\/logo\/image\/","url":"https:\/\/pete.fi\/wp-content\/uploads\/2023\/08\/cropped-logo_fi.jpeg","contentUrl":"https:\/\/pete.fi\/wp-content\/uploads\/2023\/08\/cropped-logo_fi.jpeg","width":2243,"height":1589,"caption":"Pete | Piipusta piippuun"},"image":{"@id":"https:\/\/petefi.kehityssivusto.fihttps\/\/pete.fi\/#\/schema\/logo\/image\/"},"sameAs":["https:\/\/www.facebook.com\/petetuotteet\/","https:\/\/www.instagram.com\/piipustapiippuun"]}]}},"_links":{"self":[{"href":"https:\/\/pete.fi\/no\/wp-json\/wp\/v2\/product\/4279","targetHints":{"allow":["GET"]}}],"collection":[{"href":"https:\/\/pete.fi\/no\/wp-json\/wp\/v2\/product"}],"about":[{"href":"https:\/\/pete.fi\/no\/wp-json\/wp\/v2\/types\/product"}],"wp:featuredmedia":[{"embeddable":true,"href":"https:\/\/pete.fi\/no\/wp-json\/wp\/v2\/media\/1634"}],"wp:attachment":[{"href":"https:\/\/pete.fi\/no\/wp-json\/wp\/v2\/media?parent=4279"}],"wp:term":[{"taxonomy":"product_brand","embeddable":true,"href":"https:\/\/pete.fi\/no\/wp-json\/wp\/v2\/product_brand?post=4279"},{"taxonomy":"product_cat","embeddable":true,"href":"https:\/\/pete.fi\/no\/wp-json\/wp\/v2\/product_cat?post=4279"},{"taxonomy":"product_tag","embeddable":true,"href":"https:\/\/pete.fi\/no\/wp-json\/wp\/v2\/product_tag?post=4279"}],"curies":[{"name":"wp","href":"https:\/\/api.w.org\/{rel}","templated":true}]}}