{"id":4244,"date":"2024-08-21T17:14:24","date_gmt":"2024-08-21T15:14:24","guid":{"rendered":"https:\/\/pete.fi\/kauppa\/ukategorisert\/skorsteinsforing-for-1-hulls-mursteins-eller-stalskorstein\/"},"modified":"2024-08-21T17:14:24","modified_gmt":"2024-08-21T15:14:24","slug":"skorsteinsforing-for-1-hulls-mursteins-eller-stalskorstein","status":"publish","type":"product","link":"https:\/\/pete.fi\/no\/butikk\/rorforing\/skorsteinsforing-for-1-hulls-mursteins-eller-stalskorstein\/","title":{"rendered":"Skorsteinsforing for 1-hulls mursteins- eller st\u00e5lskorstein"},"content":{"rendered":"<h2>PETE skorsteinsforing for 1-hulls prefabrikkerte skorsteiner er en komplett takgjennomf\u00f8ringspakke<\/h2>\n<p><strong>PETE skorsteinsforing<\/strong> er en v\u00e6rbeskyttelse for den \u00f8vre delen av vanntaket p\u00e5 en st\u00e5l- eller mursteinsskorstein. Den er egnet for 1-hulls skorsteiner med utvendige dimensjoner p\u00e5 opptil 360 x 360 mm. Velg riktig dimensjon, farge og tilbeh\u00f8r til innkledningssettet og skorsteinshetten i menyen. Hvis du ikke finner de riktige dimensjonene for din pipe, kan du kontakte v\u00e5r salgsavdeling.   <\/p>\n<p><strong>Skorsteinskledningen<\/strong> best\u00e5r av et <strong>kledningssett<\/strong> rundt skorsteinen, en <strong>skorsteinshette<\/strong> som skal monteres i enden av skorsteinen, eventuelle <strong>forlengelsesklemmer<\/strong> fra takryggen til skorsteinsgjennomf\u00f8ringen og <strong>stiger\u00f8rene<\/strong> som trengs for \u00e5 montere kledningssettet p\u00e5 det loddrette falsede taket.<\/p>\n<p><strong>Pelleteringssettet <\/strong>er laget av Ruukin GreenCoat Pural BT, som er det mest popul\u00e6re takmaterialet i Finland. Dette gj\u00f8r at <strong>v\u00e5re skorsteinspellets<\/strong> passer perfekt til finske tak n\u00e5r det gjelder utseende og fargenyanser. Rotplatene i v\u00e5rt taktekkingssortiment kan justeres fritt for takhellinger<strong>(k)<\/strong> 5-45\u00ba. Denne rotplankestrukturen, som vi har utviklet og patentert, er sv\u00e6rt vanntett og gj\u00f8r monteringen rask og enkel. Settet er egnet for m\u00f8neplater med en maksimal synlig h\u00f8yde<strong>(h)<\/strong> fra takfoten, m\u00e5lt fra takfotens side. 1650 mm (for laftede bygninger maks. 1500 mm, med hensyn til kompresjonsmarginen).     <\/p>\n<p><strong> Skorsteinshetten som f\u00f8lger med skor<\/strong> steinsforingen, er laget av rustfritt st\u00e5l og leveres ubehandlet, dvs. i samme farge som risten. Skorsteinshetten er produsert for \u00e5 passe til den innvendige diameteren<strong>(d)<\/strong> p\u00e5 det valgte r\u00f8ykr\u00f8ret og er forh\u00e5ndsmontert p\u00e5 det \u00f8verste r\u00f8ret p\u00e5 kledningen. Skorsteinshetten v\u00e5r er <strong>CE-godkjent<\/strong> i henhold til standarden for skorsteinshetter.  <\/p>\n<p>&nbsp;<\/p>\n<p><strong>Innhold:<\/strong><\/p>\n<ul>\n<li>Pelleteringssett 1 stk: 2-delt rotpellet, 2-delt mantelpellet<\/li>\n<li>Pipehatt 1 stk.<\/li>\n<li>Polymermasse, fargel\u00f8s 1 stk (310 ml)<\/li>\n<li>Innenseksskrue 40 stk. og skrutrekker 1 stk.<\/li>\n<li>Tilvalgsmuligheter og h\u00f8ydelistepakker mot en ekstra kostnad i henhold til dine valg:\n<ul>\n<li>Skorsteinens avstand til takryggen<strong>(C)<\/strong> m\u00e5lt langs spaden<\/li>\n<\/ul>\n<\/li>\n<\/ul>\n<p><strong>Farger:<\/strong><\/p>\n<ul>\n<li>Svart RR33<\/li>\n<li>M\u00f8rkegr\u00e5 RR23<\/li>\n<li>Teglr\u00f8d RR750<\/li>\n<li>R\u00f8d RR29<\/li>\n<li>M\u00f8rkebrun RR32<\/li>\n<\/ul>\n<p>&nbsp;<\/p>\n<p><strong>Merk!<\/strong>  T\u00f8nnehetten leveres ubehandlet, dvs. i rustfritt st\u00e5l.<\/p>\n<p>Andre RR-farger og -st\u00f8rrelser er ogs\u00e5 tilgjengelige som spesialbestilling &#8211; be om et tilbud!<\/p>\n","protected":false},"excerpt":{"rendered":"<h5>Takgjennomf\u00f8ringssett av h\u00f8y kvalitet for prefabrikkerte skorsteiner til hjemmebruk<\/h5>\n<p>\u00d8115 &#8211; 200 mm<br \/>\nFor utvendig diameter maks. 360&#215;360 mm <\/p>\n","protected":false},"featured_media":3323,"template":"","meta":{"_acf_changed":false},"product_brand":[],"product_cat":[175],"product_tag":[182,181,183,184],"class_list":{"0":"post-4244","1":"product","2":"type-product","3":"status-publish","4":"has-post-thumbnail","6":"product_cat-rorforing","7":"product_tag-pelleteringssett","8":"product_tag-skorsteinsforing","9":"product_tag-takgjennomforing","10":"product_tag-transitt","12":"first","13":"instock","14":"taxable","15":"shipping-taxable","16":"purchasable","17":"product-type-simple"},"acf":[],"yoast_head":"<!-- This site is optimized with the Yoast SEO plugin v27.3 - https:\/\/yoast.com\/product\/yoast-seo-wordpress\/ -->\n<title>PETE-r\u00f8rforing for 1-hulls leire- eller st\u00e5lr\u00f8r -% Legg inn en bestilling!<\/title>\n<meta name=\"description\" content=\"Ferdigprodusert PETE skorsteinsforing for en skorstein med 1 skorstein. V\u00e6rbestandig takgjennomf\u00f8ringssett laget av Ruukin Pural BT-plater. Inkluderer skorsteinslokk og tilbeh\u00f8r.\" \/>\n<meta name=\"robots\" content=\"index, follow, max-snippet:-1, max-image-preview:large, max-video-preview:-1\" \/>\n<link rel=\"canonical\" href=\"https:\/\/pete.fi\/butikk\/piipunpellitykset\/piipunpellitys-1-hormiselle-harkko-tai-teraspiipulle\/\" \/>\n<meta property=\"og:locale\" content=\"nb_NO\" \/>\n<meta property=\"og:type\" content=\"article\" \/>\n<meta property=\"og:title\" content=\"PETE-r\u00f8rforing for 1-hulls leire- eller st\u00e5lr\u00f8r -% Legg inn en bestilling!\" \/>\n<meta property=\"og:description\" content=\"Ferdigprodusert PETE skorsteinsforing for en skorstein med 1 skorstein. V\u00e6rbestandig takgjennomf\u00f8ringssett laget av Ruukin Pural BT-plater. Inkluderer skorsteinslokk og tilbeh\u00f8r.\" \/>\n<meta property=\"og:url\" content=\"https:\/\/pete.fi\/butikk\/piipunpellitykset\/piipunpellitys-1-hormiselle-harkko-tai-teraspiipulle\/\" \/>\n<meta property=\"og:site_name\" content=\"PETE-tuotteet\" \/>\n<meta property=\"article:publisher\" content=\"https:\/\/www.facebook.com\/petetuotteet\/\" \/>\n<meta property=\"og:image\" content=\"https:\/\/pete.fi\/wp-content\/uploads\/2024\/08\/PETE-piipunpellitys_800px.png\" \/>\n\t<meta property=\"og:image:width\" content=\"800\" \/>\n\t<meta property=\"og:image:height\" content=\"800\" \/>\n\t<meta property=\"og:image:type\" content=\"image\/png\" \/>\n<meta name=\"twitter:card\" content=\"summary_large_image\" \/>\n<meta name=\"twitter:label1\" content=\"Ansl. lesetid\" \/>\n\t<meta name=\"twitter:data1\" content=\"2 minutter\" \/>\n<script type=\"application\/ld+json\" class=\"yoast-schema-graph\">{\"@context\":\"https:\\\/\\\/schema.org\",\"@graph\":[{\"@type\":\"WebPage\",\"@id\":\"https:\\\/\\\/pete.fi\\\/butikk\\\/piipunpellitykset\\\/piipunpellitys-1-hormiselle-harkko-tai-teraspiipulle\\\/\",\"url\":\"https:\\\/\\\/pete.fi\\\/butikk\\\/piipunpellitykset\\\/piipunpellitys-1-hormiselle-harkko-tai-teraspiipulle\\\/\",\"name\":\"PETE-r\u00f8rforing for 1-hulls leire- eller st\u00e5lr\u00f8r -% Legg inn en bestilling!\",\"isPartOf\":{\"@id\":\"https:\\\/\\\/petefi.kehityssivusto.fihttps\\\/\\\/pete.fi\\\/#website\"},\"primaryImageOfPage\":{\"@id\":\"https:\\\/\\\/pete.fi\\\/butikk\\\/piipunpellitykset\\\/piipunpellitys-1-hormiselle-harkko-tai-teraspiipulle\\\/#primaryimage\"},\"image\":{\"@id\":\"https:\\\/\\\/pete.fi\\\/butikk\\\/piipunpellitykset\\\/piipunpellitys-1-hormiselle-harkko-tai-teraspiipulle\\\/#primaryimage\"},\"thumbnailUrl\":\"https:\\\/\\\/pete.fi\\\/wp-content\\\/uploads\\\/2024\\\/08\\\/PETE-piipunpellitys_800px.png\",\"datePublished\":\"2024-08-21T15:14:24+00:00\",\"description\":\"Ferdigprodusert PETE skorsteinsforing for en skorstein med 1 skorstein. V\u00e6rbestandig takgjennomf\u00f8ringssett laget av Ruukin Pural BT-plater. Inkluderer skorsteinslokk og tilbeh\u00f8r.\",\"breadcrumb\":{\"@id\":\"https:\\\/\\\/pete.fi\\\/butikk\\\/piipunpellitykset\\\/piipunpellitys-1-hormiselle-harkko-tai-teraspiipulle\\\/#breadcrumb\"},\"inLanguage\":\"nb-NO\",\"potentialAction\":[{\"@type\":\"ReadAction\",\"target\":[\"https:\\\/\\\/pete.fi\\\/butikk\\\/piipunpellitykset\\\/piipunpellitys-1-hormiselle-harkko-tai-teraspiipulle\\\/\"]}]},{\"@type\":\"ImageObject\",\"inLanguage\":\"nb-NO\",\"@id\":\"https:\\\/\\\/pete.fi\\\/butikk\\\/piipunpellitykset\\\/piipunpellitys-1-hormiselle-harkko-tai-teraspiipulle\\\/#primaryimage\",\"url\":\"https:\\\/\\\/pete.fi\\\/wp-content\\\/uploads\\\/2024\\\/08\\\/PETE-piipunpellitys_800px.png\",\"contentUrl\":\"https:\\\/\\\/pete.fi\\\/wp-content\\\/uploads\\\/2024\\\/08\\\/PETE-piipunpellitys_800px.png\",\"width\":800,\"height\":800},{\"@type\":\"BreadcrumbList\",\"@id\":\"https:\\\/\\\/pete.fi\\\/butikk\\\/piipunpellitykset\\\/piipunpellitys-1-hormiselle-harkko-tai-teraspiipulle\\\/#breadcrumb\",\"itemListElement\":[{\"@type\":\"ListItem\",\"position\":1,\"name\":\"Home\",\"item\":\"https:\\\/\\\/pete.fi\\\/no\\\/home\\\/\"},{\"@type\":\"ListItem\",\"position\":2,\"name\":\"Butikk\",\"item\":\"https:\\\/\\\/pete.fi\\\/no\\\/butikk\\\/\"},{\"@type\":\"ListItem\",\"position\":3,\"name\":\"Skorsteinsforing for 1-hulls mursteins- eller st\u00e5lskorstein\"}]},{\"@type\":\"WebSite\",\"@id\":\"https:\\\/\\\/petefi.kehityssivusto.fihttps\\\/\\\/pete.fi\\\/#website\",\"url\":\"https:\\\/\\\/petefi.kehityssivusto.fihttps\\\/\\\/pete.fi\\\/\",\"name\":\"Pete.fi\",\"description\":\"\",\"publisher\":{\"@id\":\"https:\\\/\\\/petefi.kehityssivusto.fihttps\\\/\\\/pete.fi\\\/#organization\"},\"potentialAction\":[{\"@type\":\"SearchAction\",\"target\":{\"@type\":\"EntryPoint\",\"urlTemplate\":\"https:\\\/\\\/petefi.kehityssivusto.fihttps\\\/\\\/pete.fi\\\/?s={search_term_string}\"},\"query-input\":{\"@type\":\"PropertyValueSpecification\",\"valueRequired\":true,\"valueName\":\"search_term_string\"}}],\"inLanguage\":\"nb-NO\"},{\"@type\":\"Organization\",\"@id\":\"https:\\\/\\\/petefi.kehityssivusto.fihttps\\\/\\\/pete.fi\\\/#organization\",\"name\":\"Pete | Piipusta piippuun\",\"url\":\"https:\\\/\\\/petefi.kehityssivusto.fihttps\\\/\\\/pete.fi\\\/\",\"logo\":{\"@type\":\"ImageObject\",\"inLanguage\":\"nb-NO\",\"@id\":\"https:\\\/\\\/petefi.kehityssivusto.fihttps\\\/\\\/pete.fi\\\/#\\\/schema\\\/logo\\\/image\\\/\",\"url\":\"https:\\\/\\\/pete.fi\\\/wp-content\\\/uploads\\\/2023\\\/08\\\/cropped-logo_fi.jpeg\",\"contentUrl\":\"https:\\\/\\\/pete.fi\\\/wp-content\\\/uploads\\\/2023\\\/08\\\/cropped-logo_fi.jpeg\",\"width\":2243,\"height\":1589,\"caption\":\"Pete | Piipusta piippuun\"},\"image\":{\"@id\":\"https:\\\/\\\/petefi.kehityssivusto.fihttps\\\/\\\/pete.fi\\\/#\\\/schema\\\/logo\\\/image\\\/\"},\"sameAs\":[\"https:\\\/\\\/www.facebook.com\\\/petetuotteet\\\/\",\"https:\\\/\\\/www.instagram.com\\\/piipustapiippuun\"]}]}<\/script>\n<!-- \/ Yoast SEO plugin. -->","yoast_head_json":{"title":"PETE-r\u00f8rforing for 1-hulls leire- eller st\u00e5lr\u00f8r -% Legg inn en bestilling!","description":"Ferdigprodusert PETE skorsteinsforing for en skorstein med 1 skorstein. V\u00e6rbestandig takgjennomf\u00f8ringssett laget av Ruukin Pural BT-plater. Inkluderer skorsteinslokk og tilbeh\u00f8r.","robots":{"index":"index","follow":"follow","max-snippet":"max-snippet:-1","max-image-preview":"max-image-preview:large","max-video-preview":"max-video-preview:-1"},"canonical":"https:\/\/pete.fi\/butikk\/piipunpellitykset\/piipunpellitys-1-hormiselle-harkko-tai-teraspiipulle\/","og_locale":"nb_NO","og_type":"article","og_title":"PETE-r\u00f8rforing for 1-hulls leire- eller st\u00e5lr\u00f8r -% Legg inn en bestilling!","og_description":"Ferdigprodusert PETE skorsteinsforing for en skorstein med 1 skorstein. V\u00e6rbestandig takgjennomf\u00f8ringssett laget av Ruukin Pural BT-plater. Inkluderer skorsteinslokk og tilbeh\u00f8r.","og_url":"https:\/\/pete.fi\/butikk\/piipunpellitykset\/piipunpellitys-1-hormiselle-harkko-tai-teraspiipulle\/","og_site_name":"PETE-tuotteet","article_publisher":"https:\/\/www.facebook.com\/petetuotteet\/","og_image":[{"width":800,"height":800,"url":"https:\/\/pete.fi\/wp-content\/uploads\/2024\/08\/PETE-piipunpellitys_800px.png","type":"image\/png"}],"twitter_card":"summary_large_image","twitter_misc":{"Ansl. lesetid":"2 minutter"},"schema":{"@context":"https:\/\/schema.org","@graph":[{"@type":"WebPage","@id":"https:\/\/pete.fi\/butikk\/piipunpellitykset\/piipunpellitys-1-hormiselle-harkko-tai-teraspiipulle\/","url":"https:\/\/pete.fi\/butikk\/piipunpellitykset\/piipunpellitys-1-hormiselle-harkko-tai-teraspiipulle\/","name":"PETE-r\u00f8rforing for 1-hulls leire- eller st\u00e5lr\u00f8r -% Legg inn en bestilling!","isPartOf":{"@id":"https:\/\/petefi.kehityssivusto.fihttps\/\/pete.fi\/#website"},"primaryImageOfPage":{"@id":"https:\/\/pete.fi\/butikk\/piipunpellitykset\/piipunpellitys-1-hormiselle-harkko-tai-teraspiipulle\/#primaryimage"},"image":{"@id":"https:\/\/pete.fi\/butikk\/piipunpellitykset\/piipunpellitys-1-hormiselle-harkko-tai-teraspiipulle\/#primaryimage"},"thumbnailUrl":"https:\/\/pete.fi\/wp-content\/uploads\/2024\/08\/PETE-piipunpellitys_800px.png","datePublished":"2024-08-21T15:14:24+00:00","description":"Ferdigprodusert PETE skorsteinsforing for en skorstein med 1 skorstein. V\u00e6rbestandig takgjennomf\u00f8ringssett laget av Ruukin Pural BT-plater. Inkluderer skorsteinslokk og tilbeh\u00f8r.","breadcrumb":{"@id":"https:\/\/pete.fi\/butikk\/piipunpellitykset\/piipunpellitys-1-hormiselle-harkko-tai-teraspiipulle\/#breadcrumb"},"inLanguage":"nb-NO","potentialAction":[{"@type":"ReadAction","target":["https:\/\/pete.fi\/butikk\/piipunpellitykset\/piipunpellitys-1-hormiselle-harkko-tai-teraspiipulle\/"]}]},{"@type":"ImageObject","inLanguage":"nb-NO","@id":"https:\/\/pete.fi\/butikk\/piipunpellitykset\/piipunpellitys-1-hormiselle-harkko-tai-teraspiipulle\/#primaryimage","url":"https:\/\/pete.fi\/wp-content\/uploads\/2024\/08\/PETE-piipunpellitys_800px.png","contentUrl":"https:\/\/pete.fi\/wp-content\/uploads\/2024\/08\/PETE-piipunpellitys_800px.png","width":800,"height":800},{"@type":"BreadcrumbList","@id":"https:\/\/pete.fi\/butikk\/piipunpellitykset\/piipunpellitys-1-hormiselle-harkko-tai-teraspiipulle\/#breadcrumb","itemListElement":[{"@type":"ListItem","position":1,"name":"Home","item":"https:\/\/pete.fi\/no\/home\/"},{"@type":"ListItem","position":2,"name":"Butikk","item":"https:\/\/pete.fi\/no\/butikk\/"},{"@type":"ListItem","position":3,"name":"Skorsteinsforing for 1-hulls mursteins- eller st\u00e5lskorstein"}]},{"@type":"WebSite","@id":"https:\/\/petefi.kehityssivusto.fihttps\/\/pete.fi\/#website","url":"https:\/\/petefi.kehityssivusto.fihttps\/\/pete.fi\/","name":"Pete.fi","description":"","publisher":{"@id":"https:\/\/petefi.kehityssivusto.fihttps\/\/pete.fi\/#organization"},"potentialAction":[{"@type":"SearchAction","target":{"@type":"EntryPoint","urlTemplate":"https:\/\/petefi.kehityssivusto.fihttps\/\/pete.fi\/?s={search_term_string}"},"query-input":{"@type":"PropertyValueSpecification","valueRequired":true,"valueName":"search_term_string"}}],"inLanguage":"nb-NO"},{"@type":"Organization","@id":"https:\/\/petefi.kehityssivusto.fihttps\/\/pete.fi\/#organization","name":"Pete | Piipusta piippuun","url":"https:\/\/petefi.kehityssivusto.fihttps\/\/pete.fi\/","logo":{"@type":"ImageObject","inLanguage":"nb-NO","@id":"https:\/\/petefi.kehityssivusto.fihttps\/\/pete.fi\/#\/schema\/logo\/image\/","url":"https:\/\/pete.fi\/wp-content\/uploads\/2023\/08\/cropped-logo_fi.jpeg","contentUrl":"https:\/\/pete.fi\/wp-content\/uploads\/2023\/08\/cropped-logo_fi.jpeg","width":2243,"height":1589,"caption":"Pete | Piipusta piippuun"},"image":{"@id":"https:\/\/petefi.kehityssivusto.fihttps\/\/pete.fi\/#\/schema\/logo\/image\/"},"sameAs":["https:\/\/www.facebook.com\/petetuotteet\/","https:\/\/www.instagram.com\/piipustapiippuun"]}]}},"_links":{"self":[{"href":"https:\/\/pete.fi\/no\/wp-json\/wp\/v2\/product\/4244","targetHints":{"allow":["GET"]}}],"collection":[{"href":"https:\/\/pete.fi\/no\/wp-json\/wp\/v2\/product"}],"about":[{"href":"https:\/\/pete.fi\/no\/wp-json\/wp\/v2\/types\/product"}],"wp:featuredmedia":[{"embeddable":true,"href":"https:\/\/pete.fi\/no\/wp-json\/wp\/v2\/media\/3323"}],"wp:attachment":[{"href":"https:\/\/pete.fi\/no\/wp-json\/wp\/v2\/media?parent=4244"}],"wp:term":[{"taxonomy":"product_brand","embeddable":true,"href":"https:\/\/pete.fi\/no\/wp-json\/wp\/v2\/product_brand?post=4244"},{"taxonomy":"product_cat","embeddable":true,"href":"https:\/\/pete.fi\/no\/wp-json\/wp\/v2\/product_cat?post=4244"},{"taxonomy":"product_tag","embeddable":true,"href":"https:\/\/pete.fi\/no\/wp-json\/wp\/v2\/product_tag?post=4244"}],"curies":[{"name":"wp","href":"https:\/\/api.w.org\/{rel}","templated":true}]}}