{"id":4238,"date":"2024-08-06T11:57:46","date_gmt":"2024-08-06T11:57:46","guid":{"rendered":"https:\/\/pete.fi\/kauppa\/ukategorisert\/roykkontrollenhet-pete-4-for-trepellets-o140-og-o200-mm\/"},"modified":"2024-08-06T11:57:46","modified_gmt":"2024-08-06T09:57:46","slug":"roykkontrollenhet-pete-4-for-trepellets-o140-og-o200-mm","status":"publish","type":"product","link":"https:\/\/pete.fi\/no\/butikk\/roykpellets\/roykkontrollenhet-pete-4-for-trepellets-o140-og-o200-mm\/","title":{"rendered":"R\u00f8ykkontrollenhet PETE 4 for trepellets \u00d8140 og \u00d8200 mm"},"content":{"rendered":"<p>R\u00f8ykkontrollanordning <strong>for PETE-produsert<\/strong> <strong>trepellets<\/strong> <strong>\u00d8140 og \u00d8200 mm.<\/strong> Den riflede r\u00f8ykkontrollanordningen gj\u00f8r det lettere \u00e5 bruke pellets med h\u00f8y r\u00f8ykutvikling.<\/p>\n<p>PETE-r\u00f8ykklokkekontrollene er profesjonelt produsert i rustfritt st\u00e5l, noe som garanterer lang levetid og vedlikeholdsfri drift.<\/p>\n<p><strong>Produktpakken inneholder r\u00f8ykklokkekontroll og frontplate, kontrollpinner, 2 stk. kuleknotter, kopphodeskruer og monteringsanvisning<\/strong>.<\/p>\n<p>&nbsp;<\/p>\n","protected":false},"excerpt":{"rendered":"<p>R\u00f8ykkontrollanordning for PETE-produsert trepellets \u00d8140 og \u00d8200 mm. Den riflede r\u00f8ykkontrollanordningen gj\u00f8r det lettere \u00e5 bruke pellets med h\u00f8y r\u00f8ykutvikling. PETE-r\u00f8ykklokkekontrollene er profesjonelt produsert i rustfritt st\u00e5l, noe som garanterer lang levetid og vedlikeholdsfri drift. Produktpakken inneholder r\u00f8ykklokkekontroll og frontplate, kontrollpinner, 2 stk. kuleknotter, kopphodeskruer og monteringsanvisning. &nbsp;<\/p>\n","protected":false},"featured_media":2945,"template":"","meta":{"_acf_changed":false},"product_brand":[],"product_cat":[158],"product_tag":[],"class_list":{"0":"post-4238","1":"product","2":"type-product","3":"status-publish","4":"has-post-thumbnail","6":"product_cat-roykpellets","8":"first","9":"instock","10":"taxable","11":"shipping-taxable","12":"purchasable","13":"product-type-simple"},"acf":[],"yoast_head":"<!-- This site is optimized with the Yoast SEO plugin v27.3 - https:\/\/yoast.com\/product\/yoast-seo-wordpress\/ -->\n<title>R\u00f8ykkontrollenhet PETE 4 for trepellets \u00d8140 og \u00d8200 mm - PETE-tuotteet<\/title>\n<meta name=\"description\" content=\"R\u00f8ykklokkekontrollenhet for r\u00f8ykstabler \u00d8140 og \u00d8200 mm. Den riflede r\u00f8ykklokkekontrollenheten gj\u00f8r det enklere \u00e5 bruke en r\u00f8ykklokke p\u00e5 et h\u00f8yt niv\u00e5.\" \/>\n<meta name=\"robots\" content=\"index, follow, max-snippet:-1, max-image-preview:large, max-video-preview:-1\" \/>\n<link rel=\"canonical\" href=\"https:\/\/pete.fi\/no\/butikk\/roykpellets\/roykkontrollenhet-pete-4-for-trepellets-o140-og-o200-mm\/\" \/>\n<meta property=\"og:locale\" content=\"nb_NO\" \/>\n<meta property=\"og:type\" content=\"article\" \/>\n<meta property=\"og:title\" content=\"R\u00f8ykkontrollenhet PETE 4 for trepellets \u00d8140 og \u00d8200 mm - PETE-tuotteet\" \/>\n<meta property=\"og:description\" content=\"R\u00f8ykklokkekontrollenhet for r\u00f8ykstabler \u00d8140 og \u00d8200 mm. Den riflede r\u00f8ykklokkekontrollenheten gj\u00f8r det enklere \u00e5 bruke en r\u00f8ykklokke p\u00e5 et h\u00f8yt niv\u00e5.\" \/>\n<meta property=\"og:url\" content=\"https:\/\/pete.fi\/no\/butikk\/roykpellets\/roykkontrollenhet-pete-4-for-trepellets-o140-og-o200-mm\/\" \/>\n<meta property=\"og:site_name\" content=\"PETE-tuotteet\" \/>\n<meta property=\"article:publisher\" content=\"https:\/\/www.facebook.com\/petetuotteet\/\" \/>\n<meta property=\"og:image\" content=\"https:\/\/pete.fi\/wp-content\/uploads\/2024\/08\/PETE_Savupellin_ohjauslaite_W-1-scaled.jpeg\" \/>\n\t<meta property=\"og:image:width\" content=\"2560\" \/>\n\t<meta property=\"og:image:height\" content=\"2560\" \/>\n\t<meta property=\"og:image:type\" content=\"image\/jpeg\" \/>\n<meta name=\"twitter:card\" content=\"summary_large_image\" \/>\n<script type=\"application\/ld+json\" class=\"yoast-schema-graph\">{\"@context\":\"https:\\\/\\\/schema.org\",\"@graph\":[{\"@type\":\"WebPage\",\"@id\":\"https:\\\/\\\/pete.fi\\\/no\\\/butikk\\\/roykpellets\\\/roykkontrollenhet-pete-4-for-trepellets-o140-og-o200-mm\\\/\",\"url\":\"https:\\\/\\\/pete.fi\\\/no\\\/butikk\\\/roykpellets\\\/roykkontrollenhet-pete-4-for-trepellets-o140-og-o200-mm\\\/\",\"name\":\"R\u00f8ykkontrollenhet PETE 4 for trepellets \u00d8140 og \u00d8200 mm - PETE-tuotteet\",\"isPartOf\":{\"@id\":\"https:\\\/\\\/petefi.kehityssivusto.fihttps\\\/\\\/pete.fi\\\/#website\"},\"primaryImageOfPage\":{\"@id\":\"https:\\\/\\\/pete.fi\\\/no\\\/butikk\\\/roykpellets\\\/roykkontrollenhet-pete-4-for-trepellets-o140-og-o200-mm\\\/#primaryimage\"},\"image\":{\"@id\":\"https:\\\/\\\/pete.fi\\\/no\\\/butikk\\\/roykpellets\\\/roykkontrollenhet-pete-4-for-trepellets-o140-og-o200-mm\\\/#primaryimage\"},\"thumbnailUrl\":\"https:\\\/\\\/pete.fi\\\/wp-content\\\/uploads\\\/2024\\\/08\\\/PETE_Savupellin_ohjauslaite_W-1-scaled.jpeg\",\"datePublished\":\"2024-08-06T11:57:46+00:00\",\"description\":\"R\u00f8ykklokkekontrollenhet for r\u00f8ykstabler \u00d8140 og \u00d8200 mm. Den riflede r\u00f8ykklokkekontrollenheten gj\u00f8r det enklere \u00e5 bruke en r\u00f8ykklokke p\u00e5 et h\u00f8yt niv\u00e5.\",\"breadcrumb\":{\"@id\":\"https:\\\/\\\/pete.fi\\\/no\\\/butikk\\\/roykpellets\\\/roykkontrollenhet-pete-4-for-trepellets-o140-og-o200-mm\\\/#breadcrumb\"},\"inLanguage\":\"nb-NO\",\"potentialAction\":[{\"@type\":\"ReadAction\",\"target\":[\"https:\\\/\\\/pete.fi\\\/no\\\/butikk\\\/roykpellets\\\/roykkontrollenhet-pete-4-for-trepellets-o140-og-o200-mm\\\/\"]}]},{\"@type\":\"ImageObject\",\"inLanguage\":\"nb-NO\",\"@id\":\"https:\\\/\\\/pete.fi\\\/no\\\/butikk\\\/roykpellets\\\/roykkontrollenhet-pete-4-for-trepellets-o140-og-o200-mm\\\/#primaryimage\",\"url\":\"https:\\\/\\\/pete.fi\\\/wp-content\\\/uploads\\\/2024\\\/08\\\/PETE_Savupellin_ohjauslaite_W-1-scaled.jpeg\",\"contentUrl\":\"https:\\\/\\\/pete.fi\\\/wp-content\\\/uploads\\\/2024\\\/08\\\/PETE_Savupellin_ohjauslaite_W-1-scaled.jpeg\",\"width\":2560,\"height\":2560,\"caption\":\"R\u00f8ykkontrollanordning for PETE-produserte r\u00f8ykpiper for trepellets.\"},{\"@type\":\"BreadcrumbList\",\"@id\":\"https:\\\/\\\/pete.fi\\\/no\\\/butikk\\\/roykpellets\\\/roykkontrollenhet-pete-4-for-trepellets-o140-og-o200-mm\\\/#breadcrumb\",\"itemListElement\":[{\"@type\":\"ListItem\",\"position\":1,\"name\":\"Home\",\"item\":\"https:\\\/\\\/pete.fi\\\/no\\\/home\\\/\"},{\"@type\":\"ListItem\",\"position\":2,\"name\":\"Butikk\",\"item\":\"https:\\\/\\\/pete.fi\\\/no\\\/butikk\\\/\"},{\"@type\":\"ListItem\",\"position\":3,\"name\":\"R\u00f8ykkontrollenhet PETE 4 for trepellets \u00d8140 og \u00d8200 mm\"}]},{\"@type\":\"WebSite\",\"@id\":\"https:\\\/\\\/petefi.kehityssivusto.fihttps\\\/\\\/pete.fi\\\/#website\",\"url\":\"https:\\\/\\\/petefi.kehityssivusto.fihttps\\\/\\\/pete.fi\\\/\",\"name\":\"Pete.fi\",\"description\":\"\",\"publisher\":{\"@id\":\"https:\\\/\\\/petefi.kehityssivusto.fihttps\\\/\\\/pete.fi\\\/#organization\"},\"potentialAction\":[{\"@type\":\"SearchAction\",\"target\":{\"@type\":\"EntryPoint\",\"urlTemplate\":\"https:\\\/\\\/petefi.kehityssivusto.fihttps\\\/\\\/pete.fi\\\/?s={search_term_string}\"},\"query-input\":{\"@type\":\"PropertyValueSpecification\",\"valueRequired\":true,\"valueName\":\"search_term_string\"}}],\"inLanguage\":\"nb-NO\"},{\"@type\":\"Organization\",\"@id\":\"https:\\\/\\\/petefi.kehityssivusto.fihttps\\\/\\\/pete.fi\\\/#organization\",\"name\":\"Pete | Piipusta piippuun\",\"url\":\"https:\\\/\\\/petefi.kehityssivusto.fihttps\\\/\\\/pete.fi\\\/\",\"logo\":{\"@type\":\"ImageObject\",\"inLanguage\":\"nb-NO\",\"@id\":\"https:\\\/\\\/petefi.kehityssivusto.fihttps\\\/\\\/pete.fi\\\/#\\\/schema\\\/logo\\\/image\\\/\",\"url\":\"https:\\\/\\\/pete.fi\\\/wp-content\\\/uploads\\\/2023\\\/08\\\/cropped-logo_fi.jpeg\",\"contentUrl\":\"https:\\\/\\\/pete.fi\\\/wp-content\\\/uploads\\\/2023\\\/08\\\/cropped-logo_fi.jpeg\",\"width\":2243,\"height\":1589,\"caption\":\"Pete | Piipusta piippuun\"},\"image\":{\"@id\":\"https:\\\/\\\/petefi.kehityssivusto.fihttps\\\/\\\/pete.fi\\\/#\\\/schema\\\/logo\\\/image\\\/\"},\"sameAs\":[\"https:\\\/\\\/www.facebook.com\\\/petetuotteet\\\/\",\"https:\\\/\\\/www.instagram.com\\\/piipustapiippuun\"]}]}<\/script>\n<!-- \/ Yoast SEO plugin. -->","yoast_head_json":{"title":"R\u00f8ykkontrollenhet PETE 4 for trepellets \u00d8140 og \u00d8200 mm - PETE-tuotteet","description":"R\u00f8ykklokkekontrollenhet for r\u00f8ykstabler \u00d8140 og \u00d8200 mm. Den riflede r\u00f8ykklokkekontrollenheten gj\u00f8r det enklere \u00e5 bruke en r\u00f8ykklokke p\u00e5 et h\u00f8yt niv\u00e5.","robots":{"index":"index","follow":"follow","max-snippet":"max-snippet:-1","max-image-preview":"max-image-preview:large","max-video-preview":"max-video-preview:-1"},"canonical":"https:\/\/pete.fi\/no\/butikk\/roykpellets\/roykkontrollenhet-pete-4-for-trepellets-o140-og-o200-mm\/","og_locale":"nb_NO","og_type":"article","og_title":"R\u00f8ykkontrollenhet PETE 4 for trepellets \u00d8140 og \u00d8200 mm - PETE-tuotteet","og_description":"R\u00f8ykklokkekontrollenhet for r\u00f8ykstabler \u00d8140 og \u00d8200 mm. Den riflede r\u00f8ykklokkekontrollenheten gj\u00f8r det enklere \u00e5 bruke en r\u00f8ykklokke p\u00e5 et h\u00f8yt niv\u00e5.","og_url":"https:\/\/pete.fi\/no\/butikk\/roykpellets\/roykkontrollenhet-pete-4-for-trepellets-o140-og-o200-mm\/","og_site_name":"PETE-tuotteet","article_publisher":"https:\/\/www.facebook.com\/petetuotteet\/","og_image":[{"width":2560,"height":2560,"url":"https:\/\/pete.fi\/wp-content\/uploads\/2024\/08\/PETE_Savupellin_ohjauslaite_W-1-scaled.jpeg","type":"image\/jpeg"}],"twitter_card":"summary_large_image","schema":{"@context":"https:\/\/schema.org","@graph":[{"@type":"WebPage","@id":"https:\/\/pete.fi\/no\/butikk\/roykpellets\/roykkontrollenhet-pete-4-for-trepellets-o140-og-o200-mm\/","url":"https:\/\/pete.fi\/no\/butikk\/roykpellets\/roykkontrollenhet-pete-4-for-trepellets-o140-og-o200-mm\/","name":"R\u00f8ykkontrollenhet PETE 4 for trepellets \u00d8140 og \u00d8200 mm - PETE-tuotteet","isPartOf":{"@id":"https:\/\/petefi.kehityssivusto.fihttps\/\/pete.fi\/#website"},"primaryImageOfPage":{"@id":"https:\/\/pete.fi\/no\/butikk\/roykpellets\/roykkontrollenhet-pete-4-for-trepellets-o140-og-o200-mm\/#primaryimage"},"image":{"@id":"https:\/\/pete.fi\/no\/butikk\/roykpellets\/roykkontrollenhet-pete-4-for-trepellets-o140-og-o200-mm\/#primaryimage"},"thumbnailUrl":"https:\/\/pete.fi\/wp-content\/uploads\/2024\/08\/PETE_Savupellin_ohjauslaite_W-1-scaled.jpeg","datePublished":"2024-08-06T11:57:46+00:00","description":"R\u00f8ykklokkekontrollenhet for r\u00f8ykstabler \u00d8140 og \u00d8200 mm. Den riflede r\u00f8ykklokkekontrollenheten gj\u00f8r det enklere \u00e5 bruke en r\u00f8ykklokke p\u00e5 et h\u00f8yt niv\u00e5.","breadcrumb":{"@id":"https:\/\/pete.fi\/no\/butikk\/roykpellets\/roykkontrollenhet-pete-4-for-trepellets-o140-og-o200-mm\/#breadcrumb"},"inLanguage":"nb-NO","potentialAction":[{"@type":"ReadAction","target":["https:\/\/pete.fi\/no\/butikk\/roykpellets\/roykkontrollenhet-pete-4-for-trepellets-o140-og-o200-mm\/"]}]},{"@type":"ImageObject","inLanguage":"nb-NO","@id":"https:\/\/pete.fi\/no\/butikk\/roykpellets\/roykkontrollenhet-pete-4-for-trepellets-o140-og-o200-mm\/#primaryimage","url":"https:\/\/pete.fi\/wp-content\/uploads\/2024\/08\/PETE_Savupellin_ohjauslaite_W-1-scaled.jpeg","contentUrl":"https:\/\/pete.fi\/wp-content\/uploads\/2024\/08\/PETE_Savupellin_ohjauslaite_W-1-scaled.jpeg","width":2560,"height":2560,"caption":"R\u00f8ykkontrollanordning for PETE-produserte r\u00f8ykpiper for trepellets."},{"@type":"BreadcrumbList","@id":"https:\/\/pete.fi\/no\/butikk\/roykpellets\/roykkontrollenhet-pete-4-for-trepellets-o140-og-o200-mm\/#breadcrumb","itemListElement":[{"@type":"ListItem","position":1,"name":"Home","item":"https:\/\/pete.fi\/no\/home\/"},{"@type":"ListItem","position":2,"name":"Butikk","item":"https:\/\/pete.fi\/no\/butikk\/"},{"@type":"ListItem","position":3,"name":"R\u00f8ykkontrollenhet PETE 4 for trepellets \u00d8140 og \u00d8200 mm"}]},{"@type":"WebSite","@id":"https:\/\/petefi.kehityssivusto.fihttps\/\/pete.fi\/#website","url":"https:\/\/petefi.kehityssivusto.fihttps\/\/pete.fi\/","name":"Pete.fi","description":"","publisher":{"@id":"https:\/\/petefi.kehityssivusto.fihttps\/\/pete.fi\/#organization"},"potentialAction":[{"@type":"SearchAction","target":{"@type":"EntryPoint","urlTemplate":"https:\/\/petefi.kehityssivusto.fihttps\/\/pete.fi\/?s={search_term_string}"},"query-input":{"@type":"PropertyValueSpecification","valueRequired":true,"valueName":"search_term_string"}}],"inLanguage":"nb-NO"},{"@type":"Organization","@id":"https:\/\/petefi.kehityssivusto.fihttps\/\/pete.fi\/#organization","name":"Pete | Piipusta piippuun","url":"https:\/\/petefi.kehityssivusto.fihttps\/\/pete.fi\/","logo":{"@type":"ImageObject","inLanguage":"nb-NO","@id":"https:\/\/petefi.kehityssivusto.fihttps\/\/pete.fi\/#\/schema\/logo\/image\/","url":"https:\/\/pete.fi\/wp-content\/uploads\/2023\/08\/cropped-logo_fi.jpeg","contentUrl":"https:\/\/pete.fi\/wp-content\/uploads\/2023\/08\/cropped-logo_fi.jpeg","width":2243,"height":1589,"caption":"Pete | Piipusta piippuun"},"image":{"@id":"https:\/\/petefi.kehityssivusto.fihttps\/\/pete.fi\/#\/schema\/logo\/image\/"},"sameAs":["https:\/\/www.facebook.com\/petetuotteet\/","https:\/\/www.instagram.com\/piipustapiippuun"]}]}},"_links":{"self":[{"href":"https:\/\/pete.fi\/no\/wp-json\/wp\/v2\/product\/4238","targetHints":{"allow":["GET"]}}],"collection":[{"href":"https:\/\/pete.fi\/no\/wp-json\/wp\/v2\/product"}],"about":[{"href":"https:\/\/pete.fi\/no\/wp-json\/wp\/v2\/types\/product"}],"wp:featuredmedia":[{"embeddable":true,"href":"https:\/\/pete.fi\/no\/wp-json\/wp\/v2\/media\/2945"}],"wp:attachment":[{"href":"https:\/\/pete.fi\/no\/wp-json\/wp\/v2\/media?parent=4238"}],"wp:term":[{"taxonomy":"product_brand","embeddable":true,"href":"https:\/\/pete.fi\/no\/wp-json\/wp\/v2\/product_brand?post=4238"},{"taxonomy":"product_cat","embeddable":true,"href":"https:\/\/pete.fi\/no\/wp-json\/wp\/v2\/product_cat?post=4238"},{"taxonomy":"product_tag","embeddable":true,"href":"https:\/\/pete.fi\/no\/wp-json\/wp\/v2\/product_tag?post=4238"}],"curies":[{"name":"wp","href":"https:\/\/api.w.org\/{rel}","templated":true}]}}