{"id":4237,"date":"2024-08-25T15:29:37","date_gmt":"2024-08-25T13:29:37","guid":{"rendered":"https:\/\/pete.fi\/kauppa\/ukategorisert\/pelleteringssett-for-pete-taktekking-med-vertikal-fals\/"},"modified":"2024-08-25T15:29:37","modified_gmt":"2024-08-25T13:29:37","slug":"pelleteringssett-for-pete-taktekking-med-vertikal-fals","status":"publish","type":"product","link":"https:\/\/pete.fi\/no\/butikk\/rorforing\/pelleteringssett-for-pete-taktekking-med-vertikal-fals\/","title":{"rendered":"Pelleteringssett for PETE taktekking med vertikal fals"},"content":{"rendered":"<p><strong>Pelleteringssettets h\u00f8ydelistepakke<\/strong> brukes under <strong>pelleteringssettet<\/strong> og hver forlengelsesbelg n\u00e5r PETE-r\u00f8rpelletering installeres <strong>p\u00e5 et maskinmontert<\/strong> platetak, f.eks. et falset <strong>tak<\/strong> som Ruukki Classic eller Weckman Progant. <\/p>\n<p>&nbsp;<\/p>\n<p><strong>Innhold:<\/strong><\/p>\n<ul>\n<li>Pakken med l\u00f8ftelister inneholder 6 l\u00f8ftelister, hver p\u00e5 40 x 625 mm.<\/li>\n<li>Stigesettet leveres med 18 stk. bladskruer i den fargen du \u00f8nsker.<\/li>\n<\/ul>\n<p>&nbsp;<\/p>\n<p><strong>Salg av stigr\u00f8rspakker \/ Avstand fra skorsteinens senterlinje til m\u00f8net (C):<\/strong><\/p>\n<ul>\n<li>1 punkt \/ 0,19 &#8211; 0,50 m<\/li>\n<li>2 stk \/ 0,51 &#8211; 1,56 m<\/li>\n<li>3 stk \/ 1,57 &#8211; 2,62 m<\/li>\n<li>4 stk \/ 2,63 &#8211; 3,68 m<\/li>\n<li>5 poeng \/ 3,69 &#8211; 4,74 m<\/li>\n<\/ul>\n<p>&nbsp;<\/p>\n<p><strong>Dimensjoner:<\/strong><\/p>\n<p>Dimensjonene p\u00e5 en enkelt h\u00f8ydeliste er 40 x 625 mm.<\/p>\n<p>Pakken inneholder 6 stk. h\u00f8ydelister.<\/p>\n<p>&nbsp;<\/p>\n<p><strong>Materiale:<\/strong><\/p>\n<ul>\n<li>GreenCoat Pural BT-belagt takkledning<\/li>\n<\/ul>\n<p>&nbsp;<\/p>\n<p><strong>Kostnad:<\/strong><\/p>\n<p>Se tabellen nedenfor for antall utvidelsespakker og pakninger med heveliste du trenger.<\/p>\n<p>&nbsp;<\/p>\n<table border=\"1\" cellspacing=\"1\" cellpadding=\"1\">\n<tbody>\n<tr>\n<td><\/td>\n<td colspan=\"5\" rowspan=\"1\">Avstand fra skorsteinens senterlinje til takryggen (C):<\/td>\n<\/tr>\n<tr>\n<td><\/td>\n<td>0,19-0,50m<\/td>\n<td>0,51-1,56m<\/td>\n<td>1,57-2,62m<\/td>\n<td>2,63-3,68m<\/td>\n<td>3,69-4,74m<\/td>\n<\/tr>\n<tr>\n<td>Fortsettelse fra<\/td>\n<td>Ikke n\u00f8dvendig<\/td>\n<td>1 stk.<\/td>\n<td>2 stk<\/td>\n<td>3 stk<\/td>\n<td>4 stk<\/td>\n<\/tr>\n<tr>\n<td><strong>Pakke som hever standarden<\/strong><\/td>\n<td><strong>1 poeng<\/strong><\/td>\n<td><strong>2 poeng<\/strong><\/td>\n<td><strong>3 poeng<\/strong><\/td>\n<td><strong>4 poeng<\/strong><\/td>\n<td><strong>5 poeng<\/strong><\/td>\n<\/tr>\n<\/tbody>\n<\/table>\n<p>&nbsp;<\/p>\n<p><strong>Maskinhusdesign<\/strong>, <strong>vertikal s\u00f8m<\/strong>, <strong>l\u00e5ses\u00f8m<\/strong><\/p>\n","protected":false},"excerpt":{"rendered":"<p>For maskinhus<br \/>\nInkluderer bladskruer 18 stk.<\/p>\n","protected":false},"featured_media":1424,"template":"","meta":{"_acf_changed":false},"product_brand":[],"product_cat":[175],"product_tag":[],"class_list":{"0":"post-4237","1":"product","2":"type-product","3":"status-publish","4":"has-post-thumbnail","6":"product_cat-rorforing","8":"first","9":"instock","10":"taxable","11":"shipping-taxable","12":"purchasable","13":"product-type-variable"},"acf":[],"yoast_head":"<!-- This site is optimized with the Yoast SEO plugin v27.3 - https:\/\/yoast.com\/product\/yoast-seo-wordpress\/ -->\n<title>Pelleteringssett for PETE taktekking med vertikal fals - PETE-tuotteet<\/title>\n<meta name=\"robots\" content=\"index, follow, max-snippet:-1, max-image-preview:large, max-video-preview:-1\" \/>\n<link rel=\"canonical\" href=\"https:\/\/pete.fi\/butikk\/piipunpellitykset\/pellityssarjan-korotuslistapaketti-pete\/\" \/>\n<meta property=\"og:locale\" content=\"nb_NO\" \/>\n<meta property=\"og:type\" content=\"article\" \/>\n<meta property=\"og:title\" content=\"Pelleteringssett for PETE taktekking med vertikal fals - PETE-tuotteet\" \/>\n<meta property=\"og:description\" content=\"For maskinhus Inkluderer bladskruer 18 stk.\" \/>\n<meta property=\"og:url\" content=\"https:\/\/pete.fi\/butikk\/piipunpellitykset\/pellityssarjan-korotuslistapaketti-pete\/\" \/>\n<meta property=\"og:site_name\" content=\"PETE-tuotteet\" \/>\n<meta property=\"article:publisher\" content=\"https:\/\/www.facebook.com\/petetuotteet\/\" \/>\n<meta property=\"og:image\" content=\"https:\/\/pete.fi\/wp-content\/uploads\/2024\/08\/Pellityssarjan-korotuslistapaketti-PETE.jpg\" \/>\n\t<meta property=\"og:image:width\" content=\"900\" \/>\n\t<meta property=\"og:image:height\" content=\"900\" \/>\n\t<meta property=\"og:image:type\" content=\"image\/jpeg\" \/>\n<meta name=\"twitter:card\" content=\"summary_large_image\" \/>\n<meta name=\"twitter:label1\" content=\"Ansl. lesetid\" \/>\n\t<meta name=\"twitter:data1\" content=\"1 minutt\" \/>\n<script type=\"application\/ld+json\" class=\"yoast-schema-graph\">{\"@context\":\"https:\\\/\\\/schema.org\",\"@graph\":[{\"@type\":\"WebPage\",\"@id\":\"https:\\\/\\\/pete.fi\\\/butikk\\\/piipunpellitykset\\\/pellityssarjan-korotuslistapaketti-pete\\\/\",\"url\":\"https:\\\/\\\/pete.fi\\\/butikk\\\/piipunpellitykset\\\/pellityssarjan-korotuslistapaketti-pete\\\/\",\"name\":\"Pelleteringssett for PETE taktekking med vertikal fals - PETE-tuotteet\",\"isPartOf\":{\"@id\":\"https:\\\/\\\/petefi.kehityssivusto.fihttps\\\/\\\/pete.fi\\\/#website\"},\"primaryImageOfPage\":{\"@id\":\"https:\\\/\\\/pete.fi\\\/butikk\\\/piipunpellitykset\\\/pellityssarjan-korotuslistapaketti-pete\\\/#primaryimage\"},\"image\":{\"@id\":\"https:\\\/\\\/pete.fi\\\/butikk\\\/piipunpellitykset\\\/pellityssarjan-korotuslistapaketti-pete\\\/#primaryimage\"},\"thumbnailUrl\":\"https:\\\/\\\/pete.fi\\\/wp-content\\\/uploads\\\/2024\\\/08\\\/Pellityssarjan-korotuslistapaketti-PETE.jpg\",\"datePublished\":\"2024-08-25T13:29:37+00:00\",\"breadcrumb\":{\"@id\":\"https:\\\/\\\/pete.fi\\\/butikk\\\/piipunpellitykset\\\/pellityssarjan-korotuslistapaketti-pete\\\/#breadcrumb\"},\"inLanguage\":\"nb-NO\",\"potentialAction\":[{\"@type\":\"ReadAction\",\"target\":[\"https:\\\/\\\/pete.fi\\\/butikk\\\/piipunpellitykset\\\/pellityssarjan-korotuslistapaketti-pete\\\/\"]}]},{\"@type\":\"ImageObject\",\"inLanguage\":\"nb-NO\",\"@id\":\"https:\\\/\\\/pete.fi\\\/butikk\\\/piipunpellitykset\\\/pellityssarjan-korotuslistapaketti-pete\\\/#primaryimage\",\"url\":\"https:\\\/\\\/pete.fi\\\/wp-content\\\/uploads\\\/2024\\\/08\\\/Pellityssarjan-korotuslistapaketti-PETE.jpg\",\"contentUrl\":\"https:\\\/\\\/pete.fi\\\/wp-content\\\/uploads\\\/2024\\\/08\\\/Pellityssarjan-korotuslistapaketti-PETE.jpg\",\"width\":900,\"height\":900},{\"@type\":\"BreadcrumbList\",\"@id\":\"https:\\\/\\\/pete.fi\\\/butikk\\\/piipunpellitykset\\\/pellityssarjan-korotuslistapaketti-pete\\\/#breadcrumb\",\"itemListElement\":[{\"@type\":\"ListItem\",\"position\":1,\"name\":\"Home\",\"item\":\"https:\\\/\\\/pete.fi\\\/no\\\/home\\\/\"},{\"@type\":\"ListItem\",\"position\":2,\"name\":\"Butikk\",\"item\":\"https:\\\/\\\/pete.fi\\\/no\\\/butikk\\\/\"},{\"@type\":\"ListItem\",\"position\":3,\"name\":\"Pelleteringssett for PETE taktekking med vertikal fals\"}]},{\"@type\":\"WebSite\",\"@id\":\"https:\\\/\\\/petefi.kehityssivusto.fihttps\\\/\\\/pete.fi\\\/#website\",\"url\":\"https:\\\/\\\/petefi.kehityssivusto.fihttps\\\/\\\/pete.fi\\\/\",\"name\":\"Pete.fi\",\"description\":\"\",\"publisher\":{\"@id\":\"https:\\\/\\\/petefi.kehityssivusto.fihttps\\\/\\\/pete.fi\\\/#organization\"},\"potentialAction\":[{\"@type\":\"SearchAction\",\"target\":{\"@type\":\"EntryPoint\",\"urlTemplate\":\"https:\\\/\\\/petefi.kehityssivusto.fihttps\\\/\\\/pete.fi\\\/?s={search_term_string}\"},\"query-input\":{\"@type\":\"PropertyValueSpecification\",\"valueRequired\":true,\"valueName\":\"search_term_string\"}}],\"inLanguage\":\"nb-NO\"},{\"@type\":\"Organization\",\"@id\":\"https:\\\/\\\/petefi.kehityssivusto.fihttps\\\/\\\/pete.fi\\\/#organization\",\"name\":\"Pete | Piipusta piippuun\",\"url\":\"https:\\\/\\\/petefi.kehityssivusto.fihttps\\\/\\\/pete.fi\\\/\",\"logo\":{\"@type\":\"ImageObject\",\"inLanguage\":\"nb-NO\",\"@id\":\"https:\\\/\\\/petefi.kehityssivusto.fihttps\\\/\\\/pete.fi\\\/#\\\/schema\\\/logo\\\/image\\\/\",\"url\":\"https:\\\/\\\/pete.fi\\\/wp-content\\\/uploads\\\/2023\\\/08\\\/cropped-logo_fi.jpeg\",\"contentUrl\":\"https:\\\/\\\/pete.fi\\\/wp-content\\\/uploads\\\/2023\\\/08\\\/cropped-logo_fi.jpeg\",\"width\":2243,\"height\":1589,\"caption\":\"Pete | Piipusta piippuun\"},\"image\":{\"@id\":\"https:\\\/\\\/petefi.kehityssivusto.fihttps\\\/\\\/pete.fi\\\/#\\\/schema\\\/logo\\\/image\\\/\"},\"sameAs\":[\"https:\\\/\\\/www.facebook.com\\\/petetuotteet\\\/\",\"https:\\\/\\\/www.instagram.com\\\/piipustapiippuun\"]}]}<\/script>\n<!-- \/ Yoast SEO plugin. -->","yoast_head_json":{"title":"Pelleteringssett for PETE taktekking med vertikal fals - PETE-tuotteet","robots":{"index":"index","follow":"follow","max-snippet":"max-snippet:-1","max-image-preview":"max-image-preview:large","max-video-preview":"max-video-preview:-1"},"canonical":"https:\/\/pete.fi\/butikk\/piipunpellitykset\/pellityssarjan-korotuslistapaketti-pete\/","og_locale":"nb_NO","og_type":"article","og_title":"Pelleteringssett for PETE taktekking med vertikal fals - PETE-tuotteet","og_description":"For maskinhus Inkluderer bladskruer 18 stk.","og_url":"https:\/\/pete.fi\/butikk\/piipunpellitykset\/pellityssarjan-korotuslistapaketti-pete\/","og_site_name":"PETE-tuotteet","article_publisher":"https:\/\/www.facebook.com\/petetuotteet\/","og_image":[{"width":900,"height":900,"url":"https:\/\/pete.fi\/wp-content\/uploads\/2024\/08\/Pellityssarjan-korotuslistapaketti-PETE.jpg","type":"image\/jpeg"}],"twitter_card":"summary_large_image","twitter_misc":{"Ansl. lesetid":"1 minutt"},"schema":{"@context":"https:\/\/schema.org","@graph":[{"@type":"WebPage","@id":"https:\/\/pete.fi\/butikk\/piipunpellitykset\/pellityssarjan-korotuslistapaketti-pete\/","url":"https:\/\/pete.fi\/butikk\/piipunpellitykset\/pellityssarjan-korotuslistapaketti-pete\/","name":"Pelleteringssett for PETE taktekking med vertikal fals - PETE-tuotteet","isPartOf":{"@id":"https:\/\/petefi.kehityssivusto.fihttps\/\/pete.fi\/#website"},"primaryImageOfPage":{"@id":"https:\/\/pete.fi\/butikk\/piipunpellitykset\/pellityssarjan-korotuslistapaketti-pete\/#primaryimage"},"image":{"@id":"https:\/\/pete.fi\/butikk\/piipunpellitykset\/pellityssarjan-korotuslistapaketti-pete\/#primaryimage"},"thumbnailUrl":"https:\/\/pete.fi\/wp-content\/uploads\/2024\/08\/Pellityssarjan-korotuslistapaketti-PETE.jpg","datePublished":"2024-08-25T13:29:37+00:00","breadcrumb":{"@id":"https:\/\/pete.fi\/butikk\/piipunpellitykset\/pellityssarjan-korotuslistapaketti-pete\/#breadcrumb"},"inLanguage":"nb-NO","potentialAction":[{"@type":"ReadAction","target":["https:\/\/pete.fi\/butikk\/piipunpellitykset\/pellityssarjan-korotuslistapaketti-pete\/"]}]},{"@type":"ImageObject","inLanguage":"nb-NO","@id":"https:\/\/pete.fi\/butikk\/piipunpellitykset\/pellityssarjan-korotuslistapaketti-pete\/#primaryimage","url":"https:\/\/pete.fi\/wp-content\/uploads\/2024\/08\/Pellityssarjan-korotuslistapaketti-PETE.jpg","contentUrl":"https:\/\/pete.fi\/wp-content\/uploads\/2024\/08\/Pellityssarjan-korotuslistapaketti-PETE.jpg","width":900,"height":900},{"@type":"BreadcrumbList","@id":"https:\/\/pete.fi\/butikk\/piipunpellitykset\/pellityssarjan-korotuslistapaketti-pete\/#breadcrumb","itemListElement":[{"@type":"ListItem","position":1,"name":"Home","item":"https:\/\/pete.fi\/no\/home\/"},{"@type":"ListItem","position":2,"name":"Butikk","item":"https:\/\/pete.fi\/no\/butikk\/"},{"@type":"ListItem","position":3,"name":"Pelleteringssett for PETE taktekking med vertikal fals"}]},{"@type":"WebSite","@id":"https:\/\/petefi.kehityssivusto.fihttps\/\/pete.fi\/#website","url":"https:\/\/petefi.kehityssivusto.fihttps\/\/pete.fi\/","name":"Pete.fi","description":"","publisher":{"@id":"https:\/\/petefi.kehityssivusto.fihttps\/\/pete.fi\/#organization"},"potentialAction":[{"@type":"SearchAction","target":{"@type":"EntryPoint","urlTemplate":"https:\/\/petefi.kehityssivusto.fihttps\/\/pete.fi\/?s={search_term_string}"},"query-input":{"@type":"PropertyValueSpecification","valueRequired":true,"valueName":"search_term_string"}}],"inLanguage":"nb-NO"},{"@type":"Organization","@id":"https:\/\/petefi.kehityssivusto.fihttps\/\/pete.fi\/#organization","name":"Pete | Piipusta piippuun","url":"https:\/\/petefi.kehityssivusto.fihttps\/\/pete.fi\/","logo":{"@type":"ImageObject","inLanguage":"nb-NO","@id":"https:\/\/petefi.kehityssivusto.fihttps\/\/pete.fi\/#\/schema\/logo\/image\/","url":"https:\/\/pete.fi\/wp-content\/uploads\/2023\/08\/cropped-logo_fi.jpeg","contentUrl":"https:\/\/pete.fi\/wp-content\/uploads\/2023\/08\/cropped-logo_fi.jpeg","width":2243,"height":1589,"caption":"Pete | Piipusta piippuun"},"image":{"@id":"https:\/\/petefi.kehityssivusto.fihttps\/\/pete.fi\/#\/schema\/logo\/image\/"},"sameAs":["https:\/\/www.facebook.com\/petetuotteet\/","https:\/\/www.instagram.com\/piipustapiippuun"]}]}},"_links":{"self":[{"href":"https:\/\/pete.fi\/no\/wp-json\/wp\/v2\/product\/4237","targetHints":{"allow":["GET"]}}],"collection":[{"href":"https:\/\/pete.fi\/no\/wp-json\/wp\/v2\/product"}],"about":[{"href":"https:\/\/pete.fi\/no\/wp-json\/wp\/v2\/types\/product"}],"wp:featuredmedia":[{"embeddable":true,"href":"https:\/\/pete.fi\/no\/wp-json\/wp\/v2\/media\/1424"}],"wp:attachment":[{"href":"https:\/\/pete.fi\/no\/wp-json\/wp\/v2\/media?parent=4237"}],"wp:term":[{"taxonomy":"product_brand","embeddable":true,"href":"https:\/\/pete.fi\/no\/wp-json\/wp\/v2\/product_brand?post=4237"},{"taxonomy":"product_cat","embeddable":true,"href":"https:\/\/pete.fi\/no\/wp-json\/wp\/v2\/product_cat?post=4237"},{"taxonomy":"product_tag","embeddable":true,"href":"https:\/\/pete.fi\/no\/wp-json\/wp\/v2\/product_tag?post=4237"}],"curies":[{"name":"wp","href":"https:\/\/api.w.org\/{rel}","templated":true}]}}