{"id":4230,"date":"2024-08-25T16:00:55","date_gmt":"2024-08-25T14:00:55","guid":{"rendered":"https:\/\/pete.fi\/kauppa\/ukategorisert\/pelleteringsserie-forlengelse-pellicle-pete\/"},"modified":"2024-08-25T16:00:55","modified_gmt":"2024-08-25T14:00:55","slug":"pelleteringsserie-forlengelse-pellicle-pete","status":"publish","type":"product","link":"https:\/\/pete.fi\/no\/butikk\/rorforing\/pelleteringsserie-forlengelse-pellicle-pete\/","title":{"rendered":"Pelleteringsserie forlengelse pellicle PETE"},"content":{"rendered":"<p><strong>Forlengelsesbelgen<\/strong> brukes n\u00e5r <strong>skorsteinens takgjennomf\u00f8ring<\/strong> er mer enn 0,51 m fra m\u00f8net. Form\u00e5let med forlengelsesbelgen er \u00e5 gj\u00f8re takgjennomf\u00f8ringen vanntett ved \u00e5 lede regnvann bort fra skorsteinsgjennomf\u00f8ringen og bort fra m\u00f8nesiden av kledningen. Forlengelsesbelger brukes s\u00e6rlig p\u00e5 blikktak. Forlengelsesbrakettene monteres med 10 cm mellomrom og festes med de medf\u00f8lgende skruene.   <\/p>\n<p><strong>Innhold:<\/strong><\/p>\n<ul>\n<li>1 forlengelsespanel<\/li>\n<li>8 stk. bladskruer<\/li>\n<\/ul>\n<p><strong>M\u00e5l: <\/strong>840 x 1170 mm.<\/p>\n<p>Ta hensyn til en overlapping p\u00e5 10 cm ved dimensjonering. Se tabellen under fanen <strong>Tekniske spesifikasjoner<\/strong> for antall forlengelsespaneler du trenger. <\/p>\n<p><strong>Materiale: <\/strong>GreenCoat Pural BT-belagt taktekking til husholdningsbruk.<\/p>\n<p>&nbsp;<\/p>\n<p><strong>Antall fortsettelsesspill og raise-listepakker i skins-serien:<\/strong><\/p>\n<p>Se tabellen nedenfor for antall utvidelsespakker og pakninger med heveliste du trenger.<\/p>\n<p>Merk: Forh\u00f8yede lektpakker er alltid p\u00e5krevd for taktekking med fals. <\/p>\n<p>&nbsp;<\/p>\n<table border=\"1\" cellspacing=\"1\" cellpadding=\"1\">\n<tbody>\n<tr>\n<td><strong>Avstand fra skorsteinens senterlinje til takryggen<br \/>\n(m\u00e5l C p\u00e5 bildet)<\/strong><\/td>\n<td><strong>Forlenget tak<br \/>\n(p\u00e5 bilde 2)<\/strong><\/td>\n<td><strong>Forh\u00f8yet taklistpakke<br \/>\n(vist p\u00e5 bilde 1)<\/strong><\/td>\n<\/tr>\n<tr>\n<td>0,19 &#8211; 0,50 m<\/td>\n<td>Ikke n\u00f8dvendig<\/td>\n<td>1 stk<\/td>\n<\/tr>\n<tr>\n<td>0,51 &#8211; 1,56 m<\/td>\n<td>1 stk.<\/td>\n<td>2 stk<\/td>\n<\/tr>\n<tr>\n<td>1,57 &#8211; 2,62 m<\/td>\n<td>2 stk<\/td>\n<td>3 stk<\/td>\n<\/tr>\n<tr>\n<td>2,63 &#8211; 3,68 m<\/td>\n<td>3 stk<\/td>\n<td>4 stk<\/td>\n<\/tr>\n<tr>\n<td>3,69 &#8211; 4,74 m<\/td>\n<td>4 stk.<\/td>\n<td>5 stk<\/td>\n<\/tr>\n<tr>\n<td>4,75 &#8211; 5,80 m<\/td>\n<td>5 stk.<\/td>\n<td>6 stk<\/td>\n<\/tr>\n<tr>\n<td>5,81 &#8211; 6,86 m<\/td>\n<td>6 stk.<\/td>\n<td>7 stk<\/td>\n<\/tr>\n<tr>\n<td>6,87 &#8211; 7,92 m<\/td>\n<td>7 stk<\/td>\n<td>8 stk<\/td>\n<\/tr>\n<tr>\n<td>7,93 &#8211; 8,98 m<\/td>\n<td>8 stk<\/td>\n<td>9 stk<\/td>\n<\/tr>\n<tr>\n<td>8,99 &#8211; 10,04 m<\/td>\n<td>9 stk.<\/td>\n<td>10 stk<\/td>\n<\/tr>\n<\/tbody>\n<\/table>\n","protected":false},"excerpt":{"rendered":"<p>840x1160mm<\/p>\n","protected":false},"featured_media":1428,"template":"","meta":{"_acf_changed":false},"product_brand":[],"product_cat":[175],"product_tag":[],"class_list":{"0":"post-4230","1":"product","2":"type-product","3":"status-publish","4":"has-post-thumbnail","6":"product_cat-rorforing","8":"first","9":"instock","10":"taxable","11":"shipping-taxable","12":"purchasable","13":"product-type-variable"},"acf":[],"yoast_head":"<!-- This site is optimized with the Yoast SEO plugin v27.3 - https:\/\/yoast.com\/product\/yoast-seo-wordpress\/ -->\n<title>Pelleteringsserie forlengelse pellicle PETE - PETE-tuotteet<\/title>\n<meta name=\"robots\" content=\"index, follow, max-snippet:-1, max-image-preview:large, max-video-preview:-1\" \/>\n<link rel=\"canonical\" href=\"https:\/\/pete.fi\/butikk\/piipunpellitykset\/pellityssarjan-jatkopelti-pete\/\" \/>\n<meta property=\"og:locale\" content=\"nb_NO\" \/>\n<meta property=\"og:type\" content=\"article\" \/>\n<meta property=\"og:title\" content=\"Pelleteringsserie forlengelse pellicle PETE - PETE-tuotteet\" \/>\n<meta property=\"og:description\" content=\"840x1160mm\" \/>\n<meta property=\"og:url\" content=\"https:\/\/pete.fi\/butikk\/piipunpellitykset\/pellityssarjan-jatkopelti-pete\/\" \/>\n<meta property=\"og:site_name\" content=\"PETE-tuotteet\" \/>\n<meta property=\"article:publisher\" content=\"https:\/\/www.facebook.com\/petetuotteet\/\" \/>\n<meta property=\"og:image\" content=\"https:\/\/pete.fi\/wp-content\/uploads\/2024\/08\/jatkopelti-pete.jpg\" \/>\n\t<meta property=\"og:image:width\" content=\"900\" \/>\n\t<meta property=\"og:image:height\" content=\"900\" \/>\n\t<meta property=\"og:image:type\" content=\"image\/jpeg\" \/>\n<meta name=\"twitter:card\" content=\"summary_large_image\" \/>\n<meta name=\"twitter:label1\" content=\"Ansl. lesetid\" \/>\n\t<meta name=\"twitter:data1\" content=\"1 minutt\" \/>\n<script type=\"application\/ld+json\" class=\"yoast-schema-graph\">{\"@context\":\"https:\\\/\\\/schema.org\",\"@graph\":[{\"@type\":\"WebPage\",\"@id\":\"https:\\\/\\\/pete.fi\\\/butikk\\\/piipunpellitykset\\\/pellityssarjan-jatkopelti-pete\\\/\",\"url\":\"https:\\\/\\\/pete.fi\\\/butikk\\\/piipunpellitykset\\\/pellityssarjan-jatkopelti-pete\\\/\",\"name\":\"Pelleteringsserie forlengelse pellicle PETE - PETE-tuotteet\",\"isPartOf\":{\"@id\":\"https:\\\/\\\/petefi.kehityssivusto.fihttps\\\/\\\/pete.fi\\\/#website\"},\"primaryImageOfPage\":{\"@id\":\"https:\\\/\\\/pete.fi\\\/butikk\\\/piipunpellitykset\\\/pellityssarjan-jatkopelti-pete\\\/#primaryimage\"},\"image\":{\"@id\":\"https:\\\/\\\/pete.fi\\\/butikk\\\/piipunpellitykset\\\/pellityssarjan-jatkopelti-pete\\\/#primaryimage\"},\"thumbnailUrl\":\"https:\\\/\\\/pete.fi\\\/wp-content\\\/uploads\\\/2024\\\/08\\\/jatkopelti-pete.jpg\",\"datePublished\":\"2024-08-25T14:00:55+00:00\",\"breadcrumb\":{\"@id\":\"https:\\\/\\\/pete.fi\\\/butikk\\\/piipunpellitykset\\\/pellityssarjan-jatkopelti-pete\\\/#breadcrumb\"},\"inLanguage\":\"nb-NO\",\"potentialAction\":[{\"@type\":\"ReadAction\",\"target\":[\"https:\\\/\\\/pete.fi\\\/butikk\\\/piipunpellitykset\\\/pellityssarjan-jatkopelti-pete\\\/\"]}]},{\"@type\":\"ImageObject\",\"inLanguage\":\"nb-NO\",\"@id\":\"https:\\\/\\\/pete.fi\\\/butikk\\\/piipunpellitykset\\\/pellityssarjan-jatkopelti-pete\\\/#primaryimage\",\"url\":\"https:\\\/\\\/pete.fi\\\/wp-content\\\/uploads\\\/2024\\\/08\\\/jatkopelti-pete.jpg\",\"contentUrl\":\"https:\\\/\\\/pete.fi\\\/wp-content\\\/uploads\\\/2024\\\/08\\\/jatkopelti-pete.jpg\",\"width\":900,\"height\":900},{\"@type\":\"BreadcrumbList\",\"@id\":\"https:\\\/\\\/pete.fi\\\/butikk\\\/piipunpellitykset\\\/pellityssarjan-jatkopelti-pete\\\/#breadcrumb\",\"itemListElement\":[{\"@type\":\"ListItem\",\"position\":1,\"name\":\"Home\",\"item\":\"https:\\\/\\\/pete.fi\\\/no\\\/home\\\/\"},{\"@type\":\"ListItem\",\"position\":2,\"name\":\"Butikk\",\"item\":\"https:\\\/\\\/pete.fi\\\/no\\\/butikk\\\/\"},{\"@type\":\"ListItem\",\"position\":3,\"name\":\"Pelleteringsserie forlengelse pellicle PETE\"}]},{\"@type\":\"WebSite\",\"@id\":\"https:\\\/\\\/petefi.kehityssivusto.fihttps\\\/\\\/pete.fi\\\/#website\",\"url\":\"https:\\\/\\\/petefi.kehityssivusto.fihttps\\\/\\\/pete.fi\\\/\",\"name\":\"Pete.fi\",\"description\":\"\",\"publisher\":{\"@id\":\"https:\\\/\\\/petefi.kehityssivusto.fihttps\\\/\\\/pete.fi\\\/#organization\"},\"potentialAction\":[{\"@type\":\"SearchAction\",\"target\":{\"@type\":\"EntryPoint\",\"urlTemplate\":\"https:\\\/\\\/petefi.kehityssivusto.fihttps\\\/\\\/pete.fi\\\/?s={search_term_string}\"},\"query-input\":{\"@type\":\"PropertyValueSpecification\",\"valueRequired\":true,\"valueName\":\"search_term_string\"}}],\"inLanguage\":\"nb-NO\"},{\"@type\":\"Organization\",\"@id\":\"https:\\\/\\\/petefi.kehityssivusto.fihttps\\\/\\\/pete.fi\\\/#organization\",\"name\":\"Pete | Piipusta piippuun\",\"url\":\"https:\\\/\\\/petefi.kehityssivusto.fihttps\\\/\\\/pete.fi\\\/\",\"logo\":{\"@type\":\"ImageObject\",\"inLanguage\":\"nb-NO\",\"@id\":\"https:\\\/\\\/petefi.kehityssivusto.fihttps\\\/\\\/pete.fi\\\/#\\\/schema\\\/logo\\\/image\\\/\",\"url\":\"https:\\\/\\\/pete.fi\\\/wp-content\\\/uploads\\\/2023\\\/08\\\/cropped-logo_fi.jpeg\",\"contentUrl\":\"https:\\\/\\\/pete.fi\\\/wp-content\\\/uploads\\\/2023\\\/08\\\/cropped-logo_fi.jpeg\",\"width\":2243,\"height\":1589,\"caption\":\"Pete | Piipusta piippuun\"},\"image\":{\"@id\":\"https:\\\/\\\/petefi.kehityssivusto.fihttps\\\/\\\/pete.fi\\\/#\\\/schema\\\/logo\\\/image\\\/\"},\"sameAs\":[\"https:\\\/\\\/www.facebook.com\\\/petetuotteet\\\/\",\"https:\\\/\\\/www.instagram.com\\\/piipustapiippuun\"]}]}<\/script>\n<!-- \/ Yoast SEO plugin. -->","yoast_head_json":{"title":"Pelleteringsserie forlengelse pellicle PETE - PETE-tuotteet","robots":{"index":"index","follow":"follow","max-snippet":"max-snippet:-1","max-image-preview":"max-image-preview:large","max-video-preview":"max-video-preview:-1"},"canonical":"https:\/\/pete.fi\/butikk\/piipunpellitykset\/pellityssarjan-jatkopelti-pete\/","og_locale":"nb_NO","og_type":"article","og_title":"Pelleteringsserie forlengelse pellicle PETE - PETE-tuotteet","og_description":"840x1160mm","og_url":"https:\/\/pete.fi\/butikk\/piipunpellitykset\/pellityssarjan-jatkopelti-pete\/","og_site_name":"PETE-tuotteet","article_publisher":"https:\/\/www.facebook.com\/petetuotteet\/","og_image":[{"width":900,"height":900,"url":"https:\/\/pete.fi\/wp-content\/uploads\/2024\/08\/jatkopelti-pete.jpg","type":"image\/jpeg"}],"twitter_card":"summary_large_image","twitter_misc":{"Ansl. lesetid":"1 minutt"},"schema":{"@context":"https:\/\/schema.org","@graph":[{"@type":"WebPage","@id":"https:\/\/pete.fi\/butikk\/piipunpellitykset\/pellityssarjan-jatkopelti-pete\/","url":"https:\/\/pete.fi\/butikk\/piipunpellitykset\/pellityssarjan-jatkopelti-pete\/","name":"Pelleteringsserie forlengelse pellicle PETE - PETE-tuotteet","isPartOf":{"@id":"https:\/\/petefi.kehityssivusto.fihttps\/\/pete.fi\/#website"},"primaryImageOfPage":{"@id":"https:\/\/pete.fi\/butikk\/piipunpellitykset\/pellityssarjan-jatkopelti-pete\/#primaryimage"},"image":{"@id":"https:\/\/pete.fi\/butikk\/piipunpellitykset\/pellityssarjan-jatkopelti-pete\/#primaryimage"},"thumbnailUrl":"https:\/\/pete.fi\/wp-content\/uploads\/2024\/08\/jatkopelti-pete.jpg","datePublished":"2024-08-25T14:00:55+00:00","breadcrumb":{"@id":"https:\/\/pete.fi\/butikk\/piipunpellitykset\/pellityssarjan-jatkopelti-pete\/#breadcrumb"},"inLanguage":"nb-NO","potentialAction":[{"@type":"ReadAction","target":["https:\/\/pete.fi\/butikk\/piipunpellitykset\/pellityssarjan-jatkopelti-pete\/"]}]},{"@type":"ImageObject","inLanguage":"nb-NO","@id":"https:\/\/pete.fi\/butikk\/piipunpellitykset\/pellityssarjan-jatkopelti-pete\/#primaryimage","url":"https:\/\/pete.fi\/wp-content\/uploads\/2024\/08\/jatkopelti-pete.jpg","contentUrl":"https:\/\/pete.fi\/wp-content\/uploads\/2024\/08\/jatkopelti-pete.jpg","width":900,"height":900},{"@type":"BreadcrumbList","@id":"https:\/\/pete.fi\/butikk\/piipunpellitykset\/pellityssarjan-jatkopelti-pete\/#breadcrumb","itemListElement":[{"@type":"ListItem","position":1,"name":"Home","item":"https:\/\/pete.fi\/no\/home\/"},{"@type":"ListItem","position":2,"name":"Butikk","item":"https:\/\/pete.fi\/no\/butikk\/"},{"@type":"ListItem","position":3,"name":"Pelleteringsserie forlengelse pellicle PETE"}]},{"@type":"WebSite","@id":"https:\/\/petefi.kehityssivusto.fihttps\/\/pete.fi\/#website","url":"https:\/\/petefi.kehityssivusto.fihttps\/\/pete.fi\/","name":"Pete.fi","description":"","publisher":{"@id":"https:\/\/petefi.kehityssivusto.fihttps\/\/pete.fi\/#organization"},"potentialAction":[{"@type":"SearchAction","target":{"@type":"EntryPoint","urlTemplate":"https:\/\/petefi.kehityssivusto.fihttps\/\/pete.fi\/?s={search_term_string}"},"query-input":{"@type":"PropertyValueSpecification","valueRequired":true,"valueName":"search_term_string"}}],"inLanguage":"nb-NO"},{"@type":"Organization","@id":"https:\/\/petefi.kehityssivusto.fihttps\/\/pete.fi\/#organization","name":"Pete | Piipusta piippuun","url":"https:\/\/petefi.kehityssivusto.fihttps\/\/pete.fi\/","logo":{"@type":"ImageObject","inLanguage":"nb-NO","@id":"https:\/\/petefi.kehityssivusto.fihttps\/\/pete.fi\/#\/schema\/logo\/image\/","url":"https:\/\/pete.fi\/wp-content\/uploads\/2023\/08\/cropped-logo_fi.jpeg","contentUrl":"https:\/\/pete.fi\/wp-content\/uploads\/2023\/08\/cropped-logo_fi.jpeg","width":2243,"height":1589,"caption":"Pete | Piipusta piippuun"},"image":{"@id":"https:\/\/petefi.kehityssivusto.fihttps\/\/pete.fi\/#\/schema\/logo\/image\/"},"sameAs":["https:\/\/www.facebook.com\/petetuotteet\/","https:\/\/www.instagram.com\/piipustapiippuun"]}]}},"_links":{"self":[{"href":"https:\/\/pete.fi\/no\/wp-json\/wp\/v2\/product\/4230","targetHints":{"allow":["GET"]}}],"collection":[{"href":"https:\/\/pete.fi\/no\/wp-json\/wp\/v2\/product"}],"about":[{"href":"https:\/\/pete.fi\/no\/wp-json\/wp\/v2\/types\/product"}],"wp:featuredmedia":[{"embeddable":true,"href":"https:\/\/pete.fi\/no\/wp-json\/wp\/v2\/media\/1428"}],"wp:attachment":[{"href":"https:\/\/pete.fi\/no\/wp-json\/wp\/v2\/media?parent=4230"}],"wp:term":[{"taxonomy":"product_brand","embeddable":true,"href":"https:\/\/pete.fi\/no\/wp-json\/wp\/v2\/product_brand?post=4230"},{"taxonomy":"product_cat","embeddable":true,"href":"https:\/\/pete.fi\/no\/wp-json\/wp\/v2\/product_cat?post=4230"},{"taxonomy":"product_tag","embeddable":true,"href":"https:\/\/pete.fi\/no\/wp-json\/wp\/v2\/product_tag?post=4230"}],"curies":[{"name":"wp","href":"https:\/\/api.w.org\/{rel}","templated":true}]}}