{"id":4226,"date":"2024-08-21T09:37:54","date_gmt":"2024-08-21T07:37:54","guid":{"rendered":"https:\/\/pete.fi\/kauppa\/ukategorisert\/mortel-for-renovering-pete-strong-1000kg\/"},"modified":"2024-08-21T09:37:54","modified_gmt":"2024-08-21T07:37:54","slug":"mortel-for-renovering-pete-strong-1000kg","status":"publish","type":"product","link":"https:\/\/pete.fi\/no\/butikk\/skyveverktoy\/mortel-for-renovering-pete-strong-1000kg\/","title":{"rendered":"M\u00f8rtel for renovering PETE Strong 1000kg"},"content":{"rendered":"<p>En aluminiumsementbasert fugemasse av h\u00f8y kvalitet for innvendig tetting og forebyggende foring av utette r\u00f8yk- og luftkanaler i mur- og steinkonstruksjoner. PETE Strong er spesielt utviklet for ballongst\u00f8ping av skorsteiner, uten at det g\u00e5r p\u00e5 bekostning av r\u00e5materialenes kvalitet. Produktet har bedre salt- og syrebestandighet enn kalsiumsilikatbaserte (Portland-sement) forbindelser. Produktet har blitt tildelt N\u00f8kkelflagg-merket.   <\/p>\n<p><strong>Grunnleggende informasjon:<\/strong><\/p>\n<ul>\n<li>Utviklet og produsert i Finland &#8211; for finske forhold<\/li>\n<li>Testet av Eurofins Expert Services Oy<\/li>\n<li>Enkel \u00e5 jobbe med og veldig ren \u00e5 bruke<\/li>\n<li>Ildfast<\/li>\n<li>Keramikk<\/li>\n<li>H\u00f8y motstandskraft mot syrer og salter<\/li>\n<li>God vedheft<\/li>\n<li>N\u00f8ytral pH-verdi &#8211; behagelig og trygg \u00e5 bruke<\/li>\n<li>Rask utvikling av styrke<\/li>\n<li>Sekkest\u00f8rrelse 20 kg<\/li>\n<li>Pudderm\u00f8rkgr\u00e5 farge<\/li>\n<li>N\u00f8kkelflagg-merket<\/li>\n<\/ul>\n<p>&nbsp;<\/p>\n<p><strong>Testing:<\/strong><\/p>\n<p>If\u00f8lge tester utf\u00f8rt av Eurofins Expert Services Oy forsegler PETE Strong skorsteinsrestaureringsmasse skorsteinen, motst\u00e5r feiing og best\u00e5r T600 driftstemperatur- og sotbranntest. Les mer informasjon under fanen Filer. <\/p>\n<p>&nbsp;<\/p>\n<p><strong>Bruk:<\/strong><br \/>\nTilsett ca. 3,3 liter vann til en sekk med PETE Strong-pulver. R\u00f8r grundig i minst 5 minutter. La pastaen stivne i ca. 5-10 minutter, og r\u00f8r til slutt i ytterligere 1-2 minutter. Den ferdige blandingen b\u00f8r brukes i l\u00f8pet av ca. en time, og r\u00f8r av og til hvis det er n\u00f8dvendig.     <\/p>\n","protected":false},"excerpt":{"rendered":"<p>PETE Strong skorsteinsmasse for innvendig tetting av skorsteiner<\/p>\n","protected":false},"featured_media":2141,"template":"","meta":{"_acf_changed":false},"product_brand":[],"product_cat":[163],"product_tag":[173,166,169,167,168,170,174,172,171],"class_list":{"0":"post-4226","1":"product","2":"type-product","3":"status-publish","4":"has-post-thumbnail","6":"product_cat-skyveverktoy","7":"product_tag-glidende-skala","8":"product_tag-hormisaneerausausmas","9":"product_tag-korreksjonsmasse","10":"product_tag-masse","11":"product_tag-mortel","12":"product_tag-pete-strong","13":"product_tag-renoveringsmortel","14":"product_tag-skorsteinsmasse","15":"product_tag-sterk","17":"first","18":"instock","19":"taxable","20":"shipping-taxable","21":"purchasable","22":"product-type-simple"},"acf":[],"yoast_head":"<!-- This site is optimized with the Yoast SEO plugin v27.3 - https:\/\/yoast.com\/product\/yoast-seo-wordpress\/ -->\n<title>M\u00f8rtel for renovering PETE Strong 1000kg - PETE-tuotteet<\/title>\n<meta name=\"robots\" content=\"index, follow, max-snippet:-1, max-image-preview:large, max-video-preview:-1\" \/>\n<link rel=\"canonical\" href=\"https:\/\/pete.fi\/no\/butikk\/skyveverktoy\/mortel-for-renovering-pete-strong-1000kg\/\" \/>\n<meta property=\"og:locale\" content=\"nb_NO\" \/>\n<meta property=\"og:type\" content=\"article\" \/>\n<meta property=\"og:title\" content=\"M\u00f8rtel for renovering PETE Strong 1000kg - PETE-tuotteet\" \/>\n<meta property=\"og:description\" content=\"PETE Strong skorsteinsmasse for innvendig tetting av skorsteiner\" \/>\n<meta property=\"og:url\" content=\"https:\/\/pete.fi\/no\/butikk\/skyveverktoy\/mortel-for-renovering-pete-strong-1000kg\/\" \/>\n<meta property=\"og:site_name\" content=\"PETE-tuotteet\" \/>\n<meta property=\"article:publisher\" content=\"https:\/\/www.facebook.com\/petetuotteet\/\" \/>\n<meta property=\"og:image\" content=\"https:\/\/pete.fi\/wp-content\/uploads\/2024\/08\/hormisaneerausmassa-1000kg.png\" \/>\n\t<meta property=\"og:image:width\" content=\"600\" \/>\n\t<meta property=\"og:image:height\" content=\"600\" \/>\n\t<meta property=\"og:image:type\" content=\"image\/png\" \/>\n<meta name=\"twitter:card\" content=\"summary_large_image\" \/>\n<meta name=\"twitter:label1\" content=\"Ansl. lesetid\" \/>\n\t<meta name=\"twitter:data1\" content=\"1 minutt\" \/>\n<script type=\"application\/ld+json\" class=\"yoast-schema-graph\">{\"@context\":\"https:\\\/\\\/schema.org\",\"@graph\":[{\"@type\":\"WebPage\",\"@id\":\"https:\\\/\\\/pete.fi\\\/no\\\/butikk\\\/skyveverktoy\\\/mortel-for-renovering-pete-strong-1000kg\\\/\",\"url\":\"https:\\\/\\\/pete.fi\\\/no\\\/butikk\\\/skyveverktoy\\\/mortel-for-renovering-pete-strong-1000kg\\\/\",\"name\":\"M\u00f8rtel for renovering PETE Strong 1000kg - PETE-tuotteet\",\"isPartOf\":{\"@id\":\"https:\\\/\\\/petefi.kehityssivusto.fihttps\\\/\\\/pete.fi\\\/#website\"},\"primaryImageOfPage\":{\"@id\":\"https:\\\/\\\/pete.fi\\\/no\\\/butikk\\\/skyveverktoy\\\/mortel-for-renovering-pete-strong-1000kg\\\/#primaryimage\"},\"image\":{\"@id\":\"https:\\\/\\\/pete.fi\\\/no\\\/butikk\\\/skyveverktoy\\\/mortel-for-renovering-pete-strong-1000kg\\\/#primaryimage\"},\"thumbnailUrl\":\"https:\\\/\\\/pete.fi\\\/wp-content\\\/uploads\\\/2024\\\/08\\\/hormisaneerausmassa-1000kg.png\",\"datePublished\":\"2024-08-21T07:37:54+00:00\",\"breadcrumb\":{\"@id\":\"https:\\\/\\\/pete.fi\\\/no\\\/butikk\\\/skyveverktoy\\\/mortel-for-renovering-pete-strong-1000kg\\\/#breadcrumb\"},\"inLanguage\":\"nb-NO\",\"potentialAction\":[{\"@type\":\"ReadAction\",\"target\":[\"https:\\\/\\\/pete.fi\\\/no\\\/butikk\\\/skyveverktoy\\\/mortel-for-renovering-pete-strong-1000kg\\\/\"]}]},{\"@type\":\"ImageObject\",\"inLanguage\":\"nb-NO\",\"@id\":\"https:\\\/\\\/pete.fi\\\/no\\\/butikk\\\/skyveverktoy\\\/mortel-for-renovering-pete-strong-1000kg\\\/#primaryimage\",\"url\":\"https:\\\/\\\/pete.fi\\\/wp-content\\\/uploads\\\/2024\\\/08\\\/hormisaneerausmassa-1000kg.png\",\"contentUrl\":\"https:\\\/\\\/pete.fi\\\/wp-content\\\/uploads\\\/2024\\\/08\\\/hormisaneerausmassa-1000kg.png\",\"width\":600,\"height\":600},{\"@type\":\"BreadcrumbList\",\"@id\":\"https:\\\/\\\/pete.fi\\\/no\\\/butikk\\\/skyveverktoy\\\/mortel-for-renovering-pete-strong-1000kg\\\/#breadcrumb\",\"itemListElement\":[{\"@type\":\"ListItem\",\"position\":1,\"name\":\"Home\",\"item\":\"https:\\\/\\\/pete.fi\\\/no\\\/home\\\/\"},{\"@type\":\"ListItem\",\"position\":2,\"name\":\"Butikk\",\"item\":\"https:\\\/\\\/pete.fi\\\/no\\\/butikk\\\/\"},{\"@type\":\"ListItem\",\"position\":3,\"name\":\"M\u00f8rtel for renovering PETE Strong 1000kg\"}]},{\"@type\":\"WebSite\",\"@id\":\"https:\\\/\\\/petefi.kehityssivusto.fihttps\\\/\\\/pete.fi\\\/#website\",\"url\":\"https:\\\/\\\/petefi.kehityssivusto.fihttps\\\/\\\/pete.fi\\\/\",\"name\":\"Pete.fi\",\"description\":\"\",\"publisher\":{\"@id\":\"https:\\\/\\\/petefi.kehityssivusto.fihttps\\\/\\\/pete.fi\\\/#organization\"},\"potentialAction\":[{\"@type\":\"SearchAction\",\"target\":{\"@type\":\"EntryPoint\",\"urlTemplate\":\"https:\\\/\\\/petefi.kehityssivusto.fihttps\\\/\\\/pete.fi\\\/?s={search_term_string}\"},\"query-input\":{\"@type\":\"PropertyValueSpecification\",\"valueRequired\":true,\"valueName\":\"search_term_string\"}}],\"inLanguage\":\"nb-NO\"},{\"@type\":\"Organization\",\"@id\":\"https:\\\/\\\/petefi.kehityssivusto.fihttps\\\/\\\/pete.fi\\\/#organization\",\"name\":\"Pete | Piipusta piippuun\",\"url\":\"https:\\\/\\\/petefi.kehityssivusto.fihttps\\\/\\\/pete.fi\\\/\",\"logo\":{\"@type\":\"ImageObject\",\"inLanguage\":\"nb-NO\",\"@id\":\"https:\\\/\\\/petefi.kehityssivusto.fihttps\\\/\\\/pete.fi\\\/#\\\/schema\\\/logo\\\/image\\\/\",\"url\":\"https:\\\/\\\/pete.fi\\\/wp-content\\\/uploads\\\/2023\\\/08\\\/cropped-logo_fi.jpeg\",\"contentUrl\":\"https:\\\/\\\/pete.fi\\\/wp-content\\\/uploads\\\/2023\\\/08\\\/cropped-logo_fi.jpeg\",\"width\":2243,\"height\":1589,\"caption\":\"Pete | Piipusta piippuun\"},\"image\":{\"@id\":\"https:\\\/\\\/petefi.kehityssivusto.fihttps\\\/\\\/pete.fi\\\/#\\\/schema\\\/logo\\\/image\\\/\"},\"sameAs\":[\"https:\\\/\\\/www.facebook.com\\\/petetuotteet\\\/\",\"https:\\\/\\\/www.instagram.com\\\/piipustapiippuun\"]}]}<\/script>\n<!-- \/ Yoast SEO plugin. -->","yoast_head_json":{"title":"M\u00f8rtel for renovering PETE Strong 1000kg - PETE-tuotteet","robots":{"index":"index","follow":"follow","max-snippet":"max-snippet:-1","max-image-preview":"max-image-preview:large","max-video-preview":"max-video-preview:-1"},"canonical":"https:\/\/pete.fi\/no\/butikk\/skyveverktoy\/mortel-for-renovering-pete-strong-1000kg\/","og_locale":"nb_NO","og_type":"article","og_title":"M\u00f8rtel for renovering PETE Strong 1000kg - PETE-tuotteet","og_description":"PETE Strong skorsteinsmasse for innvendig tetting av skorsteiner","og_url":"https:\/\/pete.fi\/no\/butikk\/skyveverktoy\/mortel-for-renovering-pete-strong-1000kg\/","og_site_name":"PETE-tuotteet","article_publisher":"https:\/\/www.facebook.com\/petetuotteet\/","og_image":[{"width":600,"height":600,"url":"https:\/\/pete.fi\/wp-content\/uploads\/2024\/08\/hormisaneerausmassa-1000kg.png","type":"image\/png"}],"twitter_card":"summary_large_image","twitter_misc":{"Ansl. lesetid":"1 minutt"},"schema":{"@context":"https:\/\/schema.org","@graph":[{"@type":"WebPage","@id":"https:\/\/pete.fi\/no\/butikk\/skyveverktoy\/mortel-for-renovering-pete-strong-1000kg\/","url":"https:\/\/pete.fi\/no\/butikk\/skyveverktoy\/mortel-for-renovering-pete-strong-1000kg\/","name":"M\u00f8rtel for renovering PETE Strong 1000kg - PETE-tuotteet","isPartOf":{"@id":"https:\/\/petefi.kehityssivusto.fihttps\/\/pete.fi\/#website"},"primaryImageOfPage":{"@id":"https:\/\/pete.fi\/no\/butikk\/skyveverktoy\/mortel-for-renovering-pete-strong-1000kg\/#primaryimage"},"image":{"@id":"https:\/\/pete.fi\/no\/butikk\/skyveverktoy\/mortel-for-renovering-pete-strong-1000kg\/#primaryimage"},"thumbnailUrl":"https:\/\/pete.fi\/wp-content\/uploads\/2024\/08\/hormisaneerausmassa-1000kg.png","datePublished":"2024-08-21T07:37:54+00:00","breadcrumb":{"@id":"https:\/\/pete.fi\/no\/butikk\/skyveverktoy\/mortel-for-renovering-pete-strong-1000kg\/#breadcrumb"},"inLanguage":"nb-NO","potentialAction":[{"@type":"ReadAction","target":["https:\/\/pete.fi\/no\/butikk\/skyveverktoy\/mortel-for-renovering-pete-strong-1000kg\/"]}]},{"@type":"ImageObject","inLanguage":"nb-NO","@id":"https:\/\/pete.fi\/no\/butikk\/skyveverktoy\/mortel-for-renovering-pete-strong-1000kg\/#primaryimage","url":"https:\/\/pete.fi\/wp-content\/uploads\/2024\/08\/hormisaneerausmassa-1000kg.png","contentUrl":"https:\/\/pete.fi\/wp-content\/uploads\/2024\/08\/hormisaneerausmassa-1000kg.png","width":600,"height":600},{"@type":"BreadcrumbList","@id":"https:\/\/pete.fi\/no\/butikk\/skyveverktoy\/mortel-for-renovering-pete-strong-1000kg\/#breadcrumb","itemListElement":[{"@type":"ListItem","position":1,"name":"Home","item":"https:\/\/pete.fi\/no\/home\/"},{"@type":"ListItem","position":2,"name":"Butikk","item":"https:\/\/pete.fi\/no\/butikk\/"},{"@type":"ListItem","position":3,"name":"M\u00f8rtel for renovering PETE Strong 1000kg"}]},{"@type":"WebSite","@id":"https:\/\/petefi.kehityssivusto.fihttps\/\/pete.fi\/#website","url":"https:\/\/petefi.kehityssivusto.fihttps\/\/pete.fi\/","name":"Pete.fi","description":"","publisher":{"@id":"https:\/\/petefi.kehityssivusto.fihttps\/\/pete.fi\/#organization"},"potentialAction":[{"@type":"SearchAction","target":{"@type":"EntryPoint","urlTemplate":"https:\/\/petefi.kehityssivusto.fihttps\/\/pete.fi\/?s={search_term_string}"},"query-input":{"@type":"PropertyValueSpecification","valueRequired":true,"valueName":"search_term_string"}}],"inLanguage":"nb-NO"},{"@type":"Organization","@id":"https:\/\/petefi.kehityssivusto.fihttps\/\/pete.fi\/#organization","name":"Pete | Piipusta piippuun","url":"https:\/\/petefi.kehityssivusto.fihttps\/\/pete.fi\/","logo":{"@type":"ImageObject","inLanguage":"nb-NO","@id":"https:\/\/petefi.kehityssivusto.fihttps\/\/pete.fi\/#\/schema\/logo\/image\/","url":"https:\/\/pete.fi\/wp-content\/uploads\/2023\/08\/cropped-logo_fi.jpeg","contentUrl":"https:\/\/pete.fi\/wp-content\/uploads\/2023\/08\/cropped-logo_fi.jpeg","width":2243,"height":1589,"caption":"Pete | Piipusta piippuun"},"image":{"@id":"https:\/\/petefi.kehityssivusto.fihttps\/\/pete.fi\/#\/schema\/logo\/image\/"},"sameAs":["https:\/\/www.facebook.com\/petetuotteet\/","https:\/\/www.instagram.com\/piipustapiippuun"]}]}},"_links":{"self":[{"href":"https:\/\/pete.fi\/no\/wp-json\/wp\/v2\/product\/4226","targetHints":{"allow":["GET"]}}],"collection":[{"href":"https:\/\/pete.fi\/no\/wp-json\/wp\/v2\/product"}],"about":[{"href":"https:\/\/pete.fi\/no\/wp-json\/wp\/v2\/types\/product"}],"wp:featuredmedia":[{"embeddable":true,"href":"https:\/\/pete.fi\/no\/wp-json\/wp\/v2\/media\/2141"}],"wp:attachment":[{"href":"https:\/\/pete.fi\/no\/wp-json\/wp\/v2\/media?parent=4226"}],"wp:term":[{"taxonomy":"product_brand","embeddable":true,"href":"https:\/\/pete.fi\/no\/wp-json\/wp\/v2\/product_brand?post=4226"},{"taxonomy":"product_cat","embeddable":true,"href":"https:\/\/pete.fi\/no\/wp-json\/wp\/v2\/product_cat?post=4226"},{"taxonomy":"product_tag","embeddable":true,"href":"https:\/\/pete.fi\/no\/wp-json\/wp\/v2\/product_tag?post=4226"}],"curies":[{"name":"wp","href":"https:\/\/api.w.org\/{rel}","templated":true}]}}