{"id":4182,"date":"2024-08-26T19:26:30","date_gmt":"2024-08-26T17:26:30","guid":{"rendered":"https:\/\/pete.fi\/kauppa\/ukategorisert\/reservebust-til-verktoyet-for-fjerning-av-pigger\/"},"modified":"2024-08-26T19:26:30","modified_gmt":"2024-08-26T17:26:30","slug":"reservebust-til-verktoyet-for-fjerning-av-pigger","status":"publish","type":"product","link":"https:\/\/pete.fi\/no\/butikk\/elektroverktoy\/forbruksmateriell-og-tilbehor\/reservebust-til-verktoyet-for-fjerning-av-pigger\/","title":{"rendered":"Reservebust til verkt\u00f8yet for fjerning av pigger"},"content":{"rendered":"<p>B\u00f8rster i rustfritt st\u00e5l til et verkt\u00f8y for fjerning av spikerboks. Endene p\u00e5 busten er sveiset <\/p>\n<p>Merk!<\/p>\n<ul>\n<li>Ikke egnet for st\u00e5lstenger!<\/li>\n<li>V\u00e6r forsiktig med verkt\u00f8yet, da busten er skarp n\u00e5r den l\u00f8sner og kan etterlate splinter!<\/li>\n<li>Husk ekstra forsiktighet, presisjon og beskyttelse n\u00e5r du bruker dette produktet!<\/li>\n<\/ul>\n","protected":false},"excerpt":{"rendered":"<p>10 mm x 600 mm<br \/>\nMuffefjerner NU-B5-1<\/p>\n","protected":false},"featured_media":1795,"template":"","meta":{"_acf_changed":false},"product_brand":[],"product_cat":[148,161],"product_tag":[],"class_list":{"0":"post-4182","1":"product","2":"type-product","3":"status-publish","4":"has-post-thumbnail","6":"product_cat-elektroverktoy","7":"product_cat-forbruksmateriell-og-tilbehor","9":"first","10":"onbackorder","11":"taxable","12":"shipping-taxable","13":"purchasable","14":"product-type-simple"},"acf":[],"yoast_head":"<!-- This site is optimized with the Yoast SEO plugin v27.3 - https:\/\/yoast.com\/product\/yoast-seo-wordpress\/ -->\n<title>Reservebust til verkt\u00f8yet for fjerning av pigger - PETE-tuotteet<\/title>\n<meta name=\"robots\" content=\"index, follow, max-snippet:-1, max-image-preview:large, max-video-preview:-1\" \/>\n<link rel=\"canonical\" href=\"https:\/\/pete.fi\/butikk\/tehonuohoustyokalut\/kulutusosat-ja-tarvikkeet\/varaharjakset-naakanpesan-poistotyokaluun\/\" \/>\n<meta property=\"og:locale\" content=\"nb_NO\" \/>\n<meta property=\"og:type\" content=\"article\" \/>\n<meta property=\"og:title\" content=\"Reservebust til verkt\u00f8yet for fjerning av pigger - PETE-tuotteet\" \/>\n<meta property=\"og:description\" content=\"10 mm x 600 mm Muffefjerner NU-B5-1\" \/>\n<meta property=\"og:url\" content=\"https:\/\/pete.fi\/butikk\/tehonuohoustyokalut\/kulutusosat-ja-tarvikkeet\/varaharjakset-naakanpesan-poistotyokaluun\/\" \/>\n<meta property=\"og:site_name\" content=\"PETE-tuotteet\" \/>\n<meta property=\"article:publisher\" content=\"https:\/\/www.facebook.com\/petetuotteet\/\" \/>\n<meta property=\"og:image\" content=\"https:\/\/pete.fi\/wp-content\/uploads\/2024\/08\/NU-A4-4.jpg\" \/>\n\t<meta property=\"og:image:width\" content=\"1181\" \/>\n\t<meta property=\"og:image:height\" content=\"978\" \/>\n\t<meta property=\"og:image:type\" content=\"image\/jpeg\" \/>\n<meta name=\"twitter:card\" content=\"summary_large_image\" \/>\n<script type=\"application\/ld+json\" class=\"yoast-schema-graph\">{\"@context\":\"https:\\\/\\\/schema.org\",\"@graph\":[{\"@type\":\"WebPage\",\"@id\":\"https:\\\/\\\/pete.fi\\\/butikk\\\/tehonuohoustyokalut\\\/kulutusosat-ja-tarvikkeet\\\/varaharjakset-naakanpesan-poistotyokaluun\\\/\",\"url\":\"https:\\\/\\\/pete.fi\\\/butikk\\\/tehonuohoustyokalut\\\/kulutusosat-ja-tarvikkeet\\\/varaharjakset-naakanpesan-poistotyokaluun\\\/\",\"name\":\"Reservebust til verkt\u00f8yet for fjerning av pigger - PETE-tuotteet\",\"isPartOf\":{\"@id\":\"https:\\\/\\\/petefi.kehityssivusto.fihttps\\\/\\\/pete.fi\\\/#website\"},\"primaryImageOfPage\":{\"@id\":\"https:\\\/\\\/pete.fi\\\/butikk\\\/tehonuohoustyokalut\\\/kulutusosat-ja-tarvikkeet\\\/varaharjakset-naakanpesan-poistotyokaluun\\\/#primaryimage\"},\"image\":{\"@id\":\"https:\\\/\\\/pete.fi\\\/butikk\\\/tehonuohoustyokalut\\\/kulutusosat-ja-tarvikkeet\\\/varaharjakset-naakanpesan-poistotyokaluun\\\/#primaryimage\"},\"thumbnailUrl\":\"https:\\\/\\\/pete.fi\\\/wp-content\\\/uploads\\\/2024\\\/08\\\/NU-A4-4.jpg\",\"datePublished\":\"2024-08-26T17:26:30+00:00\",\"breadcrumb\":{\"@id\":\"https:\\\/\\\/pete.fi\\\/butikk\\\/tehonuohoustyokalut\\\/kulutusosat-ja-tarvikkeet\\\/varaharjakset-naakanpesan-poistotyokaluun\\\/#breadcrumb\"},\"inLanguage\":\"nb-NO\",\"potentialAction\":[{\"@type\":\"ReadAction\",\"target\":[\"https:\\\/\\\/pete.fi\\\/butikk\\\/tehonuohoustyokalut\\\/kulutusosat-ja-tarvikkeet\\\/varaharjakset-naakanpesan-poistotyokaluun\\\/\"]}]},{\"@type\":\"ImageObject\",\"inLanguage\":\"nb-NO\",\"@id\":\"https:\\\/\\\/pete.fi\\\/butikk\\\/tehonuohoustyokalut\\\/kulutusosat-ja-tarvikkeet\\\/varaharjakset-naakanpesan-poistotyokaluun\\\/#primaryimage\",\"url\":\"https:\\\/\\\/pete.fi\\\/wp-content\\\/uploads\\\/2024\\\/08\\\/NU-A4-4.jpg\",\"contentUrl\":\"https:\\\/\\\/pete.fi\\\/wp-content\\\/uploads\\\/2024\\\/08\\\/NU-A4-4.jpg\",\"width\":1181,\"height\":978},{\"@type\":\"BreadcrumbList\",\"@id\":\"https:\\\/\\\/pete.fi\\\/butikk\\\/tehonuohoustyokalut\\\/kulutusosat-ja-tarvikkeet\\\/varaharjakset-naakanpesan-poistotyokaluun\\\/#breadcrumb\",\"itemListElement\":[{\"@type\":\"ListItem\",\"position\":1,\"name\":\"Home\",\"item\":\"https:\\\/\\\/pete.fi\\\/no\\\/home\\\/\"},{\"@type\":\"ListItem\",\"position\":2,\"name\":\"Butikk\",\"item\":\"https:\\\/\\\/pete.fi\\\/no\\\/butikk\\\/\"},{\"@type\":\"ListItem\",\"position\":3,\"name\":\"Reservebust til verkt\u00f8yet for fjerning av pigger\"}]},{\"@type\":\"WebSite\",\"@id\":\"https:\\\/\\\/petefi.kehityssivusto.fihttps\\\/\\\/pete.fi\\\/#website\",\"url\":\"https:\\\/\\\/petefi.kehityssivusto.fihttps\\\/\\\/pete.fi\\\/\",\"name\":\"Pete.fi\",\"description\":\"\",\"publisher\":{\"@id\":\"https:\\\/\\\/petefi.kehityssivusto.fihttps\\\/\\\/pete.fi\\\/#organization\"},\"potentialAction\":[{\"@type\":\"SearchAction\",\"target\":{\"@type\":\"EntryPoint\",\"urlTemplate\":\"https:\\\/\\\/petefi.kehityssivusto.fihttps\\\/\\\/pete.fi\\\/?s={search_term_string}\"},\"query-input\":{\"@type\":\"PropertyValueSpecification\",\"valueRequired\":true,\"valueName\":\"search_term_string\"}}],\"inLanguage\":\"nb-NO\"},{\"@type\":\"Organization\",\"@id\":\"https:\\\/\\\/petefi.kehityssivusto.fihttps\\\/\\\/pete.fi\\\/#organization\",\"name\":\"Pete | Piipusta piippuun\",\"url\":\"https:\\\/\\\/petefi.kehityssivusto.fihttps\\\/\\\/pete.fi\\\/\",\"logo\":{\"@type\":\"ImageObject\",\"inLanguage\":\"nb-NO\",\"@id\":\"https:\\\/\\\/petefi.kehityssivusto.fihttps\\\/\\\/pete.fi\\\/#\\\/schema\\\/logo\\\/image\\\/\",\"url\":\"https:\\\/\\\/pete.fi\\\/wp-content\\\/uploads\\\/2023\\\/08\\\/cropped-logo_fi.jpeg\",\"contentUrl\":\"https:\\\/\\\/pete.fi\\\/wp-content\\\/uploads\\\/2023\\\/08\\\/cropped-logo_fi.jpeg\",\"width\":2243,\"height\":1589,\"caption\":\"Pete | Piipusta piippuun\"},\"image\":{\"@id\":\"https:\\\/\\\/petefi.kehityssivusto.fihttps\\\/\\\/pete.fi\\\/#\\\/schema\\\/logo\\\/image\\\/\"},\"sameAs\":[\"https:\\\/\\\/www.facebook.com\\\/petetuotteet\\\/\",\"https:\\\/\\\/www.instagram.com\\\/piipustapiippuun\"]}]}<\/script>\n<!-- \/ Yoast SEO plugin. -->","yoast_head_json":{"title":"Reservebust til verkt\u00f8yet for fjerning av pigger - PETE-tuotteet","robots":{"index":"index","follow":"follow","max-snippet":"max-snippet:-1","max-image-preview":"max-image-preview:large","max-video-preview":"max-video-preview:-1"},"canonical":"https:\/\/pete.fi\/butikk\/tehonuohoustyokalut\/kulutusosat-ja-tarvikkeet\/varaharjakset-naakanpesan-poistotyokaluun\/","og_locale":"nb_NO","og_type":"article","og_title":"Reservebust til verkt\u00f8yet for fjerning av pigger - PETE-tuotteet","og_description":"10 mm x 600 mm Muffefjerner NU-B5-1","og_url":"https:\/\/pete.fi\/butikk\/tehonuohoustyokalut\/kulutusosat-ja-tarvikkeet\/varaharjakset-naakanpesan-poistotyokaluun\/","og_site_name":"PETE-tuotteet","article_publisher":"https:\/\/www.facebook.com\/petetuotteet\/","og_image":[{"width":1181,"height":978,"url":"https:\/\/pete.fi\/wp-content\/uploads\/2024\/08\/NU-A4-4.jpg","type":"image\/jpeg"}],"twitter_card":"summary_large_image","schema":{"@context":"https:\/\/schema.org","@graph":[{"@type":"WebPage","@id":"https:\/\/pete.fi\/butikk\/tehonuohoustyokalut\/kulutusosat-ja-tarvikkeet\/varaharjakset-naakanpesan-poistotyokaluun\/","url":"https:\/\/pete.fi\/butikk\/tehonuohoustyokalut\/kulutusosat-ja-tarvikkeet\/varaharjakset-naakanpesan-poistotyokaluun\/","name":"Reservebust til verkt\u00f8yet for fjerning av pigger - PETE-tuotteet","isPartOf":{"@id":"https:\/\/petefi.kehityssivusto.fihttps\/\/pete.fi\/#website"},"primaryImageOfPage":{"@id":"https:\/\/pete.fi\/butikk\/tehonuohoustyokalut\/kulutusosat-ja-tarvikkeet\/varaharjakset-naakanpesan-poistotyokaluun\/#primaryimage"},"image":{"@id":"https:\/\/pete.fi\/butikk\/tehonuohoustyokalut\/kulutusosat-ja-tarvikkeet\/varaharjakset-naakanpesan-poistotyokaluun\/#primaryimage"},"thumbnailUrl":"https:\/\/pete.fi\/wp-content\/uploads\/2024\/08\/NU-A4-4.jpg","datePublished":"2024-08-26T17:26:30+00:00","breadcrumb":{"@id":"https:\/\/pete.fi\/butikk\/tehonuohoustyokalut\/kulutusosat-ja-tarvikkeet\/varaharjakset-naakanpesan-poistotyokaluun\/#breadcrumb"},"inLanguage":"nb-NO","potentialAction":[{"@type":"ReadAction","target":["https:\/\/pete.fi\/butikk\/tehonuohoustyokalut\/kulutusosat-ja-tarvikkeet\/varaharjakset-naakanpesan-poistotyokaluun\/"]}]},{"@type":"ImageObject","inLanguage":"nb-NO","@id":"https:\/\/pete.fi\/butikk\/tehonuohoustyokalut\/kulutusosat-ja-tarvikkeet\/varaharjakset-naakanpesan-poistotyokaluun\/#primaryimage","url":"https:\/\/pete.fi\/wp-content\/uploads\/2024\/08\/NU-A4-4.jpg","contentUrl":"https:\/\/pete.fi\/wp-content\/uploads\/2024\/08\/NU-A4-4.jpg","width":1181,"height":978},{"@type":"BreadcrumbList","@id":"https:\/\/pete.fi\/butikk\/tehonuohoustyokalut\/kulutusosat-ja-tarvikkeet\/varaharjakset-naakanpesan-poistotyokaluun\/#breadcrumb","itemListElement":[{"@type":"ListItem","position":1,"name":"Home","item":"https:\/\/pete.fi\/no\/home\/"},{"@type":"ListItem","position":2,"name":"Butikk","item":"https:\/\/pete.fi\/no\/butikk\/"},{"@type":"ListItem","position":3,"name":"Reservebust til verkt\u00f8yet for fjerning av pigger"}]},{"@type":"WebSite","@id":"https:\/\/petefi.kehityssivusto.fihttps\/\/pete.fi\/#website","url":"https:\/\/petefi.kehityssivusto.fihttps\/\/pete.fi\/","name":"Pete.fi","description":"","publisher":{"@id":"https:\/\/petefi.kehityssivusto.fihttps\/\/pete.fi\/#organization"},"potentialAction":[{"@type":"SearchAction","target":{"@type":"EntryPoint","urlTemplate":"https:\/\/petefi.kehityssivusto.fihttps\/\/pete.fi\/?s={search_term_string}"},"query-input":{"@type":"PropertyValueSpecification","valueRequired":true,"valueName":"search_term_string"}}],"inLanguage":"nb-NO"},{"@type":"Organization","@id":"https:\/\/petefi.kehityssivusto.fihttps\/\/pete.fi\/#organization","name":"Pete | Piipusta piippuun","url":"https:\/\/petefi.kehityssivusto.fihttps\/\/pete.fi\/","logo":{"@type":"ImageObject","inLanguage":"nb-NO","@id":"https:\/\/petefi.kehityssivusto.fihttps\/\/pete.fi\/#\/schema\/logo\/image\/","url":"https:\/\/pete.fi\/wp-content\/uploads\/2023\/08\/cropped-logo_fi.jpeg","contentUrl":"https:\/\/pete.fi\/wp-content\/uploads\/2023\/08\/cropped-logo_fi.jpeg","width":2243,"height":1589,"caption":"Pete | Piipusta piippuun"},"image":{"@id":"https:\/\/petefi.kehityssivusto.fihttps\/\/pete.fi\/#\/schema\/logo\/image\/"},"sameAs":["https:\/\/www.facebook.com\/petetuotteet\/","https:\/\/www.instagram.com\/piipustapiippuun"]}]}},"_links":{"self":[{"href":"https:\/\/pete.fi\/no\/wp-json\/wp\/v2\/product\/4182","targetHints":{"allow":["GET"]}}],"collection":[{"href":"https:\/\/pete.fi\/no\/wp-json\/wp\/v2\/product"}],"about":[{"href":"https:\/\/pete.fi\/no\/wp-json\/wp\/v2\/types\/product"}],"wp:featuredmedia":[{"embeddable":true,"href":"https:\/\/pete.fi\/no\/wp-json\/wp\/v2\/media\/1795"}],"wp:attachment":[{"href":"https:\/\/pete.fi\/no\/wp-json\/wp\/v2\/media?parent=4182"}],"wp:term":[{"taxonomy":"product_brand","embeddable":true,"href":"https:\/\/pete.fi\/no\/wp-json\/wp\/v2\/product_brand?post=4182"},{"taxonomy":"product_cat","embeddable":true,"href":"https:\/\/pete.fi\/no\/wp-json\/wp\/v2\/product_cat?post=4182"},{"taxonomy":"product_tag","embeddable":true,"href":"https:\/\/pete.fi\/no\/wp-json\/wp\/v2\/product_tag?post=4182"}],"curies":[{"name":"wp","href":"https:\/\/api.w.org\/{rel}","templated":true}]}}