{"id":4179,"date":"2024-08-26T18:41:25","date_gmt":"2024-08-26T16:41:25","guid":{"rendered":"https:\/\/pete.fi\/kauppa\/ukategorisert\/klikk-pa-gaffeltrucken\/"},"modified":"2024-08-26T18:41:25","modified_gmt":"2024-08-26T16:41:25","slug":"klikk-pa-gaffeltrucken","status":"publish","type":"product","link":"https:\/\/pete.fi\/no\/butikk\/elektroverktoy\/system-click-o12-mm\/klikk-pa-gaffeltrucken\/","title":{"rendered":"Klikk p\u00e5 gaffeltrucken"},"content":{"rendered":"<p>En nal med bust i rustfritt st\u00e5l for fjerning av tilsmussede reir. Spissene p\u00e5 busten er sveiset for sikker bruk og lengre levetid. <\/p>\n<p>Merk! Ikke egnet for st\u00e5lstenger! Husk spesiell forsiktighet, presisjon og beskyttelse ved bruk av dette produktet!  <\/p>\n","protected":false},"excerpt":{"rendered":"<p>En nal med bust i rustfritt st\u00e5l for fjerning av tilsmussede reir. Spissene p\u00e5 busten er sveiset for sikker bruk og lengre levetid. Merk! Ikke egnet for st\u00e5lstenger! Husk spesiell forsiktighet, presisjon og beskyttelse ved bruk av dette produktet!<\/p>\n","protected":false},"featured_media":1779,"template":"","meta":{"_acf_changed":false},"product_brand":[],"product_cat":[148,149],"product_tag":[],"class_list":{"0":"post-4179","1":"product","2":"type-product","3":"status-publish","4":"has-post-thumbnail","6":"product_cat-elektroverktoy","7":"product_cat-system-click-o12-mm","9":"first","10":"onbackorder","11":"taxable","12":"shipping-taxable","13":"purchasable","14":"product-type-simple"},"acf":[],"yoast_head":"<!-- This site is optimized with the Yoast SEO plugin v27.3 - https:\/\/yoast.com\/product\/yoast-seo-wordpress\/ -->\n<title>Klikk p\u00e5 gaffeltrucken - PETE-tuotteet<\/title>\n<meta name=\"robots\" content=\"index, follow, max-snippet:-1, max-image-preview:large, max-video-preview:-1\" \/>\n<link rel=\"canonical\" href=\"https:\/\/pete.fi\/butikk\/tehonuohoustyokalut\/jarjestelma-click-o12mm\/naakanpesan-sarkija-click\/\" \/>\n<meta property=\"og:locale\" content=\"nb_NO\" \/>\n<meta property=\"og:type\" content=\"article\" \/>\n<meta property=\"og:title\" content=\"Klikk p\u00e5 gaffeltrucken - PETE-tuotteet\" \/>\n<meta property=\"og:description\" content=\"En nal med bust i rustfritt st\u00e5l for fjerning av tilsmussede reir. Spissene p\u00e5 busten er sveiset for sikker bruk og lengre levetid. Merk! Ikke egnet for st\u00e5lstenger! Husk spesiell forsiktighet, presisjon og beskyttelse ved bruk av dette produktet!\" \/>\n<meta property=\"og:url\" content=\"https:\/\/pete.fi\/butikk\/tehonuohoustyokalut\/jarjestelma-click-o12mm\/naakanpesan-sarkija-click\/\" \/>\n<meta property=\"og:site_name\" content=\"PETE-tuotteet\" \/>\n<meta property=\"article:publisher\" content=\"https:\/\/www.facebook.com\/petetuotteet\/\" \/>\n<meta property=\"og:image\" content=\"https:\/\/pete.fi\/wp-content\/uploads\/2024\/08\/NU-RO-15A.jpg\" \/>\n\t<meta property=\"og:image:width\" content=\"900\" \/>\n\t<meta property=\"og:image:height\" content=\"900\" \/>\n\t<meta property=\"og:image:type\" content=\"image\/jpeg\" \/>\n<meta name=\"twitter:card\" content=\"summary_large_image\" \/>\n<script type=\"application\/ld+json\" class=\"yoast-schema-graph\">{\"@context\":\"https:\\\/\\\/schema.org\",\"@graph\":[{\"@type\":\"WebPage\",\"@id\":\"https:\\\/\\\/pete.fi\\\/butikk\\\/tehonuohoustyokalut\\\/jarjestelma-click-o12mm\\\/naakanpesan-sarkija-click\\\/\",\"url\":\"https:\\\/\\\/pete.fi\\\/butikk\\\/tehonuohoustyokalut\\\/jarjestelma-click-o12mm\\\/naakanpesan-sarkija-click\\\/\",\"name\":\"Klikk p\u00e5 gaffeltrucken - PETE-tuotteet\",\"isPartOf\":{\"@id\":\"https:\\\/\\\/petefi.kehityssivusto.fihttps\\\/\\\/pete.fi\\\/#website\"},\"primaryImageOfPage\":{\"@id\":\"https:\\\/\\\/pete.fi\\\/butikk\\\/tehonuohoustyokalut\\\/jarjestelma-click-o12mm\\\/naakanpesan-sarkija-click\\\/#primaryimage\"},\"image\":{\"@id\":\"https:\\\/\\\/pete.fi\\\/butikk\\\/tehonuohoustyokalut\\\/jarjestelma-click-o12mm\\\/naakanpesan-sarkija-click\\\/#primaryimage\"},\"thumbnailUrl\":\"https:\\\/\\\/pete.fi\\\/wp-content\\\/uploads\\\/2024\\\/08\\\/NU-RO-15A.jpg\",\"datePublished\":\"2024-08-26T16:41:25+00:00\",\"breadcrumb\":{\"@id\":\"https:\\\/\\\/pete.fi\\\/butikk\\\/tehonuohoustyokalut\\\/jarjestelma-click-o12mm\\\/naakanpesan-sarkija-click\\\/#breadcrumb\"},\"inLanguage\":\"nb-NO\",\"potentialAction\":[{\"@type\":\"ReadAction\",\"target\":[\"https:\\\/\\\/pete.fi\\\/butikk\\\/tehonuohoustyokalut\\\/jarjestelma-click-o12mm\\\/naakanpesan-sarkija-click\\\/\"]}]},{\"@type\":\"ImageObject\",\"inLanguage\":\"nb-NO\",\"@id\":\"https:\\\/\\\/pete.fi\\\/butikk\\\/tehonuohoustyokalut\\\/jarjestelma-click-o12mm\\\/naakanpesan-sarkija-click\\\/#primaryimage\",\"url\":\"https:\\\/\\\/pete.fi\\\/wp-content\\\/uploads\\\/2024\\\/08\\\/NU-RO-15A.jpg\",\"contentUrl\":\"https:\\\/\\\/pete.fi\\\/wp-content\\\/uploads\\\/2024\\\/08\\\/NU-RO-15A.jpg\",\"width\":900,\"height\":900},{\"@type\":\"BreadcrumbList\",\"@id\":\"https:\\\/\\\/pete.fi\\\/butikk\\\/tehonuohoustyokalut\\\/jarjestelma-click-o12mm\\\/naakanpesan-sarkija-click\\\/#breadcrumb\",\"itemListElement\":[{\"@type\":\"ListItem\",\"position\":1,\"name\":\"Home\",\"item\":\"https:\\\/\\\/pete.fi\\\/no\\\/home\\\/\"},{\"@type\":\"ListItem\",\"position\":2,\"name\":\"Butikk\",\"item\":\"https:\\\/\\\/pete.fi\\\/no\\\/butikk\\\/\"},{\"@type\":\"ListItem\",\"position\":3,\"name\":\"Klikk p\u00e5 gaffeltrucken\"}]},{\"@type\":\"WebSite\",\"@id\":\"https:\\\/\\\/petefi.kehityssivusto.fihttps\\\/\\\/pete.fi\\\/#website\",\"url\":\"https:\\\/\\\/petefi.kehityssivusto.fihttps\\\/\\\/pete.fi\\\/\",\"name\":\"Pete.fi\",\"description\":\"\",\"publisher\":{\"@id\":\"https:\\\/\\\/petefi.kehityssivusto.fihttps\\\/\\\/pete.fi\\\/#organization\"},\"potentialAction\":[{\"@type\":\"SearchAction\",\"target\":{\"@type\":\"EntryPoint\",\"urlTemplate\":\"https:\\\/\\\/petefi.kehityssivusto.fihttps\\\/\\\/pete.fi\\\/?s={search_term_string}\"},\"query-input\":{\"@type\":\"PropertyValueSpecification\",\"valueRequired\":true,\"valueName\":\"search_term_string\"}}],\"inLanguage\":\"nb-NO\"},{\"@type\":\"Organization\",\"@id\":\"https:\\\/\\\/petefi.kehityssivusto.fihttps\\\/\\\/pete.fi\\\/#organization\",\"name\":\"Pete | Piipusta piippuun\",\"url\":\"https:\\\/\\\/petefi.kehityssivusto.fihttps\\\/\\\/pete.fi\\\/\",\"logo\":{\"@type\":\"ImageObject\",\"inLanguage\":\"nb-NO\",\"@id\":\"https:\\\/\\\/petefi.kehityssivusto.fihttps\\\/\\\/pete.fi\\\/#\\\/schema\\\/logo\\\/image\\\/\",\"url\":\"https:\\\/\\\/pete.fi\\\/wp-content\\\/uploads\\\/2023\\\/08\\\/cropped-logo_fi.jpeg\",\"contentUrl\":\"https:\\\/\\\/pete.fi\\\/wp-content\\\/uploads\\\/2023\\\/08\\\/cropped-logo_fi.jpeg\",\"width\":2243,\"height\":1589,\"caption\":\"Pete | Piipusta piippuun\"},\"image\":{\"@id\":\"https:\\\/\\\/petefi.kehityssivusto.fihttps\\\/\\\/pete.fi\\\/#\\\/schema\\\/logo\\\/image\\\/\"},\"sameAs\":[\"https:\\\/\\\/www.facebook.com\\\/petetuotteet\\\/\",\"https:\\\/\\\/www.instagram.com\\\/piipustapiippuun\"]}]}<\/script>\n<!-- \/ Yoast SEO plugin. -->","yoast_head_json":{"title":"Klikk p\u00e5 gaffeltrucken - PETE-tuotteet","robots":{"index":"index","follow":"follow","max-snippet":"max-snippet:-1","max-image-preview":"max-image-preview:large","max-video-preview":"max-video-preview:-1"},"canonical":"https:\/\/pete.fi\/butikk\/tehonuohoustyokalut\/jarjestelma-click-o12mm\/naakanpesan-sarkija-click\/","og_locale":"nb_NO","og_type":"article","og_title":"Klikk p\u00e5 gaffeltrucken - PETE-tuotteet","og_description":"En nal med bust i rustfritt st\u00e5l for fjerning av tilsmussede reir. Spissene p\u00e5 busten er sveiset for sikker bruk og lengre levetid. Merk! Ikke egnet for st\u00e5lstenger! Husk spesiell forsiktighet, presisjon og beskyttelse ved bruk av dette produktet!","og_url":"https:\/\/pete.fi\/butikk\/tehonuohoustyokalut\/jarjestelma-click-o12mm\/naakanpesan-sarkija-click\/","og_site_name":"PETE-tuotteet","article_publisher":"https:\/\/www.facebook.com\/petetuotteet\/","og_image":[{"width":900,"height":900,"url":"https:\/\/pete.fi\/wp-content\/uploads\/2024\/08\/NU-RO-15A.jpg","type":"image\/jpeg"}],"twitter_card":"summary_large_image","schema":{"@context":"https:\/\/schema.org","@graph":[{"@type":"WebPage","@id":"https:\/\/pete.fi\/butikk\/tehonuohoustyokalut\/jarjestelma-click-o12mm\/naakanpesan-sarkija-click\/","url":"https:\/\/pete.fi\/butikk\/tehonuohoustyokalut\/jarjestelma-click-o12mm\/naakanpesan-sarkija-click\/","name":"Klikk p\u00e5 gaffeltrucken - PETE-tuotteet","isPartOf":{"@id":"https:\/\/petefi.kehityssivusto.fihttps\/\/pete.fi\/#website"},"primaryImageOfPage":{"@id":"https:\/\/pete.fi\/butikk\/tehonuohoustyokalut\/jarjestelma-click-o12mm\/naakanpesan-sarkija-click\/#primaryimage"},"image":{"@id":"https:\/\/pete.fi\/butikk\/tehonuohoustyokalut\/jarjestelma-click-o12mm\/naakanpesan-sarkija-click\/#primaryimage"},"thumbnailUrl":"https:\/\/pete.fi\/wp-content\/uploads\/2024\/08\/NU-RO-15A.jpg","datePublished":"2024-08-26T16:41:25+00:00","breadcrumb":{"@id":"https:\/\/pete.fi\/butikk\/tehonuohoustyokalut\/jarjestelma-click-o12mm\/naakanpesan-sarkija-click\/#breadcrumb"},"inLanguage":"nb-NO","potentialAction":[{"@type":"ReadAction","target":["https:\/\/pete.fi\/butikk\/tehonuohoustyokalut\/jarjestelma-click-o12mm\/naakanpesan-sarkija-click\/"]}]},{"@type":"ImageObject","inLanguage":"nb-NO","@id":"https:\/\/pete.fi\/butikk\/tehonuohoustyokalut\/jarjestelma-click-o12mm\/naakanpesan-sarkija-click\/#primaryimage","url":"https:\/\/pete.fi\/wp-content\/uploads\/2024\/08\/NU-RO-15A.jpg","contentUrl":"https:\/\/pete.fi\/wp-content\/uploads\/2024\/08\/NU-RO-15A.jpg","width":900,"height":900},{"@type":"BreadcrumbList","@id":"https:\/\/pete.fi\/butikk\/tehonuohoustyokalut\/jarjestelma-click-o12mm\/naakanpesan-sarkija-click\/#breadcrumb","itemListElement":[{"@type":"ListItem","position":1,"name":"Home","item":"https:\/\/pete.fi\/no\/home\/"},{"@type":"ListItem","position":2,"name":"Butikk","item":"https:\/\/pete.fi\/no\/butikk\/"},{"@type":"ListItem","position":3,"name":"Klikk p\u00e5 gaffeltrucken"}]},{"@type":"WebSite","@id":"https:\/\/petefi.kehityssivusto.fihttps\/\/pete.fi\/#website","url":"https:\/\/petefi.kehityssivusto.fihttps\/\/pete.fi\/","name":"Pete.fi","description":"","publisher":{"@id":"https:\/\/petefi.kehityssivusto.fihttps\/\/pete.fi\/#organization"},"potentialAction":[{"@type":"SearchAction","target":{"@type":"EntryPoint","urlTemplate":"https:\/\/petefi.kehityssivusto.fihttps\/\/pete.fi\/?s={search_term_string}"},"query-input":{"@type":"PropertyValueSpecification","valueRequired":true,"valueName":"search_term_string"}}],"inLanguage":"nb-NO"},{"@type":"Organization","@id":"https:\/\/petefi.kehityssivusto.fihttps\/\/pete.fi\/#organization","name":"Pete | Piipusta piippuun","url":"https:\/\/petefi.kehityssivusto.fihttps\/\/pete.fi\/","logo":{"@type":"ImageObject","inLanguage":"nb-NO","@id":"https:\/\/petefi.kehityssivusto.fihttps\/\/pete.fi\/#\/schema\/logo\/image\/","url":"https:\/\/pete.fi\/wp-content\/uploads\/2023\/08\/cropped-logo_fi.jpeg","contentUrl":"https:\/\/pete.fi\/wp-content\/uploads\/2023\/08\/cropped-logo_fi.jpeg","width":2243,"height":1589,"caption":"Pete | Piipusta piippuun"},"image":{"@id":"https:\/\/petefi.kehityssivusto.fihttps\/\/pete.fi\/#\/schema\/logo\/image\/"},"sameAs":["https:\/\/www.facebook.com\/petetuotteet\/","https:\/\/www.instagram.com\/piipustapiippuun"]}]}},"_links":{"self":[{"href":"https:\/\/pete.fi\/no\/wp-json\/wp\/v2\/product\/4179","targetHints":{"allow":["GET"]}}],"collection":[{"href":"https:\/\/pete.fi\/no\/wp-json\/wp\/v2\/product"}],"about":[{"href":"https:\/\/pete.fi\/no\/wp-json\/wp\/v2\/types\/product"}],"wp:featuredmedia":[{"embeddable":true,"href":"https:\/\/pete.fi\/no\/wp-json\/wp\/v2\/media\/1779"}],"wp:attachment":[{"href":"https:\/\/pete.fi\/no\/wp-json\/wp\/v2\/media?parent=4179"}],"wp:term":[{"taxonomy":"product_brand","embeddable":true,"href":"https:\/\/pete.fi\/no\/wp-json\/wp\/v2\/product_brand?post=4179"},{"taxonomy":"product_cat","embeddable":true,"href":"https:\/\/pete.fi\/no\/wp-json\/wp\/v2\/product_cat?post=4179"},{"taxonomy":"product_tag","embeddable":true,"href":"https:\/\/pete.fi\/no\/wp-json\/wp\/v2\/product_tag?post=4179"}],"curies":[{"name":"wp","href":"https:\/\/api.w.org\/{rel}","templated":true}]}}