{"id":4038,"date":"2024-08-25T17:30:50","date_gmt":"2024-08-25T15:30:50","guid":{"rendered":"https:\/\/pete.fi\/kauppa\/ukategorisert\/pete-h-serie-royksuger-for-mursteinsskorsteiner\/"},"modified":"2024-08-25T17:30:50","modified_gmt":"2024-08-25T15:30:50","slug":"pete-h-serie-royksuger-for-mursteinsskorsteiner","status":"publish","type":"product","link":"https:\/\/pete.fi\/no\/butikk\/roykgassvifter\/roykgassavtrekk-i-h-serien\/pete-h-serie-royksuger-for-mursteinsskorsteiner\/","title":{"rendered":"PETE H-serie r\u00f8yksuger for mursteinsskorsteiner"},"content":{"rendered":"<h2>PETE sigaretttennerpakke for murte skorsteiner<\/h2>\n<h5><strong>PETEs skorsteinsfeier<\/strong> er en elektrisk drevet trekkforsterker som festes p\u00e5 toppen av skorsteinen med et passende skorsteinsbeslag. R\u00f8ykgassavtrekket, ogs\u00e5 kjent som <strong>skorsteins-<\/strong> eller <strong>peisavtrekk<\/strong>, skaper et sug i r\u00f8ykr\u00f8ret, noe som gj\u00f8r det lettere \u00e5 tenne opp og bruke peisen.  Ikke mer r\u00f8yk fra peisen.<\/h5>\n<p><strong><br \/>\nFordeler:<\/strong><\/p>\n<ul>\n<li>\u00d8ker effektiviteten av r\u00f8ykgassutvinning<\/li>\n<li>Gj\u00f8r det lettere \u00e5 tenne opp og bruke peisen ved \u00e5 skape trekk i r\u00f8ykr\u00f8ret uansett v\u00e6rforhold<\/li>\n<li>Reduserer skadelige partikkelutslipp i inneluften<\/li>\n<li>Kan ogs\u00e5 brukes som et generelt ventilasjonsavtrekk, f.eks. om sommeren n\u00e5r peisen ikke er i bruk <\/li>\n<li>N\u00f8kkelflaggmerket &#8211; Innenlandsk design og produksjon<\/li>\n<li>CE-testet &#8211; Produktet har best\u00e5tt standardtestene<\/li>\n<\/ul>\n<p><strong><br \/>\nInnhold:<\/strong><\/p>\n<p>PETE-pakken med sigarettenner inneholder<\/p>\n<ul>\n<li>r\u00f8ykgassvaskerenhet<\/li>\n<li>justerbar monteringsplattform for mursteinshorn<\/li>\n<li>sikkerhetsbryter<\/li>\n<li>sikkerhetsbryterstativet, og<\/li>\n<li>instruksjoner for installasjon og elektrisk kabling.<\/li>\n<\/ul>\n<p>Alt du trenger \u00e5 gj\u00f8re er \u00e5 legge til en regulator i pakken.<\/p>\n<p>Valg av modell for <strong>r\u00f8ykgassavsuget:<\/strong><br \/>\nModellen for r\u00f8ykgassavsuget velges i henhold til st\u00f8rrelsen p\u00e5 mursteinshaugen og den n\u00f8dvendige sugeeffekten. Hvis du trenger hjelp til \u00e5 velge riktig modell, kan du kontakte v\u00e5r produktsupport! <\/p>\n<ul>\n<li>1\/2-steins skorstein (ca. 150&#215;150 mm) \u2192 PETE H200<\/li>\n<li>1-steins skorstein (ca. 150&#215;280 mm) \u2192 PETE H250<\/li>\n<li>2-steins skorstein (ca. 280&#215;280 mm) \u2192 PETE H315<\/li>\n<\/ul>\n<p><strong><br \/>\nInstallasjon<\/strong><\/p>\n<p>Det er raskt og enkelt \u00e5 montere r\u00f8ykr\u00f8ret mekanisk p\u00e5 enden av murverket. Ved montering m\u00e5 du ta hensyn til \u00e5pningsretningen p\u00e5 r\u00f8ykr\u00f8rshengslet og h\u00f8yden p\u00e5 et eventuelt eksisterende skorsteinslokk. Den endelige elektriske tilkoblingen av PETE-r\u00f8ykgassavtrekket m\u00e5 kun utf\u00f8res av en autorisert elektriker.  <\/p>\n","protected":false},"excerpt":{"rendered":"<p>Rst, sidebl\u00e5sing<br \/>\nFor horn 90x90mm &#8211; 290x290mm<\/p>\n","protected":false},"featured_media":2655,"template":"","meta":{"_acf_changed":false},"product_brand":[],"product_cat":[154,153],"product_tag":[155,156,157],"class_list":{"0":"post-4038","1":"product","2":"type-product","3":"status-publish","4":"has-post-thumbnail","6":"product_cat-roykgassavtrekk-i-h-serien","7":"product_cat-roykgassvifter","8":"product_tag-avtrekk-for-roykgass","9":"product_tag-peisavtrekk","10":"product_tag-roykavtrekk","12":"first","13":"instock","14":"taxable","15":"shipping-taxable","16":"purchasable","17":"product-type-variable"},"acf":[],"yoast_head":"<!-- This site is optimized with the Yoast SEO plugin v27.3 - https:\/\/yoast.com\/product\/yoast-seo-wordpress\/ -->\n<title>PETE-sigarettavtrekk for murte skorsteiner - Gir p\u00e5litelig trekk<\/title>\n<meta name=\"description\" content=\"PETE-sokkelfeieren er en trekkforbedrende enhet som festes p\u00e5 toppen av skorsteinen. P\u00e5 den m\u00e5ten gj\u00f8r feieren det lettere \u00e5 tenne opp og bruke peisen.\" \/>\n<meta name=\"robots\" content=\"index, follow, max-snippet:-1, max-image-preview:large, max-video-preview:-1\" \/>\n<link rel=\"canonical\" href=\"https:\/\/pete.fi\/no\/butikk\/roykgassvifter\/roykgassavtrekk-i-h-serien\/pete-h-serie-royksuger-for-mursteinsskorsteiner\/\" \/>\n<meta property=\"og:locale\" content=\"nb_NO\" \/>\n<meta property=\"og:type\" content=\"article\" \/>\n<meta property=\"og:title\" content=\"PETE-sigarettavtrekk for murte skorsteiner - Gir p\u00e5litelig trekk\" \/>\n<meta property=\"og:description\" content=\"PETE-sokkelfeieren er en trekkforbedrende enhet som festes p\u00e5 toppen av skorsteinen. P\u00e5 den m\u00e5ten gj\u00f8r feieren det lettere \u00e5 tenne opp og bruke peisen.\" \/>\n<meta property=\"og:url\" content=\"https:\/\/pete.fi\/no\/butikk\/roykgassvifter\/roykgassavtrekk-i-h-serien\/pete-h-serie-royksuger-for-mursteinsskorsteiner\/\" \/>\n<meta property=\"og:site_name\" content=\"PETE-tuotteet\" \/>\n<meta property=\"article:publisher\" content=\"https:\/\/www.facebook.com\/petetuotteet\/\" \/>\n<meta property=\"og:image\" content=\"https:\/\/pete.fi\/wp-content\/uploads\/2024\/08\/PETE-savukaasuimuri_H-sarja_tiilihormille-scaled.jpeg\" \/>\n\t<meta property=\"og:image:width\" content=\"2560\" \/>\n\t<meta property=\"og:image:height\" content=\"2560\" \/>\n\t<meta property=\"og:image:type\" content=\"image\/jpeg\" \/>\n<meta name=\"twitter:card\" content=\"summary_large_image\" \/>\n<meta name=\"twitter:label1\" content=\"Ansl. lesetid\" \/>\n\t<meta name=\"twitter:data1\" content=\"1 minutt\" \/>\n<script type=\"application\/ld+json\" class=\"yoast-schema-graph\">{\"@context\":\"https:\\\/\\\/schema.org\",\"@graph\":[{\"@type\":\"WebPage\",\"@id\":\"https:\\\/\\\/pete.fi\\\/no\\\/butikk\\\/roykgassvifter\\\/roykgassavtrekk-i-h-serien\\\/pete-h-serie-royksuger-for-mursteinsskorsteiner\\\/\",\"url\":\"https:\\\/\\\/pete.fi\\\/no\\\/butikk\\\/roykgassvifter\\\/roykgassavtrekk-i-h-serien\\\/pete-h-serie-royksuger-for-mursteinsskorsteiner\\\/\",\"name\":\"PETE-sigarettavtrekk for murte skorsteiner - Gir p\u00e5litelig trekk\",\"isPartOf\":{\"@id\":\"https:\\\/\\\/petefi.kehityssivusto.fihttps\\\/\\\/pete.fi\\\/#website\"},\"primaryImageOfPage\":{\"@id\":\"https:\\\/\\\/pete.fi\\\/no\\\/butikk\\\/roykgassvifter\\\/roykgassavtrekk-i-h-serien\\\/pete-h-serie-royksuger-for-mursteinsskorsteiner\\\/#primaryimage\"},\"image\":{\"@id\":\"https:\\\/\\\/pete.fi\\\/no\\\/butikk\\\/roykgassvifter\\\/roykgassavtrekk-i-h-serien\\\/pete-h-serie-royksuger-for-mursteinsskorsteiner\\\/#primaryimage\"},\"thumbnailUrl\":\"https:\\\/\\\/pete.fi\\\/wp-content\\\/uploads\\\/2024\\\/08\\\/PETE-savukaasuimuri_H-sarja_tiilihormille-scaled.jpeg\",\"datePublished\":\"2024-08-25T15:30:50+00:00\",\"description\":\"PETE-sokkelfeieren er en trekkforbedrende enhet som festes p\u00e5 toppen av skorsteinen. P\u00e5 den m\u00e5ten gj\u00f8r feieren det lettere \u00e5 tenne opp og bruke peisen.\",\"breadcrumb\":{\"@id\":\"https:\\\/\\\/pete.fi\\\/no\\\/butikk\\\/roykgassvifter\\\/roykgassavtrekk-i-h-serien\\\/pete-h-serie-royksuger-for-mursteinsskorsteiner\\\/#breadcrumb\"},\"inLanguage\":\"nb-NO\",\"potentialAction\":[{\"@type\":\"ReadAction\",\"target\":[\"https:\\\/\\\/pete.fi\\\/no\\\/butikk\\\/roykgassvifter\\\/roykgassavtrekk-i-h-serien\\\/pete-h-serie-royksuger-for-mursteinsskorsteiner\\\/\"]}]},{\"@type\":\"ImageObject\",\"inLanguage\":\"nb-NO\",\"@id\":\"https:\\\/\\\/pete.fi\\\/no\\\/butikk\\\/roykgassvifter\\\/roykgassavtrekk-i-h-serien\\\/pete-h-serie-royksuger-for-mursteinsskorsteiner\\\/#primaryimage\",\"url\":\"https:\\\/\\\/pete.fi\\\/wp-content\\\/uploads\\\/2024\\\/08\\\/PETE-savukaasuimuri_H-sarja_tiilihormille-scaled.jpeg\",\"contentUrl\":\"https:\\\/\\\/pete.fi\\\/wp-content\\\/uploads\\\/2024\\\/08\\\/PETE-savukaasuimuri_H-sarja_tiilihormille-scaled.jpeg\",\"width\":2560,\"height\":2560},{\"@type\":\"BreadcrumbList\",\"@id\":\"https:\\\/\\\/pete.fi\\\/no\\\/butikk\\\/roykgassvifter\\\/roykgassavtrekk-i-h-serien\\\/pete-h-serie-royksuger-for-mursteinsskorsteiner\\\/#breadcrumb\",\"itemListElement\":[{\"@type\":\"ListItem\",\"position\":1,\"name\":\"Home\",\"item\":\"https:\\\/\\\/pete.fi\\\/no\\\/home\\\/\"},{\"@type\":\"ListItem\",\"position\":2,\"name\":\"Butikk\",\"item\":\"https:\\\/\\\/pete.fi\\\/no\\\/butikk\\\/\"},{\"@type\":\"ListItem\",\"position\":3,\"name\":\"PETE H-serie r\u00f8yksuger for mursteinsskorsteiner\"}]},{\"@type\":\"WebSite\",\"@id\":\"https:\\\/\\\/petefi.kehityssivusto.fihttps\\\/\\\/pete.fi\\\/#website\",\"url\":\"https:\\\/\\\/petefi.kehityssivusto.fihttps\\\/\\\/pete.fi\\\/\",\"name\":\"Pete.fi\",\"description\":\"\",\"publisher\":{\"@id\":\"https:\\\/\\\/petefi.kehityssivusto.fihttps\\\/\\\/pete.fi\\\/#organization\"},\"potentialAction\":[{\"@type\":\"SearchAction\",\"target\":{\"@type\":\"EntryPoint\",\"urlTemplate\":\"https:\\\/\\\/petefi.kehityssivusto.fihttps\\\/\\\/pete.fi\\\/?s={search_term_string}\"},\"query-input\":{\"@type\":\"PropertyValueSpecification\",\"valueRequired\":true,\"valueName\":\"search_term_string\"}}],\"inLanguage\":\"nb-NO\"},{\"@type\":\"Organization\",\"@id\":\"https:\\\/\\\/petefi.kehityssivusto.fihttps\\\/\\\/pete.fi\\\/#organization\",\"name\":\"Pete | Piipusta piippuun\",\"url\":\"https:\\\/\\\/petefi.kehityssivusto.fihttps\\\/\\\/pete.fi\\\/\",\"logo\":{\"@type\":\"ImageObject\",\"inLanguage\":\"nb-NO\",\"@id\":\"https:\\\/\\\/petefi.kehityssivusto.fihttps\\\/\\\/pete.fi\\\/#\\\/schema\\\/logo\\\/image\\\/\",\"url\":\"https:\\\/\\\/pete.fi\\\/wp-content\\\/uploads\\\/2023\\\/08\\\/cropped-logo_fi.jpeg\",\"contentUrl\":\"https:\\\/\\\/pete.fi\\\/wp-content\\\/uploads\\\/2023\\\/08\\\/cropped-logo_fi.jpeg\",\"width\":2243,\"height\":1589,\"caption\":\"Pete | Piipusta piippuun\"},\"image\":{\"@id\":\"https:\\\/\\\/petefi.kehityssivusto.fihttps\\\/\\\/pete.fi\\\/#\\\/schema\\\/logo\\\/image\\\/\"},\"sameAs\":[\"https:\\\/\\\/www.facebook.com\\\/petetuotteet\\\/\",\"https:\\\/\\\/www.instagram.com\\\/piipustapiippuun\"]}]}<\/script>\n<!-- \/ Yoast SEO plugin. -->","yoast_head_json":{"title":"PETE-sigarettavtrekk for murte skorsteiner - Gir p\u00e5litelig trekk","description":"PETE-sokkelfeieren er en trekkforbedrende enhet som festes p\u00e5 toppen av skorsteinen. P\u00e5 den m\u00e5ten gj\u00f8r feieren det lettere \u00e5 tenne opp og bruke peisen.","robots":{"index":"index","follow":"follow","max-snippet":"max-snippet:-1","max-image-preview":"max-image-preview:large","max-video-preview":"max-video-preview:-1"},"canonical":"https:\/\/pete.fi\/no\/butikk\/roykgassvifter\/roykgassavtrekk-i-h-serien\/pete-h-serie-royksuger-for-mursteinsskorsteiner\/","og_locale":"nb_NO","og_type":"article","og_title":"PETE-sigarettavtrekk for murte skorsteiner - Gir p\u00e5litelig trekk","og_description":"PETE-sokkelfeieren er en trekkforbedrende enhet som festes p\u00e5 toppen av skorsteinen. P\u00e5 den m\u00e5ten gj\u00f8r feieren det lettere \u00e5 tenne opp og bruke peisen.","og_url":"https:\/\/pete.fi\/no\/butikk\/roykgassvifter\/roykgassavtrekk-i-h-serien\/pete-h-serie-royksuger-for-mursteinsskorsteiner\/","og_site_name":"PETE-tuotteet","article_publisher":"https:\/\/www.facebook.com\/petetuotteet\/","og_image":[{"width":2560,"height":2560,"url":"https:\/\/pete.fi\/wp-content\/uploads\/2024\/08\/PETE-savukaasuimuri_H-sarja_tiilihormille-scaled.jpeg","type":"image\/jpeg"}],"twitter_card":"summary_large_image","twitter_misc":{"Ansl. lesetid":"1 minutt"},"schema":{"@context":"https:\/\/schema.org","@graph":[{"@type":"WebPage","@id":"https:\/\/pete.fi\/no\/butikk\/roykgassvifter\/roykgassavtrekk-i-h-serien\/pete-h-serie-royksuger-for-mursteinsskorsteiner\/","url":"https:\/\/pete.fi\/no\/butikk\/roykgassvifter\/roykgassavtrekk-i-h-serien\/pete-h-serie-royksuger-for-mursteinsskorsteiner\/","name":"PETE-sigarettavtrekk for murte skorsteiner - Gir p\u00e5litelig trekk","isPartOf":{"@id":"https:\/\/petefi.kehityssivusto.fihttps\/\/pete.fi\/#website"},"primaryImageOfPage":{"@id":"https:\/\/pete.fi\/no\/butikk\/roykgassvifter\/roykgassavtrekk-i-h-serien\/pete-h-serie-royksuger-for-mursteinsskorsteiner\/#primaryimage"},"image":{"@id":"https:\/\/pete.fi\/no\/butikk\/roykgassvifter\/roykgassavtrekk-i-h-serien\/pete-h-serie-royksuger-for-mursteinsskorsteiner\/#primaryimage"},"thumbnailUrl":"https:\/\/pete.fi\/wp-content\/uploads\/2024\/08\/PETE-savukaasuimuri_H-sarja_tiilihormille-scaled.jpeg","datePublished":"2024-08-25T15:30:50+00:00","description":"PETE-sokkelfeieren er en trekkforbedrende enhet som festes p\u00e5 toppen av skorsteinen. P\u00e5 den m\u00e5ten gj\u00f8r feieren det lettere \u00e5 tenne opp og bruke peisen.","breadcrumb":{"@id":"https:\/\/pete.fi\/no\/butikk\/roykgassvifter\/roykgassavtrekk-i-h-serien\/pete-h-serie-royksuger-for-mursteinsskorsteiner\/#breadcrumb"},"inLanguage":"nb-NO","potentialAction":[{"@type":"ReadAction","target":["https:\/\/pete.fi\/no\/butikk\/roykgassvifter\/roykgassavtrekk-i-h-serien\/pete-h-serie-royksuger-for-mursteinsskorsteiner\/"]}]},{"@type":"ImageObject","inLanguage":"nb-NO","@id":"https:\/\/pete.fi\/no\/butikk\/roykgassvifter\/roykgassavtrekk-i-h-serien\/pete-h-serie-royksuger-for-mursteinsskorsteiner\/#primaryimage","url":"https:\/\/pete.fi\/wp-content\/uploads\/2024\/08\/PETE-savukaasuimuri_H-sarja_tiilihormille-scaled.jpeg","contentUrl":"https:\/\/pete.fi\/wp-content\/uploads\/2024\/08\/PETE-savukaasuimuri_H-sarja_tiilihormille-scaled.jpeg","width":2560,"height":2560},{"@type":"BreadcrumbList","@id":"https:\/\/pete.fi\/no\/butikk\/roykgassvifter\/roykgassavtrekk-i-h-serien\/pete-h-serie-royksuger-for-mursteinsskorsteiner\/#breadcrumb","itemListElement":[{"@type":"ListItem","position":1,"name":"Home","item":"https:\/\/pete.fi\/no\/home\/"},{"@type":"ListItem","position":2,"name":"Butikk","item":"https:\/\/pete.fi\/no\/butikk\/"},{"@type":"ListItem","position":3,"name":"PETE H-serie r\u00f8yksuger for mursteinsskorsteiner"}]},{"@type":"WebSite","@id":"https:\/\/petefi.kehityssivusto.fihttps\/\/pete.fi\/#website","url":"https:\/\/petefi.kehityssivusto.fihttps\/\/pete.fi\/","name":"Pete.fi","description":"","publisher":{"@id":"https:\/\/petefi.kehityssivusto.fihttps\/\/pete.fi\/#organization"},"potentialAction":[{"@type":"SearchAction","target":{"@type":"EntryPoint","urlTemplate":"https:\/\/petefi.kehityssivusto.fihttps\/\/pete.fi\/?s={search_term_string}"},"query-input":{"@type":"PropertyValueSpecification","valueRequired":true,"valueName":"search_term_string"}}],"inLanguage":"nb-NO"},{"@type":"Organization","@id":"https:\/\/petefi.kehityssivusto.fihttps\/\/pete.fi\/#organization","name":"Pete | Piipusta piippuun","url":"https:\/\/petefi.kehityssivusto.fihttps\/\/pete.fi\/","logo":{"@type":"ImageObject","inLanguage":"nb-NO","@id":"https:\/\/petefi.kehityssivusto.fihttps\/\/pete.fi\/#\/schema\/logo\/image\/","url":"https:\/\/pete.fi\/wp-content\/uploads\/2023\/08\/cropped-logo_fi.jpeg","contentUrl":"https:\/\/pete.fi\/wp-content\/uploads\/2023\/08\/cropped-logo_fi.jpeg","width":2243,"height":1589,"caption":"Pete | Piipusta piippuun"},"image":{"@id":"https:\/\/petefi.kehityssivusto.fihttps\/\/pete.fi\/#\/schema\/logo\/image\/"},"sameAs":["https:\/\/www.facebook.com\/petetuotteet\/","https:\/\/www.instagram.com\/piipustapiippuun"]}]}},"_links":{"self":[{"href":"https:\/\/pete.fi\/no\/wp-json\/wp\/v2\/product\/4038","targetHints":{"allow":["GET"]}}],"collection":[{"href":"https:\/\/pete.fi\/no\/wp-json\/wp\/v2\/product"}],"about":[{"href":"https:\/\/pete.fi\/no\/wp-json\/wp\/v2\/types\/product"}],"wp:featuredmedia":[{"embeddable":true,"href":"https:\/\/pete.fi\/no\/wp-json\/wp\/v2\/media\/2655"}],"wp:attachment":[{"href":"https:\/\/pete.fi\/no\/wp-json\/wp\/v2\/media?parent=4038"}],"wp:term":[{"taxonomy":"product_brand","embeddable":true,"href":"https:\/\/pete.fi\/no\/wp-json\/wp\/v2\/product_brand?post=4038"},{"taxonomy":"product_cat","embeddable":true,"href":"https:\/\/pete.fi\/no\/wp-json\/wp\/v2\/product_cat?post=4038"},{"taxonomy":"product_tag","embeddable":true,"href":"https:\/\/pete.fi\/no\/wp-json\/wp\/v2\/product_tag?post=4038"}],"curies":[{"name":"wp","href":"https:\/\/api.w.org\/{rel}","templated":true}]}}