{"id":4036,"date":"2024-08-26T16:23:22","date_gmt":"2024-08-26T14:23:22","guid":{"rendered":"https:\/\/pete.fi\/kauppa\/ukategorisert\/fleksibel-iv-kanal-pete-duoflex-o200-mm-kappes-til-etter-mal\/"},"modified":"2024-08-26T16:23:22","modified_gmt":"2024-08-26T14:23:22","slug":"fleksibel-iv-kanal-pete-duoflex-o200-mm-kappes-til-etter-mal","status":"publish","type":"product","link":"https:\/\/pete.fi\/no\/butikk\/fleksible-ventilasjonskanaler\/oksygenresistente-iv-kanaler\/fleksibel-iv-kanal-pete-duoflex-o200-mm-kappes-til-etter-mal\/","title":{"rendered":"Fleksibel IV-kanal PETE Duoflex \u00d8200 mm, kappes til etter m\u00e5l"},"content":{"rendered":"","protected":false},"excerpt":{"rendered":"<p>Tilsk\u00e5ret etter m\u00e5l (meter)<br \/>\nHst, 2-lags konstruksjon, glatt innvendig overflate<\/p>\n","protected":false},"featured_media":1634,"template":"","meta":{"_acf_changed":false},"product_brand":[],"product_cat":[150,151],"product_tag":[],"class_list":{"0":"post-4036","1":"product","2":"type-product","3":"status-publish","4":"has-post-thumbnail","6":"product_cat-fleksible-ventilasjonskanaler","7":"product_cat-oksygenresistente-iv-kanaler","9":"first","10":"instock","11":"taxable","12":"shipping-taxable","13":"purchasable","14":"product-type-simple"},"acf":[],"yoast_head":"<!-- This site is optimized with the Yoast SEO plugin v27.3 - https:\/\/yoast.com\/product\/yoast-seo-wordpress\/ -->\n<title>Fleksibel IV-kanal PETE Duoflex \u00d8200 mm, kappes til etter m\u00e5l - PETE-tuotteet<\/title>\n<meta name=\"robots\" content=\"index, follow, max-snippet:-1, max-image-preview:large, max-video-preview:-1\" \/>\n<link rel=\"canonical\" href=\"https:\/\/pete.fi\/butikk\/taipuisat-ilmanvaihtokanavat\/haponkestavat-iv-kanavat\/taipuisa-iv-kanava-pete-duoflex-o200mm\/\" \/>\n<meta property=\"og:locale\" content=\"nb_NO\" \/>\n<meta property=\"og:type\" content=\"article\" \/>\n<meta property=\"og:title\" content=\"Fleksibel IV-kanal PETE Duoflex \u00d8200 mm, kappes til etter m\u00e5l - PETE-tuotteet\" \/>\n<meta property=\"og:description\" content=\"Tilsk\u00e5ret etter m\u00e5l (meter) Hst, 2-lags konstruksjon, glatt innvendig overflate\" \/>\n<meta property=\"og:url\" content=\"https:\/\/pete.fi\/butikk\/taipuisat-ilmanvaihtokanavat\/haponkestavat-iv-kanavat\/taipuisa-iv-kanava-pete-duoflex-o200mm\/\" \/>\n<meta property=\"og:site_name\" content=\"PETE-tuotteet\" \/>\n<meta property=\"article:publisher\" content=\"https:\/\/www.facebook.com\/petetuotteet\/\" \/>\n<meta property=\"og:image\" content=\"https:\/\/pete.fi\/wp-content\/uploads\/2024\/08\/taipuisa-iv-kanava-duoflex-pete.png\" \/>\n\t<meta property=\"og:image:width\" content=\"900\" \/>\n\t<meta property=\"og:image:height\" content=\"900\" \/>\n\t<meta property=\"og:image:type\" content=\"image\/png\" \/>\n<meta name=\"twitter:card\" content=\"summary_large_image\" \/>\n<script type=\"application\/ld+json\" class=\"yoast-schema-graph\">{\"@context\":\"https:\\\/\\\/schema.org\",\"@graph\":[{\"@type\":\"WebPage\",\"@id\":\"https:\\\/\\\/pete.fi\\\/butikk\\\/taipuisat-ilmanvaihtokanavat\\\/haponkestavat-iv-kanavat\\\/taipuisa-iv-kanava-pete-duoflex-o200mm\\\/\",\"url\":\"https:\\\/\\\/pete.fi\\\/butikk\\\/taipuisat-ilmanvaihtokanavat\\\/haponkestavat-iv-kanavat\\\/taipuisa-iv-kanava-pete-duoflex-o200mm\\\/\",\"name\":\"Fleksibel IV-kanal PETE Duoflex \u00d8200 mm, kappes til etter m\u00e5l - PETE-tuotteet\",\"isPartOf\":{\"@id\":\"https:\\\/\\\/petefi.kehityssivusto.fihttps\\\/\\\/pete.fi\\\/#website\"},\"primaryImageOfPage\":{\"@id\":\"https:\\\/\\\/pete.fi\\\/butikk\\\/taipuisat-ilmanvaihtokanavat\\\/haponkestavat-iv-kanavat\\\/taipuisa-iv-kanava-pete-duoflex-o200mm\\\/#primaryimage\"},\"image\":{\"@id\":\"https:\\\/\\\/pete.fi\\\/butikk\\\/taipuisat-ilmanvaihtokanavat\\\/haponkestavat-iv-kanavat\\\/taipuisa-iv-kanava-pete-duoflex-o200mm\\\/#primaryimage\"},\"thumbnailUrl\":\"https:\\\/\\\/pete.fi\\\/wp-content\\\/uploads\\\/2024\\\/08\\\/taipuisa-iv-kanava-duoflex-pete.png\",\"datePublished\":\"2024-08-26T14:23:22+00:00\",\"breadcrumb\":{\"@id\":\"https:\\\/\\\/pete.fi\\\/butikk\\\/taipuisat-ilmanvaihtokanavat\\\/haponkestavat-iv-kanavat\\\/taipuisa-iv-kanava-pete-duoflex-o200mm\\\/#breadcrumb\"},\"inLanguage\":\"nb-NO\",\"potentialAction\":[{\"@type\":\"ReadAction\",\"target\":[\"https:\\\/\\\/pete.fi\\\/butikk\\\/taipuisat-ilmanvaihtokanavat\\\/haponkestavat-iv-kanavat\\\/taipuisa-iv-kanava-pete-duoflex-o200mm\\\/\"]}]},{\"@type\":\"ImageObject\",\"inLanguage\":\"nb-NO\",\"@id\":\"https:\\\/\\\/pete.fi\\\/butikk\\\/taipuisat-ilmanvaihtokanavat\\\/haponkestavat-iv-kanavat\\\/taipuisa-iv-kanava-pete-duoflex-o200mm\\\/#primaryimage\",\"url\":\"https:\\\/\\\/pete.fi\\\/wp-content\\\/uploads\\\/2024\\\/08\\\/taipuisa-iv-kanava-duoflex-pete.png\",\"contentUrl\":\"https:\\\/\\\/pete.fi\\\/wp-content\\\/uploads\\\/2024\\\/08\\\/taipuisa-iv-kanava-duoflex-pete.png\",\"width\":900,\"height\":900},{\"@type\":\"BreadcrumbList\",\"@id\":\"https:\\\/\\\/pete.fi\\\/butikk\\\/taipuisat-ilmanvaihtokanavat\\\/haponkestavat-iv-kanavat\\\/taipuisa-iv-kanava-pete-duoflex-o200mm\\\/#breadcrumb\",\"itemListElement\":[{\"@type\":\"ListItem\",\"position\":1,\"name\":\"Home\",\"item\":\"https:\\\/\\\/pete.fi\\\/no\\\/home\\\/\"},{\"@type\":\"ListItem\",\"position\":2,\"name\":\"Butikk\",\"item\":\"https:\\\/\\\/pete.fi\\\/no\\\/butikk\\\/\"},{\"@type\":\"ListItem\",\"position\":3,\"name\":\"Fleksibel IV-kanal PETE Duoflex \u00d8200 mm, kappes til etter m\u00e5l\"}]},{\"@type\":\"WebSite\",\"@id\":\"https:\\\/\\\/petefi.kehityssivusto.fihttps\\\/\\\/pete.fi\\\/#website\",\"url\":\"https:\\\/\\\/petefi.kehityssivusto.fihttps\\\/\\\/pete.fi\\\/\",\"name\":\"Pete.fi\",\"description\":\"\",\"publisher\":{\"@id\":\"https:\\\/\\\/petefi.kehityssivusto.fihttps\\\/\\\/pete.fi\\\/#organization\"},\"potentialAction\":[{\"@type\":\"SearchAction\",\"target\":{\"@type\":\"EntryPoint\",\"urlTemplate\":\"https:\\\/\\\/petefi.kehityssivusto.fihttps\\\/\\\/pete.fi\\\/?s={search_term_string}\"},\"query-input\":{\"@type\":\"PropertyValueSpecification\",\"valueRequired\":true,\"valueName\":\"search_term_string\"}}],\"inLanguage\":\"nb-NO\"},{\"@type\":\"Organization\",\"@id\":\"https:\\\/\\\/petefi.kehityssivusto.fihttps\\\/\\\/pete.fi\\\/#organization\",\"name\":\"Pete | Piipusta piippuun\",\"url\":\"https:\\\/\\\/petefi.kehityssivusto.fihttps\\\/\\\/pete.fi\\\/\",\"logo\":{\"@type\":\"ImageObject\",\"inLanguage\":\"nb-NO\",\"@id\":\"https:\\\/\\\/petefi.kehityssivusto.fihttps\\\/\\\/pete.fi\\\/#\\\/schema\\\/logo\\\/image\\\/\",\"url\":\"https:\\\/\\\/pete.fi\\\/wp-content\\\/uploads\\\/2023\\\/08\\\/cropped-logo_fi.jpeg\",\"contentUrl\":\"https:\\\/\\\/pete.fi\\\/wp-content\\\/uploads\\\/2023\\\/08\\\/cropped-logo_fi.jpeg\",\"width\":2243,\"height\":1589,\"caption\":\"Pete | Piipusta piippuun\"},\"image\":{\"@id\":\"https:\\\/\\\/petefi.kehityssivusto.fihttps\\\/\\\/pete.fi\\\/#\\\/schema\\\/logo\\\/image\\\/\"},\"sameAs\":[\"https:\\\/\\\/www.facebook.com\\\/petetuotteet\\\/\",\"https:\\\/\\\/www.instagram.com\\\/piipustapiippuun\"]}]}<\/script>\n<!-- \/ Yoast SEO plugin. -->","yoast_head_json":{"title":"Fleksibel IV-kanal PETE Duoflex \u00d8200 mm, kappes til etter m\u00e5l - PETE-tuotteet","robots":{"index":"index","follow":"follow","max-snippet":"max-snippet:-1","max-image-preview":"max-image-preview:large","max-video-preview":"max-video-preview:-1"},"canonical":"https:\/\/pete.fi\/butikk\/taipuisat-ilmanvaihtokanavat\/haponkestavat-iv-kanavat\/taipuisa-iv-kanava-pete-duoflex-o200mm\/","og_locale":"nb_NO","og_type":"article","og_title":"Fleksibel IV-kanal PETE Duoflex \u00d8200 mm, kappes til etter m\u00e5l - PETE-tuotteet","og_description":"Tilsk\u00e5ret etter m\u00e5l (meter) Hst, 2-lags konstruksjon, glatt innvendig overflate","og_url":"https:\/\/pete.fi\/butikk\/taipuisat-ilmanvaihtokanavat\/haponkestavat-iv-kanavat\/taipuisa-iv-kanava-pete-duoflex-o200mm\/","og_site_name":"PETE-tuotteet","article_publisher":"https:\/\/www.facebook.com\/petetuotteet\/","og_image":[{"width":900,"height":900,"url":"https:\/\/pete.fi\/wp-content\/uploads\/2024\/08\/taipuisa-iv-kanava-duoflex-pete.png","type":"image\/png"}],"twitter_card":"summary_large_image","schema":{"@context":"https:\/\/schema.org","@graph":[{"@type":"WebPage","@id":"https:\/\/pete.fi\/butikk\/taipuisat-ilmanvaihtokanavat\/haponkestavat-iv-kanavat\/taipuisa-iv-kanava-pete-duoflex-o200mm\/","url":"https:\/\/pete.fi\/butikk\/taipuisat-ilmanvaihtokanavat\/haponkestavat-iv-kanavat\/taipuisa-iv-kanava-pete-duoflex-o200mm\/","name":"Fleksibel IV-kanal PETE Duoflex \u00d8200 mm, kappes til etter m\u00e5l - PETE-tuotteet","isPartOf":{"@id":"https:\/\/petefi.kehityssivusto.fihttps\/\/pete.fi\/#website"},"primaryImageOfPage":{"@id":"https:\/\/pete.fi\/butikk\/taipuisat-ilmanvaihtokanavat\/haponkestavat-iv-kanavat\/taipuisa-iv-kanava-pete-duoflex-o200mm\/#primaryimage"},"image":{"@id":"https:\/\/pete.fi\/butikk\/taipuisat-ilmanvaihtokanavat\/haponkestavat-iv-kanavat\/taipuisa-iv-kanava-pete-duoflex-o200mm\/#primaryimage"},"thumbnailUrl":"https:\/\/pete.fi\/wp-content\/uploads\/2024\/08\/taipuisa-iv-kanava-duoflex-pete.png","datePublished":"2024-08-26T14:23:22+00:00","breadcrumb":{"@id":"https:\/\/pete.fi\/butikk\/taipuisat-ilmanvaihtokanavat\/haponkestavat-iv-kanavat\/taipuisa-iv-kanava-pete-duoflex-o200mm\/#breadcrumb"},"inLanguage":"nb-NO","potentialAction":[{"@type":"ReadAction","target":["https:\/\/pete.fi\/butikk\/taipuisat-ilmanvaihtokanavat\/haponkestavat-iv-kanavat\/taipuisa-iv-kanava-pete-duoflex-o200mm\/"]}]},{"@type":"ImageObject","inLanguage":"nb-NO","@id":"https:\/\/pete.fi\/butikk\/taipuisat-ilmanvaihtokanavat\/haponkestavat-iv-kanavat\/taipuisa-iv-kanava-pete-duoflex-o200mm\/#primaryimage","url":"https:\/\/pete.fi\/wp-content\/uploads\/2024\/08\/taipuisa-iv-kanava-duoflex-pete.png","contentUrl":"https:\/\/pete.fi\/wp-content\/uploads\/2024\/08\/taipuisa-iv-kanava-duoflex-pete.png","width":900,"height":900},{"@type":"BreadcrumbList","@id":"https:\/\/pete.fi\/butikk\/taipuisat-ilmanvaihtokanavat\/haponkestavat-iv-kanavat\/taipuisa-iv-kanava-pete-duoflex-o200mm\/#breadcrumb","itemListElement":[{"@type":"ListItem","position":1,"name":"Home","item":"https:\/\/pete.fi\/no\/home\/"},{"@type":"ListItem","position":2,"name":"Butikk","item":"https:\/\/pete.fi\/no\/butikk\/"},{"@type":"ListItem","position":3,"name":"Fleksibel IV-kanal PETE Duoflex \u00d8200 mm, kappes til etter m\u00e5l"}]},{"@type":"WebSite","@id":"https:\/\/petefi.kehityssivusto.fihttps\/\/pete.fi\/#website","url":"https:\/\/petefi.kehityssivusto.fihttps\/\/pete.fi\/","name":"Pete.fi","description":"","publisher":{"@id":"https:\/\/petefi.kehityssivusto.fihttps\/\/pete.fi\/#organization"},"potentialAction":[{"@type":"SearchAction","target":{"@type":"EntryPoint","urlTemplate":"https:\/\/petefi.kehityssivusto.fihttps\/\/pete.fi\/?s={search_term_string}"},"query-input":{"@type":"PropertyValueSpecification","valueRequired":true,"valueName":"search_term_string"}}],"inLanguage":"nb-NO"},{"@type":"Organization","@id":"https:\/\/petefi.kehityssivusto.fihttps\/\/pete.fi\/#organization","name":"Pete | Piipusta piippuun","url":"https:\/\/petefi.kehityssivusto.fihttps\/\/pete.fi\/","logo":{"@type":"ImageObject","inLanguage":"nb-NO","@id":"https:\/\/petefi.kehityssivusto.fihttps\/\/pete.fi\/#\/schema\/logo\/image\/","url":"https:\/\/pete.fi\/wp-content\/uploads\/2023\/08\/cropped-logo_fi.jpeg","contentUrl":"https:\/\/pete.fi\/wp-content\/uploads\/2023\/08\/cropped-logo_fi.jpeg","width":2243,"height":1589,"caption":"Pete | Piipusta piippuun"},"image":{"@id":"https:\/\/petefi.kehityssivusto.fihttps\/\/pete.fi\/#\/schema\/logo\/image\/"},"sameAs":["https:\/\/www.facebook.com\/petetuotteet\/","https:\/\/www.instagram.com\/piipustapiippuun"]}]}},"_links":{"self":[{"href":"https:\/\/pete.fi\/no\/wp-json\/wp\/v2\/product\/4036","targetHints":{"allow":["GET"]}}],"collection":[{"href":"https:\/\/pete.fi\/no\/wp-json\/wp\/v2\/product"}],"about":[{"href":"https:\/\/pete.fi\/no\/wp-json\/wp\/v2\/types\/product"}],"wp:featuredmedia":[{"embeddable":true,"href":"https:\/\/pete.fi\/no\/wp-json\/wp\/v2\/media\/1634"}],"wp:attachment":[{"href":"https:\/\/pete.fi\/no\/wp-json\/wp\/v2\/media?parent=4036"}],"wp:term":[{"taxonomy":"product_brand","embeddable":true,"href":"https:\/\/pete.fi\/no\/wp-json\/wp\/v2\/product_brand?post=4036"},{"taxonomy":"product_cat","embeddable":true,"href":"https:\/\/pete.fi\/no\/wp-json\/wp\/v2\/product_cat?post=4036"},{"taxonomy":"product_tag","embeddable":true,"href":"https:\/\/pete.fi\/no\/wp-json\/wp\/v2\/product_tag?post=4036"}],"curies":[{"name":"wp","href":"https:\/\/api.w.org\/{rel}","templated":true}]}}