{"id":4029,"date":"2024-08-26T18:34:08","date_gmt":"2024-08-26T16:34:08","guid":{"rendered":"https:\/\/pete.fi\/kauppa\/ukategorisert\/beskyttelseskopp-for-mellomliggende-borste\/"},"modified":"2024-08-26T18:34:08","modified_gmt":"2024-08-26T16:34:08","slug":"beskyttelseskopp-for-mellomliggende-borste","status":"publish","type":"product","link":"https:\/\/pete.fi\/no\/butikk\/elektroverktoy\/system-click-o12-mm\/beskyttelseskopp-for-mellomliggende-borste\/","title":{"rendered":"Beskyttelseskopp for mellomliggende b\u00f8rste"},"content":{"rendered":"<ul>\n<li>Med beskyttelsesstaven kan du bruke mellomb\u00f8rsten (NU-WH6-A3) som en vanlig kraftb\u00f8rste p\u00e5 enden av armen.<\/li>\n<\/ul>\n","protected":false},"excerpt":{"rendered":"<p>Aluminium<\/p>\n","protected":false},"featured_media":1759,"template":"","meta":{"_acf_changed":false},"product_brand":[],"product_cat":[148,149],"product_tag":[],"class_list":{"0":"post-4029","1":"product","2":"type-product","3":"status-publish","4":"has-post-thumbnail","6":"product_cat-elektroverktoy","7":"product_cat-system-click-o12-mm","9":"first","10":"onbackorder","11":"taxable","12":"shipping-taxable","13":"purchasable","14":"product-type-simple"},"acf":[],"yoast_head":"<!-- This site is optimized with the Yoast SEO plugin v27.3 - https:\/\/yoast.com\/product\/yoast-seo-wordpress\/ -->\n<title>Beskyttelseskopp for mellomliggende b\u00f8rste - PETE-tuotteet<\/title>\n<meta name=\"robots\" content=\"index, follow, max-snippet:-1, max-image-preview:large, max-video-preview:-1\" \/>\n<link rel=\"canonical\" href=\"https:\/\/pete.fi\/butikk\/tehonuohoustyokalut\/jarjestelma-click-o12mm\/suojakupu-valiharjalle\/\" \/>\n<meta property=\"og:locale\" content=\"nb_NO\" \/>\n<meta property=\"og:type\" content=\"article\" \/>\n<meta property=\"og:title\" content=\"Beskyttelseskopp for mellomliggende b\u00f8rste - PETE-tuotteet\" \/>\n<meta property=\"og:description\" content=\"Aluminium\" \/>\n<meta property=\"og:url\" content=\"https:\/\/pete.fi\/butikk\/tehonuohoustyokalut\/jarjestelma-click-o12mm\/suojakupu-valiharjalle\/\" \/>\n<meta property=\"og:site_name\" content=\"PETE-tuotteet\" \/>\n<meta property=\"article:publisher\" content=\"https:\/\/www.facebook.com\/petetuotteet\/\" \/>\n<meta property=\"og:image\" content=\"https:\/\/pete.fi\/wp-content\/uploads\/2024\/08\/NU-A1-6.jpg\" \/>\n\t<meta property=\"og:image:width\" content=\"800\" \/>\n\t<meta property=\"og:image:height\" content=\"800\" \/>\n\t<meta property=\"og:image:type\" content=\"image\/jpeg\" \/>\n<meta name=\"twitter:card\" content=\"summary_large_image\" \/>\n<script type=\"application\/ld+json\" class=\"yoast-schema-graph\">{\"@context\":\"https:\\\/\\\/schema.org\",\"@graph\":[{\"@type\":\"WebPage\",\"@id\":\"https:\\\/\\\/pete.fi\\\/butikk\\\/tehonuohoustyokalut\\\/jarjestelma-click-o12mm\\\/suojakupu-valiharjalle\\\/\",\"url\":\"https:\\\/\\\/pete.fi\\\/butikk\\\/tehonuohoustyokalut\\\/jarjestelma-click-o12mm\\\/suojakupu-valiharjalle\\\/\",\"name\":\"Beskyttelseskopp for mellomliggende b\u00f8rste - PETE-tuotteet\",\"isPartOf\":{\"@id\":\"https:\\\/\\\/petefi.kehityssivusto.fihttps\\\/\\\/pete.fi\\\/#website\"},\"primaryImageOfPage\":{\"@id\":\"https:\\\/\\\/pete.fi\\\/butikk\\\/tehonuohoustyokalut\\\/jarjestelma-click-o12mm\\\/suojakupu-valiharjalle\\\/#primaryimage\"},\"image\":{\"@id\":\"https:\\\/\\\/pete.fi\\\/butikk\\\/tehonuohoustyokalut\\\/jarjestelma-click-o12mm\\\/suojakupu-valiharjalle\\\/#primaryimage\"},\"thumbnailUrl\":\"https:\\\/\\\/pete.fi\\\/wp-content\\\/uploads\\\/2024\\\/08\\\/NU-A1-6.jpg\",\"datePublished\":\"2024-08-26T16:34:08+00:00\",\"breadcrumb\":{\"@id\":\"https:\\\/\\\/pete.fi\\\/butikk\\\/tehonuohoustyokalut\\\/jarjestelma-click-o12mm\\\/suojakupu-valiharjalle\\\/#breadcrumb\"},\"inLanguage\":\"nb-NO\",\"potentialAction\":[{\"@type\":\"ReadAction\",\"target\":[\"https:\\\/\\\/pete.fi\\\/butikk\\\/tehonuohoustyokalut\\\/jarjestelma-click-o12mm\\\/suojakupu-valiharjalle\\\/\"]}]},{\"@type\":\"ImageObject\",\"inLanguage\":\"nb-NO\",\"@id\":\"https:\\\/\\\/pete.fi\\\/butikk\\\/tehonuohoustyokalut\\\/jarjestelma-click-o12mm\\\/suojakupu-valiharjalle\\\/#primaryimage\",\"url\":\"https:\\\/\\\/pete.fi\\\/wp-content\\\/uploads\\\/2024\\\/08\\\/NU-A1-6.jpg\",\"contentUrl\":\"https:\\\/\\\/pete.fi\\\/wp-content\\\/uploads\\\/2024\\\/08\\\/NU-A1-6.jpg\",\"width\":800,\"height\":800},{\"@type\":\"BreadcrumbList\",\"@id\":\"https:\\\/\\\/pete.fi\\\/butikk\\\/tehonuohoustyokalut\\\/jarjestelma-click-o12mm\\\/suojakupu-valiharjalle\\\/#breadcrumb\",\"itemListElement\":[{\"@type\":\"ListItem\",\"position\":1,\"name\":\"Home\",\"item\":\"https:\\\/\\\/pete.fi\\\/no\\\/home\\\/\"},{\"@type\":\"ListItem\",\"position\":2,\"name\":\"Butikk\",\"item\":\"https:\\\/\\\/pete.fi\\\/no\\\/butikk\\\/\"},{\"@type\":\"ListItem\",\"position\":3,\"name\":\"Beskyttelseskopp for mellomliggende b\u00f8rste\"}]},{\"@type\":\"WebSite\",\"@id\":\"https:\\\/\\\/petefi.kehityssivusto.fihttps\\\/\\\/pete.fi\\\/#website\",\"url\":\"https:\\\/\\\/petefi.kehityssivusto.fihttps\\\/\\\/pete.fi\\\/\",\"name\":\"Pete.fi\",\"description\":\"\",\"publisher\":{\"@id\":\"https:\\\/\\\/petefi.kehityssivusto.fihttps\\\/\\\/pete.fi\\\/#organization\"},\"potentialAction\":[{\"@type\":\"SearchAction\",\"target\":{\"@type\":\"EntryPoint\",\"urlTemplate\":\"https:\\\/\\\/petefi.kehityssivusto.fihttps\\\/\\\/pete.fi\\\/?s={search_term_string}\"},\"query-input\":{\"@type\":\"PropertyValueSpecification\",\"valueRequired\":true,\"valueName\":\"search_term_string\"}}],\"inLanguage\":\"nb-NO\"},{\"@type\":\"Organization\",\"@id\":\"https:\\\/\\\/petefi.kehityssivusto.fihttps\\\/\\\/pete.fi\\\/#organization\",\"name\":\"Pete | Piipusta piippuun\",\"url\":\"https:\\\/\\\/petefi.kehityssivusto.fihttps\\\/\\\/pete.fi\\\/\",\"logo\":{\"@type\":\"ImageObject\",\"inLanguage\":\"nb-NO\",\"@id\":\"https:\\\/\\\/petefi.kehityssivusto.fihttps\\\/\\\/pete.fi\\\/#\\\/schema\\\/logo\\\/image\\\/\",\"url\":\"https:\\\/\\\/pete.fi\\\/wp-content\\\/uploads\\\/2023\\\/08\\\/cropped-logo_fi.jpeg\",\"contentUrl\":\"https:\\\/\\\/pete.fi\\\/wp-content\\\/uploads\\\/2023\\\/08\\\/cropped-logo_fi.jpeg\",\"width\":2243,\"height\":1589,\"caption\":\"Pete | Piipusta piippuun\"},\"image\":{\"@id\":\"https:\\\/\\\/petefi.kehityssivusto.fihttps\\\/\\\/pete.fi\\\/#\\\/schema\\\/logo\\\/image\\\/\"},\"sameAs\":[\"https:\\\/\\\/www.facebook.com\\\/petetuotteet\\\/\",\"https:\\\/\\\/www.instagram.com\\\/piipustapiippuun\"]}]}<\/script>\n<!-- \/ Yoast SEO plugin. -->","yoast_head_json":{"title":"Beskyttelseskopp for mellomliggende b\u00f8rste - PETE-tuotteet","robots":{"index":"index","follow":"follow","max-snippet":"max-snippet:-1","max-image-preview":"max-image-preview:large","max-video-preview":"max-video-preview:-1"},"canonical":"https:\/\/pete.fi\/butikk\/tehonuohoustyokalut\/jarjestelma-click-o12mm\/suojakupu-valiharjalle\/","og_locale":"nb_NO","og_type":"article","og_title":"Beskyttelseskopp for mellomliggende b\u00f8rste - PETE-tuotteet","og_description":"Aluminium","og_url":"https:\/\/pete.fi\/butikk\/tehonuohoustyokalut\/jarjestelma-click-o12mm\/suojakupu-valiharjalle\/","og_site_name":"PETE-tuotteet","article_publisher":"https:\/\/www.facebook.com\/petetuotteet\/","og_image":[{"width":800,"height":800,"url":"https:\/\/pete.fi\/wp-content\/uploads\/2024\/08\/NU-A1-6.jpg","type":"image\/jpeg"}],"twitter_card":"summary_large_image","schema":{"@context":"https:\/\/schema.org","@graph":[{"@type":"WebPage","@id":"https:\/\/pete.fi\/butikk\/tehonuohoustyokalut\/jarjestelma-click-o12mm\/suojakupu-valiharjalle\/","url":"https:\/\/pete.fi\/butikk\/tehonuohoustyokalut\/jarjestelma-click-o12mm\/suojakupu-valiharjalle\/","name":"Beskyttelseskopp for mellomliggende b\u00f8rste - PETE-tuotteet","isPartOf":{"@id":"https:\/\/petefi.kehityssivusto.fihttps\/\/pete.fi\/#website"},"primaryImageOfPage":{"@id":"https:\/\/pete.fi\/butikk\/tehonuohoustyokalut\/jarjestelma-click-o12mm\/suojakupu-valiharjalle\/#primaryimage"},"image":{"@id":"https:\/\/pete.fi\/butikk\/tehonuohoustyokalut\/jarjestelma-click-o12mm\/suojakupu-valiharjalle\/#primaryimage"},"thumbnailUrl":"https:\/\/pete.fi\/wp-content\/uploads\/2024\/08\/NU-A1-6.jpg","datePublished":"2024-08-26T16:34:08+00:00","breadcrumb":{"@id":"https:\/\/pete.fi\/butikk\/tehonuohoustyokalut\/jarjestelma-click-o12mm\/suojakupu-valiharjalle\/#breadcrumb"},"inLanguage":"nb-NO","potentialAction":[{"@type":"ReadAction","target":["https:\/\/pete.fi\/butikk\/tehonuohoustyokalut\/jarjestelma-click-o12mm\/suojakupu-valiharjalle\/"]}]},{"@type":"ImageObject","inLanguage":"nb-NO","@id":"https:\/\/pete.fi\/butikk\/tehonuohoustyokalut\/jarjestelma-click-o12mm\/suojakupu-valiharjalle\/#primaryimage","url":"https:\/\/pete.fi\/wp-content\/uploads\/2024\/08\/NU-A1-6.jpg","contentUrl":"https:\/\/pete.fi\/wp-content\/uploads\/2024\/08\/NU-A1-6.jpg","width":800,"height":800},{"@type":"BreadcrumbList","@id":"https:\/\/pete.fi\/butikk\/tehonuohoustyokalut\/jarjestelma-click-o12mm\/suojakupu-valiharjalle\/#breadcrumb","itemListElement":[{"@type":"ListItem","position":1,"name":"Home","item":"https:\/\/pete.fi\/no\/home\/"},{"@type":"ListItem","position":2,"name":"Butikk","item":"https:\/\/pete.fi\/no\/butikk\/"},{"@type":"ListItem","position":3,"name":"Beskyttelseskopp for mellomliggende b\u00f8rste"}]},{"@type":"WebSite","@id":"https:\/\/petefi.kehityssivusto.fihttps\/\/pete.fi\/#website","url":"https:\/\/petefi.kehityssivusto.fihttps\/\/pete.fi\/","name":"Pete.fi","description":"","publisher":{"@id":"https:\/\/petefi.kehityssivusto.fihttps\/\/pete.fi\/#organization"},"potentialAction":[{"@type":"SearchAction","target":{"@type":"EntryPoint","urlTemplate":"https:\/\/petefi.kehityssivusto.fihttps\/\/pete.fi\/?s={search_term_string}"},"query-input":{"@type":"PropertyValueSpecification","valueRequired":true,"valueName":"search_term_string"}}],"inLanguage":"nb-NO"},{"@type":"Organization","@id":"https:\/\/petefi.kehityssivusto.fihttps\/\/pete.fi\/#organization","name":"Pete | Piipusta piippuun","url":"https:\/\/petefi.kehityssivusto.fihttps\/\/pete.fi\/","logo":{"@type":"ImageObject","inLanguage":"nb-NO","@id":"https:\/\/petefi.kehityssivusto.fihttps\/\/pete.fi\/#\/schema\/logo\/image\/","url":"https:\/\/pete.fi\/wp-content\/uploads\/2023\/08\/cropped-logo_fi.jpeg","contentUrl":"https:\/\/pete.fi\/wp-content\/uploads\/2023\/08\/cropped-logo_fi.jpeg","width":2243,"height":1589,"caption":"Pete | Piipusta piippuun"},"image":{"@id":"https:\/\/petefi.kehityssivusto.fihttps\/\/pete.fi\/#\/schema\/logo\/image\/"},"sameAs":["https:\/\/www.facebook.com\/petetuotteet\/","https:\/\/www.instagram.com\/piipustapiippuun"]}]}},"_links":{"self":[{"href":"https:\/\/pete.fi\/no\/wp-json\/wp\/v2\/product\/4029","targetHints":{"allow":["GET"]}}],"collection":[{"href":"https:\/\/pete.fi\/no\/wp-json\/wp\/v2\/product"}],"about":[{"href":"https:\/\/pete.fi\/no\/wp-json\/wp\/v2\/types\/product"}],"wp:featuredmedia":[{"embeddable":true,"href":"https:\/\/pete.fi\/no\/wp-json\/wp\/v2\/media\/1759"}],"wp:attachment":[{"href":"https:\/\/pete.fi\/no\/wp-json\/wp\/v2\/media?parent=4029"}],"wp:term":[{"taxonomy":"product_brand","embeddable":true,"href":"https:\/\/pete.fi\/no\/wp-json\/wp\/v2\/product_brand?post=4029"},{"taxonomy":"product_cat","embeddable":true,"href":"https:\/\/pete.fi\/no\/wp-json\/wp\/v2\/product_cat?post=4029"},{"taxonomy":"product_tag","embeddable":true,"href":"https:\/\/pete.fi\/no\/wp-json\/wp\/v2\/product_tag?post=4029"}],"curies":[{"name":"wp","href":"https:\/\/api.w.org\/{rel}","templated":true}]}}