{"id":4509,"date":"2024-07-25T08:15:46","date_gmt":"2024-07-25T06:15:46","guid":{"rendered":"https:\/\/pete.fi\/leveringsmetode\/"},"modified":"2026-03-02T22:33:03","modified_gmt":"2026-03-02T20:33:03","slug":"leveringsmetode","status":"publish","type":"page","link":"https:\/\/pete.fi\/no\/leveringsmetode\/","title":{"rendered":"Leveringsmetode"},"content":{"rendered":"\t\t<div data-elementor-type=\"wp-page\" data-elementor-id=\"4509\" class=\"elementor elementor-4509 elementor-750\">\n\t\t\t\t\t\t<section class=\"elementor-section elementor-top-section elementor-element elementor-element-701b238 elementor-section-boxed elementor-section-height-default elementor-section-height-default\" data-id=\"701b238\" data-element_type=\"section\" data-e-type=\"section\">\n\t\t\t\t\t\t<div class=\"elementor-container elementor-column-gap-default\">\n\t\t\t\t\t<div class=\"elementor-column elementor-col-100 elementor-top-column elementor-element elementor-element-7c66d47\" data-id=\"7c66d47\" data-element_type=\"column\" data-e-type=\"column\">\n\t\t\t<div class=\"elementor-widget-wrap elementor-element-populated\">\n\t\t\t\t\t\t<div class=\"elementor-element elementor-element-48fe8fd elementor-widget elementor-widget-heading\" data-id=\"48fe8fd\" data-element_type=\"widget\" data-e-type=\"widget\" data-widget_type=\"heading.default\">\n\t\t\t\t<div class=\"elementor-widget-container\">\n\t\t\t\t\t<h1 class=\"elementor-heading-title elementor-size-default\">Leveringsmetode<\/h1>\t\t\t\t<\/div>\n\t\t\t\t<\/div>\n\t\t\t\t<div class=\"elementor-element elementor-element-3e90996 elementor-widget elementor-widget-text-editor\" data-id=\"3e90996\" data-element_type=\"widget\" data-e-type=\"widget\" data-widget_type=\"text-editor.default\">\n\t\t\t\t<div class=\"elementor-widget-container\">\n\t\t\t\t\t\t\t\t\t<p>PETE leverer raskt og p\u00e5litelig til hele Finland. V\u00e5re samarbeidspartnere er <strong>Matkahuolto<\/strong> og <strong>DB Schenker<\/strong>. Du vil motta et sporingsnummer fra transport\u00f8ren via e-post, som du kan bruke til \u00e5 spore fremdriften i bestillingen din.  <\/p>\t\t\t\t\t\t\t\t<\/div>\n\t\t\t\t<\/div>\n\t\t\t\t\t<\/div>\n\t\t<\/div>\n\t\t\t\t\t<\/div>\n\t\t<\/section>\n\t\t\t\t<section class=\"elementor-section elementor-top-section elementor-element elementor-element-8cfdbb0 elementor-section-boxed elementor-section-height-default elementor-section-height-default\" data-id=\"8cfdbb0\" data-element_type=\"section\" data-e-type=\"section\">\n\t\t\t\t\t\t<div class=\"elementor-container elementor-column-gap-default\">\n\t\t\t\t\t<div class=\"elementor-column elementor-col-100 elementor-top-column elementor-element elementor-element-ede53bc\" data-id=\"ede53bc\" data-element_type=\"column\" data-e-type=\"column\">\n\t\t\t<div class=\"elementor-widget-wrap elementor-element-populated\">\n\t\t\t\t\t\t<div class=\"elementor-element elementor-element-5840461 elementor-widget elementor-widget-heading\" data-id=\"5840461\" data-element_type=\"widget\" data-e-type=\"widget\" data-widget_type=\"heading.default\">\n\t\t\t\t<div class=\"elementor-widget-container\">\n\t\t\t\t\t<h4 class=\"elementor-heading-title elementor-size-default\">Busspakke med reisetjenester<\/h4>\t\t\t\t<\/div>\n\t\t\t\t<\/div>\n\t\t\t\t\t<\/div>\n\t\t<\/div>\n\t\t\t\t\t<\/div>\n\t\t<\/section>\n\t\t\t\t<section class=\"elementor-section elementor-top-section elementor-element elementor-element-b85907b elementor-section-boxed elementor-section-height-default elementor-section-height-default\" data-id=\"b85907b\" data-element_type=\"section\" data-e-type=\"section\">\n\t\t\t\t\t\t<div class=\"elementor-container elementor-column-gap-default\">\n\t\t\t\t\t<div class=\"elementor-column elementor-col-50 elementor-top-column elementor-element elementor-element-93b3c49\" data-id=\"93b3c49\" data-element_type=\"column\" data-e-type=\"column\">\n\t\t\t<div class=\"elementor-widget-wrap elementor-element-populated\">\n\t\t\t\t\t\t<div class=\"elementor-element elementor-element-3ddce1d elementor-widget elementor-widget-text-editor\" data-id=\"3ddce1d\" data-element_type=\"widget\" data-e-type=\"widget\" data-widget_type=\"text-editor.default\">\n\t\t\t\t<div class=\"elementor-widget-container\">\n\t\t\t\t\t\t\t\t\t<ul>\n \t<li>Levering til n\u00e6rmeste Matkahuolto<\/li>\n<li>Melding p\u00e5 SMS til telefonnummeret kunden har oppgitt n\u00e5r forsendelsen er tilgjengelig for henting<\/li>\n<li>Raske og p\u00e5litelige leveranser over hele Finland<\/li>\n<li>Ideelt egnet for individuelle bestillinger for produktgrupper som\n<ul>\n<li>r\u00f8rhatter<\/li>\n<li>R\u00f8ykgassavtrekk<\/li>\n<li>bookmakere<\/li>\n<li>tilkoblingsr\u00f8r for avtrekkshette<\/li>\n<li>oppussing og elektroverkt\u00f8y<\/li>\n<li>innend\u00f8rs r\u00f8r<\/li>\n<li>badstue skorstein for uthus<\/li>\n<\/ul>\n<\/li>\n<\/ul>\nMatkahuolto sender om n\u00f8dvendig et SMS-varsel til kunden to ganger, og hvis produktet likevel ikke er blitt hentet, sendes det et brev til kunden med en bekreftelse p\u00e5 at forsendelsen er ankommet. Ved forsinkede forsendelser kan du imidlertid kontakte v\u00e5r kundeservice p\u00e5 <a href=\"tel:+35862315396\">(06) 231 5396<\/a> eller <a href=\"mailto:info@pete.fi\">info@pete.fi.<\/a> \t\t\t\t\t\t\t\t<\/div>\n\t\t\t\t<\/div>\n\t\t\t\t<div class=\"elementor-element elementor-element-fcf550d elementor-widget elementor-widget-heading\" data-id=\"fcf550d\" data-element_type=\"widget\" data-e-type=\"widget\" data-widget_type=\"heading.default\">\n\t\t\t\t<div class=\"elementor-widget-container\">\n\t\t\t\t\t<h4 class=\"elementor-heading-title elementor-size-default\">Matkahuolto distribusjonspakke<\/h4>\t\t\t\t<\/div>\n\t\t\t\t<\/div>\n\t\t\t\t<div class=\"elementor-element elementor-element-b587bdc elementor-widget elementor-widget-text-editor\" data-id=\"b587bdc\" data-element_type=\"widget\" data-e-type=\"widget\" data-widget_type=\"text-editor.default\">\n\t\t\t\t<div class=\"elementor-widget-container\">\n\t\t\t\t\t\t\t\t\t<div class=\"row\"><div class=\"col-md-12 col-sm-12 col-xs-12 column\"><div class=\"ge-content ge-content-type-ckeditor\" data-ge-content-type=\"ckeditor\"><ul><li>Hjemlevering<\/li><\/ul><\/div><\/div><\/div>\t\t\t\t\t\t\t\t<\/div>\n\t\t\t\t<\/div>\n\t\t\t\t\t<\/div>\n\t\t<\/div>\n\t\t\t\t<div class=\"elementor-column elementor-col-50 elementor-top-column elementor-element elementor-element-8e267b1\" data-id=\"8e267b1\" data-element_type=\"column\" data-e-type=\"column\">\n\t\t\t<div class=\"elementor-widget-wrap elementor-element-populated\">\n\t\t\t\t\t\t<div class=\"elementor-element elementor-element-a9ba5b6 elementor-widget elementor-widget-image\" data-id=\"a9ba5b6\" data-element_type=\"widget\" data-e-type=\"widget\" data-widget_type=\"image.default\">\n\t\t\t\t<div class=\"elementor-widget-container\">\n\t\t\t\t\t\t\t\t\t\t\t\t\t\t\t<img decoding=\"async\" width=\"191\" height=\"125\" src=\"https:\/\/pete.fi\/wp-content\/uploads\/2024\/07\/Matkahuolto_logo.jpg\" class=\"attachment-large size-large wp-image-1165\" alt=\"\" srcset=\"https:\/\/pete.fi\/wp-content\/uploads\/2024\/07\/Matkahuolto_logo.jpg 191w, https:\/\/pete.fi\/wp-content\/uploads\/2024\/07\/Matkahuolto_logo-64x42.jpg 64w\" sizes=\"(max-width: 191px) 100vw, 191px\" \/>\t\t\t\t\t\t\t\t\t\t\t\t\t\t\t<\/div>\n\t\t\t\t<\/div>\n\t\t\t\t\t<\/div>\n\t\t<\/div>\n\t\t\t\t\t<\/div>\n\t\t<\/section>\n\t\t\t\t<section class=\"elementor-section elementor-top-section elementor-element elementor-element-e31e26b elementor-section-boxed elementor-section-height-default elementor-section-height-default\" data-id=\"e31e26b\" data-element_type=\"section\" data-e-type=\"section\">\n\t\t\t\t\t\t<div class=\"elementor-container elementor-column-gap-default\">\n\t\t\t\t\t<div class=\"elementor-column elementor-col-100 elementor-top-column elementor-element elementor-element-2c3882c\" data-id=\"2c3882c\" data-element_type=\"column\" data-e-type=\"column\">\n\t\t\t<div class=\"elementor-widget-wrap elementor-element-populated\">\n\t\t\t\t\t\t<div class=\"elementor-element elementor-element-a4ca82d elementor-widget elementor-widget-heading\" data-id=\"a4ca82d\" data-element_type=\"widget\" data-e-type=\"widget\" data-widget_type=\"heading.default\">\n\t\t\t\t<div class=\"elementor-widget-container\">\n\t\t\t\t\t<h4 class=\"elementor-heading-title elementor-size-default\">Levering av paller fra DB Schenker<\/h4>\t\t\t\t<\/div>\n\t\t\t\t<\/div>\n\t\t\t\t\t<\/div>\n\t\t<\/div>\n\t\t\t\t\t<\/div>\n\t\t<\/section>\n\t\t\t\t<section class=\"elementor-section elementor-top-section elementor-element elementor-element-a17c06f elementor-section-boxed elementor-section-height-default elementor-section-height-default\" data-id=\"a17c06f\" data-element_type=\"section\" data-e-type=\"section\">\n\t\t\t\t\t\t<div class=\"elementor-container elementor-column-gap-default\">\n\t\t\t\t\t<div class=\"elementor-column elementor-col-50 elementor-top-column elementor-element elementor-element-4b8e39f\" data-id=\"4b8e39f\" data-element_type=\"column\" data-e-type=\"column\">\n\t\t\t<div class=\"elementor-widget-wrap elementor-element-populated\">\n\t\t\t\t\t\t<div class=\"elementor-element elementor-element-2892338 elementor-widget elementor-widget-text-editor\" data-id=\"2892338\" data-element_type=\"widget\" data-e-type=\"widget\" data-widget_type=\"text-editor.default\">\n\t\t\t\t<div class=\"elementor-widget-container\">\n\t\t\t\t\t\t\t\t\t<ul><li>Levering til destinasjonen med DB Schenker<\/li><li>En samtale fra sj\u00e5f\u00f8ren til kunden f\u00f8r forsendelsen leveres<\/li><li>Raske og p\u00e5litelige leveranser over hele Finland (for Lappland og skj\u00e6rg\u00e5rden, vennligst be om et separat tilbud!)<\/li><li>Ideell for tyngre produkter som f.eks.<ul><li>st\u00e5lr\u00f8r<\/li><li>ingot tips<\/li><li>Hormiske rehabiliteringsmasser<\/li><\/ul><\/li><li>Ogs\u00e5 egnet for st\u00f8rre bestillinger av andre skorsteinsprodukter med en total leveringsvekt p\u00e5 over 50 kg eller et volum p\u00e5 over 0,5 m3.<\/li><\/ul><div> <\/div><p><em><strong>Merk!  <\/strong>Ta kontakt med v\u00e5r kundeservice hvis du \u00f8nsker pallelevering til spesielle transportomr\u00e5der, for eksempel Lappland eller en \u00f8yregion.<\/em><\/p>\t\t\t\t\t\t\t\t<\/div>\n\t\t\t\t<\/div>\n\t\t\t\t\t<\/div>\n\t\t<\/div>\n\t\t\t\t<div class=\"elementor-column elementor-col-50 elementor-top-column elementor-element elementor-element-05793d4\" data-id=\"05793d4\" data-element_type=\"column\" data-e-type=\"column\">\n\t\t\t<div class=\"elementor-widget-wrap elementor-element-populated\">\n\t\t\t\t\t\t<div class=\"elementor-element elementor-element-705d372 elementor-widget elementor-widget-image\" data-id=\"705d372\" data-element_type=\"widget\" data-e-type=\"widget\" data-widget_type=\"image.default\">\n\t\t\t\t<div class=\"elementor-widget-container\">\n\t\t\t\t\t\t\t\t\t\t\t\t\t\t\t<img decoding=\"async\" width=\"450\" height=\"76\" src=\"https:\/\/pete.fi\/wp-content\/uploads\/2024\/07\/DB_Schenker_logo.jpg\" class=\"attachment-large size-large wp-image-1167\" alt=\"\" srcset=\"https:\/\/pete.fi\/wp-content\/uploads\/2024\/07\/DB_Schenker_logo.jpg 450w, https:\/\/pete.fi\/wp-content\/uploads\/2024\/07\/DB_Schenker_logo-64x11.jpg 64w\" sizes=\"(max-width: 450px) 100vw, 450px\" \/>\t\t\t\t\t\t\t\t\t\t\t\t\t\t\t<\/div>\n\t\t\t\t<\/div>\n\t\t\t\t\t<\/div>\n\t\t<\/div>\n\t\t\t\t\t<\/div>\n\t\t<\/section>\n\t\t\t\t<section class=\"elementor-section elementor-top-section elementor-element elementor-element-f3bbf3d elementor-section-boxed elementor-section-height-default elementor-section-height-default\" data-id=\"f3bbf3d\" data-element_type=\"section\" data-e-type=\"section\">\n\t\t\t\t\t\t<div class=\"elementor-container elementor-column-gap-default\">\n\t\t\t\t\t<div class=\"elementor-column elementor-col-100 elementor-top-column elementor-element elementor-element-dad53df\" data-id=\"dad53df\" data-element_type=\"column\" data-e-type=\"column\">\n\t\t\t<div class=\"elementor-widget-wrap elementor-element-populated\">\n\t\t\t\t\t\t<div class=\"elementor-element elementor-element-ea6ef58 elementor-widget elementor-widget-heading\" data-id=\"ea6ef58\" data-element_type=\"widget\" data-e-type=\"widget\" data-widget_type=\"heading.default\">\n\t\t\t\t<div class=\"elementor-widget-container\">\n\t\t\t\t\t<h4 class=\"elementor-heading-title elementor-size-default\">Henting fra Kauhajoki-fabrikken<\/h4>\t\t\t\t<\/div>\n\t\t\t\t<\/div>\n\t\t\t\t<div class=\"elementor-element elementor-element-09afb43 elementor-widget elementor-widget-text-editor\" data-id=\"09afb43\" data-element_type=\"widget\" data-e-type=\"widget\" data-widget_type=\"text-editor.default\">\n\t\t\t\t<div class=\"elementor-widget-container\">\n\t\t\t\t\t\t\t\t\t<p>Du kan ogs\u00e5 hente bestillingen din fra fabrikken v\u00e5r i Kauhajoki uten leveringskostnader.<\/p><p><strong>Beliggenheten til fabrikken v\u00e5r:  <\/strong><\/p>\t\t\t\t\t\t\t\t<\/div>\n\t\t\t\t<\/div>\n\t\t\t\t<div class=\"elementor-element elementor-element-30bac67 elementor-widget elementor-widget-google_maps\" data-id=\"30bac67\" data-element_type=\"widget\" data-e-type=\"widget\" data-widget_type=\"google_maps.default\">\n\t\t\t\t<div class=\"elementor-widget-container\">\n\t\t\t\t\t\t\t<div class=\"elementor-custom-embed\">\n\t\t\t<iframe loading=\"lazy\"\n\t\t\t\t\tsrc=\"https:\/\/maps.google.com\/maps?q=Lampelantie%2058%2C%20Kauhajoki&#038;t=m&#038;z=6&#038;output=embed&#038;iwloc=near\"\n\t\t\t\t\ttitle=\"Lampelantie 58, Kauhajoki\"\n\t\t\t\t\taria-label=\"Lampelantie 58, Kauhajoki\"\n\t\t\t><\/iframe>\n\t\t<\/div>\n\t\t\t\t\t\t<\/div>\n\t\t\t\t<\/div>\n\t\t\t\t\t<\/div>\n\t\t<\/div>\n\t\t\t\t\t<\/div>\n\t\t<\/section>\n\t\t\t\t<section class=\"elementor-section elementor-top-section elementor-element elementor-element-15d320f elementor-section-boxed elementor-section-height-default elementor-section-height-default\" data-id=\"15d320f\" data-element_type=\"section\" data-e-type=\"section\">\n\t\t\t\t\t\t<div class=\"elementor-container elementor-column-gap-default\">\n\t\t\t\t\t<div class=\"elementor-column elementor-col-100 elementor-top-column elementor-element elementor-element-06beb52\" data-id=\"06beb52\" data-element_type=\"column\" data-e-type=\"column\">\n\t\t\t<div class=\"elementor-widget-wrap elementor-element-populated\">\n\t\t\t\t\t\t<div class=\"elementor-element elementor-element-b509c83 elementor-widget elementor-widget-text-editor\" data-id=\"b509c83\" data-element_type=\"widget\" data-e-type=\"widget\" data-widget_type=\"text-editor.default\">\n\t\t\t\t<div class=\"elementor-widget-container\">\n\t\t\t\t\t\t\t\t\tVi forbeholder oss retten til \u00e5 gj\u00f8re endringer.\t\t\t\t\t\t\t\t<\/div>\n\t\t\t\t<\/div>\n\t\t\t\t\t<\/div>\n\t\t<\/div>\n\t\t\t\t\t<\/div>\n\t\t<\/section>\n\t\t\t\t<\/div>\n\t\t","protected":false},"excerpt":{"rendered":"<p>Leveringsmetode PETE leverer raskt og p\u00e5litelig til hele Finland. V\u00e5re samarbeidspartnere er Matkahuolto og DB Schenker. Du vil motta et sporingsnummer fra transport\u00f8ren via e-post, som du kan bruke til \u00e5 spore fremdriften i bestillingen din. Busspakke med reisetjenester Levering til n\u00e6rmeste Matkahuolto Melding p\u00e5 SMS til telefonnummeret kunden har oppgitt n\u00e5r forsendelsen er tilgjengelig [&hellip;]<\/p>\n","protected":false},"author":1,"featured_media":0,"parent":0,"menu_order":0,"comment_status":"closed","ping_status":"closed","template":"","meta":{"_acf_changed":false,"footnotes":""},"class_list":["post-4509","page","type-page","status-publish","hentry"],"acf":[],"yoast_head":"<!-- This site is optimized with the Yoast SEO plugin v27.3 - https:\/\/yoast.com\/product\/yoast-seo-wordpress\/ -->\n<title>Leveringsmetode - PETE-tuotteet<\/title>\n<meta name=\"description\" content=\"Vi tilbyr allsidig og rask transport til alle deler av Finland. V\u00e5re samarbeidspartnere er Matkahuolto og DB Schenker. Du vil motta et sporingsnummer i e-posten din fra transport\u00f8ren, som du kan bruke til \u00e5 spore fremdriften i bestillingen din.\" \/>\n<meta name=\"robots\" content=\"index, follow, max-snippet:-1, max-image-preview:large, max-video-preview:-1\" \/>\n<link rel=\"canonical\" href=\"https:\/\/pete.fi\/no\/leveringsmetode\/\" \/>\n<meta property=\"og:locale\" content=\"nb_NO\" \/>\n<meta property=\"og:type\" content=\"article\" \/>\n<meta property=\"og:title\" content=\"Leveringsmetode - PETE-tuotteet\" \/>\n<meta property=\"og:description\" content=\"Vi tilbyr allsidig og rask transport til alle deler av Finland. V\u00e5re samarbeidspartnere er Matkahuolto og DB Schenker. Du vil motta et sporingsnummer i e-posten din fra transport\u00f8ren, som du kan bruke til \u00e5 spore fremdriften i bestillingen din.\" \/>\n<meta property=\"og:url\" content=\"https:\/\/pete.fi\/no\/leveringsmetode\/\" \/>\n<meta property=\"og:site_name\" content=\"PETE-tuotteet\" \/>\n<meta property=\"article:publisher\" content=\"https:\/\/www.facebook.com\/petetuotteet\/\" \/>\n<meta property=\"article:modified_time\" content=\"2026-03-02T20:33:03+00:00\" \/>\n<meta property=\"og:image\" content=\"https:\/\/pete.fi\/wp-content\/uploads\/2024\/07\/Matkahuolto_logo.jpg\" \/>\n\t<meta property=\"og:image:width\" content=\"191\" \/>\n\t<meta property=\"og:image:height\" content=\"125\" \/>\n\t<meta property=\"og:image:type\" content=\"image\/jpeg\" \/>\n<meta name=\"twitter:card\" content=\"summary_large_image\" \/>\n<meta name=\"twitter:label1\" content=\"Ansl. lesetid\" \/>\n\t<meta name=\"twitter:data1\" content=\"1 minutt\" \/>\n<script type=\"application\/ld+json\" class=\"yoast-schema-graph\">{\"@context\":\"https:\\\/\\\/schema.org\",\"@graph\":[{\"@type\":\"WebPage\",\"@id\":\"https:\\\/\\\/pete.fi\\\/no\\\/leveringsmetode\\\/\",\"url\":\"https:\\\/\\\/pete.fi\\\/no\\\/leveringsmetode\\\/\",\"name\":\"Leveringsmetode - PETE-tuotteet\",\"isPartOf\":{\"@id\":\"https:\\\/\\\/petefi.kehityssivusto.fihttps\\\/\\\/pete.fi\\\/#website\"},\"primaryImageOfPage\":{\"@id\":\"https:\\\/\\\/pete.fi\\\/no\\\/leveringsmetode\\\/#primaryimage\"},\"image\":{\"@id\":\"https:\\\/\\\/pete.fi\\\/no\\\/leveringsmetode\\\/#primaryimage\"},\"thumbnailUrl\":\"https:\\\/\\\/pete.fi\\\/wp-content\\\/uploads\\\/2024\\\/07\\\/Matkahuolto_logo.jpg\",\"datePublished\":\"2024-07-25T06:15:46+00:00\",\"dateModified\":\"2026-03-02T20:33:03+00:00\",\"description\":\"Vi tilbyr allsidig og rask transport til alle deler av Finland. V\u00e5re samarbeidspartnere er Matkahuolto og DB Schenker. Du vil motta et sporingsnummer i e-posten din fra transport\u00f8ren, som du kan bruke til \u00e5 spore fremdriften i bestillingen din.\",\"breadcrumb\":{\"@id\":\"https:\\\/\\\/pete.fi\\\/no\\\/leveringsmetode\\\/#breadcrumb\"},\"inLanguage\":\"nb-NO\",\"potentialAction\":[{\"@type\":\"ReadAction\",\"target\":[\"https:\\\/\\\/pete.fi\\\/no\\\/leveringsmetode\\\/\"]}]},{\"@type\":\"ImageObject\",\"inLanguage\":\"nb-NO\",\"@id\":\"https:\\\/\\\/pete.fi\\\/no\\\/leveringsmetode\\\/#primaryimage\",\"url\":\"https:\\\/\\\/pete.fi\\\/wp-content\\\/uploads\\\/2024\\\/07\\\/Matkahuolto_logo.jpg\",\"contentUrl\":\"https:\\\/\\\/pete.fi\\\/wp-content\\\/uploads\\\/2024\\\/07\\\/Matkahuolto_logo.jpg\"},{\"@type\":\"BreadcrumbList\",\"@id\":\"https:\\\/\\\/pete.fi\\\/no\\\/leveringsmetode\\\/#breadcrumb\",\"itemListElement\":[{\"@type\":\"ListItem\",\"position\":1,\"name\":\"Home\",\"item\":\"https:\\\/\\\/pete.fi\\\/no\\\/home\\\/\"},{\"@type\":\"ListItem\",\"position\":2,\"name\":\"Leveringsmetode\"}]},{\"@type\":\"WebSite\",\"@id\":\"https:\\\/\\\/petefi.kehityssivusto.fihttps\\\/\\\/pete.fi\\\/#website\",\"url\":\"https:\\\/\\\/petefi.kehityssivusto.fihttps\\\/\\\/pete.fi\\\/\",\"name\":\"Pete.fi\",\"description\":\"\",\"publisher\":{\"@id\":\"https:\\\/\\\/petefi.kehityssivusto.fihttps\\\/\\\/pete.fi\\\/#organization\"},\"potentialAction\":[{\"@type\":\"SearchAction\",\"target\":{\"@type\":\"EntryPoint\",\"urlTemplate\":\"https:\\\/\\\/petefi.kehityssivusto.fihttps\\\/\\\/pete.fi\\\/?s={search_term_string}\"},\"query-input\":{\"@type\":\"PropertyValueSpecification\",\"valueRequired\":true,\"valueName\":\"search_term_string\"}}],\"inLanguage\":\"nb-NO\"},{\"@type\":\"Organization\",\"@id\":\"https:\\\/\\\/petefi.kehityssivusto.fihttps\\\/\\\/pete.fi\\\/#organization\",\"name\":\"Pete | Piipusta piippuun\",\"url\":\"https:\\\/\\\/petefi.kehityssivusto.fihttps\\\/\\\/pete.fi\\\/\",\"logo\":{\"@type\":\"ImageObject\",\"inLanguage\":\"nb-NO\",\"@id\":\"https:\\\/\\\/petefi.kehityssivusto.fihttps\\\/\\\/pete.fi\\\/#\\\/schema\\\/logo\\\/image\\\/\",\"url\":\"https:\\\/\\\/pete.fi\\\/wp-content\\\/uploads\\\/2023\\\/08\\\/cropped-logo_fi.jpeg\",\"contentUrl\":\"https:\\\/\\\/pete.fi\\\/wp-content\\\/uploads\\\/2023\\\/08\\\/cropped-logo_fi.jpeg\",\"width\":2243,\"height\":1589,\"caption\":\"Pete | Piipusta piippuun\"},\"image\":{\"@id\":\"https:\\\/\\\/petefi.kehityssivusto.fihttps\\\/\\\/pete.fi\\\/#\\\/schema\\\/logo\\\/image\\\/\"},\"sameAs\":[\"https:\\\/\\\/www.facebook.com\\\/petetuotteet\\\/\",\"https:\\\/\\\/www.instagram.com\\\/piipustapiippuun\"]}]}<\/script>\n<!-- \/ Yoast SEO plugin. -->","yoast_head_json":{"title":"Leveringsmetode - PETE-tuotteet","description":"Vi tilbyr allsidig og rask transport til alle deler av Finland. V\u00e5re samarbeidspartnere er Matkahuolto og DB Schenker. Du vil motta et sporingsnummer i e-posten din fra transport\u00f8ren, som du kan bruke til \u00e5 spore fremdriften i bestillingen din.","robots":{"index":"index","follow":"follow","max-snippet":"max-snippet:-1","max-image-preview":"max-image-preview:large","max-video-preview":"max-video-preview:-1"},"canonical":"https:\/\/pete.fi\/no\/leveringsmetode\/","og_locale":"nb_NO","og_type":"article","og_title":"Leveringsmetode - PETE-tuotteet","og_description":"Vi tilbyr allsidig og rask transport til alle deler av Finland. V\u00e5re samarbeidspartnere er Matkahuolto og DB Schenker. Du vil motta et sporingsnummer i e-posten din fra transport\u00f8ren, som du kan bruke til \u00e5 spore fremdriften i bestillingen din.","og_url":"https:\/\/pete.fi\/no\/leveringsmetode\/","og_site_name":"PETE-tuotteet","article_publisher":"https:\/\/www.facebook.com\/petetuotteet\/","article_modified_time":"2026-03-02T20:33:03+00:00","og_image":[{"width":191,"height":125,"url":"https:\/\/pete.fi\/wp-content\/uploads\/2024\/07\/Matkahuolto_logo.jpg","type":"image\/jpeg"}],"twitter_card":"summary_large_image","twitter_misc":{"Ansl. lesetid":"1 minutt"},"schema":{"@context":"https:\/\/schema.org","@graph":[{"@type":"WebPage","@id":"https:\/\/pete.fi\/no\/leveringsmetode\/","url":"https:\/\/pete.fi\/no\/leveringsmetode\/","name":"Leveringsmetode - PETE-tuotteet","isPartOf":{"@id":"https:\/\/petefi.kehityssivusto.fihttps\/\/pete.fi\/#website"},"primaryImageOfPage":{"@id":"https:\/\/pete.fi\/no\/leveringsmetode\/#primaryimage"},"image":{"@id":"https:\/\/pete.fi\/no\/leveringsmetode\/#primaryimage"},"thumbnailUrl":"https:\/\/pete.fi\/wp-content\/uploads\/2024\/07\/Matkahuolto_logo.jpg","datePublished":"2024-07-25T06:15:46+00:00","dateModified":"2026-03-02T20:33:03+00:00","description":"Vi tilbyr allsidig og rask transport til alle deler av Finland. V\u00e5re samarbeidspartnere er Matkahuolto og DB Schenker. Du vil motta et sporingsnummer i e-posten din fra transport\u00f8ren, som du kan bruke til \u00e5 spore fremdriften i bestillingen din.","breadcrumb":{"@id":"https:\/\/pete.fi\/no\/leveringsmetode\/#breadcrumb"},"inLanguage":"nb-NO","potentialAction":[{"@type":"ReadAction","target":["https:\/\/pete.fi\/no\/leveringsmetode\/"]}]},{"@type":"ImageObject","inLanguage":"nb-NO","@id":"https:\/\/pete.fi\/no\/leveringsmetode\/#primaryimage","url":"https:\/\/pete.fi\/wp-content\/uploads\/2024\/07\/Matkahuolto_logo.jpg","contentUrl":"https:\/\/pete.fi\/wp-content\/uploads\/2024\/07\/Matkahuolto_logo.jpg"},{"@type":"BreadcrumbList","@id":"https:\/\/pete.fi\/no\/leveringsmetode\/#breadcrumb","itemListElement":[{"@type":"ListItem","position":1,"name":"Home","item":"https:\/\/pete.fi\/no\/home\/"},{"@type":"ListItem","position":2,"name":"Leveringsmetode"}]},{"@type":"WebSite","@id":"https:\/\/petefi.kehityssivusto.fihttps\/\/pete.fi\/#website","url":"https:\/\/petefi.kehityssivusto.fihttps\/\/pete.fi\/","name":"Pete.fi","description":"","publisher":{"@id":"https:\/\/petefi.kehityssivusto.fihttps\/\/pete.fi\/#organization"},"potentialAction":[{"@type":"SearchAction","target":{"@type":"EntryPoint","urlTemplate":"https:\/\/petefi.kehityssivusto.fihttps\/\/pete.fi\/?s={search_term_string}"},"query-input":{"@type":"PropertyValueSpecification","valueRequired":true,"valueName":"search_term_string"}}],"inLanguage":"nb-NO"},{"@type":"Organization","@id":"https:\/\/petefi.kehityssivusto.fihttps\/\/pete.fi\/#organization","name":"Pete | Piipusta piippuun","url":"https:\/\/petefi.kehityssivusto.fihttps\/\/pete.fi\/","logo":{"@type":"ImageObject","inLanguage":"nb-NO","@id":"https:\/\/petefi.kehityssivusto.fihttps\/\/pete.fi\/#\/schema\/logo\/image\/","url":"https:\/\/pete.fi\/wp-content\/uploads\/2023\/08\/cropped-logo_fi.jpeg","contentUrl":"https:\/\/pete.fi\/wp-content\/uploads\/2023\/08\/cropped-logo_fi.jpeg","width":2243,"height":1589,"caption":"Pete | Piipusta piippuun"},"image":{"@id":"https:\/\/petefi.kehityssivusto.fihttps\/\/pete.fi\/#\/schema\/logo\/image\/"},"sameAs":["https:\/\/www.facebook.com\/petetuotteet\/","https:\/\/www.instagram.com\/piipustapiippuun"]}]}},"_links":{"self":[{"href":"https:\/\/pete.fi\/no\/wp-json\/wp\/v2\/pages\/4509","targetHints":{"allow":["GET"]}}],"collection":[{"href":"https:\/\/pete.fi\/no\/wp-json\/wp\/v2\/pages"}],"about":[{"href":"https:\/\/pete.fi\/no\/wp-json\/wp\/v2\/types\/page"}],"author":[{"embeddable":true,"href":"https:\/\/pete.fi\/no\/wp-json\/wp\/v2\/users\/1"}],"replies":[{"embeddable":true,"href":"https:\/\/pete.fi\/no\/wp-json\/wp\/v2\/comments?post=4509"}],"version-history":[{"count":1,"href":"https:\/\/pete.fi\/no\/wp-json\/wp\/v2\/pages\/4509\/revisions"}],"predecessor-version":[{"id":4510,"href":"https:\/\/pete.fi\/no\/wp-json\/wp\/v2\/pages\/4509\/revisions\/4510"}],"wp:attachment":[{"href":"https:\/\/pete.fi\/no\/wp-json\/wp\/v2\/media?parent=4509"}],"curies":[{"name":"wp","href":"https:\/\/api.w.org\/{rel}","templated":true}]}}