{"id":4256,"date":"2024-08-25T14:17:20","date_gmt":"2024-08-25T12:17:20","guid":{"rendered":"https:\/\/pete.fi\/vedlikehold-av-pete-roykgassavtrekk\/"},"modified":"2026-03-02T22:30:24","modified_gmt":"2026-03-02T20:30:24","slug":"vedlikehold-av-pete-roykgassavtrekk","status":"publish","type":"page","link":"https:\/\/pete.fi\/no\/vedlikehold-av-pete-roykgassavtrekk\/","title":{"rendered":"Vedlikehold av PETE r\u00f8ykgassavtrekk"},"content":{"rendered":"\t\t<div data-elementor-type=\"wp-page\" data-elementor-id=\"4256\" class=\"elementor elementor-4256 elementor-1383\">\n\t\t\t\t\t\t<section class=\"elementor-section elementor-top-section elementor-element elementor-element-0d93bdc elementor-section-boxed elementor-section-height-default elementor-section-height-default\" data-id=\"0d93bdc\" data-element_type=\"section\" data-e-type=\"section\">\n\t\t\t\t\t\t<div class=\"elementor-container elementor-column-gap-default\">\n\t\t\t\t\t<div class=\"elementor-column elementor-col-100 elementor-top-column elementor-element elementor-element-39a8907\" data-id=\"39a8907\" data-element_type=\"column\" data-e-type=\"column\">\n\t\t\t<div class=\"elementor-widget-wrap elementor-element-populated\">\n\t\t\t\t\t\t<div class=\"elementor-element elementor-element-baf63f7 elementor-widget elementor-widget-heading\" data-id=\"baf63f7\" data-element_type=\"widget\" data-e-type=\"widget\" data-widget_type=\"heading.default\">\n\t\t\t\t<div class=\"elementor-widget-container\">\n\t\t\t\t\t<h2 class=\"elementor-heading-title elementor-size-default\">PETE sigarettenner vedlikehold<\/h2>\t\t\t\t<\/div>\n\t\t\t\t<\/div>\n\t\t\t\t<div class=\"elementor-element elementor-element-b13ec3d elementor-widget elementor-widget-text-editor\" data-id=\"b13ec3d\" data-element_type=\"widget\" data-e-type=\"widget\" data-widget_type=\"text-editor.default\">\n\t\t\t\t<div class=\"elementor-widget-container\">\n\t\t\t\t\t\t\t\t\t<p>PETE-sigarettst\u00f8vsugeren er et sv\u00e6rt vedlikeholdsfritt produkt. Regelmessig rengj\u00f8ring av enheten vil imidlertid \u00f8ke produktets levetid. Sjekk ut v\u00e5re instruksjoner for vedlikehold og rengj\u00f8ring av produktet!  <\/p><p><strong>Rengj\u00f8ring i forbindelse med feiing av skorstein<\/strong><\/p><p>Pumpehjulet og perforeringen i det ytre huset b\u00f8r rengj\u00f8res minst i l\u00f8pet av de lovbestemte rengj\u00f8ringsintervallene (en gang i \u00e5ret for eneboliger og hvert tredje \u00e5r for fritidsboliger). Apparatet m\u00e5 kobles fra sikkerhetsbryteren f\u00f8r rengj\u00f8ring. PETE-skorsteinsviften er alltid hengslet, noe som gj\u00f8r det lettere \u00e5 rengj\u00f8re b\u00e5de r\u00f8ykr\u00f8ret og skorsteinsviften.  <\/p><p><strong>Garantert service<\/strong><\/p><p>PETE-r\u00f8ykavsugere leveres med tre (3) \u00e5rs utstyrsgaranti. I praksis hevder motorleverand\u00f8ren at motorens beregnede levetid er mer enn 10 \u00e5r n\u00e5r den brukes i samsvar med anvisningene i produktspesifikasjonen. Utstyrsfeil som oppst\u00e5r i garantiperioden, vil selvf\u00f8lgelig bli reparert kostnadsfritt. Hvis det oppst\u00e5r en feil, vennligst ring v\u00e5r kundeservice p\u00e5 (06) 231 5396 eller send oss en e-post p\u00e5 info@pete.fi for n\u00e6rmere instruksjoner.   <\/p><p><strong>Vedlikehold etter utl\u00f8pet av garantiperioden<\/strong><\/p><p>Etter hvert som r\u00f8yksugeren n\u00e6rmer seg 10 \u00e5r, kan det hende at produktet trenger vedlikehold. Ta kontakt med v\u00e5r kundeservice\/produktsupport for \u00e5 f\u00e5 en vurdering av \u00e5rsaken til feilen og eventuelle vedlikeholdsbehov. Vi selger PETE-st\u00f8vsugerkondensatoren som reservedel for \u20ac 35 + leveringskostnader. Kondensatoren er plassert under det runde dekselet p\u00e5 PETE-r\u00f8yksugeren, p\u00e5 siden av motoren, inne i beskyttelsesboksen. Ved andre mulige feil, for eksempel motorfeil, tar vi enheten inn til service p\u00e5 fabrikken v\u00e5r. Avhengig av omfanget av servicen, er den estimerte prisen for en service p\u00e5 fabrikken v\u00e5r mellom \u20ac 100 og \u20ac 350 + leveringskostnader.       <\/p>\t\t\t\t\t\t\t\t<\/div>\n\t\t\t\t<\/div>\n\t\t\t\t\t<\/div>\n\t\t<\/div>\n\t\t\t\t\t<\/div>\n\t\t<\/section>\n\t\t\t\t<\/div>\n\t\t","protected":false},"excerpt":{"rendered":"<p>PETE sigarettenner vedlikehold PETE-sigarettst\u00f8vsugeren er et sv\u00e6rt vedlikeholdsfritt produkt. Regelmessig rengj\u00f8ring av enheten vil imidlertid \u00f8ke produktets levetid. Sjekk ut v\u00e5re instruksjoner for vedlikehold og rengj\u00f8ring av produktet! Rengj\u00f8ring i forbindelse med feiing av skorstein Pumpehjulet og perforeringen i det ytre huset b\u00f8r rengj\u00f8res minst i l\u00f8pet av de lovbestemte rengj\u00f8ringsintervallene (en gang i \u00e5ret [&hellip;]<\/p>\n","protected":false},"author":1,"featured_media":0,"parent":0,"menu_order":0,"comment_status":"closed","ping_status":"closed","template":"","meta":{"_acf_changed":false,"footnotes":""},"class_list":["post-4256","page","type-page","status-publish","hentry"],"acf":[],"yoast_head":"<!-- This site is optimized with the Yoast SEO plugin v27.3 - https:\/\/yoast.com\/product\/yoast-seo-wordpress\/ -->\n<title>Vedlikehold av PETE r\u00f8ykgassavtrekk - PETE-tuotteet<\/title>\n<meta name=\"robots\" content=\"index, follow, max-snippet:-1, max-image-preview:large, max-video-preview:-1\" \/>\n<link rel=\"canonical\" href=\"https:\/\/pete.fi\/no\/vedlikehold-av-pete-roykgassavtrekk\/\" \/>\n<meta property=\"og:locale\" content=\"nb_NO\" \/>\n<meta property=\"og:type\" content=\"article\" \/>\n<meta property=\"og:title\" content=\"Vedlikehold av PETE r\u00f8ykgassavtrekk - PETE-tuotteet\" \/>\n<meta property=\"og:description\" content=\"PETE sigarettenner vedlikehold PETE-sigarettst\u00f8vsugeren er et sv\u00e6rt vedlikeholdsfritt produkt. Regelmessig rengj\u00f8ring av enheten vil imidlertid \u00f8ke produktets levetid. Sjekk ut v\u00e5re instruksjoner for vedlikehold og rengj\u00f8ring av produktet! Rengj\u00f8ring i forbindelse med feiing av skorstein Pumpehjulet og perforeringen i det ytre huset b\u00f8r rengj\u00f8res minst i l\u00f8pet av de lovbestemte rengj\u00f8ringsintervallene (en gang i \u00e5ret [&hellip;]\" \/>\n<meta property=\"og:url\" content=\"https:\/\/pete.fi\/no\/vedlikehold-av-pete-roykgassavtrekk\/\" \/>\n<meta property=\"og:site_name\" content=\"PETE-tuotteet\" \/>\n<meta property=\"article:publisher\" content=\"https:\/\/www.facebook.com\/petetuotteet\/\" \/>\n<meta property=\"article:modified_time\" content=\"2026-03-02T20:30:24+00:00\" \/>\n<meta name=\"twitter:card\" content=\"summary_large_image\" \/>\n<meta name=\"twitter:label1\" content=\"Ansl. lesetid\" \/>\n\t<meta name=\"twitter:data1\" content=\"1 minutt\" \/>\n<script type=\"application\/ld+json\" class=\"yoast-schema-graph\">{\"@context\":\"https:\\\/\\\/schema.org\",\"@graph\":[{\"@type\":\"WebPage\",\"@id\":\"https:\\\/\\\/pete.fi\\\/no\\\/vedlikehold-av-pete-roykgassavtrekk\\\/\",\"url\":\"https:\\\/\\\/pete.fi\\\/no\\\/vedlikehold-av-pete-roykgassavtrekk\\\/\",\"name\":\"Vedlikehold av PETE r\u00f8ykgassavtrekk - PETE-tuotteet\",\"isPartOf\":{\"@id\":\"https:\\\/\\\/petefi.kehityssivusto.fihttps\\\/\\\/pete.fi\\\/#website\"},\"datePublished\":\"2024-08-25T12:17:20+00:00\",\"dateModified\":\"2026-03-02T20:30:24+00:00\",\"breadcrumb\":{\"@id\":\"https:\\\/\\\/pete.fi\\\/no\\\/vedlikehold-av-pete-roykgassavtrekk\\\/#breadcrumb\"},\"inLanguage\":\"nb-NO\",\"potentialAction\":[{\"@type\":\"ReadAction\",\"target\":[\"https:\\\/\\\/pete.fi\\\/no\\\/vedlikehold-av-pete-roykgassavtrekk\\\/\"]}]},{\"@type\":\"BreadcrumbList\",\"@id\":\"https:\\\/\\\/pete.fi\\\/no\\\/vedlikehold-av-pete-roykgassavtrekk\\\/#breadcrumb\",\"itemListElement\":[{\"@type\":\"ListItem\",\"position\":1,\"name\":\"Home\",\"item\":\"https:\\\/\\\/pete.fi\\\/no\\\/home\\\/\"},{\"@type\":\"ListItem\",\"position\":2,\"name\":\"Vedlikehold av PETE r\u00f8ykgassavtrekk\"}]},{\"@type\":\"WebSite\",\"@id\":\"https:\\\/\\\/petefi.kehityssivusto.fihttps\\\/\\\/pete.fi\\\/#website\",\"url\":\"https:\\\/\\\/petefi.kehityssivusto.fihttps\\\/\\\/pete.fi\\\/\",\"name\":\"Pete.fi\",\"description\":\"\",\"publisher\":{\"@id\":\"https:\\\/\\\/petefi.kehityssivusto.fihttps\\\/\\\/pete.fi\\\/#organization\"},\"potentialAction\":[{\"@type\":\"SearchAction\",\"target\":{\"@type\":\"EntryPoint\",\"urlTemplate\":\"https:\\\/\\\/petefi.kehityssivusto.fihttps\\\/\\\/pete.fi\\\/?s={search_term_string}\"},\"query-input\":{\"@type\":\"PropertyValueSpecification\",\"valueRequired\":true,\"valueName\":\"search_term_string\"}}],\"inLanguage\":\"nb-NO\"},{\"@type\":\"Organization\",\"@id\":\"https:\\\/\\\/petefi.kehityssivusto.fihttps\\\/\\\/pete.fi\\\/#organization\",\"name\":\"Pete | Piipusta piippuun\",\"url\":\"https:\\\/\\\/petefi.kehityssivusto.fihttps\\\/\\\/pete.fi\\\/\",\"logo\":{\"@type\":\"ImageObject\",\"inLanguage\":\"nb-NO\",\"@id\":\"https:\\\/\\\/petefi.kehityssivusto.fihttps\\\/\\\/pete.fi\\\/#\\\/schema\\\/logo\\\/image\\\/\",\"url\":\"https:\\\/\\\/pete.fi\\\/wp-content\\\/uploads\\\/2023\\\/08\\\/cropped-logo_fi.jpeg\",\"contentUrl\":\"https:\\\/\\\/pete.fi\\\/wp-content\\\/uploads\\\/2023\\\/08\\\/cropped-logo_fi.jpeg\",\"width\":2243,\"height\":1589,\"caption\":\"Pete | Piipusta piippuun\"},\"image\":{\"@id\":\"https:\\\/\\\/petefi.kehityssivusto.fihttps\\\/\\\/pete.fi\\\/#\\\/schema\\\/logo\\\/image\\\/\"},\"sameAs\":[\"https:\\\/\\\/www.facebook.com\\\/petetuotteet\\\/\",\"https:\\\/\\\/www.instagram.com\\\/piipustapiippuun\"]}]}<\/script>\n<!-- \/ Yoast SEO plugin. -->","yoast_head_json":{"title":"Vedlikehold av PETE r\u00f8ykgassavtrekk - PETE-tuotteet","robots":{"index":"index","follow":"follow","max-snippet":"max-snippet:-1","max-image-preview":"max-image-preview:large","max-video-preview":"max-video-preview:-1"},"canonical":"https:\/\/pete.fi\/no\/vedlikehold-av-pete-roykgassavtrekk\/","og_locale":"nb_NO","og_type":"article","og_title":"Vedlikehold av PETE r\u00f8ykgassavtrekk - PETE-tuotteet","og_description":"PETE sigarettenner vedlikehold PETE-sigarettst\u00f8vsugeren er et sv\u00e6rt vedlikeholdsfritt produkt. Regelmessig rengj\u00f8ring av enheten vil imidlertid \u00f8ke produktets levetid. Sjekk ut v\u00e5re instruksjoner for vedlikehold og rengj\u00f8ring av produktet! Rengj\u00f8ring i forbindelse med feiing av skorstein Pumpehjulet og perforeringen i det ytre huset b\u00f8r rengj\u00f8res minst i l\u00f8pet av de lovbestemte rengj\u00f8ringsintervallene (en gang i \u00e5ret [&hellip;]","og_url":"https:\/\/pete.fi\/no\/vedlikehold-av-pete-roykgassavtrekk\/","og_site_name":"PETE-tuotteet","article_publisher":"https:\/\/www.facebook.com\/petetuotteet\/","article_modified_time":"2026-03-02T20:30:24+00:00","twitter_card":"summary_large_image","twitter_misc":{"Ansl. lesetid":"1 minutt"},"schema":{"@context":"https:\/\/schema.org","@graph":[{"@type":"WebPage","@id":"https:\/\/pete.fi\/no\/vedlikehold-av-pete-roykgassavtrekk\/","url":"https:\/\/pete.fi\/no\/vedlikehold-av-pete-roykgassavtrekk\/","name":"Vedlikehold av PETE r\u00f8ykgassavtrekk - PETE-tuotteet","isPartOf":{"@id":"https:\/\/petefi.kehityssivusto.fihttps\/\/pete.fi\/#website"},"datePublished":"2024-08-25T12:17:20+00:00","dateModified":"2026-03-02T20:30:24+00:00","breadcrumb":{"@id":"https:\/\/pete.fi\/no\/vedlikehold-av-pete-roykgassavtrekk\/#breadcrumb"},"inLanguage":"nb-NO","potentialAction":[{"@type":"ReadAction","target":["https:\/\/pete.fi\/no\/vedlikehold-av-pete-roykgassavtrekk\/"]}]},{"@type":"BreadcrumbList","@id":"https:\/\/pete.fi\/no\/vedlikehold-av-pete-roykgassavtrekk\/#breadcrumb","itemListElement":[{"@type":"ListItem","position":1,"name":"Home","item":"https:\/\/pete.fi\/no\/home\/"},{"@type":"ListItem","position":2,"name":"Vedlikehold av PETE r\u00f8ykgassavtrekk"}]},{"@type":"WebSite","@id":"https:\/\/petefi.kehityssivusto.fihttps\/\/pete.fi\/#website","url":"https:\/\/petefi.kehityssivusto.fihttps\/\/pete.fi\/","name":"Pete.fi","description":"","publisher":{"@id":"https:\/\/petefi.kehityssivusto.fihttps\/\/pete.fi\/#organization"},"potentialAction":[{"@type":"SearchAction","target":{"@type":"EntryPoint","urlTemplate":"https:\/\/petefi.kehityssivusto.fihttps\/\/pete.fi\/?s={search_term_string}"},"query-input":{"@type":"PropertyValueSpecification","valueRequired":true,"valueName":"search_term_string"}}],"inLanguage":"nb-NO"},{"@type":"Organization","@id":"https:\/\/petefi.kehityssivusto.fihttps\/\/pete.fi\/#organization","name":"Pete | Piipusta piippuun","url":"https:\/\/petefi.kehityssivusto.fihttps\/\/pete.fi\/","logo":{"@type":"ImageObject","inLanguage":"nb-NO","@id":"https:\/\/petefi.kehityssivusto.fihttps\/\/pete.fi\/#\/schema\/logo\/image\/","url":"https:\/\/pete.fi\/wp-content\/uploads\/2023\/08\/cropped-logo_fi.jpeg","contentUrl":"https:\/\/pete.fi\/wp-content\/uploads\/2023\/08\/cropped-logo_fi.jpeg","width":2243,"height":1589,"caption":"Pete | Piipusta piippuun"},"image":{"@id":"https:\/\/petefi.kehityssivusto.fihttps\/\/pete.fi\/#\/schema\/logo\/image\/"},"sameAs":["https:\/\/www.facebook.com\/petetuotteet\/","https:\/\/www.instagram.com\/piipustapiippuun"]}]}},"_links":{"self":[{"href":"https:\/\/pete.fi\/no\/wp-json\/wp\/v2\/pages\/4256","targetHints":{"allow":["GET"]}}],"collection":[{"href":"https:\/\/pete.fi\/no\/wp-json\/wp\/v2\/pages"}],"about":[{"href":"https:\/\/pete.fi\/no\/wp-json\/wp\/v2\/types\/page"}],"author":[{"embeddable":true,"href":"https:\/\/pete.fi\/no\/wp-json\/wp\/v2\/users\/1"}],"replies":[{"embeddable":true,"href":"https:\/\/pete.fi\/no\/wp-json\/wp\/v2\/comments?post=4256"}],"version-history":[{"count":1,"href":"https:\/\/pete.fi\/no\/wp-json\/wp\/v2\/pages\/4256\/revisions"}],"predecessor-version":[{"id":4258,"href":"https:\/\/pete.fi\/no\/wp-json\/wp\/v2\/pages\/4256\/revisions\/4258"}],"wp:attachment":[{"href":"https:\/\/pete.fi\/no\/wp-json\/wp\/v2\/media?parent=4256"}],"curies":[{"name":"wp","href":"https:\/\/api.w.org\/{rel}","templated":true}]}}