{"id":4043,"date":"2024-07-25T08:05:25","date_gmt":"2024-07-25T06:05:25","guid":{"rendered":"https:\/\/pete.fi\/bestillings-og-leveringsbetingelser\/"},"modified":"2026-03-10T22:42:30","modified_gmt":"2026-03-10T20:42:30","slug":"bestillings-og-leveringsbetingelser","status":"publish","type":"page","link":"https:\/\/pete.fi\/no\/bestillings-og-leveringsbetingelser\/","title":{"rendered":"Bestillings- og leveringsbetingelser"},"content":{"rendered":"\t\t<div data-elementor-type=\"wp-page\" data-elementor-id=\"4043\" class=\"elementor elementor-4043 elementor-721\">\n\t\t\t\t\t\t<section class=\"elementor-section elementor-top-section elementor-element elementor-element-10eeb20 elementor-section-boxed elementor-section-height-default elementor-section-height-default\" data-id=\"10eeb20\" data-element_type=\"section\" data-e-type=\"section\">\n\t\t\t\t\t\t<div class=\"elementor-container elementor-column-gap-default\">\n\t\t\t\t\t<div class=\"elementor-column elementor-col-100 elementor-top-column elementor-element elementor-element-bf66333\" data-id=\"bf66333\" data-element_type=\"column\" data-e-type=\"column\">\n\t\t\t<div class=\"elementor-widget-wrap elementor-element-populated\">\n\t\t\t\t\t\t<div class=\"elementor-element elementor-element-6d8d15b elementor-widget elementor-widget-heading\" data-id=\"6d8d15b\" data-element_type=\"widget\" data-e-type=\"widget\" data-widget_type=\"heading.default\">\n\t\t\t\t<div class=\"elementor-widget-container\">\n\t\t\t\t\t<h1 class=\"elementor-heading-title elementor-size-default\">Bestillings- og leveringsbetingelser\n<\/h1>\t\t\t\t<\/div>\n\t\t\t\t<\/div>\n\t\t\t\t<div class=\"elementor-element elementor-element-9ed59a8 elementor-widget elementor-widget-text-editor\" data-id=\"9ed59a8\" data-element_type=\"widget\" data-e-type=\"widget\" data-widget_type=\"text-editor.default\">\n\t\t\t\t<div class=\"elementor-widget-container\">\n\t\t\t\t\t\t\t\t\tGjeldende fra 01.01.2020\n<h3><strong>Nettbutikk pete.fi<\/strong><\/h3>\nLindfors Finland Oy (markedsf\u00f8ringsnavn PETE-savupiipputuotteet, org.nr. 0772117-7, heretter \u00abSelger\u00bb) selger produkter til myndige privatpersoner og bedrifter i Finland. Produktprisene inkluderer merverdiavgift. Vi forbeholder oss retten til endringer i priser og leveringskostnader.  \n\n&nbsp;\n<h4><strong>1. Bestilling<\/strong><\/h4>\nProdukter bestilles i nettbutikken ved \u00e5 legge dem i handlekurven og betale handlekurvens innhold i nettbutikkens kasse. All kundeinformasjon behandles konfidensielt. Kontaktinformasjonen som innhentes ved bestilling brukes kun til levering av bestillingen eller til \u00e5 avklare eventuelle uklarheter. Ved bestilling i nettbutikken forutsettes det at De har gjort Dem kjent med og akseptert de til enhver tid gjeldende leveringsbetingelsene.   \n<a href=\"https:\/\/www.pete.fi\/Rekisteri_ja_tietosuojaseloste\">Register- og personvernerkl\u00e6ring i henhold til personopplysningsloven (\u00a7 10 og 24) og EUs generelle personvernforordning (GDPR)<\/a>\n<h4><strong>2. Betaling<\/strong><\/h4>\nNettbutikkens betalingsformidling utf\u00f8res av Svea Payments Oy (org.nr. 2121703-0) i samarbeid med banker og kredittinstitusjoner. Bruk av tjenesten krever ikke registrering eller betaling av tilleggsgebyrer. Svea Payments Oy har betalingsinstitusjonstillatelse utstedt av Finanstilsynet. All informasjonsoverf\u00f8ring og pengetrafikk er SSL-beskyttet, slik at ingen utenforst\u00e5ende kan se informasjonen Deres. Betalingsmottaker vises som Svea Payments Oy (eller Svea Payments Oys hjelpefirmanavn Maksuturva Group).    \n\nEtter betaling sender selgeren en ordrebekreftelse til den oppgitte e-postadressen. Betalingen registreres umiddelbart som gjennomf\u00f8rt, og betalingsformidleren sender en betalingsbekreftelse til e-posten Deres. Meldingen inneholder en lenke til Kj\u00f8perens Assistent, hvor De kan h\u00e5ndtere bl.a. produktreturer, reklamasjoner og tilbakemeldinger samt endring av betalingsm\u00e5te d\u00f8gnet rundt.  \n\nBetalingsformidleren overf\u00f8rer betalingen til selgeren f\u00f8rst n\u00e5r De har mottatt bestillingen og f\u00e5tt kontrollert den. Lengden p\u00e5 kontrolltiden opplyses per bestilling via e-post.\n\n<a href=\"http:\/\/pete.web38.neutech.fi\/fi\/index.php?type=0&amp;id=79\">Betalingsm\u00e5ter<\/a>\n\n<a href=\"https:\/\/www.sveapayments.fi\/kuluttajatuki\" target=\"_blank\" rel=\"noopener\">Les mer om bruk av Svea Payments betalingstjeneste<\/a>\n\n&nbsp;\n<div>\n<h4><strong>3. Bestillings- og betalingsbekreftelse<\/strong><\/h4>\nEtter vellykket bestilling sendes en ordrebekreftelse til e-posten Deres. I tillegg mottar De en betalingsbekreftelse fra Svea Payments Oy, som gir Dem tilgang til \u00e5 f\u00f8lge leveransens fremdrift og administrere bestillingen ved hjelp av Kj\u00f8perens Assistent. Utsendelse av bekreftelsesmeldinger forutsetter at e-postadresse oppgis ved bestilling.  \n\n&nbsp;\n<h4><strong>4. Leveringsm\u00e5te og -kostnader<\/strong><\/h4>\nNettbutikken v\u00e5r anbefaler den mest passende leveringsm\u00e5ten basert p\u00e5 forsendelsens vekt og volum. V\u00e5re leveringsm\u00e5ter er Matkahuoltos pakkeleveranser, DB Schenkers pakke- og palletransporter samt henting ved fabrikken i Kauhajoki. \n\n<strong>Leveringsm\u00e5ter:<\/strong>\n<ul>\n \t<li>DB Schenker innenlandstransport: Palletransport til oppkj\u00f8rsel *<\/li>\n \t<li>DB Schenker Parcel: Pakkelevering til d\u00f8r *<\/li>\n \t<li>Matkahuolto Bussipaketti: Pakkelevering til n\u00e6rmeste Matkahuolto-pakkepunkt<\/li>\n \t<li>Matkahuolto Jakopaketti: Pakkelevering til d\u00f8r *<\/li>\n \t<li>Henting ved fabrikken i Kauhajoki<\/li>\n<\/ul>\n<em>* Med unntak av spesielle leveringsomr\u00e5der (f.eks. skj\u00e6rg\u00e5rd), hvor vi forbeholder oss retten til endringer. <\/em>\n\nPriser for leveringsm\u00e5tene ser De i kassen f\u00f8r betaling.\n\nDe mottar forsendelsesopplysninger og sporingsnummer for bestillingen p\u00e5 telefon og\/eller e-post, slik at De kan f\u00f8lge forsendelsens fremdrift.\n\n&nbsp;\n<h4><strong>5. Leveringstid<\/strong><\/h4>\nV\u00e5re vanligste leveringstider til Finland er ca. 3\u20135 dager, avhengig av bestilling og leveringsm\u00e5te. Deler av produktutvalget er bestillingsvarer med lengre leveringstid. P\u00e5 produktkortet ved tilgjengelighetsinformasjonen st\u00e5r det dersom produktet er en bestillingsvare. Skreddersydde produkter som produseres etter kundens oppgitte m\u00e5l har en leveringstid p\u00e5 ca. 2\u20134 uker. Vi bestreber oss p\u00e5 \u00e5 informere om eventuelle forsinkelser uten opphold.    \n\nVi er ikke ansvarlige for forsinkelser for\u00e5rsaket av force majeure eller indirekte skader som f\u00f8lge av forsinkelser. Avvikende leveringstider kunngj\u00f8res p\u00e5 nettbutikkens forside. \n\n&nbsp;\n<h4><strong>6. Bytte- og returbetingelser (forbrukere)<\/strong><\/h4>\nDe har i henhold til finsk forbrukerbeskyttelseslov rett til \u00e5 bytte eller returnere hele eller deler av bestillingen innen 14 dager etter mottak av bestillingen. Returretten gjelder kun ubrukte og salgbare produkter i originalemballasje. Returretten gjelder ikke produkter som er tilpasset etter kundens oppgitte m\u00e5l, som f.eks. pipetopper, pipeblikk samt r\u00f8ykgassugertilpasninger og underlag. Ved retur har selgeren rett til \u00e5 trekke fra eventuell verdiforringelse av produktet fra bel\u00f8pet som returneres til kunden.    \n\nSe detaljerte <a href=\"https:\/\/www.pete.fi\/Verkkokaupan_palautukset\">returinstruksjoner<\/a> her.\n\nI tillegg til den ordin\u00e6re returretten gir tjenesten Kj\u00f8perens Assistent Dem mulighet til \u00e5 kansellere og returnere produkter innen den separat oppgitte kontrolltiden f\u00f8r pengene overf\u00f8res fra betalingstjenesten til nettbutikken. Dersom De \u00f8nsker \u00e5 returnere eller bytte produkter etter kontrolltiden, vennligst ta direkte kontakt med oss: tlf. (06) 231 5396, info@pete.fi. \n\n&nbsp;\n<h4><strong>7. Problemsituasjoner<\/strong><\/h4>\nDersom produktet har g\u00e5tt tapt eller blitt skadet under transport, eller det p\u00e5 annen m\u00e5te ikke stemmer med bestillingen, m\u00e5 De melde fra om feilen senest 14 dager etter mottak til nettbutikkens kundeservice:\n\nPETE-savupiipputuotteet\nLindfors Finland Oy\nTlf. (06) 231 5396\ninfo@pete.fi\nLampelantie 58\n61850 Kauhajoki\n\nDersom prislisten inneholder \u00e5penbare prisfeil, selges eller leveres ikke produktet til den klart lavere prisen hvis det kan antas at kunden har forst\u00e5tt at feilen eksisterer.\n\n<strong>Reklamasjoner<\/strong>\n\nReklamasjoner behandles kun skriftlig. Reklamasjon kan gj\u00f8res elektronisk via funksjonen Kj\u00f8perens Assistent. Kunden f\u00e5r lenke til denne tjenesten i betalingsbekreftelsen fra Svea Payments. Alternativt kan en friformulert reklamasjon sendes enten via e-post eller brev.   \n\n<address>Dersom uenighet om bestillingen ikke kan l\u00f8ses gjennom forhandlinger mellom partene, kan forbrukeren bringe saken inn for Forbrukertvistutvalget www.kuluttajariita.fi. F\u00f8r saken bringes inn for Forbrukertvistutvalget, m\u00e5 forbrukeren ha v\u00e6rt i kontakt med magistratenes forbrukerr\u00e5dgivning www.kuluttajaneuvonta.fi. <\/address><address>Kunden kan reise s\u00f8ksm\u00e5l mot Selgeren vedr\u00f8rende tvister som oppst\u00e5r fra dette gjeldsforholdet enten ved tingrett i Selgerens hjemsted eller ved tingrett i den finske jurisdiksjonen hvor kunden har bosted. Dersom kunden ikke har bosted i Finland, behandles tvister ved S\u00f8r-\u00d8sterbotn tingrett. <\/address><address>Fullmektighonorarer dekkes ikke, ettersom Forbrukerr\u00e5dgivningen og Forbrukertvistutvalget tilbyr gratis bistand til l\u00f8sning av uenigheter.<\/address><\/div> \t\t\t\t\t\t\t\t<\/div>\n\t\t\t\t<\/div>\n\t\t\t\t\t<\/div>\n\t\t<\/div>\n\t\t\t\t\t<\/div>\n\t\t<\/section>\n\t\t\t\t<\/div>\n\t\t","protected":false},"excerpt":{"rendered":"<p>Bestillings- og leveringsbetingelser Gjeldende fra 01.01.2020 Nettbutikk pete.fi Lindfors Finland Oy (markedsf\u00f8ringsnavn PETE-savupiipputuotteet, org.nr. 0772117-7, heretter \u00abSelger\u00bb) selger produkter til myndige privatpersoner og bedrifter i Finland. Produktprisene inkluderer merverdiavgift. Vi forbeholder oss retten til endringer i priser og leveringskostnader. &nbsp; 1. Bestilling Produkter bestilles i nettbutikken ved \u00e5 legge dem i handlekurven og betale handlekurvens [&hellip;]<\/p>\n","protected":false},"author":1,"featured_media":0,"parent":0,"menu_order":0,"comment_status":"closed","ping_status":"closed","template":"","meta":{"_acf_changed":false,"footnotes":""},"class_list":["post-4043","page","type-page","status-publish","hentry"],"acf":[],"yoast_head":"<!-- This site is optimized with the Yoast SEO plugin v27.3 - https:\/\/yoast.com\/product\/yoast-seo-wordpress\/ -->\n<title>Bestillings- og leveringsbetingelser - PETE-tuotteet<\/title>\n<meta name=\"robots\" content=\"index, follow, max-snippet:-1, max-image-preview:large, max-video-preview:-1\" \/>\n<link rel=\"canonical\" href=\"https:\/\/pete.fi\/no\/bestillings-og-leveringsbetingelser\/\" \/>\n<meta property=\"og:locale\" content=\"nb_NO\" \/>\n<meta property=\"og:type\" content=\"article\" \/>\n<meta property=\"og:title\" content=\"Bestillings- og leveringsbetingelser - PETE-tuotteet\" \/>\n<meta property=\"og:description\" content=\"Bestillings- og leveringsbetingelser Gjeldende fra 01.01.2020 Nettbutikk pete.fi Lindfors Finland Oy (markedsf\u00f8ringsnavn PETE-savupiipputuotteet, org.nr. 0772117-7, heretter \u00abSelger\u00bb) selger produkter til myndige privatpersoner og bedrifter i Finland. Produktprisene inkluderer merverdiavgift. Vi forbeholder oss retten til endringer i priser og leveringskostnader. &nbsp; 1. Bestilling Produkter bestilles i nettbutikken ved \u00e5 legge dem i handlekurven og betale handlekurvens [&hellip;]\" \/>\n<meta property=\"og:url\" content=\"https:\/\/pete.fi\/no\/bestillings-og-leveringsbetingelser\/\" \/>\n<meta property=\"og:site_name\" content=\"PETE-tuotteet\" \/>\n<meta property=\"article:publisher\" content=\"https:\/\/www.facebook.com\/petetuotteet\/\" \/>\n<meta property=\"article:modified_time\" content=\"2026-03-10T20:42:30+00:00\" \/>\n<meta name=\"twitter:card\" content=\"summary_large_image\" \/>\n<meta name=\"twitter:label1\" content=\"Ansl. lesetid\" \/>\n\t<meta name=\"twitter:data1\" content=\"4 minutter\" \/>\n<script type=\"application\/ld+json\" class=\"yoast-schema-graph\">{\"@context\":\"https:\\\/\\\/schema.org\",\"@graph\":[{\"@type\":\"WebPage\",\"@id\":\"https:\\\/\\\/pete.fi\\\/no\\\/bestillings-og-leveringsbetingelser\\\/\",\"url\":\"https:\\\/\\\/pete.fi\\\/no\\\/bestillings-og-leveringsbetingelser\\\/\",\"name\":\"Bestillings- og leveringsbetingelser - PETE-tuotteet\",\"isPartOf\":{\"@id\":\"https:\\\/\\\/petefi.kehityssivusto.fihttps\\\/\\\/pete.fi\\\/#website\"},\"datePublished\":\"2024-07-25T06:05:25+00:00\",\"dateModified\":\"2026-03-10T20:42:30+00:00\",\"breadcrumb\":{\"@id\":\"https:\\\/\\\/pete.fi\\\/no\\\/bestillings-og-leveringsbetingelser\\\/#breadcrumb\"},\"inLanguage\":\"nb-NO\",\"potentialAction\":[{\"@type\":\"ReadAction\",\"target\":[\"https:\\\/\\\/pete.fi\\\/no\\\/bestillings-og-leveringsbetingelser\\\/\"]}]},{\"@type\":\"BreadcrumbList\",\"@id\":\"https:\\\/\\\/pete.fi\\\/no\\\/bestillings-og-leveringsbetingelser\\\/#breadcrumb\",\"itemListElement\":[{\"@type\":\"ListItem\",\"position\":1,\"name\":\"Home\",\"item\":\"https:\\\/\\\/pete.fi\\\/no\\\/home\\\/\"},{\"@type\":\"ListItem\",\"position\":2,\"name\":\"Bestillings- og leveringsbetingelser\"}]},{\"@type\":\"WebSite\",\"@id\":\"https:\\\/\\\/petefi.kehityssivusto.fihttps\\\/\\\/pete.fi\\\/#website\",\"url\":\"https:\\\/\\\/petefi.kehityssivusto.fihttps\\\/\\\/pete.fi\\\/\",\"name\":\"Pete.fi\",\"description\":\"\",\"publisher\":{\"@id\":\"https:\\\/\\\/petefi.kehityssivusto.fihttps\\\/\\\/pete.fi\\\/#organization\"},\"potentialAction\":[{\"@type\":\"SearchAction\",\"target\":{\"@type\":\"EntryPoint\",\"urlTemplate\":\"https:\\\/\\\/petefi.kehityssivusto.fihttps\\\/\\\/pete.fi\\\/?s={search_term_string}\"},\"query-input\":{\"@type\":\"PropertyValueSpecification\",\"valueRequired\":true,\"valueName\":\"search_term_string\"}}],\"inLanguage\":\"nb-NO\"},{\"@type\":\"Organization\",\"@id\":\"https:\\\/\\\/petefi.kehityssivusto.fihttps\\\/\\\/pete.fi\\\/#organization\",\"name\":\"Pete | Piipusta piippuun\",\"url\":\"https:\\\/\\\/petefi.kehityssivusto.fihttps\\\/\\\/pete.fi\\\/\",\"logo\":{\"@type\":\"ImageObject\",\"inLanguage\":\"nb-NO\",\"@id\":\"https:\\\/\\\/petefi.kehityssivusto.fihttps\\\/\\\/pete.fi\\\/#\\\/schema\\\/logo\\\/image\\\/\",\"url\":\"https:\\\/\\\/pete.fi\\\/wp-content\\\/uploads\\\/2023\\\/08\\\/cropped-logo_fi.jpeg\",\"contentUrl\":\"https:\\\/\\\/pete.fi\\\/wp-content\\\/uploads\\\/2023\\\/08\\\/cropped-logo_fi.jpeg\",\"width\":2243,\"height\":1589,\"caption\":\"Pete | Piipusta piippuun\"},\"image\":{\"@id\":\"https:\\\/\\\/petefi.kehityssivusto.fihttps\\\/\\\/pete.fi\\\/#\\\/schema\\\/logo\\\/image\\\/\"},\"sameAs\":[\"https:\\\/\\\/www.facebook.com\\\/petetuotteet\\\/\",\"https:\\\/\\\/www.instagram.com\\\/piipustapiippuun\"]}]}<\/script>\n<!-- \/ Yoast SEO plugin. -->","yoast_head_json":{"title":"Bestillings- og leveringsbetingelser - PETE-tuotteet","robots":{"index":"index","follow":"follow","max-snippet":"max-snippet:-1","max-image-preview":"max-image-preview:large","max-video-preview":"max-video-preview:-1"},"canonical":"https:\/\/pete.fi\/no\/bestillings-og-leveringsbetingelser\/","og_locale":"nb_NO","og_type":"article","og_title":"Bestillings- og leveringsbetingelser - PETE-tuotteet","og_description":"Bestillings- og leveringsbetingelser Gjeldende fra 01.01.2020 Nettbutikk pete.fi Lindfors Finland Oy (markedsf\u00f8ringsnavn PETE-savupiipputuotteet, org.nr. 0772117-7, heretter \u00abSelger\u00bb) selger produkter til myndige privatpersoner og bedrifter i Finland. Produktprisene inkluderer merverdiavgift. Vi forbeholder oss retten til endringer i priser og leveringskostnader. &nbsp; 1. Bestilling Produkter bestilles i nettbutikken ved \u00e5 legge dem i handlekurven og betale handlekurvens [&hellip;]","og_url":"https:\/\/pete.fi\/no\/bestillings-og-leveringsbetingelser\/","og_site_name":"PETE-tuotteet","article_publisher":"https:\/\/www.facebook.com\/petetuotteet\/","article_modified_time":"2026-03-10T20:42:30+00:00","twitter_card":"summary_large_image","twitter_misc":{"Ansl. lesetid":"4 minutter"},"schema":{"@context":"https:\/\/schema.org","@graph":[{"@type":"WebPage","@id":"https:\/\/pete.fi\/no\/bestillings-og-leveringsbetingelser\/","url":"https:\/\/pete.fi\/no\/bestillings-og-leveringsbetingelser\/","name":"Bestillings- og leveringsbetingelser - PETE-tuotteet","isPartOf":{"@id":"https:\/\/petefi.kehityssivusto.fihttps\/\/pete.fi\/#website"},"datePublished":"2024-07-25T06:05:25+00:00","dateModified":"2026-03-10T20:42:30+00:00","breadcrumb":{"@id":"https:\/\/pete.fi\/no\/bestillings-og-leveringsbetingelser\/#breadcrumb"},"inLanguage":"nb-NO","potentialAction":[{"@type":"ReadAction","target":["https:\/\/pete.fi\/no\/bestillings-og-leveringsbetingelser\/"]}]},{"@type":"BreadcrumbList","@id":"https:\/\/pete.fi\/no\/bestillings-og-leveringsbetingelser\/#breadcrumb","itemListElement":[{"@type":"ListItem","position":1,"name":"Home","item":"https:\/\/pete.fi\/no\/home\/"},{"@type":"ListItem","position":2,"name":"Bestillings- og leveringsbetingelser"}]},{"@type":"WebSite","@id":"https:\/\/petefi.kehityssivusto.fihttps\/\/pete.fi\/#website","url":"https:\/\/petefi.kehityssivusto.fihttps\/\/pete.fi\/","name":"Pete.fi","description":"","publisher":{"@id":"https:\/\/petefi.kehityssivusto.fihttps\/\/pete.fi\/#organization"},"potentialAction":[{"@type":"SearchAction","target":{"@type":"EntryPoint","urlTemplate":"https:\/\/petefi.kehityssivusto.fihttps\/\/pete.fi\/?s={search_term_string}"},"query-input":{"@type":"PropertyValueSpecification","valueRequired":true,"valueName":"search_term_string"}}],"inLanguage":"nb-NO"},{"@type":"Organization","@id":"https:\/\/petefi.kehityssivusto.fihttps\/\/pete.fi\/#organization","name":"Pete | Piipusta piippuun","url":"https:\/\/petefi.kehityssivusto.fihttps\/\/pete.fi\/","logo":{"@type":"ImageObject","inLanguage":"nb-NO","@id":"https:\/\/petefi.kehityssivusto.fihttps\/\/pete.fi\/#\/schema\/logo\/image\/","url":"https:\/\/pete.fi\/wp-content\/uploads\/2023\/08\/cropped-logo_fi.jpeg","contentUrl":"https:\/\/pete.fi\/wp-content\/uploads\/2023\/08\/cropped-logo_fi.jpeg","width":2243,"height":1589,"caption":"Pete | Piipusta piippuun"},"image":{"@id":"https:\/\/petefi.kehityssivusto.fihttps\/\/pete.fi\/#\/schema\/logo\/image\/"},"sameAs":["https:\/\/www.facebook.com\/petetuotteet\/","https:\/\/www.instagram.com\/piipustapiippuun"]}]}},"_links":{"self":[{"href":"https:\/\/pete.fi\/no\/wp-json\/wp\/v2\/pages\/4043","targetHints":{"allow":["GET"]}}],"collection":[{"href":"https:\/\/pete.fi\/no\/wp-json\/wp\/v2\/pages"}],"about":[{"href":"https:\/\/pete.fi\/no\/wp-json\/wp\/v2\/types\/page"}],"author":[{"embeddable":true,"href":"https:\/\/pete.fi\/no\/wp-json\/wp\/v2\/users\/1"}],"replies":[{"embeddable":true,"href":"https:\/\/pete.fi\/no\/wp-json\/wp\/v2\/comments?post=4043"}],"version-history":[{"count":2,"href":"https:\/\/pete.fi\/no\/wp-json\/wp\/v2\/pages\/4043\/revisions"}],"predecessor-version":[{"id":4619,"href":"https:\/\/pete.fi\/no\/wp-json\/wp\/v2\/pages\/4043\/revisions\/4619"}],"wp:attachment":[{"href":"https:\/\/pete.fi\/no\/wp-json\/wp\/v2\/media?parent=4043"}],"curies":[{"name":"wp","href":"https:\/\/api.w.org\/{rel}","templated":true}]}}